{"id":101863,"date":"2025-03-21T14:49:35","date_gmt":"2025-03-21T13:49:35","guid":{"rendered":"https:\/\/esbjergcamping.dk\/pfingstferien\/"},"modified":"2025-04-07T08:58:04","modified_gmt":"2025-04-07T07:58:04","slug":"pfingstferien","status":"publish","type":"page","link":"https:\/\/esbjergcamping.dk\/de\/pfingstferien\/","title":{"rendered":"Pfingstferien"},"content":{"rendered":"<p>[et_pb_section fb_built=&#8220;1&#8243; _builder_version=&#8220;4.27.4&#8243; _module_preset=&#8220;default&#8220; use_background_color_gradient=&#8220;on&#8220; background_color_gradient_direction=&#8220;45deg&#8220; background_color_gradient_stops=&#8220;rgba(0,0,0,0.6) 0%|rgba(0,0,0,0.6) 100%&#8220; background_color_gradient_overlays_image=&#8220;on&#8220; background_image=&#8220;https:\/\/esbjergcamping.dk\/wp-content\/uploads\/2025\/03\/Selects_Footage_v01.00_25_25_03.Still014-2.jpg&#8220; global_colors_info=&#8220;{}&#8220;][et_pb_row _builder_version=&#8220;4.17.3&#8243; _module_preset=&#8220;default&#8220; custom_padding=&#8220;||0px||false|false&#8220; global_colors_info=&#8220;{}&#8220;][et_pb_column type=&#8220;4_4&#8243; _builder_version=&#8220;4.17.3&#8243; _module_preset=&#8220;default&#8220; global_colors_info=&#8220;{}&#8220;][et_pb_text _builder_version=&#8220;4.27.4&#8243; _module_preset=&#8220;default&#8220; header_font=&#8220;||||||||&#8220; header_text_color=&#8220;#FFFFFF&#8220; header_2_text_color=&#8220;#FFFFFF&#8220; custom_margin=&#8220;||0px||false|false&#8220; border_color_all=&#8220;gcid-7ce7b00a-a0f7-4559-8af2-0adef5afd391&#8243; global_colors_info=&#8220;{%22gcid-7ce7b00a-a0f7-4559-8af2-0adef5afd391%22:%91%22border_color_all%22%93}&#8220;]<\/p>\n<h1><span data-teams=\"true\"><strong>Camping an Pfingsten &#8211; mitten in der Natur und in der N\u00e4he von Esbjerg<\/strong><\/span><\/h1>\n<p>[\/et_pb_text][\/et_pb_column][\/et_pb_row][et_pb_row _builder_version=&#8220;4.17.3&#8243; _module_preset=&#8220;default&#8220; custom_padding=&#8220;0px||||false|false&#8220; global_colors_info=&#8220;{}&#8220;][et_pb_column type=&#8220;4_4&#8243; _builder_version=&#8220;4.17.3&#8243; _module_preset=&#8220;default&#8220; global_colors_info=&#8220;{}&#8220;][et_pb_divider color=&#8220;gcid-7ce7b00a-a0f7-4559-8af2-0adef5afd391&#8243; _builder_version=&#8220;4.17.3&#8243; _module_preset=&#8220;default&#8220; height=&#8220;0px&#8220; custom_margin=&#8220;||0px||false|false&#8220; custom_padding=&#8220;||||false|false&#8220; global_colors_info=&#8220;{%22gcid-7ce7b00a-a0f7-4559-8af2-0adef5afd391%22:%91%22border_color_right%22,%22color%22%93}&#8220;][\/et_pb_divider][et_pb_divider show_divider=&#8220;off&#8220; admin_label=&#8220;Point right bottom&#8220; module_class=&#8220;dot-right-bottom sub-page-dot&#8220; _builder_version=&#8220;4.17.3&#8243; _module_preset=&#8220;default&#8220; height=&#8220;25px&#8220; border_width_right=&#8220;1px&#8220; border_color_right=&#8220;gcid-7ce7b00a-a0f7-4559-8af2-0adef5afd391&#8243; global_colors_info=&#8220;{%22gcid-7ce7b00a-a0f7-4559-8af2-0adef5afd391%22:%91%22border_color_right%22%93}&#8220;][\/et_pb_divider][\/et_pb_column][\/et_pb_row][\/et_pb_section][et_pb_section fb_built=&#8220;1&#8243; _builder_version=&#8220;4.27.3&#8243; _module_preset=&#8220;default&#8220; background_image=&#8220;https:\/\/esbjergcamping.dk\/wp-content\/uploads\/2024\/10\/corner-dots-left-top.png&#8220; background_size=&#8220;initial&#8220; background_position=&#8220;top_left&#8220; background_last_edited=&#8220;on|tablet&#8220; background_enable_image_tablet=&#8220;off&#8220; global_colors_info=&#8220;{}&#8220;][et_pb_row column_structure=&#8220;1_2,1_2&#8243; _builder_version=&#8220;4.17.3&#8243; _module_preset=&#8220;default&#8220; custom_padding=&#8220;50px||35px||false|false&#8220; global_colors_info=&#8220;{}&#8220;][et_pb_column type=&#8220;1_2&#8243; _builder_version=&#8220;4.17.3&#8243; _module_preset=&#8220;default&#8220; custom_padding=&#8220;25px||||false|false&#8220; global_colors_info=&#8220;{}&#8220;][et_pb_text _builder_version=&#8220;4.27.4&#8243; _module_preset=&#8220;default&#8220; text_font=&#8220;||||||||&#8220; text_line_height=&#8220;1.8em&#8220; global_colors_info=&#8220;{}&#8220;]<\/p>\n<p><span data-teams=\"true\">Die Pfingstferien sind perfekt f\u00fcr einen kleinen Ausflug im Fr\u00fchling &#8211; und wir bieten eine wunderbare Umgebung f\u00fcr einen entspannten und aktiven <strong>Pfingsturlaub in Esbjerg<\/strong>. Auf Esbjerg Camping sind Sie nah an der Natur, dem Strand und der Stadt &#8211; und mit einem beheizten Pool, einem Spielplatz und einer tollen Atmosph\u00e4re sind Sie bereit f\u00fcr einen unvergesslichen Urlaub f\u00fcr die ganze Familie. <\/span><\/p>\n<p>[\/et_pb_text][et_pb_text _builder_version=&#8220;4.27.4&#8243; _module_preset=&#8220;default&#8220; global_colors_info=&#8220;{}&#8220;]<\/p>\n<h2><span data-teams=\"true\"><strong>Kinderfreundliche Campingferien mit Raum f\u00fcr Spiel und Spa\u00df<\/strong><\/span><\/h2>\n<p>[\/et_pb_text][et_pb_text _builder_version=&#8220;4.27.4&#8243; _module_preset=&#8220;default&#8220; text_font=&#8220;||||||||&#8220; text_line_height=&#8220;1.8em&#8220; global_colors_info=&#8220;{}&#8220;]<\/p>\n<p><span data-teams=\"true\">Auf unserem Campingplatz stehen die Kinder im Mittelpunkt. Wir haben viele Gr\u00fcnfl\u00e4chen, eine sichere Umgebung und einen Spielplatz, der zu stundenlangem Spa\u00df einl\u00e4dt. An Pfingsten herrscht auf dem Campingplatz reges Treiben &#8211; aber dennoch gibt es genug Ruhe und Platz f\u00fcr die Eltern. Hier k\u00f6nnen Sie sich entspannen und in Ihrem eigenen Tempo Zeit miteinander verbringen.   <\/span><\/p>\n<p>[\/et_pb_text][\/et_pb_column][et_pb_column type=&#8220;1_2&#8243; _builder_version=&#8220;4.17.3&#8243; _module_preset=&#8220;default&#8220; global_colors_info=&#8220;{}&#8220;][et_pb_image src=&#8220;https:\/\/esbjergcamping.dk\/wp-content\/uploads\/2025\/03\/Selects_Footage_v01.00_01_46_00.Still001-2.jpg&#8220; title_text=&#8220;Selects_Footage_v01.00_01_46_00.Still001-2&#8243; _builder_version=&#8220;4.27.4&#8243; _module_preset=&#8220;default&#8220; animation_style=&#8220;slide&#8220; animation_direction=&#8220;right&#8220; animation_duration=&#8220;1500ms&#8220; animation_delay=&#8220;100ms&#8220; animation_intensity_slide=&#8220;5%&#8220; global_colors_info=&#8220;{}&#8220;][\/et_pb_image][\/et_pb_column][\/et_pb_row][\/et_pb_section][et_pb_section fb_built=&#8220;1&#8243; _builder_version=&#8220;4.27.3&#8243; _module_preset=&#8220;default&#8220; global_colors_info=&#8220;{}&#8220;][et_pb_row column_structure=&#8220;1_2,1_2&#8243; _builder_version=&#8220;4.27.3&#8243; _module_preset=&#8220;default&#8220; global_colors_info=&#8220;{}&#8220;][et_pb_column type=&#8220;1_2&#8243; _builder_version=&#8220;4.27.3&#8243; _module_preset=&#8220;default&#8220; global_colors_info=&#8220;{}&#8220;][et_pb_image src=&#8220;https:\/\/esbjergcamping.dk\/wp-content\/uploads\/2025\/03\/Esbjerg-Camping_logo-74-1.jpg&#8220; title_text=&#8220;Esbjerg Camping_logo-74 (1)&#8220; disabled_on=&#8220;on|on|off&#8220; _builder_version=&#8220;4.27.4&#8243; _module_preset=&#8220;default&#8220; hover_enabled=&#8220;0&#8243; global_colors_info=&#8220;{}&#8220; sticky_enabled=&#8220;0&#8243;][\/et_pb_image][\/et_pb_column][et_pb_column type=&#8220;1_2&#8243; _builder_version=&#8220;4.27.3&#8243; _module_preset=&#8220;default&#8220; global_colors_info=&#8220;{}&#8220;][et_pb_text _builder_version=&#8220;4.27.4&#8243; _module_preset=&#8220;default&#8220; global_colors_info=&#8220;{}&#8220;]<\/p>\n<h2><span data-teams=\"true\"><strong>Planschen und lachen Sie in unserem beheizten Pool<\/strong><\/span><\/h2>\n<p>[\/et_pb_text][et_pb_text _builder_version=&#8220;4.27.4&#8243; _module_preset=&#8220;default&#8220; global_colors_info=&#8220;{}&#8220;]<\/p>\n<p data-start=\"0\" data-end=\"413\"><span data-teams=\"true\">Einer der gro\u00dfen Favoriten unserer kleinen und gro\u00dfen G\u00e4ste ist der <strong>beheizte Pool<\/strong>. Er ist zu Pfingsten f\u00fcr den ersten Tauchgang der Saison bereit und sorgt f\u00fcr Urlaubsstimmung, auch wenn das Wetter etwas unbest\u00e4ndig ist. Der Pool ist klar und ideal f\u00fcr Familien mit Kindern.  <\/span><\/p>\n<p>[\/et_pb_text][et_pb_text _builder_version=&#8220;4.27.4&#8243; _module_preset=&#8220;default&#8220; global_colors_info=&#8220;{}&#8220;]<\/p>\n<h2><span data-teams=\"true\"><strong>\u00dcbernachten Sie in einer H\u00fctte oder auf dem Campingplatz<\/strong><\/span><\/h2>\n<p>[\/et_pb_text][et_pb_text _builder_version=&#8220;4.27.4&#8243; _module_preset=&#8220;default&#8220; global_colors_info=&#8220;{}&#8220;]<\/p>\n<p data-start=\"0\" data-end=\"413\"><span data-teams=\"true\">Egal, ob Sie klassisch mit Ihrem eigenen Wohnwagen oder Zelt campen m\u00f6chten oder mehr Komfort in einer H\u00fctte suchen, wir haben die richtigen Einrichtungen. Unsere H\u00fctten verf\u00fcgen \u00fcber Dusche, K\u00fcche und viel Platz &#8211; ideal f\u00fcr einen <strong>Pfingst-Mini-Urlaub<\/strong>, bei dem Sie Natur und Komfort verbinden m\u00f6chten.<\/span><\/p>\n<p>[\/et_pb_text][\/et_pb_column][\/et_pb_row][et_pb_row column_structure=&#8220;1_2,1_2&#8243; _builder_version=&#8220;4.27.3&#8243; _module_preset=&#8220;default&#8220; global_colors_info=&#8220;{}&#8220;][et_pb_column type=&#8220;1_2&#8243; _builder_version=&#8220;4.27.3&#8243; _module_preset=&#8220;default&#8220; global_colors_info=&#8220;{}&#8220;][et_pb_text _builder_version=&#8220;4.27.4&#8243; _module_preset=&#8220;default&#8220; global_colors_info=&#8220;{}&#8220;]<\/p>\n<h2><span data-teams=\"true\"><strong>Erlebnisse in und um Esbjerg zu Pfingsten<\/strong><\/span><\/h2>\n<p>[\/et_pb_text][et_pb_text _builder_version=&#8220;4.27.4&#8243; _module_preset=&#8220;default&#8220; hover_enabled=&#8220;0&#8243; global_colors_info=&#8220;{}&#8220; sticky_enabled=&#8220;0&#8243;]<\/p>\n<p>Mit Esbjerg Camping als Ausgangspunkt sind Sie in der N\u00e4he von allem, was die Gegend zu bieten hat:<\/p>\n<ul>\n<li>Nehmen Sie die F\u00e4hre nach Fan\u00f8 f\u00fcr Sandstr\u00e4nde und gem\u00fctliche Inselatmosph\u00e4re<\/li>\n<li>Besuchen Sie das Esbjerg Fischerei- und Schifffahrtsmuseum<\/li>\n<li>Machen Sie Spazierg\u00e4nge in der Marb\u00e6k Plantage oder entlang des Wattenmeeres<\/li>\n<li>Erkunden Sie das Stadtzentrum von Esbjerg mit seinen Einkaufsm\u00f6glichkeiten und Restaurants<\/li>\n<\/ul>\n<p>Djursland hat viel zu bieten &#8211; aber das gilt auch f\u00fcr <strong>die Westk\u00fcste und Esbjerg<\/strong>!<\/p>\n<p>Fotografin: Line Laugesen<\/p>\n<p>[\/et_pb_text][et_pb_text _builder_version=&#8220;4.27.4&#8243; _module_preset=&#8220;default&#8220; global_colors_info=&#8220;{}&#8220;]<\/p>\n<h2><span data-teams=\"true\"><strong>  Buchen Sie rechtzeitig Ihren Pfingsturlaub auf Esbjerg Camping<\/strong><\/span><\/h2>\n<p>[\/et_pb_text][et_pb_text _builder_version=&#8220;4.27.4&#8243; _module_preset=&#8220;default&#8220; global_colors_info=&#8220;{}&#8220;]<\/p>\n<p><span data-teams=\"true\">Pfingsten ist beliebt &#8211; und das aus gutem Grund! Warten Sie also nicht zu lange, wenn Sie sich einen Platz auf unserem <strong>kinderfreundlichen Campingplatz in Esbjerg<\/strong> sichern m\u00f6chten. Buchen Sie noch heute Ihren Pfingsturlaub &#8211; und freuen Sie sich auf Camping, Planschen im Pool und Familienzeit in malerischer Umgebung.<\/span><\/p>\n<p>[\/et_pb_text][\/et_pb_column][et_pb_column type=&#8220;1_2&#8243; _builder_version=&#8220;4.27.3&#8243; _module_preset=&#8220;default&#8220; global_colors_info=&#8220;{}&#8220;][et_pb_image src=&#8220;https:\/\/esbjergcamping.dk\/wp-content\/uploads\/2025\/03\/Marbaekdag-skibet-foograf-Esbjerg-Kommune-1-1200&#215;786-Line-Laugesen-1.jpg&#8220; title_text=&#8220;Marbaekdag-skibet-foograf-Esbjerg-Kommune-1-1200&#215;786 Linie Laugesen (1)&#8220; _builder_version=&#8220;4.27.4&#8243; _module_preset=&#8220;default&#8220; hover_enabled=&#8220;0&#8243; locked=&#8220;off&#8220; global_colors_info=&#8220;{}&#8220; sticky_enabled=&#8220;0&#8243;][\/et_pb_image][\/et_pb_column][\/et_pb_row][\/et_pb_section]<\/p>\n","protected":false},"excerpt":{"rendered":"<p>Camping an Pfingsten &#8211; mitten in der Natur und in der N\u00e4he von EsbjergDie Pfingstferien sind perfekt f\u00fcr einen kleinen Ausflug im Fr\u00fchling &#8211; und wir bieten eine wunderbare Umgebung f\u00fcr einen entspannten und aktiven Pfingsturlaub in Esbjerg. Auf Esbjerg Camping sind Sie nah an der Natur, dem Strand und der Stadt &#8211; und mit [&hellip;]<\/p>\n","protected":false},"author":4,"featured_media":0,"parent":0,"menu_order":0,"comment_status":"closed","ping_status":"closed","template":"","meta":{"_et_pb_use_builder":"on","_et_pb_old_content":"","_et_gb_content_width":"","footnotes":""},"folder":[],"class_list":["post-101863","page","type-page","status-publish","hentry"],"yoast_head":"<!-- This site is optimized with the Yoast SEO plugin v27.5 - https:\/\/yoast.com\/product\/yoast-seo-wordpress\/ -->\n<title>Pfingstferien in Esbjerg | Camping mit beheiztem Pool und kinderfreundlicher Umgebung<\/title>\n<meta name=\"description\" content=\"Verbringen Sie Ihren Pfingsturlaub auf Esbjerg Camping - einem kinderfreundlichen Campingplatz mit einem beheizten Pool und einem kurzen Weg zur Nordsee. Buchen Sie noch heute eine H\u00fctte oder einen Wohnwagenplatz.\" \/>\n<meta name=\"robots\" content=\"index, follow, max-snippet:-1, max-image-preview:large, max-video-preview:-1\" \/>\n<link rel=\"canonical\" href=\"https:\/\/esbjergcamping.dk\/de\/pfingstferien\/\" \/>\n<meta property=\"og:locale\" content=\"de_DE\" \/>\n<meta property=\"og:type\" content=\"article\" \/>\n<meta property=\"og:title\" content=\"Pfingstferien in Esbjerg | Camping mit beheiztem Pool und kinderfreundlicher Umgebung\" \/>\n<meta property=\"og:description\" content=\"Verbringen Sie Ihren Pfingsturlaub auf Esbjerg Camping - einem kinderfreundlichen Campingplatz mit einem beheizten Pool und einem kurzen Weg zur Nordsee. Buchen Sie noch heute eine H\u00fctte oder einen Wohnwagenplatz.\" \/>\n<meta property=\"og:url\" content=\"https:\/\/esbjergcamping.dk\/de\/pfingstferien\/\" \/>\n<meta property=\"og:site_name\" content=\"Esbjerg Camping\" \/>\n<meta property=\"article:modified_time\" content=\"2025-04-07T07:58:04+00:00\" \/>\n<meta name=\"twitter:card\" content=\"summary_large_image\" \/>\n<meta name=\"twitter:label1\" content=\"Gesch\u00e4tzte Lesezeit\" \/>\n\t<meta name=\"twitter:data1\" content=\"6\u00a0Minuten\" \/>\n<script type=\"application\/ld+json\" class=\"yoast-schema-graph\">{\"@context\":\"https:\\\/\\\/schema.org\",\"@graph\":[{\"@type\":\"WebPage\",\"@id\":\"https:\\\/\\\/esbjergcamping.dk\\\/de\\\/pfingstferien\\\/\",\"url\":\"https:\\\/\\\/esbjergcamping.dk\\\/de\\\/pfingstferien\\\/\",\"name\":\"Pfingstferien in Esbjerg | Camping mit beheiztem Pool und kinderfreundlicher Umgebung\",\"isPartOf\":{\"@id\":\"https:\\\/\\\/esbjergcamping.dk\\\/de\\\/#website\"},\"datePublished\":\"2025-03-21T13:49:35+00:00\",\"dateModified\":\"2025-04-07T07:58:04+00:00\",\"description\":\"Verbringen Sie Ihren Pfingsturlaub auf Esbjerg Camping - einem kinderfreundlichen Campingplatz mit einem beheizten Pool und einem kurzen Weg zur Nordsee. Buchen Sie noch heute eine H\u00fctte oder einen Wohnwagenplatz.\",\"breadcrumb\":{\"@id\":\"https:\\\/\\\/esbjergcamping.dk\\\/de\\\/pfingstferien\\\/#breadcrumb\"},\"inLanguage\":\"de\",\"potentialAction\":[{\"@type\":\"ReadAction\",\"target\":[\"https:\\\/\\\/esbjergcamping.dk\\\/de\\\/pfingstferien\\\/\"]}]},{\"@type\":\"BreadcrumbList\",\"@id\":\"https:\\\/\\\/esbjergcamping.dk\\\/de\\\/pfingstferien\\\/#breadcrumb\",\"itemListElement\":[{\"@type\":\"ListItem\",\"position\":1,\"name\":\"Home\",\"item\":\"https:\\\/\\\/esbjergcamping.dk\\\/de\\\/\"},{\"@type\":\"ListItem\",\"position\":2,\"name\":\"Pfingstferien\"}]},{\"@type\":\"WebSite\",\"@id\":\"https:\\\/\\\/esbjergcamping.dk\\\/de\\\/#website\",\"url\":\"https:\\\/\\\/esbjergcamping.dk\\\/de\\\/\",\"name\":\"Esbjerg Camping\",\"description\":\"Din n\u00e6ste campingferie\",\"potentialAction\":[{\"@type\":\"SearchAction\",\"target\":{\"@type\":\"EntryPoint\",\"urlTemplate\":\"https:\\\/\\\/esbjergcamping.dk\\\/de\\\/?s={search_term_string}\"},\"query-input\":{\"@type\":\"PropertyValueSpecification\",\"valueRequired\":true,\"valueName\":\"search_term_string\"}}],\"inLanguage\":\"de\"}]}<\/script>\n<!-- \/ Yoast SEO plugin. -->","yoast_head_json":{"title":"Pfingstferien in Esbjerg | Camping mit beheiztem Pool und kinderfreundlicher Umgebung","description":"Verbringen Sie Ihren Pfingsturlaub auf Esbjerg Camping - einem kinderfreundlichen Campingplatz mit einem beheizten Pool und einem kurzen Weg zur Nordsee. Buchen Sie noch heute eine H\u00fctte oder einen Wohnwagenplatz.","robots":{"index":"index","follow":"follow","max-snippet":"max-snippet:-1","max-image-preview":"max-image-preview:large","max-video-preview":"max-video-preview:-1"},"canonical":"https:\/\/esbjergcamping.dk\/de\/pfingstferien\/","og_locale":"de_DE","og_type":"article","og_title":"Pfingstferien in Esbjerg | Camping mit beheiztem Pool und kinderfreundlicher Umgebung","og_description":"Verbringen Sie Ihren Pfingsturlaub auf Esbjerg Camping - einem kinderfreundlichen Campingplatz mit einem beheizten Pool und einem kurzen Weg zur Nordsee. Buchen Sie noch heute eine H\u00fctte oder einen Wohnwagenplatz.","og_url":"https:\/\/esbjergcamping.dk\/de\/pfingstferien\/","og_site_name":"Esbjerg Camping","article_modified_time":"2025-04-07T07:58:04+00:00","twitter_card":"summary_large_image","twitter_misc":{"Gesch\u00e4tzte Lesezeit":"6\u00a0Minuten"},"schema":{"@context":"https:\/\/schema.org","@graph":[{"@type":"WebPage","@id":"https:\/\/esbjergcamping.dk\/de\/pfingstferien\/","url":"https:\/\/esbjergcamping.dk\/de\/pfingstferien\/","name":"Pfingstferien in Esbjerg | Camping mit beheiztem Pool und kinderfreundlicher Umgebung","isPartOf":{"@id":"https:\/\/esbjergcamping.dk\/de\/#website"},"datePublished":"2025-03-21T13:49:35+00:00","dateModified":"2025-04-07T07:58:04+00:00","description":"Verbringen Sie Ihren Pfingsturlaub auf Esbjerg Camping - einem kinderfreundlichen Campingplatz mit einem beheizten Pool und einem kurzen Weg zur Nordsee. Buchen Sie noch heute eine H\u00fctte oder einen Wohnwagenplatz.","breadcrumb":{"@id":"https:\/\/esbjergcamping.dk\/de\/pfingstferien\/#breadcrumb"},"inLanguage":"de","potentialAction":[{"@type":"ReadAction","target":["https:\/\/esbjergcamping.dk\/de\/pfingstferien\/"]}]},{"@type":"BreadcrumbList","@id":"https:\/\/esbjergcamping.dk\/de\/pfingstferien\/#breadcrumb","itemListElement":[{"@type":"ListItem","position":1,"name":"Home","item":"https:\/\/esbjergcamping.dk\/de\/"},{"@type":"ListItem","position":2,"name":"Pfingstferien"}]},{"@type":"WebSite","@id":"https:\/\/esbjergcamping.dk\/de\/#website","url":"https:\/\/esbjergcamping.dk\/de\/","name":"Esbjerg Camping","description":"Din n\u00e6ste campingferie","potentialAction":[{"@type":"SearchAction","target":{"@type":"EntryPoint","urlTemplate":"https:\/\/esbjergcamping.dk\/de\/?s={search_term_string}"},"query-input":{"@type":"PropertyValueSpecification","valueRequired":true,"valueName":"search_term_string"}}],"inLanguage":"de"}]}},"_links":{"self":[{"href":"https:\/\/esbjergcamping.dk\/de\/wp-json\/wp\/v2\/pages\/101863","targetHints":{"allow":["GET"]}}],"collection":[{"href":"https:\/\/esbjergcamping.dk\/de\/wp-json\/wp\/v2\/pages"}],"about":[{"href":"https:\/\/esbjergcamping.dk\/de\/wp-json\/wp\/v2\/types\/page"}],"author":[{"embeddable":true,"href":"https:\/\/esbjergcamping.dk\/de\/wp-json\/wp\/v2\/users\/4"}],"replies":[{"embeddable":true,"href":"https:\/\/esbjergcamping.dk\/de\/wp-json\/wp\/v2\/comments?post=101863"}],"version-history":[{"count":2,"href":"https:\/\/esbjergcamping.dk\/de\/wp-json\/wp\/v2\/pages\/101863\/revisions"}],"predecessor-version":[{"id":101868,"href":"https:\/\/esbjergcamping.dk\/de\/wp-json\/wp\/v2\/pages\/101863\/revisions\/101868"}],"wp:attachment":[{"href":"https:\/\/esbjergcamping.dk\/de\/wp-json\/wp\/v2\/media?parent=101863"}],"wp:term":[{"taxonomy":"folder","embeddable":true,"href":"https:\/\/esbjergcamping.dk\/de\/wp-json\/wp\/v2\/folder?post=101863"}],"curies":[{"name":"wp","href":"https:\/\/api.w.org\/{rel}","templated":true}]}}