{"id":101869,"date":"2025-03-21T14:43:51","date_gmt":"2025-03-21T13:43:51","guid":{"rendered":"https:\/\/esbjergcamping.dk\/feiertag-christi-himmelfahrt\/"},"modified":"2025-04-07T08:58:05","modified_gmt":"2025-04-07T07:58:05","slug":"feiertag-christi-himmelfahrt","status":"publish","type":"page","link":"https:\/\/esbjergcamping.dk\/de\/feiertag-christi-himmelfahrt\/","title":{"rendered":"Feiertag Christi Himmelfahrt"},"content":{"rendered":"<p>[et_pb_section fb_built=&#8220;1&#8243; _builder_version=&#8220;4.27.4&#8243; _module_preset=&#8220;default&#8220; use_background_color_gradient=&#8220;on&#8220; background_color_gradient_direction=&#8220;45deg&#8220; background_color_gradient_stops=&#8220;rgba(0,0,0,0.6) 0%|rgba(0,0,0,0.6) 100%&#8220; background_color_gradient_overlays_image=&#8220;on&#8220; background_image=&#8220;https:\/\/esbjergcamping.dk\/wp-content\/uploads\/2025\/03\/DJI_0923.jpg&#8220; hover_enabled=&#8220;0&#8243; global_colors_info=&#8220;{}&#8220; height_last_edited=&#8220;on|phone&#8220; height=&#8220;400px&#8220; sticky_enabled=&#8220;0&#8243; height_tablet=&#8220;350px&#8220; height_phone=&#8220;350px&#8220;][et_pb_row _builder_version=&#8220;4.17.3&#8243; _module_preset=&#8220;default&#8220; custom_padding=&#8220;||0px||false|false&#8220; global_colors_info=&#8220;{}&#8220;][et_pb_column type=&#8220;4_4&#8243; _builder_version=&#8220;4.17.3&#8243; _module_preset=&#8220;default&#8220; global_colors_info=&#8220;{}&#8220;][et_pb_text _builder_version=&#8220;4.27.4&#8243; _module_preset=&#8220;default&#8220; header_font=&#8220;||||||||&#8220; header_text_color=&#8220;#FFFFFF&#8220; header_2_text_color=&#8220;#FFFFFF&#8220; custom_margin=&#8220;||0px||false|false&#8220; border_color_all=&#8220;gcid-7ce7b00a-a0f7-4559-8af2-0adef5afd391&#8243; global_colors_info=&#8220;{%22gcid-7ce7b00a-a0f7-4559-8af2-0adef5afd391%22:%91%22border_color_all%22%93}&#8220;]<\/p>\n<h1><span data-teams=\"true\"><strong>Genie\u00dfen Sie die Feiertage zu Christi Himmelfahrt auf einem kinderfreundlichen Campingplatz in Esbjerg<\/strong><\/span><\/h1>\n<p>[\/et_pb_text][\/et_pb_column][\/et_pb_row][et_pb_row _builder_version=&#8220;4.17.3&#8243; _module_preset=&#8220;default&#8220; custom_padding=&#8220;0px||||false|false&#8220; global_colors_info=&#8220;{}&#8220;][et_pb_column type=&#8220;4_4&#8243; _builder_version=&#8220;4.17.3&#8243; _module_preset=&#8220;default&#8220; global_colors_info=&#8220;{}&#8220;][et_pb_divider color=&#8220;gcid-7ce7b00a-a0f7-4559-8af2-0adef5afd391&#8243; _builder_version=&#8220;4.17.3&#8243; _module_preset=&#8220;default&#8220; height=&#8220;0px&#8220; custom_margin=&#8220;||0px||false|false&#8220; custom_padding=&#8220;||||false|false&#8220; global_colors_info=&#8220;{%22gcid-7ce7b00a-a0f7-4559-8af2-0adef5afd391%22:%91%22border_color_right%22,%22color%22%93}&#8220;][\/et_pb_divider][et_pb_divider show_divider=&#8220;off&#8220; admin_label=&#8220;Point right bottom&#8220; module_class=&#8220;dot-right-bottom sub-page-dot&#8220; _builder_version=&#8220;4.17.3&#8243; _module_preset=&#8220;default&#8220; height=&#8220;25px&#8220; border_width_right=&#8220;1px&#8220; border_color_right=&#8220;gcid-7ce7b00a-a0f7-4559-8af2-0adef5afd391&#8243; global_colors_info=&#8220;{%22gcid-7ce7b00a-a0f7-4559-8af2-0adef5afd391%22:%91%22border_color_right%22%93}&#8220;][\/et_pb_divider][\/et_pb_column][\/et_pb_row][\/et_pb_section][et_pb_section fb_built=&#8220;1&#8243; _builder_version=&#8220;4.27.3&#8243; _module_preset=&#8220;default&#8220; background_image=&#8220;https:\/\/esbjergcamping.dk\/wp-content\/uploads\/2024\/10\/corner-dots-left-top.png&#8220; background_size=&#8220;initial&#8220; background_position=&#8220;top_left&#8220; background_last_edited=&#8220;on|tablet&#8220; background_enable_image_tablet=&#8220;off&#8220; global_colors_info=&#8220;{}&#8220;][et_pb_row column_structure=&#8220;1_2,1_2&#8243; _builder_version=&#8220;4.17.3&#8243; _module_preset=&#8220;default&#8220; custom_padding=&#8220;50px||35px||false|false&#8220; global_colors_info=&#8220;{}&#8220;][et_pb_column type=&#8220;1_2&#8243; _builder_version=&#8220;4.17.3&#8243; _module_preset=&#8220;default&#8220; custom_padding=&#8220;25px||||false|false&#8220; global_colors_info=&#8220;{}&#8220;][et_pb_text _builder_version=&#8220;4.27.4&#8243; _module_preset=&#8220;default&#8220; text_font=&#8220;||||||||&#8220; text_line_height=&#8220;1.8em&#8220; global_colors_info=&#8220;{}&#8220;]<\/p>\n<p><span data-teams=\"true\">Christi Himmelfahrt ist die perfekte Gelegenheit f\u00fcr ein langes Wochenende weg von zu Hause &#8211; und wo ginge das besser als auf einem kinderfreundlichen Campingplatz in Meeresn\u00e4he? Esbjerg Camping bietet eine wunderbare Kombination aus Ruhe, Spiel, Natur und Erlebnissen &#8211; perfekt f\u00fcr einen Kurzurlaub f\u00fcr die ganze Familie. <\/span><\/p>\n<p>[\/et_pb_text][et_pb_text _builder_version=&#8220;4.27.4&#8243; _module_preset=&#8220;default&#8220; global_colors_info=&#8220;{}&#8220;]<\/p>\n<h2><span data-teams=\"true\"><strong>Camping mit Kindern &#8211; sicher und lustig<\/strong><\/span><\/h2>\n<p>[\/et_pb_text][et_pb_text _builder_version=&#8220;4.27.4&#8243; _module_preset=&#8220;default&#8220; text_font=&#8220;||||||||&#8220; text_line_height=&#8220;1.8em&#8220; global_colors_info=&#8220;{}&#8220;]<\/p>\n<p><span data-teams=\"true\">Unser Campingplatz ist auf Familien ausgerichtet. W\u00e4hrend der Himmelfahrtsferien haben wir viel Platz zum Spielen und Entspannen. Die Kinder k\u00f6nnen sicher auf dem Spielplatz herumtollen, w\u00e4hrend Sie eine Tasse Kaffee auf der Terrasse genie\u00dfen oder einen Spaziergang am Wasser machen.  <\/span><\/p>\n<p>[\/et_pb_text][\/et_pb_column][et_pb_column type=&#8220;1_2&#8243; _builder_version=&#8220;4.17.3&#8243; _module_preset=&#8220;default&#8220; global_colors_info=&#8220;{}&#8220;][et_pb_image src=&#8220;https:\/\/esbjergcamping.dk\/wp-content\/uploads\/2025\/02\/Selects_Footage_v01.00_03_56_15.Still002-2.jpg&#8220; title_text=&#8220;Selects_Footage_v01.00_03_56_15.Still002-2&#8243; _builder_version=&#8220;4.27.4&#8243; _module_preset=&#8220;default&#8220; animation_style=&#8220;slide&#8220; animation_direction=&#8220;right&#8220; animation_duration=&#8220;1500ms&#8220; animation_delay=&#8220;100ms&#8220; animation_intensity_slide=&#8220;5%&#8220; global_colors_info=&#8220;{}&#8220;][\/et_pb_image][\/et_pb_column][\/et_pb_row][\/et_pb_section][et_pb_section fb_built=&#8220;1&#8243; _builder_version=&#8220;4.27.3&#8243; _module_preset=&#8220;default&#8220; global_colors_info=&#8220;{}&#8220;][et_pb_row column_structure=&#8220;1_2,1_2&#8243; _builder_version=&#8220;4.27.3&#8243; _module_preset=&#8220;default&#8220; global_colors_info=&#8220;{}&#8220;][et_pb_column type=&#8220;1_2&#8243; _builder_version=&#8220;4.27.3&#8243; _module_preset=&#8220;default&#8220; global_colors_info=&#8220;{}&#8220;][et_pb_image src=&#8220;https:\/\/esbjergcamping.dk\/wp-content\/uploads\/2025\/02\/mobilehome-2.jpg&#8220; title_text=&#8220;Mobilheim (2)&#8220; disabled_on=&#8220;on|on|off&#8220; _builder_version=&#8220;4.27.4&#8243; _module_preset=&#8220;default&#8220; global_colors_info=&#8220;{}&#8220;][\/et_pb_image][\/et_pb_column][et_pb_column type=&#8220;1_2&#8243; _builder_version=&#8220;4.27.3&#8243; _module_preset=&#8220;default&#8220; global_colors_info=&#8220;{}&#8220;][et_pb_text _builder_version=&#8220;4.27.4&#8243; _module_preset=&#8220;default&#8220; global_colors_info=&#8220;{}&#8220;]<\/p>\n<h2><span data-teams=\"true\"><strong>H\u00fctten und Stellpl\u00e4tze f\u00fcr alle Bed\u00fcrfnisse<\/strong><\/span><\/h2>\n<p>[\/et_pb_text][et_pb_text _builder_version=&#8220;4.27.4&#8243; _module_preset=&#8220;default&#8220; global_colors_info=&#8220;{}&#8220;]<\/p>\n<p data-start=\"0\" data-end=\"413\"><span data-teams=\"true\">Sie entscheiden, wie Sie \u00fcbernachten m\u00f6chten. Bringen Sie Ihren Wohnwagen mit, schlagen Sie ein Zelt auf &#8211; oder buchen Sie eine unserer gem\u00fctlichen H\u00fctten mit K\u00fcche, Bad und viel Platz f\u00fcr die ganze Familie. Die H\u00fctten sind ideal f\u00fcr einen <strong>Kurzurlaub w\u00e4hrend der Himmelfahrtsferien<\/strong>, wenn Sie sich ein wenig mehr Komfort w\u00fcnschen.  <\/span><\/p>\n<p>[\/et_pb_text][\/et_pb_column][\/et_pb_row][et_pb_row column_structure=&#8220;1_2,1_2&#8243; _builder_version=&#8220;4.27.3&#8243; _module_preset=&#8220;default&#8220; global_colors_info=&#8220;{}&#8220;][et_pb_column type=&#8220;1_2&#8243; _builder_version=&#8220;4.27.3&#8243; _module_preset=&#8220;default&#8220; global_colors_info=&#8220;{}&#8220;][et_pb_text _builder_version=&#8220;4.27.4&#8243; _module_preset=&#8220;default&#8220; global_colors_info=&#8220;{}&#8220;]<\/p>\n<h2><span data-teams=\"true\"><strong>Entdecken Sie Esbjerg und die umliegende Natur<\/strong><\/span><\/h2>\n<p>[\/et_pb_text][et_pb_text _builder_version=&#8220;4.27.4&#8243; _module_preset=&#8220;default&#8220; global_colors_info=&#8220;{}&#8220;]<\/p>\n<p>Auf dem Esbjerg Camping gibt es in der Umgebung viel zu entdecken:<\/p>\n<ul>\n<li>Nehmen Sie die F\u00e4hre nach Fan\u00f8 und entdecken Sie charmante D\u00f6rfer und weite Str\u00e4nde<\/li>\n<li>Besuchen Sie das Fischerei- und Schifffahrtsmuseum &#8211; ein Hit f\u00fcr Kinder und Erwachsene<\/li>\n<li>Machen Sie einen Spaziergang in der Marb\u00e6k Plantage oder am Strand entlang<\/li>\n<li>Erkunden Sie Esbjergs Stadtleben mit Shopping und Caf\u00e9s<\/li>\n<\/ul>\n<p>Es ist f\u00fcr jeden etwas dabei &#8211; und alles ist ganz in der N\u00e4he.<\/p>\n<p>[\/et_pb_text][et_pb_text _builder_version=&#8220;4.27.4&#8243; _module_preset=&#8220;default&#8220; global_colors_info=&#8220;{}&#8220;]<\/p>\n<h2><span data-teams=\"true\"><strong>Buchen Sie Ihren Urlaub an Christi Himmelfahrt auf Esbjerg Camping<\/strong><\/span><\/h2>\n<p>[\/et_pb_text][et_pb_text _builder_version=&#8220;4.27.4&#8243; _module_preset=&#8220;default&#8220; global_colors_info=&#8220;{}&#8220;]<\/p>\n<p><span data-teams=\"true\">Wir freuen uns darauf, Sie zu einem gem\u00fctlichen und kinderfreundlichen <strong>Himmelfahrtsurlaub in Esbjerg<\/strong> begr\u00fc\u00dfen zu d\u00fcrfen. Buchen Sie jetzt Ihren Aufenthalt &#8211; und holen Sie sich einen Vorgeschmack auf den Sommer mit Camping und Zeit f\u00fcreinander. <\/span><\/p>\n<p>[\/et_pb_text][\/et_pb_column][et_pb_column type=&#8220;1_2&#8243; _builder_version=&#8220;4.27.3&#8243; _module_preset=&#8220;default&#8220; global_colors_info=&#8220;{}&#8220;][et_pb_image src=&#8220;https:\/\/esbjergcamping.dk\/wp-content\/uploads\/2025\/03\/Esbjerg_Strand_Camping_v03.00_03_25_04.Still013-2.jpg&#8220; title_text=&#8220;Esbjerg_Strand_Camping_v03.00_03_25_04.Still013-2&#8243; _builder_version=&#8220;4.27.4&#8243; _module_preset=&#8220;default&#8220; locked=&#8220;off&#8220; global_colors_info=&#8220;{}&#8220;][\/et_pb_image][\/et_pb_column][\/et_pb_row][\/et_pb_section]<\/p>\n","protected":false},"excerpt":{"rendered":"<p>Genie\u00dfen Sie die Feiertage zu Christi Himmelfahrt auf einem kinderfreundlichen Campingplatz in EsbjergChristi Himmelfahrt ist die perfekte Gelegenheit f\u00fcr ein langes Wochenende weg von zu Hause &#8211; und wo ginge das besser als auf einem kinderfreundlichen Campingplatz in Meeresn\u00e4he? Esbjerg Camping bietet eine wunderbare Kombination aus Ruhe, Spiel, Natur und Erlebnissen &#8211; perfekt f\u00fcr einen [&hellip;]<\/p>\n","protected":false},"author":4,"featured_media":0,"parent":0,"menu_order":0,"comment_status":"closed","ping_status":"closed","template":"","meta":{"_et_pb_use_builder":"on","_et_pb_old_content":"","_et_gb_content_width":"","footnotes":""},"folder":[],"class_list":["post-101869","page","type-page","status-publish","hentry"],"yoast_head":"<!-- This site is optimized with the Yoast SEO plugin v27.4 - https:\/\/yoast.com\/product\/yoast-seo-wordpress\/ -->\n<title>Feiertag Christi Himmelfahrt in Esbjerg | Kinderfreundlicher Campingplatz mit Pool<\/title>\n<meta name=\"description\" content=\"Machen Sie an Christi Himmelfahrt Urlaub auf Esbjerg Camping. Genie\u00dfen Sie einen Mini-Urlaub mit der Familie auf einem kinderfreundlichen Campingplatz mit beheiztem Pool und sch\u00f6ner Natur.\" \/>\n<meta name=\"robots\" content=\"index, follow, max-snippet:-1, max-image-preview:large, max-video-preview:-1\" \/>\n<link rel=\"canonical\" href=\"https:\/\/esbjergcamping.dk\/de\/feiertag-christi-himmelfahrt\/\" \/>\n<meta property=\"og:locale\" content=\"de_DE\" \/>\n<meta property=\"og:type\" content=\"article\" \/>\n<meta property=\"og:title\" content=\"Feiertag Christi Himmelfahrt in Esbjerg | Kinderfreundlicher Campingplatz mit Pool\" \/>\n<meta property=\"og:description\" content=\"Machen Sie an Christi Himmelfahrt Urlaub auf Esbjerg Camping. Genie\u00dfen Sie einen Mini-Urlaub mit der Familie auf einem kinderfreundlichen Campingplatz mit beheiztem Pool und sch\u00f6ner Natur.\" \/>\n<meta property=\"og:url\" content=\"https:\/\/esbjergcamping.dk\/de\/feiertag-christi-himmelfahrt\/\" \/>\n<meta property=\"og:site_name\" content=\"Esbjerg Camping\" \/>\n<meta property=\"article:modified_time\" content=\"2025-04-07T07:58:05+00:00\" \/>\n<meta name=\"twitter:card\" content=\"summary_large_image\" \/>\n<meta name=\"twitter:label1\" content=\"Gesch\u00e4tzte Lesezeit\" \/>\n\t<meta name=\"twitter:data1\" content=\"5\u00a0Minuten\" \/>\n<script type=\"application\/ld+json\" class=\"yoast-schema-graph\">{\"@context\":\"https:\\\/\\\/schema.org\",\"@graph\":[{\"@type\":\"WebPage\",\"@id\":\"https:\\\/\\\/esbjergcamping.dk\\\/de\\\/feiertag-christi-himmelfahrt\\\/\",\"url\":\"https:\\\/\\\/esbjergcamping.dk\\\/de\\\/feiertag-christi-himmelfahrt\\\/\",\"name\":\"Feiertag Christi Himmelfahrt in Esbjerg | Kinderfreundlicher Campingplatz mit Pool\",\"isPartOf\":{\"@id\":\"https:\\\/\\\/esbjergcamping.dk\\\/de\\\/#website\"},\"datePublished\":\"2025-03-21T13:43:51+00:00\",\"dateModified\":\"2025-04-07T07:58:05+00:00\",\"description\":\"Machen Sie an Christi Himmelfahrt Urlaub auf Esbjerg Camping. Genie\u00dfen Sie einen Mini-Urlaub mit der Familie auf einem kinderfreundlichen Campingplatz mit beheiztem Pool und sch\u00f6ner Natur.\",\"breadcrumb\":{\"@id\":\"https:\\\/\\\/esbjergcamping.dk\\\/de\\\/feiertag-christi-himmelfahrt\\\/#breadcrumb\"},\"inLanguage\":\"de\",\"potentialAction\":[{\"@type\":\"ReadAction\",\"target\":[\"https:\\\/\\\/esbjergcamping.dk\\\/de\\\/feiertag-christi-himmelfahrt\\\/\"]}]},{\"@type\":\"BreadcrumbList\",\"@id\":\"https:\\\/\\\/esbjergcamping.dk\\\/de\\\/feiertag-christi-himmelfahrt\\\/#breadcrumb\",\"itemListElement\":[{\"@type\":\"ListItem\",\"position\":1,\"name\":\"Home\",\"item\":\"https:\\\/\\\/esbjergcamping.dk\\\/de\\\/\"},{\"@type\":\"ListItem\",\"position\":2,\"name\":\"Feiertag Christi Himmelfahrt\"}]},{\"@type\":\"WebSite\",\"@id\":\"https:\\\/\\\/esbjergcamping.dk\\\/de\\\/#website\",\"url\":\"https:\\\/\\\/esbjergcamping.dk\\\/de\\\/\",\"name\":\"Esbjerg Camping\",\"description\":\"Din n\u00e6ste campingferie\",\"potentialAction\":[{\"@type\":\"SearchAction\",\"target\":{\"@type\":\"EntryPoint\",\"urlTemplate\":\"https:\\\/\\\/esbjergcamping.dk\\\/de\\\/?s={search_term_string}\"},\"query-input\":{\"@type\":\"PropertyValueSpecification\",\"valueRequired\":true,\"valueName\":\"search_term_string\"}}],\"inLanguage\":\"de\"}]}<\/script>\n<!-- \/ Yoast SEO plugin. -->","yoast_head_json":{"title":"Feiertag Christi Himmelfahrt in Esbjerg | Kinderfreundlicher Campingplatz mit Pool","description":"Machen Sie an Christi Himmelfahrt Urlaub auf Esbjerg Camping. Genie\u00dfen Sie einen Mini-Urlaub mit der Familie auf einem kinderfreundlichen Campingplatz mit beheiztem Pool und sch\u00f6ner Natur.","robots":{"index":"index","follow":"follow","max-snippet":"max-snippet:-1","max-image-preview":"max-image-preview:large","max-video-preview":"max-video-preview:-1"},"canonical":"https:\/\/esbjergcamping.dk\/de\/feiertag-christi-himmelfahrt\/","og_locale":"de_DE","og_type":"article","og_title":"Feiertag Christi Himmelfahrt in Esbjerg | Kinderfreundlicher Campingplatz mit Pool","og_description":"Machen Sie an Christi Himmelfahrt Urlaub auf Esbjerg Camping. Genie\u00dfen Sie einen Mini-Urlaub mit der Familie auf einem kinderfreundlichen Campingplatz mit beheiztem Pool und sch\u00f6ner Natur.","og_url":"https:\/\/esbjergcamping.dk\/de\/feiertag-christi-himmelfahrt\/","og_site_name":"Esbjerg Camping","article_modified_time":"2025-04-07T07:58:05+00:00","twitter_card":"summary_large_image","twitter_misc":{"Gesch\u00e4tzte Lesezeit":"5\u00a0Minuten"},"schema":{"@context":"https:\/\/schema.org","@graph":[{"@type":"WebPage","@id":"https:\/\/esbjergcamping.dk\/de\/feiertag-christi-himmelfahrt\/","url":"https:\/\/esbjergcamping.dk\/de\/feiertag-christi-himmelfahrt\/","name":"Feiertag Christi Himmelfahrt in Esbjerg | Kinderfreundlicher Campingplatz mit Pool","isPartOf":{"@id":"https:\/\/esbjergcamping.dk\/de\/#website"},"datePublished":"2025-03-21T13:43:51+00:00","dateModified":"2025-04-07T07:58:05+00:00","description":"Machen Sie an Christi Himmelfahrt Urlaub auf Esbjerg Camping. Genie\u00dfen Sie einen Mini-Urlaub mit der Familie auf einem kinderfreundlichen Campingplatz mit beheiztem Pool und sch\u00f6ner Natur.","breadcrumb":{"@id":"https:\/\/esbjergcamping.dk\/de\/feiertag-christi-himmelfahrt\/#breadcrumb"},"inLanguage":"de","potentialAction":[{"@type":"ReadAction","target":["https:\/\/esbjergcamping.dk\/de\/feiertag-christi-himmelfahrt\/"]}]},{"@type":"BreadcrumbList","@id":"https:\/\/esbjergcamping.dk\/de\/feiertag-christi-himmelfahrt\/#breadcrumb","itemListElement":[{"@type":"ListItem","position":1,"name":"Home","item":"https:\/\/esbjergcamping.dk\/de\/"},{"@type":"ListItem","position":2,"name":"Feiertag Christi Himmelfahrt"}]},{"@type":"WebSite","@id":"https:\/\/esbjergcamping.dk\/de\/#website","url":"https:\/\/esbjergcamping.dk\/de\/","name":"Esbjerg Camping","description":"Din n\u00e6ste campingferie","potentialAction":[{"@type":"SearchAction","target":{"@type":"EntryPoint","urlTemplate":"https:\/\/esbjergcamping.dk\/de\/?s={search_term_string}"},"query-input":{"@type":"PropertyValueSpecification","valueRequired":true,"valueName":"search_term_string"}}],"inLanguage":"de"}]}},"_links":{"self":[{"href":"https:\/\/esbjergcamping.dk\/de\/wp-json\/wp\/v2\/pages\/101869","targetHints":{"allow":["GET"]}}],"collection":[{"href":"https:\/\/esbjergcamping.dk\/de\/wp-json\/wp\/v2\/pages"}],"about":[{"href":"https:\/\/esbjergcamping.dk\/de\/wp-json\/wp\/v2\/types\/page"}],"author":[{"embeddable":true,"href":"https:\/\/esbjergcamping.dk\/de\/wp-json\/wp\/v2\/users\/4"}],"replies":[{"embeddable":true,"href":"https:\/\/esbjergcamping.dk\/de\/wp-json\/wp\/v2\/comments?post=101869"}],"version-history":[{"count":2,"href":"https:\/\/esbjergcamping.dk\/de\/wp-json\/wp\/v2\/pages\/101869\/revisions"}],"predecessor-version":[{"id":101874,"href":"https:\/\/esbjergcamping.dk\/de\/wp-json\/wp\/v2\/pages\/101869\/revisions\/101874"}],"wp:attachment":[{"href":"https:\/\/esbjergcamping.dk\/de\/wp-json\/wp\/v2\/media?parent=101869"}],"wp:term":[{"taxonomy":"folder","embeddable":true,"href":"https:\/\/esbjergcamping.dk\/de\/wp-json\/wp\/v2\/folder?post=101869"}],"curies":[{"name":"wp","href":"https:\/\/api.w.org\/{rel}","templated":true}]}}