{"id":101877,"date":"2025-03-21T14:46:46","date_gmt":"2025-03-21T13:46:46","guid":{"rendered":"https:\/\/esbjergcamping.dk\/herbstferien\/"},"modified":"2025-04-07T08:58:05","modified_gmt":"2025-04-07T07:58:05","slug":"herbstferien","status":"publish","type":"page","link":"https:\/\/esbjergcamping.dk\/de\/herbstferien\/","title":{"rendered":"Herbstferien"},"content":{"rendered":"<p>[et_pb_section fb_built=&#8220;1&#8243; _builder_version=&#8220;4.27.4&#8243; _module_preset=&#8220;default&#8220; use_background_color_gradient=&#8220;on&#8220; background_color_gradient_direction=&#8220;45deg&#8220; background_color_gradient_stops=&#8220;rgba(0,0,0,0.6) 0%|rgba(0,0,0,0.6) 100%&#8220; background_color_gradient_overlays_image=&#8220;on&#8220; background_image=&#8220;https:\/\/esbjergcamping.dk\/wp-content\/uploads\/2025\/03\/Selects_Footage_v01.00_54_28_12.Still030-2-1.jpg&#8220; hover_enabled=&#8220;0&#8243; global_colors_info=&#8220;{}&#8220; height_last_edited=&#8220;on|phone&#8220; height=&#8220;400px&#8220; sticky_enabled=&#8220;0&#8243; height_tablet=&#8220;350px&#8220; height_phone=&#8220;350px&#8220;][et_pb_row _builder_version=&#8220;4.17.3&#8243; _module_preset=&#8220;default&#8220; custom_padding=&#8220;||0px||false|false&#8220; global_colors_info=&#8220;{}&#8220;][et_pb_column type=&#8220;4_4&#8243; _builder_version=&#8220;4.17.3&#8243; _module_preset=&#8220;default&#8220; global_colors_info=&#8220;{}&#8220;][et_pb_text _builder_version=&#8220;4.27.4&#8243; _module_preset=&#8220;default&#8220; header_font=&#8220;||||||||&#8220; header_text_color=&#8220;#FFFFFF&#8220; header_2_text_color=&#8220;#FFFFFF&#8220; custom_margin=&#8220;||0px||false|false&#8220; border_color_all=&#8220;gcid-7ce7b00a-a0f7-4559-8af2-0adef5afd391&#8243; global_colors_info=&#8220;{%22gcid-7ce7b00a-a0f7-4559-8af2-0adef5afd391%22:%91%22border_color_all%22%93}&#8220;]<\/p>\n<h1><span data-teams=\"true\"><strong>Herbstferien in Esbjerg &#8211; Camping und Spa\u00df f\u00fcr die ganze Familie<\/strong><\/span><\/h1>\n<p>[\/et_pb_text][\/et_pb_column][\/et_pb_row][et_pb_row _builder_version=&#8220;4.17.3&#8243; _module_preset=&#8220;default&#8220; custom_padding=&#8220;0px||||false|false&#8220; global_colors_info=&#8220;{}&#8220;][et_pb_column type=&#8220;4_4&#8243; _builder_version=&#8220;4.17.3&#8243; _module_preset=&#8220;default&#8220; global_colors_info=&#8220;{}&#8220;][et_pb_divider color=&#8220;gcid-7ce7b00a-a0f7-4559-8af2-0adef5afd391&#8243; _builder_version=&#8220;4.17.3&#8243; _module_preset=&#8220;default&#8220; height=&#8220;0px&#8220; custom_margin=&#8220;||0px||false|false&#8220; custom_padding=&#8220;||||false|false&#8220; global_colors_info=&#8220;{%22gcid-7ce7b00a-a0f7-4559-8af2-0adef5afd391%22:%91%22border_color_right%22,%22color%22%93}&#8220;][\/et_pb_divider][et_pb_divider show_divider=&#8220;off&#8220; admin_label=&#8220;Point right bottom&#8220; module_class=&#8220;dot-right-bottom sub-page-dot&#8220; _builder_version=&#8220;4.17.3&#8243; _module_preset=&#8220;default&#8220; height=&#8220;25px&#8220; border_width_right=&#8220;1px&#8220; border_color_right=&#8220;gcid-7ce7b00a-a0f7-4559-8af2-0adef5afd391&#8243; global_colors_info=&#8220;{%22gcid-7ce7b00a-a0f7-4559-8af2-0adef5afd391%22:%91%22border_color_right%22%93}&#8220;][\/et_pb_divider][\/et_pb_column][\/et_pb_row][\/et_pb_section][et_pb_section fb_built=&#8220;1&#8243; _builder_version=&#8220;4.27.3&#8243; _module_preset=&#8220;default&#8220; background_image=&#8220;https:\/\/esbjergcamping.dk\/wp-content\/uploads\/2024\/10\/corner-dots-left-top.png&#8220; background_size=&#8220;initial&#8220; background_position=&#8220;top_left&#8220; background_last_edited=&#8220;on|tablet&#8220; background_enable_image_tablet=&#8220;off&#8220; global_colors_info=&#8220;{}&#8220;][et_pb_row column_structure=&#8220;1_2,1_2&#8243; _builder_version=&#8220;4.17.3&#8243; _module_preset=&#8220;default&#8220; custom_padding=&#8220;50px||35px||false|false&#8220; global_colors_info=&#8220;{}&#8220;][et_pb_column type=&#8220;1_2&#8243; _builder_version=&#8220;4.17.3&#8243; _module_preset=&#8220;default&#8220; custom_padding=&#8220;25px||||false|false&#8220; global_colors_info=&#8220;{}&#8220;][et_pb_text _builder_version=&#8220;4.27.4&#8243; _module_preset=&#8220;default&#8220; text_font=&#8220;||||||||&#8220; text_line_height=&#8220;1.8em&#8220; global_colors_info=&#8220;{}&#8220;]<\/p>\n<p><span data-teams=\"true\">Wenn sich die Bl\u00e4tter verf\u00e4rben und die Luft frischer wird, ist es an der Zeit, einen ruhigen und gem\u00fctlichen <strong>Herbsturlaub in Esbjerg<\/strong> zu genie\u00dfen. Auf Esbjerg Camping hei\u00dfen wir Familien willkommen, die sich entspannen, der Natur nahe sein und eine kinderfreundliche Umgebung mit Raum f\u00fcr Entspannung und Aktivit\u00e4ten genie\u00dfen m\u00f6chten. <\/span><\/p>\n<p>[\/et_pb_text][et_pb_text _builder_version=&#8220;4.27.4&#8243; _module_preset=&#8220;default&#8220; global_colors_info=&#8220;{}&#8220;]<\/p>\n<h2><span data-teams=\"true\"><strong>Kinderfreundliches Camping in den Herbstferien<\/strong><\/span><\/h2>\n<p>[\/et_pb_text][et_pb_text _builder_version=&#8220;4.27.4&#8243; _module_preset=&#8220;default&#8220; text_font=&#8220;||||||||&#8220; text_line_height=&#8220;1.8em&#8220; global_colors_info=&#8220;{}&#8220;]<\/p>\n<p><span data-teams=\"true\">Unser Platz ist ideal f\u00fcr Familien mit Kindern &#8211; auch im Herbst. Es gibt viel Platz zum Spielen, warme Einrichtungen und eine entspannte Atmosph\u00e4re, in der sich alle wohlf\u00fchlen k\u00f6nnen. Auf dem Spielplatz k\u00f6nnen sich die Kinder auspowern, w\u00e4hrend Sie als Erwachsene bei einem Kaffee und mit Blick auf die Herbstsonne entspannen.  <\/span><\/p>\n<p>[\/et_pb_text][\/et_pb_column][et_pb_column type=&#8220;1_2&#8243; _builder_version=&#8220;4.17.3&#8243; _module_preset=&#8220;default&#8220; global_colors_info=&#8220;{}&#8220;][et_pb_image src=&#8220;https:\/\/esbjergcamping.dk\/wp-content\/uploads\/2025\/03\/tilbud.jpg&#8220; title_text=&#8220;Angebote&#8220; _builder_version=&#8220;4.27.4&#8243; _module_preset=&#8220;default&#8220; animation_style=&#8220;slide&#8220; animation_direction=&#8220;right&#8220; animation_duration=&#8220;1500ms&#8220; animation_delay=&#8220;100ms&#8220; animation_intensity_slide=&#8220;5%&#8220; global_colors_info=&#8220;{}&#8220;][\/et_pb_image][\/et_pb_column][\/et_pb_row][\/et_pb_section][et_pb_section fb_built=&#8220;1&#8243; _builder_version=&#8220;4.27.3&#8243; _module_preset=&#8220;default&#8220; global_colors_info=&#8220;{}&#8220;][et_pb_row column_structure=&#8220;1_2,1_2&#8243; _builder_version=&#8220;4.27.3&#8243; _module_preset=&#8220;default&#8220; global_colors_info=&#8220;{}&#8220;][et_pb_column type=&#8220;1_2&#8243; _builder_version=&#8220;4.27.3&#8243; _module_preset=&#8220;default&#8220; global_colors_info=&#8220;{}&#8220;][et_pb_image src=&#8220;https:\/\/esbjergcamping.dk\/wp-content\/uploads\/2025\/02\/komforthytte-esbjerg-1.jpg&#8220; title_text=&#8220;Komfort-Kabine esbjerg (1)&#8220; disabled_on=&#8220;on|on|off&#8220; _builder_version=&#8220;4.27.4&#8243; _module_preset=&#8220;default&#8220; global_colors_info=&#8220;{}&#8220;][\/et_pb_image][\/et_pb_column][et_pb_column type=&#8220;1_2&#8243; _builder_version=&#8220;4.27.3&#8243; _module_preset=&#8220;default&#8220; global_colors_info=&#8220;{}&#8220;][et_pb_text _builder_version=&#8220;4.27.4&#8243; _module_preset=&#8220;default&#8220; global_colors_info=&#8220;{}&#8220;]<\/p>\n<h2><span data-teams=\"true\"><strong>Gem\u00fctliche H\u00fctten f\u00fcr Ihren Miniurlaub<\/strong><\/span><\/h2>\n<p>[\/et_pb_text][et_pb_text _builder_version=&#8220;4.27.4&#8243; _module_preset=&#8220;default&#8220; global_colors_info=&#8220;{}&#8220;]<\/p>\n<p data-start=\"0\" data-end=\"413\"><span data-teams=\"true\">Unsere H\u00fctten sind eine gute Wahl f\u00fcr die Herbstferien. Mit Heizung, K\u00fcche, Dusche und Platz f\u00fcr die ganze Familie sind sie perfekt f\u00fcr einen <strong>Kurzurlaub in den Herbstferien<\/strong>. Verbringen Sie die Tage mit Ausfl\u00fcgen und die Abende mit Spielen, Kochen und gem\u00fctlichem Beisammensein in Ihrer eigenen kleinen Basis.  <\/span><\/p>\n<p>[\/et_pb_text][\/et_pb_column][\/et_pb_row][et_pb_row column_structure=&#8220;1_2,1_2&#8243; _builder_version=&#8220;4.27.3&#8243; _module_preset=&#8220;default&#8220; global_colors_info=&#8220;{}&#8220;][et_pb_column type=&#8220;1_2&#8243; _builder_version=&#8220;4.27.3&#8243; _module_preset=&#8220;default&#8220; global_colors_info=&#8220;{}&#8220;][et_pb_text _builder_version=&#8220;4.27.4&#8243; _module_preset=&#8220;default&#8220; global_colors_info=&#8220;{}&#8220;]<\/p>\n<h2><span data-teams=\"true\"><strong>Erlebnisse in und um Esbjerg im Herbst<\/strong><\/span><\/h2>\n<p>[\/et_pb_text][et_pb_text _builder_version=&#8220;4.27.4&#8243; _module_preset=&#8220;default&#8220; global_colors_info=&#8220;{}&#8220;]<\/p>\n<p>Die Herbstferien sind eine gro\u00dfartige Zeit, um all das zu erleben, was <strong>Esbjerg und die Wattenmeerregion<\/strong> zu bieten haben:<\/p>\n<ul>\n<li>Machen Sie einen Ausflug nach Fan\u00f8 und erleben Sie die Herbststimmung auf der Insel<\/li>\n<li>Besuchen Sie das Fischerei- und Schifffahrtsmuseum &#8211; mit Aquarien und Robben<\/li>\n<li>Spazierg\u00e4nge in der Marb\u00e6k Plantage mit goldenen Bl\u00e4ttern und frischer Seeluft<\/li>\n<li>Genie\u00dfen Sie das Stadtleben in Esbjerg mit Caf\u00e9besuchen und Shopping<\/li>\n<\/ul>\n<p>Natur und Kultur sind leicht zu erreichen &#8211; bei jedem Wetter.<\/p>\n<p>Foto: Bj\u00f8rn Enevoldsen<\/p>\n<p>[\/et_pb_text][et_pb_text _builder_version=&#8220;4.27.4&#8243; _module_preset=&#8220;default&#8220; global_colors_info=&#8220;{}&#8220;]<\/p>\n<h2><span data-teams=\"true\"><strong>Buchen Sie jetzt Ihren Herbsturlaub in Esbjerg<\/strong><\/span><\/h2>\n<p>[\/et_pb_text][et_pb_text _builder_version=&#8220;4.27.4&#8243; _module_preset=&#8220;default&#8220; global_colors_info=&#8220;{}&#8220;]<\/p>\n<p><span data-teams=\"true\">Sind Sie auf der Suche nach Natur, Zweisamkeit und jeder Menge Familienspa\u00df in den Herbstferien? Dann buchen Sie Ihren Aufenthalt auf Esbjerg Camping rechtzeitig. Wir freuen uns darauf, Sie zu einem <strong>Herbsturlaub mit einer kinderfreundlichen Atmosph\u00e4re und der Natur vor Ihrer Haust\u00fcr<\/strong> begr\u00fc\u00dfen zu d\u00fcrfen.  <\/span><\/p>\n<p>[\/et_pb_text][\/et_pb_column][et_pb_column type=&#8220;1_2&#8243; _builder_version=&#8220;4.27.3&#8243; _module_preset=&#8220;default&#8220; global_colors_info=&#8220;{}&#8220;][et_pb_image src=&#8220;https:\/\/esbjergcamping.dk\/wp-content\/uploads\/2025\/03\/Realdania-Bjoern-Enevoldsen-6-1-scaled-1.jpg&#8220; title_text=&#8220;Realdania-Bjoern-Enevoldsen-6-1-skaliert (1)&#8220; _builder_version=&#8220;4.27.4&#8243; _module_preset=&#8220;default&#8220; locked=&#8220;off&#8220; global_colors_info=&#8220;{}&#8220;][\/et_pb_image][\/et_pb_column][\/et_pb_row][\/et_pb_section]<\/p>\n","protected":false},"excerpt":{"rendered":"<p>Herbstferien in Esbjerg &#8211; Camping und Spa\u00df f\u00fcr die ganze FamilieWenn sich die Bl\u00e4tter verf\u00e4rben und die Luft frischer wird, ist es an der Zeit, einen ruhigen und gem\u00fctlichen Herbsturlaub in Esbjerg zu genie\u00dfen. Auf Esbjerg Camping hei\u00dfen wir Familien willkommen, die sich entspannen, der Natur nahe sein und eine kinderfreundliche Umgebung mit Raum f\u00fcr [&hellip;]<\/p>\n","protected":false},"author":4,"featured_media":0,"parent":0,"menu_order":0,"comment_status":"closed","ping_status":"closed","template":"","meta":{"_et_pb_use_builder":"on","_et_pb_old_content":"","_et_gb_content_width":"","footnotes":""},"folder":[],"class_list":["post-101877","page","type-page","status-publish","hentry"],"yoast_head":"<!-- This site is optimized with the Yoast SEO plugin v27.4 - https:\/\/yoast.com\/product\/yoast-seo-wordpress\/ -->\n<title>Herbstferien in Esbjerg | Kinderfreundlicher Campingplatz mit H\u00fctten und beheiztem Pool<\/title>\n<meta name=\"description\" content=\"Verbringen Sie Ihren Herbsturlaub auf Esbjerg Camping - ein kinderfreundlicher Campingplatz mit H\u00fcttenvermietung und beheiztem Pool. In der N\u00e4he der Nordsee und Erlebnisse in Esbjerg.\" \/>\n<meta name=\"robots\" content=\"index, follow, max-snippet:-1, max-image-preview:large, max-video-preview:-1\" \/>\n<link rel=\"canonical\" href=\"https:\/\/esbjergcamping.dk\/de\/herbstferien\/\" \/>\n<meta property=\"og:locale\" content=\"de_DE\" \/>\n<meta property=\"og:type\" content=\"article\" \/>\n<meta property=\"og:title\" content=\"Herbstferien in Esbjerg | Kinderfreundlicher Campingplatz mit H\u00fctten und beheiztem Pool\" \/>\n<meta property=\"og:description\" content=\"Verbringen Sie Ihren Herbsturlaub auf Esbjerg Camping - ein kinderfreundlicher Campingplatz mit H\u00fcttenvermietung und beheiztem Pool. In der N\u00e4he der Nordsee und Erlebnisse in Esbjerg.\" \/>\n<meta property=\"og:url\" content=\"https:\/\/esbjergcamping.dk\/de\/herbstferien\/\" \/>\n<meta property=\"og:site_name\" content=\"Esbjerg Camping\" \/>\n<meta property=\"article:modified_time\" content=\"2025-04-07T07:58:05+00:00\" \/>\n<meta name=\"twitter:card\" content=\"summary_large_image\" \/>\n<meta name=\"twitter:label1\" content=\"Gesch\u00e4tzte Lesezeit\" \/>\n\t<meta name=\"twitter:data1\" content=\"5\u00a0Minuten\" \/>\n<script type=\"application\/ld+json\" class=\"yoast-schema-graph\">{\"@context\":\"https:\\\/\\\/schema.org\",\"@graph\":[{\"@type\":\"WebPage\",\"@id\":\"https:\\\/\\\/esbjergcamping.dk\\\/de\\\/herbstferien\\\/\",\"url\":\"https:\\\/\\\/esbjergcamping.dk\\\/de\\\/herbstferien\\\/\",\"name\":\"Herbstferien in Esbjerg | Kinderfreundlicher Campingplatz mit H\u00fctten und beheiztem Pool\",\"isPartOf\":{\"@id\":\"https:\\\/\\\/esbjergcamping.dk\\\/de\\\/#website\"},\"datePublished\":\"2025-03-21T13:46:46+00:00\",\"dateModified\":\"2025-04-07T07:58:05+00:00\",\"description\":\"Verbringen Sie Ihren Herbsturlaub auf Esbjerg Camping - ein kinderfreundlicher Campingplatz mit H\u00fcttenvermietung und beheiztem Pool. In der N\u00e4he der Nordsee und Erlebnisse in Esbjerg.\",\"breadcrumb\":{\"@id\":\"https:\\\/\\\/esbjergcamping.dk\\\/de\\\/herbstferien\\\/#breadcrumb\"},\"inLanguage\":\"de\",\"potentialAction\":[{\"@type\":\"ReadAction\",\"target\":[\"https:\\\/\\\/esbjergcamping.dk\\\/de\\\/herbstferien\\\/\"]}]},{\"@type\":\"BreadcrumbList\",\"@id\":\"https:\\\/\\\/esbjergcamping.dk\\\/de\\\/herbstferien\\\/#breadcrumb\",\"itemListElement\":[{\"@type\":\"ListItem\",\"position\":1,\"name\":\"Home\",\"item\":\"https:\\\/\\\/esbjergcamping.dk\\\/de\\\/startseite\\\/\"},{\"@type\":\"ListItem\",\"position\":2,\"name\":\"Herbstferien\"}]},{\"@type\":\"WebSite\",\"@id\":\"https:\\\/\\\/esbjergcamping.dk\\\/de\\\/#website\",\"url\":\"https:\\\/\\\/esbjergcamping.dk\\\/de\\\/\",\"name\":\"Esbjerg Camping\",\"description\":\"Din n\u00e6ste campingferie\",\"potentialAction\":[{\"@type\":\"SearchAction\",\"target\":{\"@type\":\"EntryPoint\",\"urlTemplate\":\"https:\\\/\\\/esbjergcamping.dk\\\/de\\\/?s={search_term_string}\"},\"query-input\":{\"@type\":\"PropertyValueSpecification\",\"valueRequired\":true,\"valueName\":\"search_term_string\"}}],\"inLanguage\":\"de\"}]}<\/script>\n<!-- \/ Yoast SEO plugin. -->","yoast_head_json":{"title":"Herbstferien in Esbjerg | Kinderfreundlicher Campingplatz mit H\u00fctten und beheiztem Pool","description":"Verbringen Sie Ihren Herbsturlaub auf Esbjerg Camping - ein kinderfreundlicher Campingplatz mit H\u00fcttenvermietung und beheiztem Pool. In der N\u00e4he der Nordsee und Erlebnisse in Esbjerg.","robots":{"index":"index","follow":"follow","max-snippet":"max-snippet:-1","max-image-preview":"max-image-preview:large","max-video-preview":"max-video-preview:-1"},"canonical":"https:\/\/esbjergcamping.dk\/de\/herbstferien\/","og_locale":"de_DE","og_type":"article","og_title":"Herbstferien in Esbjerg | Kinderfreundlicher Campingplatz mit H\u00fctten und beheiztem Pool","og_description":"Verbringen Sie Ihren Herbsturlaub auf Esbjerg Camping - ein kinderfreundlicher Campingplatz mit H\u00fcttenvermietung und beheiztem Pool. In der N\u00e4he der Nordsee und Erlebnisse in Esbjerg.","og_url":"https:\/\/esbjergcamping.dk\/de\/herbstferien\/","og_site_name":"Esbjerg Camping","article_modified_time":"2025-04-07T07:58:05+00:00","twitter_card":"summary_large_image","twitter_misc":{"Gesch\u00e4tzte Lesezeit":"5\u00a0Minuten"},"schema":{"@context":"https:\/\/schema.org","@graph":[{"@type":"WebPage","@id":"https:\/\/esbjergcamping.dk\/de\/herbstferien\/","url":"https:\/\/esbjergcamping.dk\/de\/herbstferien\/","name":"Herbstferien in Esbjerg | Kinderfreundlicher Campingplatz mit H\u00fctten und beheiztem Pool","isPartOf":{"@id":"https:\/\/esbjergcamping.dk\/de\/#website"},"datePublished":"2025-03-21T13:46:46+00:00","dateModified":"2025-04-07T07:58:05+00:00","description":"Verbringen Sie Ihren Herbsturlaub auf Esbjerg Camping - ein kinderfreundlicher Campingplatz mit H\u00fcttenvermietung und beheiztem Pool. In der N\u00e4he der Nordsee und Erlebnisse in Esbjerg.","breadcrumb":{"@id":"https:\/\/esbjergcamping.dk\/de\/herbstferien\/#breadcrumb"},"inLanguage":"de","potentialAction":[{"@type":"ReadAction","target":["https:\/\/esbjergcamping.dk\/de\/herbstferien\/"]}]},{"@type":"BreadcrumbList","@id":"https:\/\/esbjergcamping.dk\/de\/herbstferien\/#breadcrumb","itemListElement":[{"@type":"ListItem","position":1,"name":"Home","item":"https:\/\/esbjergcamping.dk\/de\/startseite\/"},{"@type":"ListItem","position":2,"name":"Herbstferien"}]},{"@type":"WebSite","@id":"https:\/\/esbjergcamping.dk\/de\/#website","url":"https:\/\/esbjergcamping.dk\/de\/","name":"Esbjerg Camping","description":"Din n\u00e6ste campingferie","potentialAction":[{"@type":"SearchAction","target":{"@type":"EntryPoint","urlTemplate":"https:\/\/esbjergcamping.dk\/de\/?s={search_term_string}"},"query-input":{"@type":"PropertyValueSpecification","valueRequired":true,"valueName":"search_term_string"}}],"inLanguage":"de"}]}},"_links":{"self":[{"href":"https:\/\/esbjergcamping.dk\/de\/wp-json\/wp\/v2\/pages\/101877","targetHints":{"allow":["GET"]}}],"collection":[{"href":"https:\/\/esbjergcamping.dk\/de\/wp-json\/wp\/v2\/pages"}],"about":[{"href":"https:\/\/esbjergcamping.dk\/de\/wp-json\/wp\/v2\/types\/page"}],"author":[{"embeddable":true,"href":"https:\/\/esbjergcamping.dk\/de\/wp-json\/wp\/v2\/users\/4"}],"replies":[{"embeddable":true,"href":"https:\/\/esbjergcamping.dk\/de\/wp-json\/wp\/v2\/comments?post=101877"}],"version-history":[{"count":2,"href":"https:\/\/esbjergcamping.dk\/de\/wp-json\/wp\/v2\/pages\/101877\/revisions"}],"predecessor-version":[{"id":101879,"href":"https:\/\/esbjergcamping.dk\/de\/wp-json\/wp\/v2\/pages\/101877\/revisions\/101879"}],"wp:attachment":[{"href":"https:\/\/esbjergcamping.dk\/de\/wp-json\/wp\/v2\/media?parent=101877"}],"wp:term":[{"taxonomy":"folder","embeddable":true,"href":"https:\/\/esbjergcamping.dk\/de\/wp-json\/wp\/v2\/folder?post=101877"}],"curies":[{"name":"wp","href":"https:\/\/api.w.org\/{rel}","templated":true}]}}