{"id":101883,"date":"2025-03-21T14:34:43","date_gmt":"2025-03-21T13:34:43","guid":{"rendered":"https:\/\/esbjergcamping.dk\/camping-waehrend-der-osterferien\/"},"modified":"2025-04-07T08:58:06","modified_gmt":"2025-04-07T07:58:06","slug":"camping-waehrend-der-osterferien","status":"publish","type":"page","link":"https:\/\/esbjergcamping.dk\/de\/camping-waehrend-der-osterferien\/","title":{"rendered":"Camping w\u00e4hrend der Osterferien"},"content":{"rendered":"<p>[et_pb_section fb_built=&#8220;1&#8243; _builder_version=&#8220;4.27.4&#8243; _module_preset=&#8220;default&#8220; use_background_color_gradient=&#8220;on&#8220; background_color_gradient_direction=&#8220;45deg&#8220; background_color_gradient_stops=&#8220;rgba(0,0,0,0.6) 0%|rgba(0,0,0,0.6) 100%&#8220; background_color_gradient_overlays_image=&#8220;on&#8220; background_image=&#8220;https:\/\/esbjergcamping.dk\/wp-content\/uploads\/2025\/02\/Esbjerg-Camping_logo-1.jpg&#8220; hover_enabled=&#8220;0&#8243; global_colors_info=&#8220;{}&#8220; height_last_edited=&#8220;on|phone&#8220; height=&#8220;400px&#8220; sticky_enabled=&#8220;0&#8243; height_tablet=&#8220;350px&#8220; height_phone=&#8220;350px&#8220;][et_pb_row _builder_version=&#8220;4.17.3&#8243; _module_preset=&#8220;default&#8220; custom_padding=&#8220;||0px||false|false&#8220; global_colors_info=&#8220;{}&#8220;][et_pb_column type=&#8220;4_4&#8243; _builder_version=&#8220;4.17.3&#8243; _module_preset=&#8220;default&#8220; global_colors_info=&#8220;{}&#8220;][et_pb_text _builder_version=&#8220;4.27.4&#8243; _module_preset=&#8220;default&#8220; header_font=&#8220;||||||||&#8220; header_text_color=&#8220;#FFFFFF&#8220; header_2_text_color=&#8220;#FFFFFF&#8220; custom_margin=&#8220;||0px||false|false&#8220; border_color_all=&#8220;gcid-7ce7b00a-a0f7-4559-8af2-0adef5afd391&#8243; global_colors_info=&#8220;{%22gcid-7ce7b00a-a0f7-4559-8af2-0adef5afd391%22:%91%22border_color_all%22%93}&#8220;]<\/p>\n<h1><span data-teams=\"true\"><strong>Osterferien in Esbjerg &#8211; Camping f\u00fcr die ganze Familie<\/strong><\/span><\/h1>\n<p>[\/et_pb_text][\/et_pb_column][\/et_pb_row][et_pb_row _builder_version=&#8220;4.17.3&#8243; _module_preset=&#8220;default&#8220; custom_padding=&#8220;0px||||false|false&#8220; global_colors_info=&#8220;{}&#8220;][et_pb_column type=&#8220;4_4&#8243; _builder_version=&#8220;4.17.3&#8243; _module_preset=&#8220;default&#8220; global_colors_info=&#8220;{}&#8220;][et_pb_divider color=&#8220;gcid-7ce7b00a-a0f7-4559-8af2-0adef5afd391&#8243; _builder_version=&#8220;4.17.3&#8243; _module_preset=&#8220;default&#8220; height=&#8220;0px&#8220; custom_margin=&#8220;||0px||false|false&#8220; custom_padding=&#8220;||||false|false&#8220; global_colors_info=&#8220;{%22gcid-7ce7b00a-a0f7-4559-8af2-0adef5afd391%22:%91%22border_color_right%22,%22color%22%93}&#8220;][\/et_pb_divider][et_pb_divider show_divider=&#8220;off&#8220; admin_label=&#8220;Point right bottom&#8220; module_class=&#8220;dot-right-bottom sub-page-dot&#8220; _builder_version=&#8220;4.17.3&#8243; _module_preset=&#8220;default&#8220; height=&#8220;25px&#8220; border_width_right=&#8220;1px&#8220; border_color_right=&#8220;gcid-7ce7b00a-a0f7-4559-8af2-0adef5afd391&#8243; global_colors_info=&#8220;{%22gcid-7ce7b00a-a0f7-4559-8af2-0adef5afd391%22:%91%22border_color_right%22%93}&#8220;][\/et_pb_divider][\/et_pb_column][\/et_pb_row][\/et_pb_section][et_pb_section fb_built=&#8220;1&#8243; _builder_version=&#8220;4.27.3&#8243; _module_preset=&#8220;default&#8220; background_image=&#8220;https:\/\/esbjergcamping.dk\/wp-content\/uploads\/2024\/10\/corner-dots-left-top.png&#8220; background_size=&#8220;initial&#8220; background_position=&#8220;top_left&#8220; background_last_edited=&#8220;on|tablet&#8220; background_enable_image_tablet=&#8220;off&#8220; global_colors_info=&#8220;{}&#8220;][et_pb_row column_structure=&#8220;1_2,1_2&#8243; _builder_version=&#8220;4.17.3&#8243; _module_preset=&#8220;default&#8220; custom_padding=&#8220;50px||35px||false|false&#8220; global_colors_info=&#8220;{}&#8220;][et_pb_column type=&#8220;1_2&#8243; _builder_version=&#8220;4.17.3&#8243; _module_preset=&#8220;default&#8220; custom_padding=&#8220;25px||||false|false&#8220; global_colors_info=&#8220;{}&#8220;][et_pb_text _builder_version=&#8220;4.27.4&#8243; _module_preset=&#8220;default&#8220; text_font=&#8220;||||||||&#8220; text_line_height=&#8220;1.8em&#8220; global_colors_info=&#8220;{}&#8220;]<\/p>\n<p><span data-teams=\"true\">M\u00f6chten Sie im Fr\u00fchling raus und die Natur gemeinsam mit der Familie genie\u00dfen? Esbjerg Camping bietet den perfekten Rahmen f\u00fcr einen entspannten und abenteuerlichen <strong>Osterurlaub in Esbjerg<\/strong>. Hier kombinieren wir Komfort, kinderfreundliche Einrichtungen und eine gem\u00fctliche Atmosph\u00e4re &#8211; nur wenige Minuten von der Nordsee und der Stadt Esbjerg entfernt.  <\/span><\/p>\n<p>[\/et_pb_text][et_pb_text _builder_version=&#8220;4.27.4&#8243; _module_preset=&#8220;default&#8220; global_colors_info=&#8220;{}&#8220;]<\/p>\n<h2><span data-teams=\"true\"><strong>Kinderfreundlicher Campingplatz mit viel Platz zum Spielen<\/strong><\/span><\/h2>\n<p>[\/et_pb_text][et_pb_text _builder_version=&#8220;4.27.4&#8243; _module_preset=&#8220;default&#8220; text_font=&#8220;||||||||&#8220; text_line_height=&#8220;1.8em&#8220; global_colors_info=&#8220;{}&#8220;]<\/p>\n<p><span data-teams=\"true\">Ostern ist eine tolle Zeit f\u00fcr einen Familienurlaub &#8211; und bei uns stehen die Kinder im Mittelpunkt. Unser Campingplatz ist <strong>kinderfreundlich<\/strong>, mit vielen Gr\u00fcnfl\u00e4chen, einem Spielplatz und einer sicheren Umgebung, in der sich die ganze Familie entspannen kann. Zu Ostern legen wir besonderen Wert auf Spa\u00df und Aktivit\u00e4ten f\u00fcr die Kinder.  <\/span><\/p>\n<p>[\/et_pb_text][\/et_pb_column][et_pb_column type=&#8220;1_2&#8243; _builder_version=&#8220;4.17.3&#8243; _module_preset=&#8220;default&#8220; global_colors_info=&#8220;{}&#8220;][et_pb_image src=&#8220;https:\/\/esbjergcamping.dk\/wp-content\/uploads\/2025\/03\/Selects_Footage_v01.00_01_46_00.Still001-2.jpg&#8220; title_text=&#8220;Selects_Footage_v01.00_01_46_00.Still001-2&#8243; _builder_version=&#8220;4.27.4&#8243; _module_preset=&#8220;default&#8220; animation_style=&#8220;slide&#8220; animation_direction=&#8220;right&#8220; animation_duration=&#8220;1500ms&#8220; animation_delay=&#8220;100ms&#8220; animation_intensity_slide=&#8220;5%&#8220; global_colors_info=&#8220;{}&#8220;][\/et_pb_image][\/et_pb_column][\/et_pb_row][\/et_pb_section][et_pb_section fb_built=&#8220;1&#8243; _builder_version=&#8220;4.27.3&#8243; _module_preset=&#8220;default&#8220; global_colors_info=&#8220;{}&#8220;][et_pb_row column_structure=&#8220;1_2,1_2&#8243; _builder_version=&#8220;4.27.3&#8243; _module_preset=&#8220;default&#8220; global_colors_info=&#8220;{}&#8220;][et_pb_column type=&#8220;1_2&#8243; _builder_version=&#8220;4.27.3&#8243; _module_preset=&#8220;default&#8220; global_colors_info=&#8220;{}&#8220;][et_pb_image src=&#8220;https:\/\/esbjergcamping.dk\/wp-content\/uploads\/2025\/02\/luxhytte-6pers-1-2.jpg&#8220; title_text=&#8220;Luxus-Kabine-6pers-1 (2)&#8220; disabled_on=&#8220;on|on|off&#8220; _builder_version=&#8220;4.27.4&#8243; _module_preset=&#8220;default&#8220; global_colors_info=&#8220;{}&#8220;][\/et_pb_image][\/et_pb_column][et_pb_column type=&#8220;1_2&#8243; _builder_version=&#8220;4.27.3&#8243; _module_preset=&#8220;default&#8220; global_colors_info=&#8220;{}&#8220;][et_pb_text _builder_version=&#8220;4.27.4&#8243; _module_preset=&#8220;default&#8220; global_colors_info=&#8220;{}&#8220;]<\/p>\n<h2><span data-teams=\"true\"><strong>\u00dcbernachten Sie in einer H\u00fctte oder auf Ihrem eigenen Stellplatz<\/strong><\/span><\/h2>\n<p>[\/et_pb_text][et_pb_text _builder_version=&#8220;4.27.4&#8243; _module_preset=&#8220;default&#8220; global_colors_info=&#8220;{}&#8220;]<\/p>\n<p data-start=\"0\" data-end=\"413\"><span data-teams=\"true\">Egal, ob Sie mit einem Zelt, Wohnwagen oder Wohnmobil unterwegs sind &#8211; oder lieber in einer komfortablen H\u00fctte \u00fcbernachten &#8211; wir haben einen Platz f\u00fcr Sie. Unsere H\u00fctten sind gut isoliert und perfekt f\u00fcr einen <strong>Kurzurlaub w\u00e4hrend der Osterferien<\/strong>. Sie haben Ihre eigene K\u00fcche, Dusche und Terrasse &#8211; und jede Menge Gem\u00fctlichkeit.  <\/span><\/p>\n<p>[\/et_pb_text][\/et_pb_column][\/et_pb_row][et_pb_row column_structure=&#8220;1_2,1_2&#8243; _builder_version=&#8220;4.27.3&#8243; _module_preset=&#8220;default&#8220; global_colors_info=&#8220;{}&#8220;][et_pb_column type=&#8220;1_2&#8243; _builder_version=&#8220;4.27.3&#8243; _module_preset=&#8220;default&#8220; global_colors_info=&#8220;{}&#8220;][et_pb_text _builder_version=&#8220;4.27.4&#8243; _module_preset=&#8220;default&#8220; global_colors_info=&#8220;{}&#8220;]<\/p>\n<h2><span data-teams=\"true\"><strong>Aktivit\u00e4ten in und um Esbjerg zu Ostern<\/strong><\/span><\/h2>\n<p>[\/et_pb_text][et_pb_text _builder_version=&#8220;4.27.4&#8243; _module_preset=&#8220;default&#8220; global_colors_info=&#8220;{}&#8220;]<\/p>\n<p><span data-teams=\"true\">Wenn Sie bei uns Urlaub machen, sind Sie in der N\u00e4he von allem, was <strong>Esbjerg und die Westk\u00fcste<\/strong> zu bieten haben. Machen Sie einen Ausflug nach Fan\u00f8, besuchen Sie das Fischerei- und Schifffahrtsmuseum oder machen Sie einen Spaziergang durch die malerische Marb\u00e6k Plantage. Es gibt Erlebnisse f\u00fcr Kinder und Erwachsene &#8211; sowohl bei Sonne als auch bei Regen.  <\/span><\/p>\n<p>[\/et_pb_text][et_pb_text _builder_version=&#8220;4.27.4&#8243; _module_preset=&#8220;default&#8220; global_colors_info=&#8220;{}&#8220;]<\/p>\n<h2><span data-teams=\"true\"><strong>Buchen Sie noch heute Ihren Osterurlaub auf Esbjerg Camping<\/strong><\/span><\/h2>\n<p>[\/et_pb_text][et_pb_text _builder_version=&#8220;4.27.4&#8243; _module_preset=&#8220;default&#8220; global_colors_info=&#8220;{}&#8220;]<\/p>\n<p><span data-teams=\"true\">Ostern ist eine tolle Zeit, um abzuschalten, Kontakte zu kn\u00fcpfen und den Fr\u00fchlingsanfang zu genie\u00dfen. Buchen Sie Ihren Aufenthalt rechtzeitig &#8211; wir freuen uns darauf, Sie zu einem wundersch\u00f6nen <strong>Osterurlaub in Esbjerg<\/strong> mit Camping und viel Spa\u00df begr\u00fc\u00dfen zu d\u00fcrfen. <\/span><\/p>\n<p>[\/et_pb_text][\/et_pb_column][et_pb_column type=&#8220;1_2&#8243; _builder_version=&#8220;4.27.3&#8243; _module_preset=&#8220;default&#8220; global_colors_info=&#8220;{}&#8220;][et_pb_image src=&#8220;https:\/\/esbjergcamping.dk\/wp-content\/uploads\/2025\/03\/tilbud.jpg&#8220; title_text=&#8220;Angebote&#8220; _builder_version=&#8220;4.27.4&#8243; _module_preset=&#8220;default&#8220; locked=&#8220;off&#8220; global_colors_info=&#8220;{}&#8220;][\/et_pb_image][\/et_pb_column][\/et_pb_row][\/et_pb_section]<\/p>\n","protected":false},"excerpt":{"rendered":"<p>Osterferien in Esbjerg &#8211; Camping f\u00fcr die ganze FamilieM\u00f6chten Sie im Fr\u00fchling raus und die Natur gemeinsam mit der Familie genie\u00dfen? Esbjerg Camping bietet den perfekten Rahmen f\u00fcr einen entspannten und abenteuerlichen Osterurlaub in Esbjerg. Hier kombinieren wir Komfort, kinderfreundliche Einrichtungen und eine gem\u00fctliche Atmosph\u00e4re &#8211; nur wenige Minuten von der Nordsee und der Stadt [&hellip;]<\/p>\n","protected":false},"author":4,"featured_media":0,"parent":0,"menu_order":0,"comment_status":"closed","ping_status":"closed","template":"","meta":{"_et_pb_use_builder":"on","_et_pb_old_content":"","_et_gb_content_width":"","footnotes":""},"folder":[],"class_list":["post-101883","page","type-page","status-publish","hentry"],"yoast_head":"<!-- This site is optimized with the Yoast SEO plugin v27.5 - https:\/\/yoast.com\/product\/yoast-seo-wordpress\/ -->\n<title>Osterferien auf Esbjerg Camping | Kinderfreundlicher Campingplatz mit beheiztem Pool<\/title>\n<meta name=\"description\" content=\"Verbringen Sie Ihren Osterurlaub auf Esbjerg Camping - ein kinderfreundlicher Campingplatz mit beheiztem Pool. Buchen Sie eine H\u00fctte oder einen Wohnwagenplatz in der N\u00e4he der Nordsee und von Esbjerg.\" \/>\n<meta name=\"robots\" content=\"index, follow, max-snippet:-1, max-image-preview:large, max-video-preview:-1\" \/>\n<link rel=\"canonical\" href=\"https:\/\/esbjergcamping.dk\/de\/camping-waehrend-der-osterferien\/\" \/>\n<meta property=\"og:locale\" content=\"de_DE\" \/>\n<meta property=\"og:type\" content=\"article\" \/>\n<meta property=\"og:title\" content=\"Osterferien auf Esbjerg Camping | Kinderfreundlicher Campingplatz mit beheiztem Pool\" \/>\n<meta property=\"og:description\" content=\"Verbringen Sie Ihren Osterurlaub auf Esbjerg Camping - ein kinderfreundlicher Campingplatz mit beheiztem Pool. Buchen Sie eine H\u00fctte oder einen Wohnwagenplatz in der N\u00e4he der Nordsee und von Esbjerg.\" \/>\n<meta property=\"og:url\" content=\"https:\/\/esbjergcamping.dk\/de\/camping-waehrend-der-osterferien\/\" \/>\n<meta property=\"og:site_name\" content=\"Esbjerg Camping\" \/>\n<meta property=\"article:modified_time\" content=\"2025-04-07T07:58:06+00:00\" \/>\n<meta name=\"twitter:card\" content=\"summary_large_image\" \/>\n<meta name=\"twitter:label1\" content=\"Gesch\u00e4tzte Lesezeit\" \/>\n\t<meta name=\"twitter:data1\" content=\"5\u00a0Minuten\" \/>\n<script type=\"application\/ld+json\" class=\"yoast-schema-graph\">{\"@context\":\"https:\\\/\\\/schema.org\",\"@graph\":[{\"@type\":\"WebPage\",\"@id\":\"https:\\\/\\\/esbjergcamping.dk\\\/de\\\/camping-waehrend-der-osterferien\\\/\",\"url\":\"https:\\\/\\\/esbjergcamping.dk\\\/de\\\/camping-waehrend-der-osterferien\\\/\",\"name\":\"Osterferien auf Esbjerg Camping | Kinderfreundlicher Campingplatz mit beheiztem Pool\",\"isPartOf\":{\"@id\":\"https:\\\/\\\/esbjergcamping.dk\\\/de\\\/#website\"},\"datePublished\":\"2025-03-21T13:34:43+00:00\",\"dateModified\":\"2025-04-07T07:58:06+00:00\",\"description\":\"Verbringen Sie Ihren Osterurlaub auf Esbjerg Camping - ein kinderfreundlicher Campingplatz mit beheiztem Pool. Buchen Sie eine H\u00fctte oder einen Wohnwagenplatz in der N\u00e4he der Nordsee und von Esbjerg.\",\"breadcrumb\":{\"@id\":\"https:\\\/\\\/esbjergcamping.dk\\\/de\\\/camping-waehrend-der-osterferien\\\/#breadcrumb\"},\"inLanguage\":\"de\",\"potentialAction\":[{\"@type\":\"ReadAction\",\"target\":[\"https:\\\/\\\/esbjergcamping.dk\\\/de\\\/camping-waehrend-der-osterferien\\\/\"]}]},{\"@type\":\"BreadcrumbList\",\"@id\":\"https:\\\/\\\/esbjergcamping.dk\\\/de\\\/camping-waehrend-der-osterferien\\\/#breadcrumb\",\"itemListElement\":[{\"@type\":\"ListItem\",\"position\":1,\"name\":\"Home\",\"item\":\"https:\\\/\\\/esbjergcamping.dk\\\/de\\\/\"},{\"@type\":\"ListItem\",\"position\":2,\"name\":\"Camping w\u00e4hrend der Osterferien\"}]},{\"@type\":\"WebSite\",\"@id\":\"https:\\\/\\\/esbjergcamping.dk\\\/de\\\/#website\",\"url\":\"https:\\\/\\\/esbjergcamping.dk\\\/de\\\/\",\"name\":\"Esbjerg Camping\",\"description\":\"Din n\u00e6ste campingferie\",\"potentialAction\":[{\"@type\":\"SearchAction\",\"target\":{\"@type\":\"EntryPoint\",\"urlTemplate\":\"https:\\\/\\\/esbjergcamping.dk\\\/de\\\/?s={search_term_string}\"},\"query-input\":{\"@type\":\"PropertyValueSpecification\",\"valueRequired\":true,\"valueName\":\"search_term_string\"}}],\"inLanguage\":\"de\"}]}<\/script>\n<!-- \/ Yoast SEO plugin. -->","yoast_head_json":{"title":"Osterferien auf Esbjerg Camping | Kinderfreundlicher Campingplatz mit beheiztem Pool","description":"Verbringen Sie Ihren Osterurlaub auf Esbjerg Camping - ein kinderfreundlicher Campingplatz mit beheiztem Pool. Buchen Sie eine H\u00fctte oder einen Wohnwagenplatz in der N\u00e4he der Nordsee und von Esbjerg.","robots":{"index":"index","follow":"follow","max-snippet":"max-snippet:-1","max-image-preview":"max-image-preview:large","max-video-preview":"max-video-preview:-1"},"canonical":"https:\/\/esbjergcamping.dk\/de\/camping-waehrend-der-osterferien\/","og_locale":"de_DE","og_type":"article","og_title":"Osterferien auf Esbjerg Camping | Kinderfreundlicher Campingplatz mit beheiztem Pool","og_description":"Verbringen Sie Ihren Osterurlaub auf Esbjerg Camping - ein kinderfreundlicher Campingplatz mit beheiztem Pool. Buchen Sie eine H\u00fctte oder einen Wohnwagenplatz in der N\u00e4he der Nordsee und von Esbjerg.","og_url":"https:\/\/esbjergcamping.dk\/de\/camping-waehrend-der-osterferien\/","og_site_name":"Esbjerg Camping","article_modified_time":"2025-04-07T07:58:06+00:00","twitter_card":"summary_large_image","twitter_misc":{"Gesch\u00e4tzte Lesezeit":"5\u00a0Minuten"},"schema":{"@context":"https:\/\/schema.org","@graph":[{"@type":"WebPage","@id":"https:\/\/esbjergcamping.dk\/de\/camping-waehrend-der-osterferien\/","url":"https:\/\/esbjergcamping.dk\/de\/camping-waehrend-der-osterferien\/","name":"Osterferien auf Esbjerg Camping | Kinderfreundlicher Campingplatz mit beheiztem Pool","isPartOf":{"@id":"https:\/\/esbjergcamping.dk\/de\/#website"},"datePublished":"2025-03-21T13:34:43+00:00","dateModified":"2025-04-07T07:58:06+00:00","description":"Verbringen Sie Ihren Osterurlaub auf Esbjerg Camping - ein kinderfreundlicher Campingplatz mit beheiztem Pool. Buchen Sie eine H\u00fctte oder einen Wohnwagenplatz in der N\u00e4he der Nordsee und von Esbjerg.","breadcrumb":{"@id":"https:\/\/esbjergcamping.dk\/de\/camping-waehrend-der-osterferien\/#breadcrumb"},"inLanguage":"de","potentialAction":[{"@type":"ReadAction","target":["https:\/\/esbjergcamping.dk\/de\/camping-waehrend-der-osterferien\/"]}]},{"@type":"BreadcrumbList","@id":"https:\/\/esbjergcamping.dk\/de\/camping-waehrend-der-osterferien\/#breadcrumb","itemListElement":[{"@type":"ListItem","position":1,"name":"Home","item":"https:\/\/esbjergcamping.dk\/de\/"},{"@type":"ListItem","position":2,"name":"Camping w\u00e4hrend der Osterferien"}]},{"@type":"WebSite","@id":"https:\/\/esbjergcamping.dk\/de\/#website","url":"https:\/\/esbjergcamping.dk\/de\/","name":"Esbjerg Camping","description":"Din n\u00e6ste campingferie","potentialAction":[{"@type":"SearchAction","target":{"@type":"EntryPoint","urlTemplate":"https:\/\/esbjergcamping.dk\/de\/?s={search_term_string}"},"query-input":{"@type":"PropertyValueSpecification","valueRequired":true,"valueName":"search_term_string"}}],"inLanguage":"de"}]}},"_links":{"self":[{"href":"https:\/\/esbjergcamping.dk\/de\/wp-json\/wp\/v2\/pages\/101883","targetHints":{"allow":["GET"]}}],"collection":[{"href":"https:\/\/esbjergcamping.dk\/de\/wp-json\/wp\/v2\/pages"}],"about":[{"href":"https:\/\/esbjergcamping.dk\/de\/wp-json\/wp\/v2\/types\/page"}],"author":[{"embeddable":true,"href":"https:\/\/esbjergcamping.dk\/de\/wp-json\/wp\/v2\/users\/4"}],"replies":[{"embeddable":true,"href":"https:\/\/esbjergcamping.dk\/de\/wp-json\/wp\/v2\/comments?post=101883"}],"version-history":[{"count":2,"href":"https:\/\/esbjergcamping.dk\/de\/wp-json\/wp\/v2\/pages\/101883\/revisions"}],"predecessor-version":[{"id":101885,"href":"https:\/\/esbjergcamping.dk\/de\/wp-json\/wp\/v2\/pages\/101883\/revisions\/101885"}],"wp:attachment":[{"href":"https:\/\/esbjergcamping.dk\/de\/wp-json\/wp\/v2\/media?parent=101883"}],"wp:term":[{"taxonomy":"folder","embeddable":true,"href":"https:\/\/esbjergcamping.dk\/de\/wp-json\/wp\/v2\/folder?post=101883"}],"curies":[{"name":"wp","href":"https:\/\/api.w.org\/{rel}","templated":true}]}}