{"id":101896,"date":"2024-11-17T14:40:04","date_gmt":"2024-11-17T13:40:04","guid":{"rendered":"https:\/\/esbjergcamping.dk\/camping-mit-kindern\/"},"modified":"2025-04-07T08:58:41","modified_gmt":"2025-04-07T07:58:41","slug":"camping-mit-kindern","status":"publish","type":"page","link":"https:\/\/esbjergcamping.dk\/de\/camping-caravaning\/camping-mit-kindern\/","title":{"rendered":"Camping mit Kindern"},"content":{"rendered":"<p>[et_pb_section fb_built=&#8220;1&#8243; _builder_version=&#8220;4.27.4&#8243; _module_preset=&#8220;default&#8220; use_background_color_gradient=&#8220;on&#8220; background_color_gradient_direction=&#8220;45deg&#8220; background_color_gradient_stops=&#8220;rgba(0,0,0,0.6) 0%|rgba(0,0,0,0.6) 100%&#8220; background_color_gradient_overlays_image=&#8220;on&#8220; background_image=&#8220;https:\/\/esbjergcamping.dk\/wp-content\/uploads\/2025\/03\/Selects_Footage_v01.00_25_25_03.Still014-2.jpg&#8220; hover_enabled=&#8220;0&#8243; global_colors_info=&#8220;{}&#8220; height_last_edited=&#8220;on|phone&#8220; height=&#8220;400px&#8220; sticky_enabled=&#8220;0&#8243; height_tablet=&#8220;350px&#8220; height_phone=&#8220;350px&#8220;][et_pb_row _builder_version=&#8220;4.17.3&#8243; _module_preset=&#8220;default&#8220; custom_padding=&#8220;||0px||false|false&#8220; global_colors_info=&#8220;{}&#8220;][et_pb_column type=&#8220;4_4&#8243; _builder_version=&#8220;4.17.3&#8243; _module_preset=&#8220;default&#8220; global_colors_info=&#8220;{}&#8220;][et_pb_text _builder_version=&#8220;4.17.3&#8243; _module_preset=&#8220;default&#8220; header_font=&#8220;||||||||&#8220; header_text_color=&#8220;#FFFFFF&#8220; header_2_text_color=&#8220;#FFFFFF&#8220; custom_margin=&#8220;||0px||false|false&#8220; border_color_all=&#8220;gcid-7ce7b00a-a0f7-4559-8af2-0adef5afd391&#8243; global_colors_info=&#8220;{%22gcid-7ce7b00a-a0f7-4559-8af2-0adef5afd391%22:%91%22border_color_all%22%93}&#8220;]<\/p>\n<h1>Camping mit Kindern<\/h1>\n<p>[\/et_pb_text][\/et_pb_column][\/et_pb_row][et_pb_row _builder_version=&#8220;4.17.3&#8243; _module_preset=&#8220;default&#8220; custom_padding=&#8220;0px||||false|false&#8220; global_colors_info=&#8220;{}&#8220;][et_pb_column type=&#8220;4_4&#8243; _builder_version=&#8220;4.17.3&#8243; _module_preset=&#8220;default&#8220; global_colors_info=&#8220;{}&#8220;][et_pb_divider color=&#8220;gcid-7ce7b00a-a0f7-4559-8af2-0adef5afd391&#8243; _builder_version=&#8220;4.17.3&#8243; _module_preset=&#8220;default&#8220; height=&#8220;0px&#8220; custom_margin=&#8220;||0px||false|false&#8220; custom_padding=&#8220;||||false|false&#8220; global_colors_info=&#8220;{%22gcid-7ce7b00a-a0f7-4559-8af2-0adef5afd391%22:%91%22border_color_right%22,%22color%22%93}&#8220;][\/et_pb_divider][et_pb_divider show_divider=&#8220;off&#8220; admin_label=&#8220;Point right bottom&#8220; module_class=&#8220;dot-right-bottom sub-page-dot&#8220; _builder_version=&#8220;4.17.3&#8243; _module_preset=&#8220;default&#8220; height=&#8220;25px&#8220; border_width_right=&#8220;1px&#8220; border_color_right=&#8220;gcid-7ce7b00a-a0f7-4559-8af2-0adef5afd391&#8243; global_colors_info=&#8220;{%22gcid-7ce7b00a-a0f7-4559-8af2-0adef5afd391%22:%91%22border_color_right%22%93}&#8220;][\/et_pb_divider][\/et_pb_column][\/et_pb_row][\/et_pb_section][et_pb_section fb_built=&#8220;1&#8243; _builder_version=&#8220;4.27.3&#8243; _module_preset=&#8220;default&#8220; background_image=&#8220;https:\/\/esbjergcamping.dk\/wp-content\/uploads\/2024\/10\/corner-dots-left-top.png&#8220; background_size=&#8220;initial&#8220; background_position=&#8220;top_left&#8220; background_last_edited=&#8220;on|tablet&#8220; background_enable_image_tablet=&#8220;off&#8220; global_colors_info=&#8220;{}&#8220;][et_pb_row column_structure=&#8220;1_2,1_2&#8243; _builder_version=&#8220;4.17.3&#8243; _module_preset=&#8220;default&#8220; custom_padding=&#8220;50px||35px||false|false&#8220; global_colors_info=&#8220;{}&#8220;][et_pb_column type=&#8220;1_2&#8243; _builder_version=&#8220;4.17.3&#8243; _module_preset=&#8220;default&#8220; custom_padding=&#8220;25px||||false|false&#8220; global_colors_info=&#8220;{}&#8220;][et_pb_text _builder_version=&#8220;4.27.4&#8243; _module_preset=&#8220;default&#8220; global_colors_info=&#8220;{}&#8220;]<\/p>\n<h2>Kinder lieben Camping<\/h2>\n<p>[\/et_pb_text][et_pb_text _builder_version=&#8220;4.27.4&#8243; _module_preset=&#8220;default&#8220; text_font=&#8220;||||||||&#8220; text_line_height=&#8220;1.8em&#8220; global_colors_info=&#8220;{}&#8220;]<\/p>\n<p>Ein Campingurlaub auf dem Esbjerg Camping ist eine tolle M\u00f6glichkeit, Zeit mit Kindern und Enkelkindern zu verbringen. Die kinderfreundliche Atmosph\u00e4re, der gro\u00dfe Spielplatz und die vielen Aktivit\u00e4ten im Freien machen den Campingplatz ideal f\u00fcr Familien mit Kindern jeden Alters. <\/p>\n<p>Kinder k\u00f6nnen frei spielen und erkunden, w\u00e4hrend sich die Erwachsenen in einer ruhigen und landschaftlich reizvollen Umgebung entspannen. Esbjerg Camping bietet spezielle Stellpl\u00e4tze f\u00fcr Wohnmobile, ger\u00e4umige Stellpl\u00e4tze f\u00fcr Wohnwagen, gem\u00fctliche Zeltpl\u00e4tze und komfortable H\u00fctten, so dass Sie Ihren Aufenthalt an die Bed\u00fcrfnisse Ihrer Familie anpassen k\u00f6nnen. <\/p>\n<p>[\/et_pb_text][\/et_pb_column][et_pb_column type=&#8220;1_2&#8243; _builder_version=&#8220;4.17.3&#8243; _module_preset=&#8220;default&#8220; global_colors_info=&#8220;{}&#8220;][et_pb_image src=&#8220;https:\/\/esbjergcamping.dk\/wp-content\/uploads\/2025\/03\/Selects_Footage_v01.00_01_46_00.Still001-2.jpg&#8220; title_text=&#8220;Selects_Footage_v01.00_01_46_00.Still001-2&#8243; _builder_version=&#8220;4.27.4&#8243; _module_preset=&#8220;default&#8220; animation_style=&#8220;slide&#8220; animation_direction=&#8220;right&#8220; animation_duration=&#8220;1500ms&#8220; animation_delay=&#8220;100ms&#8220; animation_intensity_slide=&#8220;5%&#8220; global_colors_info=&#8220;{}&#8220;][\/et_pb_image][\/et_pb_column][\/et_pb_row][\/et_pb_section][et_pb_section fb_built=&#8220;1&#8243; _builder_version=&#8220;4.27.3&#8243; _module_preset=&#8220;default&#8220; global_colors_info=&#8220;{}&#8220;][et_pb_row column_structure=&#8220;1_2,1_2&#8243; _builder_version=&#8220;4.27.3&#8243; _module_preset=&#8220;default&#8220; global_colors_info=&#8220;{}&#8220;][et_pb_column type=&#8220;1_2&#8243; _builder_version=&#8220;4.27.3&#8243; _module_preset=&#8220;default&#8220; global_colors_info=&#8220;{}&#8220;][et_pb_image src=&#8220;https:\/\/esbjergcamping.dk\/wp-content\/uploads\/2025\/03\/Esbjerg_Strand_Camping_v03.00_03_17_12.Still012-2-1.jpg&#8220; title_text=&#8220;Esbjerg_Strand_Camping_v03.00_03_17_12.Still012-2&#8243; disabled_on=&#8220;on|on|off&#8220; _builder_version=&#8220;4.27.4&#8243; _module_preset=&#8220;default&#8220; global_colors_info=&#8220;{}&#8220;][\/et_pb_image][\/et_pb_column][et_pb_column type=&#8220;1_2&#8243; _builder_version=&#8220;4.27.3&#8243; _module_preset=&#8220;default&#8220; global_colors_info=&#8220;{}&#8220;][et_pb_heading title=&#8220;Aktiver Campingurlaub&#8220; _builder_version=&#8220;4.27.4&#8243; _module_preset=&#8220;default&#8220; title_level=&#8220;h4&#8243; title_text_align=&#8220;left&#8220; global_colors_info=&#8220;{}&#8220;][\/et_pb_heading][et_pb_text _builder_version=&#8220;4.27.4&#8243; _module_preset=&#8220;default&#8220; global_colors_info=&#8220;{}&#8220;]<\/p>\n<p data-start=\"0\" data-end=\"413\">Der Campingplatz bietet eine F\u00fclle von lustigen und spannenden Aktivit\u00e4ten f\u00fcr Kinder. Der gro\u00dfe Spielplatz mit Schaukeln, Rutschen und einer H\u00fcpfburg ist immer ein Hit und sorgt f\u00fcr stundenlange Unterhaltung. Es gibt auch viel Platz zum Ballspielen, Radfahren in der Umgebung oder f\u00fcr eine lustige und herausfordernde Schatzsuche. Die Kinder k\u00f6nnen die offenen Bereiche frei erkunden, wo sie jeden Tag neue Spiele und Abenteuer erleben k\u00f6nnen.   <\/p>\n<p data-start=\"415\" data-end=\"969\" data-is-last-node=\"\" data-is-only-node=\"\">F\u00fcr die Enkelkinder ist es eine tolle Gelegenheit, ihrer Fantasie freien Lauf zu lassen und gemeinsam Erinnerungen zu schaffen, w\u00e4hrend die Erwachsenen eine wohlverdiente Pause einlegen k\u00f6nnen.<\/p>\n<p>[\/et_pb_text][\/et_pb_column][\/et_pb_row][et_pb_row column_structure=&#8220;1_2,1_2&#8243; _builder_version=&#8220;4.27.3&#8243; _module_preset=&#8220;default&#8220; global_colors_info=&#8220;{}&#8220;][et_pb_column type=&#8220;1_2&#8243; _builder_version=&#8220;4.27.3&#8243; _module_preset=&#8220;default&#8220; global_colors_info=&#8220;{}&#8220;][et_pb_heading title=&#8220;Erlebnisse in der N\u00e4he des Standortes&#8220; _builder_version=&#8220;4.27.4&#8243; _module_preset=&#8220;default&#8220; title_level=&#8220;h4&#8243; global_colors_info=&#8220;{}&#8220;][\/et_pb_heading][et_pb_text _builder_version=&#8220;4.27.4&#8243; _module_preset=&#8220;default&#8220; global_colors_info=&#8220;{}&#8220;]<\/p>\n<p>In der Umgebung von Esbjerg Camping gibt es viele aufregende Attraktionen f\u00fcr die ganze Familie zu genie\u00dfen.<\/p>\n<p>Besuchen Sie zum Beispiel den beeindruckenden Hafen von Esbjerg und unternehmen Sie eine Bootsfahrt, um das umliegende Meer zu erkunden. In der N\u00e4he befindet sich auch das beliebte Fischerei- und Schifffahrtsmuseum, in dem Kinder und Erwachsene auf unterhaltsame und interaktive Weise mehr \u00fcber die maritime Geschichte D\u00e4nemarks erfahren k\u00f6nnen. <\/p>\n<p>Wenn Sie die Natur lieben, lohnt sich auch ein Ausflug an die nahe gelegene Nordseek\u00fcste oder zur sch\u00f6nen Marb\u00e6k Plantage, die Wander- und Radwege f\u00fcr die ganze Familie bietet.<\/p>\n<p>[\/et_pb_text][\/et_pb_column][et_pb_column type=&#8220;1_2&#8243; _builder_version=&#8220;4.27.3&#8243; _module_preset=&#8220;default&#8220; global_colors_info=&#8220;{}&#8220;][et_pb_image src=&#8220;https:\/\/esbjergcamping.dk\/wp-content\/uploads\/2025\/03\/Esbjerg_Strand_Camping_v03.00_03_25_04.Still013-2.jpg&#8220; title_text=&#8220;Esbjerg_Strand_Camping_v03.00_03_25_04.Still013-2&#8243; _builder_version=&#8220;4.27.4&#8243; _module_preset=&#8220;default&#8220; locked=&#8220;off&#8220; global_colors_info=&#8220;{}&#8220;][\/et_pb_image][\/et_pb_column][\/et_pb_row][\/et_pb_section]<\/p>\n","protected":false},"excerpt":{"rendered":"<p>Camping mit KindernKinder lieben CampingEin Campingurlaub auf dem Esbjerg Camping ist eine tolle M\u00f6glichkeit, Zeit mit Kindern und Enkelkindern zu verbringen. Die kinderfreundliche Atmosph\u00e4re, der gro\u00dfe Spielplatz und die vielen Aktivit\u00e4ten im Freien machen den Campingplatz ideal f\u00fcr Familien mit Kindern jeden Alters. Kinder k\u00f6nnen frei spielen und erkunden, w\u00e4hrend sich die Erwachsenen in einer [&hellip;]<\/p>\n","protected":false},"author":1,"featured_media":0,"parent":102073,"menu_order":0,"comment_status":"closed","ping_status":"closed","template":"","meta":{"_et_pb_use_builder":"on","_et_pb_old_content":"","_et_gb_content_width":"","footnotes":""},"folder":[],"class_list":["post-101896","page","type-page","status-publish","hentry"],"yoast_head":"<!-- This site is optimized with the Yoast SEO plugin v27.6 - https:\/\/yoast.com\/product\/yoast-seo-wordpress\/ -->\n<title>Kinderfreundlicher Campingplatz in Esbjerg<\/title>\n<meta name=\"description\" content=\"Esbjerg Camping ist ein kinderfreundlicher Campingplatz in Westj\u00fctland mit einem Spielplatz, Aktivit\u00e4ten und einer sicheren Umgebung. Perfekt f\u00fcr einen Familienurlaub in der N\u00e4he des Strandes und des Wattenmeeres.\" \/>\n<meta name=\"robots\" content=\"index, follow, max-snippet:-1, max-image-preview:large, max-video-preview:-1\" \/>\n<link rel=\"canonical\" href=\"https:\/\/esbjergcamping.dk\/de\/camping-caravaning\/camping-mit-kindern\/\" \/>\n<meta property=\"og:locale\" content=\"de_DE\" \/>\n<meta property=\"og:type\" content=\"article\" \/>\n<meta property=\"og:title\" content=\"Kinderfreundlicher Campingplatz in Esbjerg\" \/>\n<meta property=\"og:description\" content=\"Esbjerg Camping ist ein kinderfreundlicher Campingplatz in Westj\u00fctland mit einem Spielplatz, Aktivit\u00e4ten und einer sicheren Umgebung. Perfekt f\u00fcr einen Familienurlaub in der N\u00e4he des Strandes und des Wattenmeeres.\" \/>\n<meta property=\"og:url\" content=\"https:\/\/esbjergcamping.dk\/de\/camping-caravaning\/camping-mit-kindern\/\" \/>\n<meta property=\"og:site_name\" content=\"Esbjerg Camping\" \/>\n<meta property=\"article:modified_time\" content=\"2025-04-07T07:58:41+00:00\" \/>\n<meta name=\"twitter:card\" content=\"summary_large_image\" \/>\n<meta name=\"twitter:label1\" content=\"Gesch\u00e4tzte Lesezeit\" \/>\n\t<meta name=\"twitter:data1\" content=\"5\u00a0Minuten\" \/>\n<script type=\"application\/ld+json\" class=\"yoast-schema-graph\">{\"@context\":\"https:\\\/\\\/schema.org\",\"@graph\":[{\"@type\":\"WebPage\",\"@id\":\"https:\\\/\\\/esbjergcamping.dk\\\/de\\\/camping-caravaning\\\/camping-mit-kindern\\\/\",\"url\":\"https:\\\/\\\/esbjergcamping.dk\\\/de\\\/camping-caravaning\\\/camping-mit-kindern\\\/\",\"name\":\"Kinderfreundlicher Campingplatz in Esbjerg\",\"isPartOf\":{\"@id\":\"https:\\\/\\\/esbjergcamping.dk\\\/de\\\/#website\"},\"datePublished\":\"2024-11-17T13:40:04+00:00\",\"dateModified\":\"2025-04-07T07:58:41+00:00\",\"description\":\"Esbjerg Camping ist ein kinderfreundlicher Campingplatz in Westj\u00fctland mit einem Spielplatz, Aktivit\u00e4ten und einer sicheren Umgebung. Perfekt f\u00fcr einen Familienurlaub in der N\u00e4he des Strandes und des Wattenmeeres.\",\"breadcrumb\":{\"@id\":\"https:\\\/\\\/esbjergcamping.dk\\\/de\\\/camping-caravaning\\\/camping-mit-kindern\\\/#breadcrumb\"},\"inLanguage\":\"de\",\"potentialAction\":[{\"@type\":\"ReadAction\",\"target\":[\"https:\\\/\\\/esbjergcamping.dk\\\/de\\\/camping-caravaning\\\/camping-mit-kindern\\\/\"]}]},{\"@type\":\"BreadcrumbList\",\"@id\":\"https:\\\/\\\/esbjergcamping.dk\\\/de\\\/camping-caravaning\\\/camping-mit-kindern\\\/#breadcrumb\",\"itemListElement\":[{\"@type\":\"ListItem\",\"position\":1,\"name\":\"Home\",\"item\":\"https:\\\/\\\/esbjergcamping.dk\\\/de\\\/\"},{\"@type\":\"ListItem\",\"position\":2,\"name\":\"Camping &amp; Caravaning\",\"item\":\"https:\\\/\\\/esbjergcamping.dk\\\/de\\\/camping-caravaning\\\/\"},{\"@type\":\"ListItem\",\"position\":3,\"name\":\"Camping mit Kindern\"}]},{\"@type\":\"WebSite\",\"@id\":\"https:\\\/\\\/esbjergcamping.dk\\\/de\\\/#website\",\"url\":\"https:\\\/\\\/esbjergcamping.dk\\\/de\\\/\",\"name\":\"Esbjerg Camping\",\"description\":\"Din n\u00e6ste campingferie\",\"potentialAction\":[{\"@type\":\"SearchAction\",\"target\":{\"@type\":\"EntryPoint\",\"urlTemplate\":\"https:\\\/\\\/esbjergcamping.dk\\\/de\\\/?s={search_term_string}\"},\"query-input\":{\"@type\":\"PropertyValueSpecification\",\"valueRequired\":true,\"valueName\":\"search_term_string\"}}],\"inLanguage\":\"de\"}]}<\/script>\n<!-- \/ Yoast SEO plugin. -->","yoast_head_json":{"title":"Kinderfreundlicher Campingplatz in Esbjerg","description":"Esbjerg Camping ist ein kinderfreundlicher Campingplatz in Westj\u00fctland mit einem Spielplatz, Aktivit\u00e4ten und einer sicheren Umgebung. Perfekt f\u00fcr einen Familienurlaub in der N\u00e4he des Strandes und des Wattenmeeres.","robots":{"index":"index","follow":"follow","max-snippet":"max-snippet:-1","max-image-preview":"max-image-preview:large","max-video-preview":"max-video-preview:-1"},"canonical":"https:\/\/esbjergcamping.dk\/de\/camping-caravaning\/camping-mit-kindern\/","og_locale":"de_DE","og_type":"article","og_title":"Kinderfreundlicher Campingplatz in Esbjerg","og_description":"Esbjerg Camping ist ein kinderfreundlicher Campingplatz in Westj\u00fctland mit einem Spielplatz, Aktivit\u00e4ten und einer sicheren Umgebung. Perfekt f\u00fcr einen Familienurlaub in der N\u00e4he des Strandes und des Wattenmeeres.","og_url":"https:\/\/esbjergcamping.dk\/de\/camping-caravaning\/camping-mit-kindern\/","og_site_name":"Esbjerg Camping","article_modified_time":"2025-04-07T07:58:41+00:00","twitter_card":"summary_large_image","twitter_misc":{"Gesch\u00e4tzte Lesezeit":"5\u00a0Minuten"},"schema":{"@context":"https:\/\/schema.org","@graph":[{"@type":"WebPage","@id":"https:\/\/esbjergcamping.dk\/de\/camping-caravaning\/camping-mit-kindern\/","url":"https:\/\/esbjergcamping.dk\/de\/camping-caravaning\/camping-mit-kindern\/","name":"Kinderfreundlicher Campingplatz in Esbjerg","isPartOf":{"@id":"https:\/\/esbjergcamping.dk\/de\/#website"},"datePublished":"2024-11-17T13:40:04+00:00","dateModified":"2025-04-07T07:58:41+00:00","description":"Esbjerg Camping ist ein kinderfreundlicher Campingplatz in Westj\u00fctland mit einem Spielplatz, Aktivit\u00e4ten und einer sicheren Umgebung. Perfekt f\u00fcr einen Familienurlaub in der N\u00e4he des Strandes und des Wattenmeeres.","breadcrumb":{"@id":"https:\/\/esbjergcamping.dk\/de\/camping-caravaning\/camping-mit-kindern\/#breadcrumb"},"inLanguage":"de","potentialAction":[{"@type":"ReadAction","target":["https:\/\/esbjergcamping.dk\/de\/camping-caravaning\/camping-mit-kindern\/"]}]},{"@type":"BreadcrumbList","@id":"https:\/\/esbjergcamping.dk\/de\/camping-caravaning\/camping-mit-kindern\/#breadcrumb","itemListElement":[{"@type":"ListItem","position":1,"name":"Home","item":"https:\/\/esbjergcamping.dk\/de\/"},{"@type":"ListItem","position":2,"name":"Camping &amp; Caravaning","item":"https:\/\/esbjergcamping.dk\/de\/camping-caravaning\/"},{"@type":"ListItem","position":3,"name":"Camping mit Kindern"}]},{"@type":"WebSite","@id":"https:\/\/esbjergcamping.dk\/de\/#website","url":"https:\/\/esbjergcamping.dk\/de\/","name":"Esbjerg Camping","description":"Din n\u00e6ste campingferie","potentialAction":[{"@type":"SearchAction","target":{"@type":"EntryPoint","urlTemplate":"https:\/\/esbjergcamping.dk\/de\/?s={search_term_string}"},"query-input":{"@type":"PropertyValueSpecification","valueRequired":true,"valueName":"search_term_string"}}],"inLanguage":"de"}]}},"_links":{"self":[{"href":"https:\/\/esbjergcamping.dk\/de\/wp-json\/wp\/v2\/pages\/101896","targetHints":{"allow":["GET"]}}],"collection":[{"href":"https:\/\/esbjergcamping.dk\/de\/wp-json\/wp\/v2\/pages"}],"about":[{"href":"https:\/\/esbjergcamping.dk\/de\/wp-json\/wp\/v2\/types\/page"}],"author":[{"embeddable":true,"href":"https:\/\/esbjergcamping.dk\/de\/wp-json\/wp\/v2\/users\/1"}],"replies":[{"embeddable":true,"href":"https:\/\/esbjergcamping.dk\/de\/wp-json\/wp\/v2\/comments?post=101896"}],"version-history":[{"count":2,"href":"https:\/\/esbjergcamping.dk\/de\/wp-json\/wp\/v2\/pages\/101896\/revisions"}],"predecessor-version":[{"id":101900,"href":"https:\/\/esbjergcamping.dk\/de\/wp-json\/wp\/v2\/pages\/101896\/revisions\/101900"}],"up":[{"embeddable":true,"href":"https:\/\/esbjergcamping.dk\/de\/wp-json\/wp\/v2\/pages\/102073"}],"wp:attachment":[{"href":"https:\/\/esbjergcamping.dk\/de\/wp-json\/wp\/v2\/media?parent=101896"}],"wp:term":[{"taxonomy":"folder","embeddable":true,"href":"https:\/\/esbjergcamping.dk\/de\/wp-json\/wp\/v2\/folder?post=101896"}],"curies":[{"name":"wp","href":"https:\/\/api.w.org\/{rel}","templated":true}]}}