{"id":101959,"date":"2024-11-17T14:40:03","date_gmt":"2024-11-17T13:40:03","guid":{"rendered":"https:\/\/esbjergcamping.dk\/festes-bett\/"},"modified":"2026-04-23T14:07:23","modified_gmt":"2026-04-23T13:07:23","slug":"festes-bett","status":"publish","type":"page","link":"https:\/\/esbjergcamping.dk\/de\/camping-caravaning\/festes-bett\/","title":{"rendered":"Festes Bett"},"content":{"rendered":"<p>[et_pb_section fb_built=&#8220;1&#8243; _builder_version=&#8220;4.27.4&#8243; _module_preset=&#8220;default&#8220; use_background_color_gradient=&#8220;on&#8220; background_color_gradient_direction=&#8220;45deg&#8220; background_color_gradient_stops=&#8220;rgba(0,0,0,0.6) 0%|rgba(0,0,0,0.6) 100%&#8220; background_color_gradient_overlays_image=&#8220;on&#8220; background_image=&#8220;https:\/\/esbjergcamping.dk\/wp-content\/uploads\/2025\/03\/DJI_0923.jpg&#8220; height=&#8220;400px&#8220; height_tablet=&#8220;350px&#8220; height_phone=&#8220;350px&#8220; height_last_edited=&#8220;on|phone&#8220; global_colors_info=&#8220;{}&#8220;][et_pb_row _builder_version=&#8220;4.17.3&#8243; _module_preset=&#8220;default&#8220; custom_padding=&#8220;||0px||false|false&#8220; global_colors_info=&#8220;{}&#8220;][et_pb_column type=&#8220;4_4&#8243; _builder_version=&#8220;4.17.3&#8243; _module_preset=&#8220;default&#8220; global_colors_info=&#8220;{}&#8220;][et_pb_text _builder_version=&#8220;4.27.4&#8243; _module_preset=&#8220;default&#8220; header_font=&#8220;||||||||&#8220; header_text_color=&#8220;#FFFFFF&#8220; header_2_text_color=&#8220;#FFFFFF&#8220; custom_margin=&#8220;||0px||false|false&#8220; border_color_all=&#8220;gcid-7ce7b00a-a0f7-4559-8af2-0adef5afd391&#8243; global_colors_info=&#8220;{%22gcid-7ce7b00a-a0f7-4559-8af2-0adef5afd391%22:%91%22border_color_all%22%93}&#8220;]<\/p>\n<h1>Dauercampingplatz auf Esbjerg Camping<\/h1>\n<p>[\/et_pb_text][\/et_pb_column][\/et_pb_row][et_pb_row _builder_version=&#8220;4.17.3&#8243; _module_preset=&#8220;default&#8220; custom_padding=&#8220;0px||||false|false&#8220; global_colors_info=&#8220;{}&#8220;][et_pb_column type=&#8220;4_4&#8243; _builder_version=&#8220;4.17.3&#8243; _module_preset=&#8220;default&#8220; global_colors_info=&#8220;{}&#8220;][et_pb_divider color=&#8220;gcid-7ce7b00a-a0f7-4559-8af2-0adef5afd391&#8243; _builder_version=&#8220;4.17.3&#8243; _module_preset=&#8220;default&#8220; height=&#8220;0px&#8220; custom_margin=&#8220;||0px||false|false&#8220; custom_padding=&#8220;||||false|false&#8220; global_colors_info=&#8220;{%22gcid-7ce7b00a-a0f7-4559-8af2-0adef5afd391%22:%91%22border_color_right%22,%22color%22%93}&#8220;][\/et_pb_divider][et_pb_divider show_divider=&#8220;off&#8220; admin_label=&#8220;Point right bottom&#8220; module_class=&#8220;dot-right-bottom sub-page-dot&#8220; _builder_version=&#8220;4.17.3&#8243; _module_preset=&#8220;default&#8220; height=&#8220;25px&#8220; border_width_right=&#8220;1px&#8220; border_color_right=&#8220;gcid-7ce7b00a-a0f7-4559-8af2-0adef5afd391&#8243; global_colors_info=&#8220;{%22gcid-7ce7b00a-a0f7-4559-8af2-0adef5afd391%22:%91%22border_color_right%22%93}&#8220;][\/et_pb_divider][\/et_pb_column][\/et_pb_row][\/et_pb_section][et_pb_section fb_built=&#8220;1&#8243; _builder_version=&#8220;4.27.3&#8243; _module_preset=&#8220;default&#8220; background_color=&#8220;RGBA(255,255,255,0)&#8220; bottom_divider_style=&#8220;curve&#8220; bottom_divider_color=&#8220;gcid-64bcecb8-1e08-4484-8de3-a2058d1920a9&#8243; bottom_divider_flip=&#8220;vertical&#8220; global_colors_info=&#8220;{%22gcid-64bcecb8-1e08-4484-8de3-a2058d1920a9%22:%91%22bottom_divider_color%22%93}&#8220;][et_pb_row _builder_version=&#8220;4.27.3&#8243; _module_preset=&#8220;default&#8220; custom_padding=&#8220;0px||35px||false|false&#8220; global_colors_info=&#8220;{}&#8220;][et_pb_column type=&#8220;4_4&#8243; _builder_version=&#8220;4.17.3&#8243; _module_preset=&#8220;default&#8220; custom_padding=&#8220;25px||||false|false&#8220; global_colors_info=&#8220;{}&#8220;][et_pb_text _builder_version=&#8220;4.27.5&#8243; _module_preset=&#8220;default&#8220; text_font=&#8220;||||||||&#8220; text_line_height=&#8220;1.8em&#8220; hover_enabled=&#8220;0&#8243; global_colors_info=&#8220;{}&#8220; sticky_enabled=&#8220;0&#8243;]<\/p>\n<p>Esbjerg Camping ist perfekt f\u00fcr Dauercamping, egal welche Jahreszeit Sie w\u00e4hlen.<\/p>\n<p>Mit einem Saisonplatz k\u00f6nnen Sie alle Einrichtungen des Campingplatzes und die einzigartige und sch\u00f6ne Natur des Wattenmeeres genie\u00dfen.<\/p>\n<p>Der Wohnwagen ist immer einsatzbereit und l\u00e4sst viel Zeit f\u00fcr Aktivit\u00e4ten wie Radfahren, Wandern und den Besuch verschiedener Attraktionen in der Umgebung. Au\u00dferdem bietet der Campingplatz lustige und spannende Aktivit\u00e4ten f\u00fcr Kinder und Erwachsene an, darunter Musikabende, Stockbrotbacken und Zugfahrten mit &#8222;Futte&#8220;. Kommen Sie und genie\u00dfen Sie alles, was Esbjerg Camping zu bieten hat<\/p>\n<p>[\/et_pb_text][\/et_pb_column][\/et_pb_row][et_pb_row _builder_version=&#8220;4.27.4&#8243; _module_preset=&#8220;default&#8220; custom_margin=&#8220;||40px||false|false&#8220; custom_margin_tablet=&#8220;||40px||false|false&#8220; custom_margin_phone=&#8220;||40px||false|false&#8220; custom_margin_last_edited=&#8220;on|desktop&#8220; global_colors_info=&#8220;{}&#8220;][et_pb_column type=&#8220;4_4&#8243; _builder_version=&#8220;4.27.3&#8243; _module_preset=&#8220;default&#8220; global_colors_info=&#8220;{}&#8220;][difi_pricing_slider first_feature_label=&#8220;Periode&#8220; second_feature_label=&#8220;Ekstra Person&#8220; third_feature_label=&#8220;Enkelkind&#8220; fourth_feature_label=&#8220;Hund&#8220; order_button_text=&#8220;Book nu&#8220; accent_color=&#8220;gcid-7ce7b00a-a0f7-4559-8af2-0adef5afd391&#8243; _builder_version=&#8220;4.27.5&#8243; _module_preset=&#8220;default&#8220; hover_enabled=&#8220;0&#8243; custom_css_main_element=&#8220;.flex.items-center.justify-center.slider-btns {||background-color: #e30613;||color: White;||  ||}&#8220; box_shadow_style=&#8220;preset1&#8243; global_colors_info=&#8220;{%22gcid-7ce7b00a-a0f7-4559-8af2-0adef5afd391%22:%91%22accent_color%22%93}&#8220; sticky_enabled=&#8220;0&#8243;][difi_pricing_slider_child title=&#8220;Saison 2026&#8243; price=&#8220;14.500,-&#8220; first_feature=&#8220;20. M\u00e4rz &#8211; 27. September&#8220; second_feature=&#8220;1.000,-  &#8220; third_feature=&#8220;1.400,-  &#8220; fourth_feature=&#8220;500,-&#8220; button_url=&#8220;https:\/\/esbjerg.onlinebooking.camp\/esbjergcamping?lang=da&#8220; button_url_new_window=&#8220;1&#8243; _builder_version=&#8220;4.27.5&#8243; _module_preset=&#8220;default&#8220; hover_enabled=&#8220;0&#8243; global_colors_info=&#8220;{}&#8220; sticky_enabled=&#8220;0&#8243;][\/difi_pricing_slider_child][difi_pricing_slider_child title=&#8220;Fr\u00fchling 2026&#8243; price=&#8220;6.200,-&#8220; first_feature=&#8220;21. M\u00e4rz &#8211;  29. Juni&#8220; second_feature=&#8220;1.000,-&#8220; third_feature=&#8220;1.400,-&#8220; fourth_feature=&#8220;250,-&#8220; button_url=&#8220;https:\/\/esbjerg.onlinebooking.camp\/esbjergcamping?lang=da&#8220; button_url_new_window=&#8220;1&#8243; _builder_version=&#8220;4.27.5&#8243; _module_preset=&#8220;default&#8220; hover_enabled=&#8220;0&#8243; global_colors_info=&#8220;{}&#8220; sticky_enabled=&#8220;0&#8243;][\/difi_pricing_slider_child][difi_pricing_slider_child title=&#8220;Winter 2025\/26&#8243; price=&#8220;3.500,-&#8220; first_feature=&#8220;3. Oktober &#8211; 8. M\u00e4rz 2026&#8243; second_feature=&#8220;1000,-&#8220; third_feature=&#8220;1.400,-&#8220; fourth_feature=&#8220;250,-&#8220; button_url=&#8220;https:\/\/esbjerg.onlinebooking.camp\/esbjergcamping?lang=da&#8220; button_url_new_window=&#8220;1&#8243; _builder_version=&#8220;4.27.4&#8243; _module_preset=&#8220;default&#8220; global_colors_info=&#8220;{}&#8220;][\/difi_pricing_slider_child][\/difi_pricing_slider][\/et_pb_column][\/et_pb_row][\/et_pb_section][et_pb_section fb_built=&#8220;1&#8243; _builder_version=&#8220;4.27.3&#8243; _module_preset=&#8220;default&#8220; top_divider_style=&#8220;curve&#8220; top_divider_color=&#8220;gcid-64bcecb8-1e08-4484-8de3-a2058d1920a9&#8243; top_divider_flip=&#8220;vertical&#8220; global_colors_info=&#8220;{%22gcid-64bcecb8-1e08-4484-8de3-a2058d1920a9%22:%91%22top_divider_color%22%93}&#8220;][et_pb_row column_structure=&#8220;1_2,1_2&#8243; _builder_version=&#8220;4.27.3&#8243; _module_preset=&#8220;default&#8220; global_colors_info=&#8220;{}&#8220;][et_pb_column type=&#8220;1_2&#8243; _builder_version=&#8220;4.27.3&#8243; _module_preset=&#8220;default&#8220; global_colors_info=&#8220;{}&#8220;][et_pb_image src=&#8220;https:\/\/esbjergcamping.dk\/wp-content\/uploads\/2025\/03\/drone-pool-scaled-e1608553987234-1980&#215;1321-1.jpg&#8220; title_text=&#8220;drone-pool-scaled-e1608553987234-1980&#215;1321 (1)&#8220; _builder_version=&#8220;4.27.4&#8243; _module_preset=&#8220;default&#8220; global_colors_info=&#8220;{}&#8220;][\/et_pb_image][\/et_pb_column][et_pb_column type=&#8220;1_2&#8243; _builder_version=&#8220;4.27.3&#8243; _module_preset=&#8220;default&#8220; global_colors_info=&#8220;{}&#8220;][et_pb_heading title=&#8220;Entspannen Sie sich mit Ihrer Familie am Pool&#8220; _builder_version=&#8220;4.27.4&#8243; _module_preset=&#8220;default&#8220; title_level=&#8220;h4&#8243; title_text_align=&#8220;left&#8220; global_colors_info=&#8220;{}&#8220;][\/et_pb_heading][et_pb_text _builder_version=&#8220;4.27.4&#8243; _module_preset=&#8220;default&#8220; global_colors_info=&#8220;{}&#8220;]<\/p>\n<p>Der Campingplatz verf\u00fcgt \u00fcber einen sch\u00f6nen Pool, der von Christi Himmelfahrt bis Mitte August ge\u00f6ffnet ist. Von Christi Himmelfahrt bis Mitte August k\u00f6nnen Sie den Pool als Dauerbewohner kostenlos nutzen. Der Pool ist der ideale Ort f\u00fcr Kinder und Erwachsene, um die Sonne zu genie\u00dfen und im beheizten Wasser zu schwimmen.  <\/p>\n<p>Der Pool wurde speziell f\u00fcr Kinder konzipiert. Es gibt ein separates Kinderbecken, in dem die Kleinen in einer sicheren Umgebung planschen k\u00f6nnen. F\u00fcr die Erwachsenen gibt es ein gr\u00f6\u00dferes Becken, das Platz f\u00fcr mehr Armbewegungen bietet. <\/p>\n<p>Im Poolbereich gibt es Liegest\u00fchle, auf denen Sie die warmen Sonnenstrahlen genie\u00dfen und einfach nur entspannen k\u00f6nnen.<\/p>\n<p>[\/et_pb_text][\/et_pb_column][\/et_pb_row][et_pb_row column_structure=&#8220;1_2,1_2&#8243; _builder_version=&#8220;4.27.3&#8243; _module_preset=&#8220;default&#8220; custom_padding=&#8220;37px|||||&#8220; global_colors_info=&#8220;{}&#8220;][et_pb_column type=&#8220;1_2&#8243; _builder_version=&#8220;4.27.3&#8243; _module_preset=&#8220;default&#8220; global_colors_info=&#8220;{}&#8220;][et_pb_heading title=&#8220;Genie\u00dfen Sie die Natur rund um Esbjerg&#8220; _builder_version=&#8220;4.27.4&#8243; _module_preset=&#8220;default&#8220; title_level=&#8220;h4&#8243; global_colors_info=&#8220;{}&#8220;][\/et_pb_heading][et_pb_text _builder_version=&#8220;4.27.4&#8243; _module_preset=&#8220;default&#8220; global_colors_info=&#8220;{}&#8220;]<\/p>\n<p>Esbjerg Camping ist wundersch\u00f6n gelegen in der N\u00e4he des Wattenmeeres und des Nationalparks Wattenmeer, einem einzigartigen und wundersch\u00f6nen Naturgebiet. Mit einer kurzen Entfernung zum Strand und der atemberaubenden Landschaft rund um das Wattenmeer ist der Campingplatz der ideale Ausgangspunkt, um die Natur zu erkunden. <\/p>\n<p>Der Wattenmeer-Nationalpark ist eines der gr\u00f6\u00dften und einzigartigsten Naturgebiete D\u00e4nemarks und geh\u00f6rt zum UNESCO-Weltnaturerbe. Hier k\u00f6nnen Sie eine einzigartige Tierwelt, wundersch\u00f6ne Landschaften und nicht zuletzt die charakteristischen Gezeiten und das Wattenmeer erleben, die das Gebiet pr\u00e4gen. <\/p>\n<p>[\/et_pb_text][\/et_pb_column][et_pb_column type=&#8220;1_2&#8243; _builder_version=&#8220;4.27.3&#8243; _module_preset=&#8220;default&#8220; global_colors_info=&#8220;{}&#8220;][et_pb_image src=&#8220;https:\/\/esbjergcamping.dk\/wp-content\/uploads\/2025\/03\/DJI_0923-1.jpg&#8220; title_text=&#8220;DJI_0923 (1)&#8220; _builder_version=&#8220;4.27.4&#8243; _module_preset=&#8220;default&#8220; locked=&#8220;off&#8220; global_colors_info=&#8220;{}&#8220;][\/et_pb_image][\/et_pb_column][\/et_pb_row][et_pb_row column_structure=&#8220;1_2,1_2&#8243; _builder_version=&#8220;4.27.3&#8243; _module_preset=&#8220;default&#8220; global_colors_info=&#8220;{}&#8220;][et_pb_column type=&#8220;1_2&#8243; _builder_version=&#8220;4.27.3&#8243; _module_preset=&#8220;default&#8220; global_colors_info=&#8220;{}&#8220;][et_pb_image src=&#8220;https:\/\/esbjergcamping.dk\/wp-content\/uploads\/2025\/03\/DSC_0167.jpg&#8220; title_text=&#8220;DSC_0167&#8243; disabled_on=&#8220;on|on|off&#8220; _builder_version=&#8220;4.27.4&#8243; _module_preset=&#8220;default&#8220; global_colors_info=&#8220;{}&#8220;][\/et_pb_image][\/et_pb_column][et_pb_column type=&#8220;1_2&#8243; _builder_version=&#8220;4.27.3&#8243; _module_preset=&#8220;default&#8220; global_colors_info=&#8220;{}&#8220;][et_pb_heading title=&#8220;Spa\u00df und spannende Aktivit\u00e4ten&#8220; _builder_version=&#8220;4.27.4&#8243; _module_preset=&#8220;default&#8220; title_level=&#8220;h4&#8243; title_text_align=&#8220;left&#8220; global_colors_info=&#8220;{}&#8220;][\/et_pb_heading][et_pb_text _builder_version=&#8220;4.27.4&#8243; _module_preset=&#8220;default&#8220; global_colors_info=&#8220;{}&#8220;]<\/p>\n<p>Die Kinder k\u00f6nnen in dem gro\u00dfen Spielbereich spielen, der mit lustigen Spielger\u00e4ten wie einer Kletterwand, einer H\u00fcpfburg, einer Skate-Rampe, Schaukeln, einem Sandkasten und einem Drahtseil ausgestattet ist.<\/p>\n<p>Au\u00dferdem gibt es Tischtennis und Stocktennis, wo Sie die Familie zu einem Spiel herausfordern k\u00f6nnen, sowie Streicheltiere, die bei j\u00fcngeren Kindern sehr beliebt sind.<\/p>\n<p>In den Ferien gibt es ein Aktivit\u00e4tsprogramm, bei dem die Kinder die M\u00f6glichkeit haben, viele verschiedene Aktivit\u00e4ten auszuprobieren, wie z.B. Brotbacken, Kreativit\u00e4tsworkshops, Mini-Disko und Fu\u00dfballturniere. Au\u00dferdem f\u00e4hrt der Futte-Zug jedes Wochenende und an Feiertagen sowie t\u00e4glich in den Ferien \u00fcber den Campingplatz, so dass Sie eine kleine Zugfahrt rund um den Campingplatz machen k\u00f6nnen. <\/p>\n<p>Esbjerg Camping ist ein Eldorado f\u00fcr die ganze Familie. Sehen Sie <a href=\"https:\/\/esbjergcamping.dk\/de\/das-quadrat\/aktivitaetskalender\/\">hier<\/a> unseren Aktivit\u00e4tsplan oder finden Sie uns in der Go Visit App. <\/p>\n<p>[\/et_pb_text][\/et_pb_column][\/et_pb_row][\/et_pb_section][et_pb_section fb_built=&#8220;1&#8243; _builder_version=&#8220;4.27.3&#8243; _module_preset=&#8220;default&#8220; background_color=&#8220;gcid-d70a5a6a-d90d-43f0-b48d-3d8f33a6130e&#8220; global_colors_info=&#8220;{%22gcid-d70a5a6a-d90d-43f0-b48d-3d8f33a6130e%22:%91%22background_color%22%93}&#8220;][et_pb_row _builder_version=&#8220;4.27.3&#8243; _module_preset=&#8220;default&#8220; global_colors_info=&#8220;{}&#8220;][et_pb_column type=&#8220;4_4&#8243; _builder_version=&#8220;4.27.3&#8243; _module_preset=&#8220;default&#8220; global_colors_info=&#8220;{}&#8220;][et_pb_text _builder_version=&#8220;4.27.4&#8243; _module_preset=&#8220;default&#8220; global_colors_info=&#8220;{}&#8220;]<\/p>\n<h4>Das Kleingedruckte<\/h4>\n<p>Im Preis inbegriffen sind eine namentlich genannte Familie mit Kindern unter 18 Jahren, die zu Hause wohnen, und eine G\u00e4stekarte f\u00fcr Tagesg\u00e4ste ohne \u00dcbernachtung, die jedoch keinen Zugang zum Pool bietet.<\/p>\n<p>Der Stellplatz kann haupts\u00e4chlich an Wochenenden, Feiertagen und Ferien und nat\u00fcrlich f\u00fcr Kurzaufenthalte unter der Woche genutzt werden, aber NICHT f\u00fcr Daueraufenthalte.<\/p>\n<p>F\u00fcr eine zus\u00e4tzliche Person, f\u00fcgen Sie 1000,- pro Person pro Saison (gilt nicht f\u00fcr zus\u00e4tzliche Familie) f\u00fcr Enkelkinder (max 2 unter 12 Jahren) 1400,-<\/p>\n<p>[\/et_pb_text][\/et_pb_column][\/et_pb_row][\/et_pb_section]<\/p>\n","protected":false},"excerpt":{"rendered":"<p>Dauercampingplatz auf Esbjerg CampingEsbjerg Camping ist perfekt f\u00fcr Dauercamping, egal welche Jahreszeit Sie w\u00e4hlen. Mit einem Saisonplatz k\u00f6nnen Sie alle Einrichtungen des Campingplatzes und die einzigartige und sch\u00f6ne Natur des Wattenmeeres genie\u00dfen. Der Wohnwagen ist immer einsatzbereit und l\u00e4sst viel Zeit f\u00fcr Aktivit\u00e4ten wie Radfahren, Wandern und den Besuch verschiedener Attraktionen in der Umgebung. Au\u00dferdem [&hellip;]<\/p>\n","protected":false},"author":1,"featured_media":0,"parent":102073,"menu_order":0,"comment_status":"closed","ping_status":"closed","template":"","meta":{"_et_pb_use_builder":"on","_et_pb_old_content":"","_et_gb_content_width":"","footnotes":""},"folder":[],"class_list":["post-101959","page","type-page","status-publish","hentry"],"yoast_head":"<!-- This site is optimized with the Yoast SEO plugin v27.4 - https:\/\/yoast.com\/product\/yoast-seo-wordpress\/ -->\n<title>Dauerstellplatz in Esbjerg | Werden Sie Dauercamper in Westj\u00fctland<\/title>\n<meta name=\"description\" content=\"Holen Sie sich Ihren eigenen Dauercampingplatz auf Esbjerg Camping - in der N\u00e4he des Wattenmeeres und des Stadtlebens. Werden Sie ein Dauercamper und genie\u00dfen Sie die ganze Saison \u00fcber Freiheit, Gemeinschaft und Natur in Westj\u00fctland.\" \/>\n<meta name=\"robots\" content=\"index, follow, max-snippet:-1, max-image-preview:large, max-video-preview:-1\" \/>\n<link rel=\"canonical\" href=\"https:\/\/esbjergcamping.dk\/de\/camping-caravaning\/festes-bett\/\" \/>\n<meta property=\"og:locale\" content=\"de_DE\" \/>\n<meta property=\"og:type\" content=\"article\" \/>\n<meta property=\"og:title\" content=\"Dauerstellplatz in Esbjerg | Werden Sie Dauercamper in Westj\u00fctland\" \/>\n<meta property=\"og:description\" content=\"Holen Sie sich Ihren eigenen Dauercampingplatz auf Esbjerg Camping - in der N\u00e4he des Wattenmeeres und des Stadtlebens. Werden Sie ein Dauercamper und genie\u00dfen Sie die ganze Saison \u00fcber Freiheit, Gemeinschaft und Natur in Westj\u00fctland.\" \/>\n<meta property=\"og:url\" content=\"https:\/\/esbjergcamping.dk\/de\/camping-caravaning\/festes-bett\/\" \/>\n<meta property=\"og:site_name\" content=\"Esbjerg Camping\" \/>\n<meta property=\"article:modified_time\" content=\"2026-04-23T13:07:23+00:00\" \/>\n<meta name=\"twitter:card\" content=\"summary_large_image\" \/>\n<meta name=\"twitter:label1\" content=\"Gesch\u00e4tzte Lesezeit\" \/>\n\t<meta name=\"twitter:data1\" content=\"9\u00a0Minuten\" \/>\n<script type=\"application\/ld+json\" class=\"yoast-schema-graph\">{\"@context\":\"https:\\\/\\\/schema.org\",\"@graph\":[{\"@type\":\"WebPage\",\"@id\":\"https:\\\/\\\/esbjergcamping.dk\\\/de\\\/camping-caravaning\\\/festes-bett\\\/\",\"url\":\"https:\\\/\\\/esbjergcamping.dk\\\/de\\\/camping-caravaning\\\/festes-bett\\\/\",\"name\":\"Dauerstellplatz in Esbjerg | Werden Sie Dauercamper in Westj\u00fctland\",\"isPartOf\":{\"@id\":\"https:\\\/\\\/esbjergcamping.dk\\\/de\\\/#website\"},\"datePublished\":\"2024-11-17T13:40:03+00:00\",\"dateModified\":\"2026-04-23T13:07:23+00:00\",\"description\":\"Holen Sie sich Ihren eigenen Dauercampingplatz auf Esbjerg Camping - in der N\u00e4he des Wattenmeeres und des Stadtlebens. Werden Sie ein Dauercamper und genie\u00dfen Sie die ganze Saison \u00fcber Freiheit, Gemeinschaft und Natur in Westj\u00fctland.\",\"breadcrumb\":{\"@id\":\"https:\\\/\\\/esbjergcamping.dk\\\/de\\\/camping-caravaning\\\/festes-bett\\\/#breadcrumb\"},\"inLanguage\":\"de\",\"potentialAction\":[{\"@type\":\"ReadAction\",\"target\":[\"https:\\\/\\\/esbjergcamping.dk\\\/de\\\/camping-caravaning\\\/festes-bett\\\/\"]}]},{\"@type\":\"BreadcrumbList\",\"@id\":\"https:\\\/\\\/esbjergcamping.dk\\\/de\\\/camping-caravaning\\\/festes-bett\\\/#breadcrumb\",\"itemListElement\":[{\"@type\":\"ListItem\",\"position\":1,\"name\":\"Home\",\"item\":\"https:\\\/\\\/esbjergcamping.dk\\\/de\\\/\"},{\"@type\":\"ListItem\",\"position\":2,\"name\":\"Camping &amp; Caravaning\",\"item\":\"https:\\\/\\\/esbjergcamping.dk\\\/de\\\/camping-caravaning\\\/\"},{\"@type\":\"ListItem\",\"position\":3,\"name\":\"Festes Bett\"}]},{\"@type\":\"WebSite\",\"@id\":\"https:\\\/\\\/esbjergcamping.dk\\\/de\\\/#website\",\"url\":\"https:\\\/\\\/esbjergcamping.dk\\\/de\\\/\",\"name\":\"Esbjerg Camping\",\"description\":\"Din n\u00e6ste campingferie\",\"potentialAction\":[{\"@type\":\"SearchAction\",\"target\":{\"@type\":\"EntryPoint\",\"urlTemplate\":\"https:\\\/\\\/esbjergcamping.dk\\\/de\\\/?s={search_term_string}\"},\"query-input\":{\"@type\":\"PropertyValueSpecification\",\"valueRequired\":true,\"valueName\":\"search_term_string\"}}],\"inLanguage\":\"de\"}]}<\/script>\n<!-- \/ Yoast SEO plugin. -->","yoast_head_json":{"title":"Dauerstellplatz in Esbjerg | Werden Sie Dauercamper in Westj\u00fctland","description":"Holen Sie sich Ihren eigenen Dauercampingplatz auf Esbjerg Camping - in der N\u00e4he des Wattenmeeres und des Stadtlebens. Werden Sie ein Dauercamper und genie\u00dfen Sie die ganze Saison \u00fcber Freiheit, Gemeinschaft und Natur in Westj\u00fctland.","robots":{"index":"index","follow":"follow","max-snippet":"max-snippet:-1","max-image-preview":"max-image-preview:large","max-video-preview":"max-video-preview:-1"},"canonical":"https:\/\/esbjergcamping.dk\/de\/camping-caravaning\/festes-bett\/","og_locale":"de_DE","og_type":"article","og_title":"Dauerstellplatz in Esbjerg | Werden Sie Dauercamper in Westj\u00fctland","og_description":"Holen Sie sich Ihren eigenen Dauercampingplatz auf Esbjerg Camping - in der N\u00e4he des Wattenmeeres und des Stadtlebens. Werden Sie ein Dauercamper und genie\u00dfen Sie die ganze Saison \u00fcber Freiheit, Gemeinschaft und Natur in Westj\u00fctland.","og_url":"https:\/\/esbjergcamping.dk\/de\/camping-caravaning\/festes-bett\/","og_site_name":"Esbjerg Camping","article_modified_time":"2026-04-23T13:07:23+00:00","twitter_card":"summary_large_image","twitter_misc":{"Gesch\u00e4tzte Lesezeit":"9\u00a0Minuten"},"schema":{"@context":"https:\/\/schema.org","@graph":[{"@type":"WebPage","@id":"https:\/\/esbjergcamping.dk\/de\/camping-caravaning\/festes-bett\/","url":"https:\/\/esbjergcamping.dk\/de\/camping-caravaning\/festes-bett\/","name":"Dauerstellplatz in Esbjerg | Werden Sie Dauercamper in Westj\u00fctland","isPartOf":{"@id":"https:\/\/esbjergcamping.dk\/de\/#website"},"datePublished":"2024-11-17T13:40:03+00:00","dateModified":"2026-04-23T13:07:23+00:00","description":"Holen Sie sich Ihren eigenen Dauercampingplatz auf Esbjerg Camping - in der N\u00e4he des Wattenmeeres und des Stadtlebens. Werden Sie ein Dauercamper und genie\u00dfen Sie die ganze Saison \u00fcber Freiheit, Gemeinschaft und Natur in Westj\u00fctland.","breadcrumb":{"@id":"https:\/\/esbjergcamping.dk\/de\/camping-caravaning\/festes-bett\/#breadcrumb"},"inLanguage":"de","potentialAction":[{"@type":"ReadAction","target":["https:\/\/esbjergcamping.dk\/de\/camping-caravaning\/festes-bett\/"]}]},{"@type":"BreadcrumbList","@id":"https:\/\/esbjergcamping.dk\/de\/camping-caravaning\/festes-bett\/#breadcrumb","itemListElement":[{"@type":"ListItem","position":1,"name":"Home","item":"https:\/\/esbjergcamping.dk\/de\/"},{"@type":"ListItem","position":2,"name":"Camping &amp; Caravaning","item":"https:\/\/esbjergcamping.dk\/de\/camping-caravaning\/"},{"@type":"ListItem","position":3,"name":"Festes Bett"}]},{"@type":"WebSite","@id":"https:\/\/esbjergcamping.dk\/de\/#website","url":"https:\/\/esbjergcamping.dk\/de\/","name":"Esbjerg Camping","description":"Din n\u00e6ste campingferie","potentialAction":[{"@type":"SearchAction","target":{"@type":"EntryPoint","urlTemplate":"https:\/\/esbjergcamping.dk\/de\/?s={search_term_string}"},"query-input":{"@type":"PropertyValueSpecification","valueRequired":true,"valueName":"search_term_string"}}],"inLanguage":"de"}]}},"_links":{"self":[{"href":"https:\/\/esbjergcamping.dk\/de\/wp-json\/wp\/v2\/pages\/101959","targetHints":{"allow":["GET"]}}],"collection":[{"href":"https:\/\/esbjergcamping.dk\/de\/wp-json\/wp\/v2\/pages"}],"about":[{"href":"https:\/\/esbjergcamping.dk\/de\/wp-json\/wp\/v2\/types\/page"}],"author":[{"embeddable":true,"href":"https:\/\/esbjergcamping.dk\/de\/wp-json\/wp\/v2\/users\/1"}],"replies":[{"embeddable":true,"href":"https:\/\/esbjergcamping.dk\/de\/wp-json\/wp\/v2\/comments?post=101959"}],"version-history":[{"count":7,"href":"https:\/\/esbjergcamping.dk\/de\/wp-json\/wp\/v2\/pages\/101959\/revisions"}],"predecessor-version":[{"id":103872,"href":"https:\/\/esbjergcamping.dk\/de\/wp-json\/wp\/v2\/pages\/101959\/revisions\/103872"}],"up":[{"embeddable":true,"href":"https:\/\/esbjergcamping.dk\/de\/wp-json\/wp\/v2\/pages\/102073"}],"wp:attachment":[{"href":"https:\/\/esbjergcamping.dk\/de\/wp-json\/wp\/v2\/media?parent=101959"}],"wp:term":[{"taxonomy":"folder","embeddable":true,"href":"https:\/\/esbjergcamping.dk\/de\/wp-json\/wp\/v2\/folder?post=101959"}],"curies":[{"name":"wp","href":"https:\/\/api.w.org\/{rel}","templated":true}]}}