{"id":101964,"date":"2024-11-17T14:35:33","date_gmt":"2024-11-17T13:35:33","guid":{"rendered":"https:\/\/esbjergcamping.dk\/campbendixen\/"},"modified":"2025-04-07T08:58:23","modified_gmt":"2025-04-07T07:58:23","slug":"campbendixen","status":"publish","type":"page","link":"https:\/\/esbjergcamping.dk\/de\/campbendixen\/","title":{"rendered":"CampBendixen"},"content":{"rendered":"<p>[et_pb_section fb_built=&#8220;1&#8243; _builder_version=&#8220;4.27.4&#8243; _module_preset=&#8220;default&#8220; use_background_color_gradient=&#8220;on&#8220; background_color_gradient_direction=&#8220;45deg&#8220; background_color_gradient_stops=&#8220;rgba(0,0,0,0.6) 0%|rgba(0,0,0,0.6) 100%&#8220; background_color_gradient_overlays_image=&#8220;on&#8220; background_image=&#8220;https:\/\/esbjergcamping.dk\/wp-content\/uploads\/2025\/02\/Esbjerg-Camping_logo-1.jpg&#8220; hover_enabled=&#8220;0&#8243; global_colors_info=&#8220;{}&#8220; height_last_edited=&#8220;on|phone&#8220; height=&#8220;400px&#8220; sticky_enabled=&#8220;0&#8243; height_tablet=&#8220;350px&#8220; height_phone=&#8220;350px&#8220;][et_pb_row _builder_version=&#8220;4.17.3&#8243; _module_preset=&#8220;default&#8220; custom_padding=&#8220;||0px||false|false&#8220; global_colors_info=&#8220;{}&#8220;][et_pb_column type=&#8220;4_4&#8243; _builder_version=&#8220;4.17.3&#8243; _module_preset=&#8220;default&#8220; global_colors_info=&#8220;{}&#8220;][et_pb_text _builder_version=&#8220;4.27.4&#8243; _module_preset=&#8220;default&#8220; header_font=&#8220;||||||||&#8220; header_text_color=&#8220;#FFFFFF&#8220; header_2_text_color=&#8220;#FFFFFF&#8220; custom_margin=&#8220;||0px||false|false&#8220; border_color_all=&#8220;gcid-7ce7b00a-a0f7-4559-8af2-0adef5afd391&#8243; global_colors_info=&#8220;{%22gcid-7ce7b00a-a0f7-4559-8af2-0adef5afd391%22:%91%22border_color_all%22%93}&#8220;]<\/p>\n<h1>Teil von Camp Bendixen<\/h1>\n<p>[\/et_pb_text][\/et_pb_column][\/et_pb_row][et_pb_row _builder_version=&#8220;4.17.3&#8243; _module_preset=&#8220;default&#8220; custom_padding=&#8220;0px||||false|false&#8220; global_colors_info=&#8220;{}&#8220;][et_pb_column type=&#8220;4_4&#8243; _builder_version=&#8220;4.17.3&#8243; _module_preset=&#8220;default&#8220; global_colors_info=&#8220;{}&#8220;][et_pb_divider color=&#8220;gcid-7ce7b00a-a0f7-4559-8af2-0adef5afd391&#8243; _builder_version=&#8220;4.17.3&#8243; _module_preset=&#8220;default&#8220; height=&#8220;0px&#8220; custom_margin=&#8220;||0px||false|false&#8220; custom_padding=&#8220;||||false|false&#8220; global_colors_info=&#8220;{%22gcid-7ce7b00a-a0f7-4559-8af2-0adef5afd391%22:%91%22border_color_right%22,%22color%22%93}&#8220;][\/et_pb_divider][et_pb_divider show_divider=&#8220;off&#8220; admin_label=&#8220;Point right bottom&#8220; module_class=&#8220;dot-right-bottom sub-page-dot&#8220; _builder_version=&#8220;4.17.3&#8243; _module_preset=&#8220;default&#8220; height=&#8220;25px&#8220; border_width_right=&#8220;1px&#8220; border_color_right=&#8220;gcid-7ce7b00a-a0f7-4559-8af2-0adef5afd391&#8243; global_colors_info=&#8220;{%22gcid-7ce7b00a-a0f7-4559-8af2-0adef5afd391%22:%91%22border_color_right%22%93}&#8220;][\/et_pb_divider][\/et_pb_column][\/et_pb_row][\/et_pb_section][et_pb_section fb_built=&#8220;1&#8243; _builder_version=&#8220;4.27.3&#8243; _module_preset=&#8220;default&#8220; background_image=&#8220;https:\/\/esbjergcamping.dk\/wp-content\/uploads\/2024\/10\/corner-dots-left-top.png&#8220; background_size=&#8220;initial&#8220; background_position=&#8220;top_left&#8220; background_last_edited=&#8220;on|tablet&#8220; background_enable_image_tablet=&#8220;off&#8220; global_colors_info=&#8220;{}&#8220;][et_pb_row _builder_version=&#8220;4.27.3&#8243; _module_preset=&#8220;default&#8220; custom_padding=&#8220;50px||35px||false|false&#8220; global_colors_info=&#8220;{}&#8220;][et_pb_column type=&#8220;4_4&#8243; _builder_version=&#8220;4.17.3&#8243; _module_preset=&#8220;default&#8220; custom_padding=&#8220;25px||||false|false&#8220; global_colors_info=&#8220;{}&#8220;][et_pb_text _builder_version=&#8220;4.27.4&#8243; _module_preset=&#8220;default&#8220; text_font=&#8220;||||||||&#8220; text_line_height=&#8220;1.8em&#8220; text_orientation=&#8220;center&#8220; global_colors_info=&#8220;{}&#8220;]<\/p>\n<p>F\u00fcr uns ist Camping nicht nur eine \u00dcbernachtung, sondern eine Gelegenheit, pr\u00e4sent zu sein, sich Zeit zu nehmen, mit unseren G\u00e4sten zu sprechen und bleibende Erfahrungen zu schaffen. CampBendixen ist ein Ausdruck unseres tiefen Engagements und der Gemeinschaft, die wir auf unseren Campingpl\u00e4tzen st\u00e4rken wollen. Es ist der Name, der Esbjerg Camping, Ebeltoft Strand Camping und Mols Bjerge Camping vereint und unsere Werte Qualit\u00e4t, N\u00e4he und Authentizit\u00e4t deutlich widerspiegelt.  <\/p>\n<p>[\/et_pb_text][\/et_pb_column][\/et_pb_row][et_pb_row column_structure=&#8220;1_2,1_2&#8243; _builder_version=&#8220;4.17.3&#8243; _module_preset=&#8220;default&#8220; custom_padding=&#8220;50px||35px||false|false&#8220; global_colors_info=&#8220;{}&#8220;][et_pb_column type=&#8220;1_2&#8243; _builder_version=&#8220;4.17.3&#8243; _module_preset=&#8220;default&#8220; custom_padding=&#8220;25px||||false|false&#8220; global_colors_info=&#8220;{}&#8220;][et_pb_text _builder_version=&#8220;4.27.4&#8243; _module_preset=&#8220;default&#8220; global_colors_info=&#8220;{}&#8220;]<\/p>\n<h2>Anja und Allan &#8211; Leidenschaft f\u00fcr Camping<\/h2>\n<p>[\/et_pb_text][et_pb_text _builder_version=&#8220;4.27.4&#8243; _module_preset=&#8220;default&#8220; text_font=&#8220;||||||||&#8220; text_line_height=&#8220;1.8em&#8220; global_colors_info=&#8220;{}&#8220;]<\/p>\n<div>Anja und Allan sind ein Paar im besten Alter, mit drei erwachsenen T\u00f6chtern und zwei reizenden Enkelkindern, die das Familienleben schon immer genossen haben &#8211; und den gemeinsamen Traum, einen eigenen Campingplatz zu betreiben.<\/div>\n<div class=\"yiv0144630192x_yiv7200898002x_yiv3784213557elementToProof\">Dieser Traum wurde 2018 Wirklichkeit, als sie die Pacht des Camping &amp; Familienpark West in Hee \u00fcbernahmen. Hier entdeckten sie ihre Leidenschaft f\u00fcr Camping und den pers\u00f6nlichen Service, der f\u00fcr die G\u00e4ste den Unterschied ausmacht. <\/div>\n<div class=\"yiv0144630192x_yiv7200898002x_yiv3784213557elementToProof\">Als sich die Gelegenheit ergab, das Managerehepaar von Esbjerg Camping zu werden, haben sie nicht gez\u00f6gert &#8211; sie sahen eine einzigartige Chance, den Platz weiterzuentwickeln und noch mehr fantastische Erlebnisse f\u00fcr Camper zu schaffen.<\/div>\n<div><\/div>\n<div>F\u00fcr Anja und Allan ist Camping viel mehr als nur eine Unterkunft &#8211; es ist ein Lebensstil. Sie sind leidenschaftlich bem\u00fcht, ihren G\u00e4sten das beste Erlebnis zu bieten, bei dem guter Service, eine gem\u00fctliche Atmosph\u00e4re und Pr\u00e4senz im Mittelpunkt stehen. Ihre gr\u00f6\u00dfte Motivation ist es, gl\u00fcckliche Camper zu sehen, die Jahr f\u00fcr Jahr wiederkommen.  <\/div>\n<div>Sie freuen sich darauf, G\u00e4ste zu empfangen und ihnen zu zeigen, was Esbjerg ausmacht &#8211; eine Stadt und eine Gegend voller versteckter Juwelen, wundersch\u00f6ner Natur und spannender Erlebnisse f\u00fcr die ganze Familie.<\/div>\n<div>Gemeinsam mit Lars und Rikke arbeiten sie zielstrebig daran, Esbjerg Camping weiterzuentwickeln und den besten Rahmen f\u00fcr die G\u00e4ste zu schaffen. Mit ihrem Engagement, ihrer Herzlichkeit und ihrer Liebe zum Detail tragen sie dazu bei, das Campingerlebnis zu etwas ganz Besonderem zu machen. <\/div>\n<p>[\/et_pb_text][\/et_pb_column][et_pb_column type=&#8220;1_2&#8243; _builder_version=&#8220;4.17.3&#8243; _module_preset=&#8220;default&#8220; global_colors_info=&#8220;{}&#8220;][et_pb_image src=&#8220;https:\/\/esbjergcamping.dk\/wp-content\/uploads\/2025\/03\/thumbnail.jpg&#8220; title_text=&#8220;Vorschaubild&#8220; _builder_version=&#8220;4.27.4&#8243; _module_preset=&#8220;default&#8220; animation_style=&#8220;slide&#8220; animation_direction=&#8220;right&#8220; animation_duration=&#8220;1500ms&#8220; animation_delay=&#8220;100ms&#8220; animation_intensity_slide=&#8220;5%&#8220; global_colors_info=&#8220;{}&#8220;][\/et_pb_image][\/et_pb_column][\/et_pb_row][\/et_pb_section][et_pb_section fb_built=&#8220;1&#8243; _builder_version=&#8220;4.27.3&#8243; _module_preset=&#8220;default&#8220; background_color=&#8220;gcid-d70a5a6a-d90d-43f0-b48d-3d8f33a6130e&#8220; global_colors_info=&#8220;{%22gcid-d70a5a6a-d90d-43f0-b48d-3d8f33a6130e%22:%91%22background_color%22%93}&#8220;][et_pb_row column_structure=&#8220;1_2,1_2&#8243; _builder_version=&#8220;4.27.3&#8243; _module_preset=&#8220;default&#8220; global_colors_info=&#8220;{}&#8220;][et_pb_column type=&#8220;1_2&#8243; _builder_version=&#8220;4.27.3&#8243; _module_preset=&#8220;default&#8220; global_colors_info=&#8220;{}&#8220;][et_pb_image src=&#8220;https:\/\/esbjergcamping.dk\/wp-content\/uploads\/2025\/03\/thumbnail-1.jpg&#8220; title_text=&#8220;Vorschaubild-1&#8243; _builder_version=&#8220;4.27.4&#8243; _module_preset=&#8220;default&#8220; global_colors_info=&#8220;{}&#8220;][\/et_pb_image][\/et_pb_column][et_pb_column type=&#8220;1_2&#8243; _builder_version=&#8220;4.27.3&#8243; _module_preset=&#8220;default&#8220; global_colors_info=&#8220;{}&#8220;][et_pb_heading title=&#8220;Unsere Liebe f\u00fcr Esbjerg Camping&#8220; _builder_version=&#8220;4.27.4&#8243; _module_preset=&#8220;default&#8220; title_level=&#8220;h4&#8243; title_text_align=&#8220;left&#8220; global_colors_info=&#8220;{}&#8220;][\/et_pb_heading][et_pb_text _builder_version=&#8220;4.27.4&#8243; _module_preset=&#8220;default&#8220; global_colors_info=&#8220;{}&#8220;]<\/p>\n<div class=\"yiv3744956037elementToProof\">Wir, Lars und Rikke, haben schon immer eine Leidenschaft f\u00fcr Camping gehabt. 2015 haben wir den Schritt gewagt und Esbjerg Camping gekauft.  <\/div>\n<div class=\"yiv3744956037elementToProof\">Damals waren wir bei DCU angestellt, aber wir tr\u00e4umten davon, unseren eigenen Platz zu haben &#8211; einen Ort, an dem wir etwas Besonderes schaffen konnten. Als wir Esbjerg Camping zum ersten Mal sahen, wussten wir, dass wir hierher geh\u00f6rten. Der Campingplatz hatte alles, wovon wir tr\u00e4umten, und wir sahen gro\u00dfes Entwicklungspotenzial.  <\/div>\n<div>Heute ist Esbjerg Camping unser geistiges Kind. Er hat sich nicht nur zu dem entwickelt, wovon wir getr\u00e4umt haben, sondern hat es uns auch erm\u00f6glicht, Teil von CampBendixen zu sein. Wir sind unglaublich stolz auf alles, was wir erreicht haben, aber wir h\u00e4tten es nicht allein schaffen k\u00f6nnen. Ohne die Unterst\u00fctzung unserer Familie, unserer Freunde und &#8211; nicht zuletzt &#8211; unserer Kinder w\u00e4re das nicht m\u00f6glich gewesen. Unsere Kinder haben Esbjerg Camping vom ersten Tag an geliebt, und obwohl wir jetzt in Ebeltoft wohnen, leben und arbeiten sie immer noch in Esbjerg, wo sie studieren und einen Vollzeitjob haben.    <\/div>\n<div class=\"yiv3744956037elementToProof\">Obwohl wir t\u00e4glich in Ebeltoft sind, sind wir mindestens einmal pro Woche vor Ort. Wir arbeiten eng mit unserem Verwalterehepaar zusammen und sind immer f\u00fcr G\u00e4ste und Mitarbeiter erreichbar.   <\/div>\n<div class=\"yiv3744956037elementToProof\">Esbjerg Camping ist f\u00fcr uns nicht nur ein Campingplatz &#8211; er ist ein Teil unseres Lebens und unserer Familie.<\/div>\n<p>[\/et_pb_text][\/et_pb_column][\/et_pb_row][\/et_pb_section]<\/p>\n","protected":false},"excerpt":{"rendered":"<p>Teil von Camp BendixenF\u00fcr uns ist Camping nicht nur eine \u00dcbernachtung, sondern eine Gelegenheit, pr\u00e4sent zu sein, sich Zeit zu nehmen, mit unseren G\u00e4sten zu sprechen und bleibende Erfahrungen zu schaffen. CampBendixen ist ein Ausdruck unseres tiefen Engagements und der Gemeinschaft, die wir auf unseren Campingpl\u00e4tzen st\u00e4rken wollen. Es ist der Name, der Esbjerg Camping, [&hellip;]<\/p>\n","protected":false},"author":1,"featured_media":0,"parent":0,"menu_order":0,"comment_status":"closed","ping_status":"closed","template":"","meta":{"_et_pb_use_builder":"on","_et_pb_old_content":"","_et_gb_content_width":"","footnotes":""},"folder":[],"class_list":["post-101964","page","type-page","status-publish","hentry"],"yoast_head":"<!-- This site is optimized with the Yoast SEO plugin v27.4 - https:\/\/yoast.com\/product\/yoast-seo-wordpress\/ -->\n<title>Camp Bendixen | Einzigartige Aufenthalte und Kurse auf Esbjerg Camping<\/title>\n<meta name=\"description\" content=\"Camp Bendixen bietet besondere Aufenthalte und Aktivit\u00e4ten mit dem Schwerpunkt auf Gemeinschaft, Entwicklung und Erlebnissen in der N\u00e4he der Natur und des Wattenmeeres.\" \/>\n<meta name=\"robots\" content=\"index, follow, max-snippet:-1, max-image-preview:large, max-video-preview:-1\" \/>\n<link rel=\"canonical\" href=\"https:\/\/esbjergcamping.dk\/de\/campbendixen\/\" \/>\n<meta property=\"og:locale\" content=\"de_DE\" \/>\n<meta property=\"og:type\" content=\"article\" \/>\n<meta property=\"og:title\" content=\"Camp Bendixen | Einzigartige Aufenthalte und Kurse auf Esbjerg Camping\" \/>\n<meta property=\"og:description\" content=\"Camp Bendixen bietet besondere Aufenthalte und Aktivit\u00e4ten mit dem Schwerpunkt auf Gemeinschaft, Entwicklung und Erlebnissen in der N\u00e4he der Natur und des Wattenmeeres.\" \/>\n<meta property=\"og:url\" content=\"https:\/\/esbjergcamping.dk\/de\/campbendixen\/\" \/>\n<meta property=\"og:site_name\" content=\"Esbjerg Camping\" \/>\n<meta property=\"article:modified_time\" content=\"2025-04-07T07:58:23+00:00\" \/>\n<meta name=\"twitter:card\" content=\"summary_large_image\" \/>\n<meta name=\"twitter:label1\" content=\"Gesch\u00e4tzte Lesezeit\" \/>\n\t<meta name=\"twitter:data1\" content=\"6\u00a0Minuten\" \/>\n<script type=\"application\/ld+json\" class=\"yoast-schema-graph\">{\"@context\":\"https:\\\/\\\/schema.org\",\"@graph\":[{\"@type\":\"WebPage\",\"@id\":\"https:\\\/\\\/esbjergcamping.dk\\\/de\\\/campbendixen\\\/\",\"url\":\"https:\\\/\\\/esbjergcamping.dk\\\/de\\\/campbendixen\\\/\",\"name\":\"Camp Bendixen | Einzigartige Aufenthalte und Kurse auf Esbjerg Camping\",\"isPartOf\":{\"@id\":\"https:\\\/\\\/esbjergcamping.dk\\\/de\\\/#website\"},\"datePublished\":\"2024-11-17T13:35:33+00:00\",\"dateModified\":\"2025-04-07T07:58:23+00:00\",\"description\":\"Camp Bendixen bietet besondere Aufenthalte und Aktivit\u00e4ten mit dem Schwerpunkt auf Gemeinschaft, Entwicklung und Erlebnissen in der N\u00e4he der Natur und des Wattenmeeres.\",\"breadcrumb\":{\"@id\":\"https:\\\/\\\/esbjergcamping.dk\\\/de\\\/campbendixen\\\/#breadcrumb\"},\"inLanguage\":\"de\",\"potentialAction\":[{\"@type\":\"ReadAction\",\"target\":[\"https:\\\/\\\/esbjergcamping.dk\\\/de\\\/campbendixen\\\/\"]}]},{\"@type\":\"BreadcrumbList\",\"@id\":\"https:\\\/\\\/esbjergcamping.dk\\\/de\\\/campbendixen\\\/#breadcrumb\",\"itemListElement\":[{\"@type\":\"ListItem\",\"position\":1,\"name\":\"Home\",\"item\":\"https:\\\/\\\/esbjergcamping.dk\\\/de\\\/\"},{\"@type\":\"ListItem\",\"position\":2,\"name\":\"CampBendixen\"}]},{\"@type\":\"WebSite\",\"@id\":\"https:\\\/\\\/esbjergcamping.dk\\\/de\\\/#website\",\"url\":\"https:\\\/\\\/esbjergcamping.dk\\\/de\\\/\",\"name\":\"Esbjerg Camping\",\"description\":\"Din n\u00e6ste campingferie\",\"potentialAction\":[{\"@type\":\"SearchAction\",\"target\":{\"@type\":\"EntryPoint\",\"urlTemplate\":\"https:\\\/\\\/esbjergcamping.dk\\\/de\\\/?s={search_term_string}\"},\"query-input\":{\"@type\":\"PropertyValueSpecification\",\"valueRequired\":true,\"valueName\":\"search_term_string\"}}],\"inLanguage\":\"de\"}]}<\/script>\n<!-- \/ Yoast SEO plugin. -->","yoast_head_json":{"title":"Camp Bendixen | Einzigartige Aufenthalte und Kurse auf Esbjerg Camping","description":"Camp Bendixen bietet besondere Aufenthalte und Aktivit\u00e4ten mit dem Schwerpunkt auf Gemeinschaft, Entwicklung und Erlebnissen in der N\u00e4he der Natur und des Wattenmeeres.","robots":{"index":"index","follow":"follow","max-snippet":"max-snippet:-1","max-image-preview":"max-image-preview:large","max-video-preview":"max-video-preview:-1"},"canonical":"https:\/\/esbjergcamping.dk\/de\/campbendixen\/","og_locale":"de_DE","og_type":"article","og_title":"Camp Bendixen | Einzigartige Aufenthalte und Kurse auf Esbjerg Camping","og_description":"Camp Bendixen bietet besondere Aufenthalte und Aktivit\u00e4ten mit dem Schwerpunkt auf Gemeinschaft, Entwicklung und Erlebnissen in der N\u00e4he der Natur und des Wattenmeeres.","og_url":"https:\/\/esbjergcamping.dk\/de\/campbendixen\/","og_site_name":"Esbjerg Camping","article_modified_time":"2025-04-07T07:58:23+00:00","twitter_card":"summary_large_image","twitter_misc":{"Gesch\u00e4tzte Lesezeit":"6\u00a0Minuten"},"schema":{"@context":"https:\/\/schema.org","@graph":[{"@type":"WebPage","@id":"https:\/\/esbjergcamping.dk\/de\/campbendixen\/","url":"https:\/\/esbjergcamping.dk\/de\/campbendixen\/","name":"Camp Bendixen | Einzigartige Aufenthalte und Kurse auf Esbjerg Camping","isPartOf":{"@id":"https:\/\/esbjergcamping.dk\/de\/#website"},"datePublished":"2024-11-17T13:35:33+00:00","dateModified":"2025-04-07T07:58:23+00:00","description":"Camp Bendixen bietet besondere Aufenthalte und Aktivit\u00e4ten mit dem Schwerpunkt auf Gemeinschaft, Entwicklung und Erlebnissen in der N\u00e4he der Natur und des Wattenmeeres.","breadcrumb":{"@id":"https:\/\/esbjergcamping.dk\/de\/campbendixen\/#breadcrumb"},"inLanguage":"de","potentialAction":[{"@type":"ReadAction","target":["https:\/\/esbjergcamping.dk\/de\/campbendixen\/"]}]},{"@type":"BreadcrumbList","@id":"https:\/\/esbjergcamping.dk\/de\/campbendixen\/#breadcrumb","itemListElement":[{"@type":"ListItem","position":1,"name":"Home","item":"https:\/\/esbjergcamping.dk\/de\/"},{"@type":"ListItem","position":2,"name":"CampBendixen"}]},{"@type":"WebSite","@id":"https:\/\/esbjergcamping.dk\/de\/#website","url":"https:\/\/esbjergcamping.dk\/de\/","name":"Esbjerg Camping","description":"Din n\u00e6ste campingferie","potentialAction":[{"@type":"SearchAction","target":{"@type":"EntryPoint","urlTemplate":"https:\/\/esbjergcamping.dk\/de\/?s={search_term_string}"},"query-input":{"@type":"PropertyValueSpecification","valueRequired":true,"valueName":"search_term_string"}}],"inLanguage":"de"}]}},"_links":{"self":[{"href":"https:\/\/esbjergcamping.dk\/de\/wp-json\/wp\/v2\/pages\/101964","targetHints":{"allow":["GET"]}}],"collection":[{"href":"https:\/\/esbjergcamping.dk\/de\/wp-json\/wp\/v2\/pages"}],"about":[{"href":"https:\/\/esbjergcamping.dk\/de\/wp-json\/wp\/v2\/types\/page"}],"author":[{"embeddable":true,"href":"https:\/\/esbjergcamping.dk\/de\/wp-json\/wp\/v2\/users\/1"}],"replies":[{"embeddable":true,"href":"https:\/\/esbjergcamping.dk\/de\/wp-json\/wp\/v2\/comments?post=101964"}],"version-history":[{"count":2,"href":"https:\/\/esbjergcamping.dk\/de\/wp-json\/wp\/v2\/pages\/101964\/revisions"}],"predecessor-version":[{"id":101966,"href":"https:\/\/esbjergcamping.dk\/de\/wp-json\/wp\/v2\/pages\/101964\/revisions\/101966"}],"wp:attachment":[{"href":"https:\/\/esbjergcamping.dk\/de\/wp-json\/wp\/v2\/media?parent=101964"}],"wp:term":[{"taxonomy":"folder","embeddable":true,"href":"https:\/\/esbjergcamping.dk\/de\/wp-json\/wp\/v2\/folder?post=101964"}],"curies":[{"name":"wp","href":"https:\/\/api.w.org\/{rel}","templated":true}]}}