{"id":101976,"date":"2024-11-17T14:33:24","date_gmt":"2024-11-17T13:33:24","guid":{"rendered":"https:\/\/esbjergcamping.dk\/senioren-camping\/"},"modified":"2025-04-07T08:58:34","modified_gmt":"2025-04-07T07:58:34","slug":"senioren-camping","status":"publish","type":"page","link":"https:\/\/esbjergcamping.dk\/de\/besondere-angebote\/senioren-camping\/","title":{"rendered":"Senioren-Camping"},"content":{"rendered":"<p>[et_pb_section fb_built=&#8220;1&#8243; _builder_version=&#8220;4.27.4&#8243; _module_preset=&#8220;default&#8220; use_background_color_gradient=&#8220;on&#8220; background_color_gradient_direction=&#8220;45deg&#8220; background_color_gradient_stops=&#8220;rgba(0,0,0,0.6) 0%|rgba(0,0,0,0.6) 100%&#8220; background_color_gradient_overlays_image=&#8220;on&#8220; background_image=&#8220;https:\/\/esbjergcamping.dk\/wp-content\/uploads\/2025\/03\/DSC04798.jpg&#8220; hover_enabled=&#8220;0&#8243; global_colors_info=&#8220;{}&#8220; height_last_edited=&#8220;on|phone&#8220; height=&#8220;400px&#8220; sticky_enabled=&#8220;0&#8243; height_tablet=&#8220;350px&#8220; height_phone=&#8220;350px&#8220;][et_pb_row _builder_version=&#8220;4.17.3&#8243; _module_preset=&#8220;default&#8220; custom_padding=&#8220;||0px||false|false&#8220; global_colors_info=&#8220;{}&#8220;][et_pb_column type=&#8220;4_4&#8243; _builder_version=&#8220;4.17.3&#8243; _module_preset=&#8220;default&#8220; global_colors_info=&#8220;{}&#8220;][et_pb_text _builder_version=&#8220;4.27.3&#8243; _module_preset=&#8220;default&#8220; header_font=&#8220;||||||||&#8220; header_text_color=&#8220;#FFFFFF&#8220; header_2_text_color=&#8220;#FFFFFF&#8220; custom_margin=&#8220;||0px||false|false&#8220; global_colors_info=&#8220;{}&#8220;]<\/p>\n<h1>Camping f\u00fcr Senioren<\/h1>\n<p>[\/et_pb_text][\/et_pb_column][\/et_pb_row][et_pb_row _builder_version=&#8220;4.17.3&#8243; _module_preset=&#8220;default&#8220; custom_padding=&#8220;0px||||false|false&#8220; global_colors_info=&#8220;{}&#8220;][et_pb_column type=&#8220;4_4&#8243; _builder_version=&#8220;4.17.3&#8243; _module_preset=&#8220;default&#8220; global_colors_info=&#8220;{}&#8220;][et_pb_divider color=&#8220;gcid-7ce7b00a-a0f7-4559-8af2-0adef5afd391&#8243; _builder_version=&#8220;4.17.3&#8243; _module_preset=&#8220;default&#8220; height=&#8220;0px&#8220; custom_margin=&#8220;||0px||false|false&#8220; custom_padding=&#8220;||||false|false&#8220; global_colors_info=&#8220;{%22gcid-7ce7b00a-a0f7-4559-8af2-0adef5afd391%22:%91%22border_color_right%22,%22color%22%93}&#8220;][\/et_pb_divider][et_pb_divider show_divider=&#8220;off&#8220; admin_label=&#8220;Point right bottom&#8220; module_class=&#8220;dot-right-bottom sub-page-dot&#8220; _builder_version=&#8220;4.17.3&#8243; _module_preset=&#8220;default&#8220; height=&#8220;25px&#8220; border_width_right=&#8220;1px&#8220; border_color_right=&#8220;gcid-7ce7b00a-a0f7-4559-8af2-0adef5afd391&#8243; global_colors_info=&#8220;{%22gcid-7ce7b00a-a0f7-4559-8af2-0adef5afd391%22:%91%22border_color_right%22%93}&#8220;][\/et_pb_divider][\/et_pb_column][\/et_pb_row][\/et_pb_section][et_pb_section fb_built=&#8220;1&#8243; _builder_version=&#8220;4.17.3&#8243; _module_preset=&#8220;default&#8220; custom_margin=&#8220;||0px||false|false&#8220; border_color_all=&#8220;gcid-7ce7b00a-a0f7-4559-8af2-0adef5afd391&#8243; global_colors_info=&#8220;{%22gcid-7ce7b00a-a0f7-4559-8af2-0adef5afd391%22:%91%22border_color_all%22%93}&#8220;][et_pb_row column_structure=&#8220;1_2,1_2&#8243; make_equal=&#8220;on&#8220; _builder_version=&#8220;4.27.4&#8243; _module_preset=&#8220;default&#8220; custom_padding=&#8220;50px||35px||false|false&#8220; global_colors_info=&#8220;{}&#8220;][et_pb_column type=&#8220;1_2&#8243; _builder_version=&#8220;4.17.3&#8243; _module_preset=&#8220;default&#8220; custom_padding=&#8220;25px||||false|false&#8220; global_colors_info=&#8220;{}&#8220;][et_pb_text _builder_version=&#8220;4.27.4&#8243; _module_preset=&#8220;default&#8220; global_colors_info=&#8220;{}&#8220;]<\/p>\n<h2>Seniorencamping in malerischer Umgebung<\/h2>\n<p>[\/et_pb_text][et_pb_text _builder_version=&#8220;4.27.4&#8243; _module_preset=&#8220;default&#8220; text_font=&#8220;||||||||&#8220; text_line_height=&#8220;1.8em&#8220; global_colors_info=&#8220;{}&#8220;]<\/p>\n<p>Esbjerg Camping ist der ideale Ort f\u00fcr Senioren, die ihren Urlaub inmitten von Natur, Architektur und Sehensw\u00fcrdigkeiten, die die Geschichte D\u00e4nemarks erz\u00e4hlen, verbringen m\u00f6chten.<\/p>\n<p>Esbjerg Camping liegt nur 400 Meter vom Strand entfernt. Gleich um die Ecke k\u00f6nnen Sie die pr\u00e4chtige Skulptur &#8222;Der Mensch am Meer&#8220; und eines der gr\u00f6\u00dften Gezeitengebiete der Welt, das Wattenmeer, erleben, das 2014 in die UNSECO-Liste des Welterbes aufgenommen wurde.<\/p>\n<p>Sie k\u00f6nnen die malerische Gegend von Marb\u00e6k erkunden, fantastische Kunstmuseen besuchen oder einen Ausflug nach Ribe, D\u00e4nemarks \u00e4ltester Stadt, machen, wo Sie die Atmosph\u00e4re des mittelalterlichen Stadtkerns erleben k\u00f6nnen.<\/p>\n<p>Dies sind nur einige Beispiele f\u00fcr die reiche Kultur, die unseren Campingplatz umgibt, auf dem wir jedes Jahr viele, viele G\u00e4ste in ihren eigenen Wohnwagen sowie in unseren sch\u00f6nen H\u00fctten beherbergen.<\/p>\n<p>[\/et_pb_text][\/et_pb_column][et_pb_column type=&#8220;1_2&#8243; _builder_version=&#8220;4.27.4&#8243; _module_preset=&#8220;default&#8220; custom_css_main_element=&#8220;margin:auto;&#8220; global_colors_info=&#8220;{}&#8220;][et_pb_image src=&#8220;https:\/\/esbjergcamping.dk\/wp-content\/uploads\/2025\/03\/DSC04689-Edit.jpg&#8220; title_text=&#8220;DSC04689-Bearbeiten&#8220; _builder_version=&#8220;4.27.4&#8243; _module_preset=&#8220;default&#8220; animation_style=&#8220;slide&#8220; animation_direction=&#8220;right&#8220; animation_duration=&#8220;1500ms&#8220; animation_delay=&#8220;100ms&#8220; animation_intensity_slide=&#8220;5%&#8220; global_colors_info=&#8220;{}&#8220;][\/et_pb_image][\/et_pb_column][\/et_pb_row][\/et_pb_section][et_pb_section fb_built=&#8220;1&#8243; _builder_version=&#8220;4.27.3&#8243; _module_preset=&#8220;default&#8220; background_color=&#8220;gcid-d70a5a6a-d90d-43f0-b48d-3d8f33a6130e&#8220; global_colors_info=&#8220;{%22gcid-d70a5a6a-d90d-43f0-b48d-3d8f33a6130e%22:%91%22background_color%22%93}&#8220;][et_pb_row column_structure=&#8220;1_2,1_2&#8243; _builder_version=&#8220;4.27.3&#8243; _module_preset=&#8220;default&#8220; global_colors_info=&#8220;{}&#8220;][et_pb_column type=&#8220;1_2&#8243; _builder_version=&#8220;4.27.3&#8243; _module_preset=&#8220;default&#8220; global_colors_info=&#8220;{}&#8220;][et_pb_image src=&#8220;https:\/\/esbjergcamping.dk\/wp-content\/uploads\/2025\/03\/Esbjerg_Strand_Camping_v03.00_00_11_13.Still005.jpg&#8220; title_text=&#8220;Esbjerg_Strand_Camping_v03.00_00_11_13.Still005&#8243; disabled_on=&#8220;on|on|off&#8220; _builder_version=&#8220;4.27.4&#8243; _module_preset=&#8220;default&#8220; global_colors_info=&#8220;{}&#8220;][\/et_pb_image][\/et_pb_column][et_pb_column type=&#8220;1_2&#8243; _builder_version=&#8220;4.27.3&#8243; _module_preset=&#8220;default&#8220; global_colors_info=&#8220;{}&#8220;][et_pb_heading title=&#8220;Attraktionen in der N\u00e4he des Platzes&#8220; _builder_version=&#8220;4.27.4&#8243; _module_preset=&#8220;default&#8220; title_level=&#8220;h4&#8243; title_text_align=&#8220;left&#8220; global_colors_info=&#8220;{}&#8220;][\/et_pb_heading][et_pb_text _builder_version=&#8220;4.27.4&#8243; _module_preset=&#8220;default&#8220; global_colors_info=&#8220;{}&#8220;]<\/p>\n<p>Wir von Esbjerg Camping freuen uns, Senioren einen Campingplatz anbieten zu k\u00f6nnen, auf dem sie sowohl das Stadt- als auch das Naturleben direkt vor der Haust\u00fcr erleben k\u00f6nnen.<\/p>\n<p>Viele unserer G\u00e4ste machen einen Ausflug in die Stadt Ribe, um die anerkannten Wikingermuseen, die Kathedrale von Ribe und das Wattenmeer zu erleben, w\u00e4hrend andere in Esbjerg bleiben, um sch\u00f6ne Musikerlebnisse im Musikhuset zu genie\u00dfen und das spannende Fischerei- und Schifffahrtsmuseum zu besuchen.<\/p>\n<p>[\/et_pb_text][\/et_pb_column][\/et_pb_row][\/et_pb_section][et_pb_section fb_built=&#8220;1&#8243; disabled_on=&#8220;on|on|on&#8220; _builder_version=&#8220;4.27.4&#8243; _module_preset=&#8220;default&#8220; disabled=&#8220;on&#8220; global_colors_info=&#8220;{}&#8220;][et_pb_row _builder_version=&#8220;4.27.3&#8243; _module_preset=&#8220;default&#8220; global_colors_info=&#8220;{}&#8220;][et_pb_column type=&#8220;4_4&#8243; _builder_version=&#8220;4.27.3&#8243; _module_preset=&#8220;default&#8220; global_colors_info=&#8220;{}&#8220;][et_pb_heading title=&#8220;Lesen Sie mehr \u00fcber die Sehensw\u00fcrdigkeiten in der N\u00e4he des Platzes&#8220; _builder_version=&#8220;4.27.3&#8243; _module_preset=&#8220;default&#8220; title_level=&#8220;h4&#8243; title_text_align=&#8220;left&#8220; global_colors_info=&#8220;{}&#8220;][\/et_pb_heading][\/et_pb_column][\/et_pb_row][\/et_pb_section]<\/p>\n","protected":false},"excerpt":{"rendered":"<p>Camping f\u00fcr SeniorenSeniorencamping in malerischer UmgebungEsbjerg Camping ist der ideale Ort f\u00fcr Senioren, die ihren Urlaub inmitten von Natur, Architektur und Sehensw\u00fcrdigkeiten, die die Geschichte D\u00e4nemarks erz\u00e4hlen, verbringen m\u00f6chten. Esbjerg Camping liegt nur 400 Meter vom Strand entfernt. Gleich um die Ecke k\u00f6nnen Sie die pr\u00e4chtige Skulptur &#8222;Der Mensch am Meer&#8220; und eines der gr\u00f6\u00dften [&hellip;]<\/p>\n","protected":false},"author":1,"featured_media":0,"parent":102028,"menu_order":0,"comment_status":"closed","ping_status":"closed","template":"","meta":{"_et_pb_use_builder":"on","_et_pb_old_content":"","_et_gb_content_width":"","footnotes":""},"folder":[],"class_list":["post-101976","page","type-page","status-publish","hentry"],"yoast_head":"<!-- This site is optimized with the Yoast SEO plugin v27.4 - https:\/\/yoast.com\/product\/yoast-seo-wordpress\/ -->\n<title>Seniorencamping in Westj\u00fctland | Angebote f\u00fcr 60+ auf Esbjerg Camping<\/title>\n<meta name=\"description\" content=\"Genie\u00dfen Sie die Ruhe und die Natur bei einem seniorenfreundlichen Aufenthalt. Tolle Angebote f\u00fcr Sie \u00fcber 60 - in der N\u00e4he des Wattenmeeres und Erlebnisse in Esbjerg.\" \/>\n<meta name=\"robots\" content=\"index, follow, max-snippet:-1, max-image-preview:large, max-video-preview:-1\" \/>\n<link rel=\"canonical\" href=\"https:\/\/esbjergcamping.dk\/de\/besondere-angebote\/senioren-camping\/\" \/>\n<meta property=\"og:locale\" content=\"de_DE\" \/>\n<meta property=\"og:type\" content=\"article\" \/>\n<meta property=\"og:title\" content=\"Seniorencamping in Westj\u00fctland | Angebote f\u00fcr 60+ auf Esbjerg Camping\" \/>\n<meta property=\"og:description\" content=\"Genie\u00dfen Sie die Ruhe und die Natur bei einem seniorenfreundlichen Aufenthalt. Tolle Angebote f\u00fcr Sie \u00fcber 60 - in der N\u00e4he des Wattenmeeres und Erlebnisse in Esbjerg.\" \/>\n<meta property=\"og:url\" content=\"https:\/\/esbjergcamping.dk\/de\/besondere-angebote\/senioren-camping\/\" \/>\n<meta property=\"og:site_name\" content=\"Esbjerg Camping\" \/>\n<meta property=\"article:modified_time\" content=\"2025-04-07T07:58:34+00:00\" \/>\n<meta name=\"twitter:card\" content=\"summary_large_image\" \/>\n<meta name=\"twitter:label1\" content=\"Gesch\u00e4tzte Lesezeit\" \/>\n\t<meta name=\"twitter:data1\" content=\"5\u00a0Minuten\" \/>\n<script type=\"application\/ld+json\" class=\"yoast-schema-graph\">{\"@context\":\"https:\\\/\\\/schema.org\",\"@graph\":[{\"@type\":\"WebPage\",\"@id\":\"https:\\\/\\\/esbjergcamping.dk\\\/de\\\/besondere-angebote\\\/senioren-camping\\\/\",\"url\":\"https:\\\/\\\/esbjergcamping.dk\\\/de\\\/besondere-angebote\\\/senioren-camping\\\/\",\"name\":\"Seniorencamping in Westj\u00fctland | Angebote f\u00fcr 60+ auf Esbjerg Camping\",\"isPartOf\":{\"@id\":\"https:\\\/\\\/esbjergcamping.dk\\\/de\\\/#website\"},\"datePublished\":\"2024-11-17T13:33:24+00:00\",\"dateModified\":\"2025-04-07T07:58:34+00:00\",\"description\":\"Genie\u00dfen Sie die Ruhe und die Natur bei einem seniorenfreundlichen Aufenthalt. Tolle Angebote f\u00fcr Sie \u00fcber 60 - in der N\u00e4he des Wattenmeeres und Erlebnisse in Esbjerg.\",\"breadcrumb\":{\"@id\":\"https:\\\/\\\/esbjergcamping.dk\\\/de\\\/besondere-angebote\\\/senioren-camping\\\/#breadcrumb\"},\"inLanguage\":\"de\",\"potentialAction\":[{\"@type\":\"ReadAction\",\"target\":[\"https:\\\/\\\/esbjergcamping.dk\\\/de\\\/besondere-angebote\\\/senioren-camping\\\/\"]}]},{\"@type\":\"BreadcrumbList\",\"@id\":\"https:\\\/\\\/esbjergcamping.dk\\\/de\\\/besondere-angebote\\\/senioren-camping\\\/#breadcrumb\",\"itemListElement\":[{\"@type\":\"ListItem\",\"position\":1,\"name\":\"Home\",\"item\":\"https:\\\/\\\/esbjergcamping.dk\\\/de\\\/\"},{\"@type\":\"ListItem\",\"position\":2,\"name\":\"Besondere Angebote\",\"item\":\"https:\\\/\\\/esbjergcamping.dk\\\/de\\\/besondere-angebote\\\/\"},{\"@type\":\"ListItem\",\"position\":3,\"name\":\"Senioren-Camping\"}]},{\"@type\":\"WebSite\",\"@id\":\"https:\\\/\\\/esbjergcamping.dk\\\/de\\\/#website\",\"url\":\"https:\\\/\\\/esbjergcamping.dk\\\/de\\\/\",\"name\":\"Esbjerg Camping\",\"description\":\"Din n\u00e6ste campingferie\",\"potentialAction\":[{\"@type\":\"SearchAction\",\"target\":{\"@type\":\"EntryPoint\",\"urlTemplate\":\"https:\\\/\\\/esbjergcamping.dk\\\/de\\\/?s={search_term_string}\"},\"query-input\":{\"@type\":\"PropertyValueSpecification\",\"valueRequired\":true,\"valueName\":\"search_term_string\"}}],\"inLanguage\":\"de\"}]}<\/script>\n<!-- \/ Yoast SEO plugin. -->","yoast_head_json":{"title":"Seniorencamping in Westj\u00fctland | Angebote f\u00fcr 60+ auf Esbjerg Camping","description":"Genie\u00dfen Sie die Ruhe und die Natur bei einem seniorenfreundlichen Aufenthalt. Tolle Angebote f\u00fcr Sie \u00fcber 60 - in der N\u00e4he des Wattenmeeres und Erlebnisse in Esbjerg.","robots":{"index":"index","follow":"follow","max-snippet":"max-snippet:-1","max-image-preview":"max-image-preview:large","max-video-preview":"max-video-preview:-1"},"canonical":"https:\/\/esbjergcamping.dk\/de\/besondere-angebote\/senioren-camping\/","og_locale":"de_DE","og_type":"article","og_title":"Seniorencamping in Westj\u00fctland | Angebote f\u00fcr 60+ auf Esbjerg Camping","og_description":"Genie\u00dfen Sie die Ruhe und die Natur bei einem seniorenfreundlichen Aufenthalt. Tolle Angebote f\u00fcr Sie \u00fcber 60 - in der N\u00e4he des Wattenmeeres und Erlebnisse in Esbjerg.","og_url":"https:\/\/esbjergcamping.dk\/de\/besondere-angebote\/senioren-camping\/","og_site_name":"Esbjerg Camping","article_modified_time":"2025-04-07T07:58:34+00:00","twitter_card":"summary_large_image","twitter_misc":{"Gesch\u00e4tzte Lesezeit":"5\u00a0Minuten"},"schema":{"@context":"https:\/\/schema.org","@graph":[{"@type":"WebPage","@id":"https:\/\/esbjergcamping.dk\/de\/besondere-angebote\/senioren-camping\/","url":"https:\/\/esbjergcamping.dk\/de\/besondere-angebote\/senioren-camping\/","name":"Seniorencamping in Westj\u00fctland | Angebote f\u00fcr 60+ auf Esbjerg Camping","isPartOf":{"@id":"https:\/\/esbjergcamping.dk\/de\/#website"},"datePublished":"2024-11-17T13:33:24+00:00","dateModified":"2025-04-07T07:58:34+00:00","description":"Genie\u00dfen Sie die Ruhe und die Natur bei einem seniorenfreundlichen Aufenthalt. Tolle Angebote f\u00fcr Sie \u00fcber 60 - in der N\u00e4he des Wattenmeeres und Erlebnisse in Esbjerg.","breadcrumb":{"@id":"https:\/\/esbjergcamping.dk\/de\/besondere-angebote\/senioren-camping\/#breadcrumb"},"inLanguage":"de","potentialAction":[{"@type":"ReadAction","target":["https:\/\/esbjergcamping.dk\/de\/besondere-angebote\/senioren-camping\/"]}]},{"@type":"BreadcrumbList","@id":"https:\/\/esbjergcamping.dk\/de\/besondere-angebote\/senioren-camping\/#breadcrumb","itemListElement":[{"@type":"ListItem","position":1,"name":"Home","item":"https:\/\/esbjergcamping.dk\/de\/"},{"@type":"ListItem","position":2,"name":"Besondere Angebote","item":"https:\/\/esbjergcamping.dk\/de\/besondere-angebote\/"},{"@type":"ListItem","position":3,"name":"Senioren-Camping"}]},{"@type":"WebSite","@id":"https:\/\/esbjergcamping.dk\/de\/#website","url":"https:\/\/esbjergcamping.dk\/de\/","name":"Esbjerg Camping","description":"Din n\u00e6ste campingferie","potentialAction":[{"@type":"SearchAction","target":{"@type":"EntryPoint","urlTemplate":"https:\/\/esbjergcamping.dk\/de\/?s={search_term_string}"},"query-input":{"@type":"PropertyValueSpecification","valueRequired":true,"valueName":"search_term_string"}}],"inLanguage":"de"}]}},"_links":{"self":[{"href":"https:\/\/esbjergcamping.dk\/de\/wp-json\/wp\/v2\/pages\/101976","targetHints":{"allow":["GET"]}}],"collection":[{"href":"https:\/\/esbjergcamping.dk\/de\/wp-json\/wp\/v2\/pages"}],"about":[{"href":"https:\/\/esbjergcamping.dk\/de\/wp-json\/wp\/v2\/types\/page"}],"author":[{"embeddable":true,"href":"https:\/\/esbjergcamping.dk\/de\/wp-json\/wp\/v2\/users\/1"}],"replies":[{"embeddable":true,"href":"https:\/\/esbjergcamping.dk\/de\/wp-json\/wp\/v2\/comments?post=101976"}],"version-history":[{"count":2,"href":"https:\/\/esbjergcamping.dk\/de\/wp-json\/wp\/v2\/pages\/101976\/revisions"}],"predecessor-version":[{"id":101979,"href":"https:\/\/esbjergcamping.dk\/de\/wp-json\/wp\/v2\/pages\/101976\/revisions\/101979"}],"up":[{"embeddable":true,"href":"https:\/\/esbjergcamping.dk\/de\/wp-json\/wp\/v2\/pages\/102028"}],"wp:attachment":[{"href":"https:\/\/esbjergcamping.dk\/de\/wp-json\/wp\/v2\/media?parent=101976"}],"wp:term":[{"taxonomy":"folder","embeddable":true,"href":"https:\/\/esbjergcamping.dk\/de\/wp-json\/wp\/v2\/folder?post=101976"}],"curies":[{"name":"wp","href":"https:\/\/api.w.org\/{rel}","templated":true}]}}