{"id":101990,"date":"2024-11-17T14:35:19","date_gmt":"2024-11-17T13:35:19","guid":{"rendered":"https:\/\/esbjergcamping.dk\/erlebnisse-in-der-naehe\/"},"modified":"2025-04-07T08:58:29","modified_gmt":"2025-04-07T07:58:29","slug":"erlebnisse-in-der-naehe","status":"publish","type":"page","link":"https:\/\/esbjergcamping.dk\/de\/erlebnisse-in-der-naehe\/","title":{"rendered":"Erlebnisse in der N\u00e4he"},"content":{"rendered":"<p>[et_pb_section fb_built=&#8220;1&#8243; _builder_version=&#8220;4.27.4&#8243; _module_preset=&#8220;default&#8220; use_background_color_gradient=&#8220;on&#8220; background_color_gradient_direction=&#8220;45deg&#8220; background_color_gradient_stops=&#8220;rgba(0,0,0,0.6) 0%|rgba(0,0,0,0.6) 100%&#8220; background_color_gradient_overlays_image=&#8220;on&#8220; background_image=&#8220;https:\/\/esbjergcamping.dk\/wp-content\/uploads\/2025\/03\/Q22206-041-1478-scaled-1.jpg&#8220; hover_enabled=&#8220;0&#8243; global_colors_info=&#8220;{}&#8220; height_last_edited=&#8220;on|phone&#8220; height=&#8220;400px&#8220; sticky_enabled=&#8220;0&#8243; height_tablet=&#8220;350px&#8220; height_phone=&#8220;350px&#8220;][et_pb_row _builder_version=&#8220;4.17.3&#8243; _module_preset=&#8220;default&#8220; custom_padding=&#8220;||0px||false|false&#8220; global_colors_info=&#8220;{}&#8220;][et_pb_column type=&#8220;4_4&#8243; _builder_version=&#8220;4.17.3&#8243; _module_preset=&#8220;default&#8220; global_colors_info=&#8220;{}&#8220;][et_pb_text _builder_version=&#8220;4.27.4&#8243; _module_preset=&#8220;default&#8220; header_font=&#8220;||||||||&#8220; header_text_color=&#8220;#FFFFFF&#8220; header_2_text_color=&#8220;#FFFFFF&#8220; custom_margin=&#8220;||0px||false|false&#8220; border_color_all=&#8220;gcid-7ce7b00a-a0f7-4559-8af2-0adef5afd391&#8243; global_colors_info=&#8220;{%22gcid-7ce7b00a-a0f7-4559-8af2-0adef5afd391%22:%91%22border_color_all%22%93}&#8220;]<\/p>\n<h1>Esbjerg und Umgebung<\/h1>\n<p>[\/et_pb_text][\/et_pb_column][\/et_pb_row][et_pb_row _builder_version=&#8220;4.17.3&#8243; _module_preset=&#8220;default&#8220; custom_padding=&#8220;0px||||false|false&#8220; global_colors_info=&#8220;{}&#8220;][et_pb_column type=&#8220;4_4&#8243; _builder_version=&#8220;4.17.3&#8243; _module_preset=&#8220;default&#8220; global_colors_info=&#8220;{}&#8220;][et_pb_divider color=&#8220;gcid-7ce7b00a-a0f7-4559-8af2-0adef5afd391&#8243; _builder_version=&#8220;4.17.3&#8243; _module_preset=&#8220;default&#8220; height=&#8220;0px&#8220; custom_margin=&#8220;||0px||false|false&#8220; custom_padding=&#8220;||||false|false&#8220; global_colors_info=&#8220;{%22gcid-7ce7b00a-a0f7-4559-8af2-0adef5afd391%22:%91%22border_color_right%22,%22color%22%93}&#8220;][\/et_pb_divider][et_pb_divider show_divider=&#8220;off&#8220; admin_label=&#8220;Point right bottom&#8220; module_class=&#8220;dot-right-bottom sub-page-dot&#8220; _builder_version=&#8220;4.17.3&#8243; _module_preset=&#8220;default&#8220; height=&#8220;25px&#8220; border_width_right=&#8220;1px&#8220; border_color_right=&#8220;gcid-7ce7b00a-a0f7-4559-8af2-0adef5afd391&#8243; global_colors_info=&#8220;{%22gcid-7ce7b00a-a0f7-4559-8af2-0adef5afd391%22:%91%22border_color_right%22%93}&#8220;][\/et_pb_divider][\/et_pb_column][\/et_pb_row][\/et_pb_section][et_pb_section fb_built=&#8220;1&#8243; _builder_version=&#8220;4.27.3&#8243; _module_preset=&#8220;default&#8220; background_image=&#8220;https:\/\/esbjergcamping.dk\/wp-content\/uploads\/2024\/10\/corner-dots-left-top.png&#8220; background_size=&#8220;initial&#8220; background_position=&#8220;top_left&#8220; background_last_edited=&#8220;on|tablet&#8220; background_enable_image_tablet=&#8220;off&#8220; global_colors_info=&#8220;{}&#8220;][et_pb_row _builder_version=&#8220;4.27.3&#8243; _module_preset=&#8220;default&#8220; custom_padding=&#8220;50px||35px||false|false&#8220; global_colors_info=&#8220;{}&#8220;][et_pb_column type=&#8220;4_4&#8243; _builder_version=&#8220;4.17.3&#8243; _module_preset=&#8220;default&#8220; custom_padding=&#8220;25px||||false|false&#8220; global_colors_info=&#8220;{}&#8220;][et_pb_text _builder_version=&#8220;4.27.4&#8243; _module_preset=&#8220;default&#8220; text_font=&#8220;||||||||&#8220; text_line_height=&#8220;1.8em&#8220; text_orientation=&#8220;center&#8220; global_colors_info=&#8220;{}&#8220;]<\/p>\n<h4>Willkommen auf Esbjerg Camping, wo Sie in der N\u00e4he der besten Erlebnisse in Westj\u00fctland sind!<\/h4>\n<p>  Esbjerg und die Umgebung bieten eine F\u00fclle von Aktivit\u00e4ten f\u00fcr Naturliebhaber, Kulturbegeisterte und Familien. Hier k\u00f6nnen Sie von herrlichen Naturerlebnissen am Wattenmeer bis hin zu aufregendem Stadtleben und historischen Sehensw\u00fcrdigkeiten alles genie\u00dfen. <\/p>\n<p>[\/et_pb_text][\/et_pb_column][\/et_pb_row][et_pb_row column_structure=&#8220;1_2,1_2&#8243; _builder_version=&#8220;4.17.3&#8243; _module_preset=&#8220;default&#8220; custom_padding=&#8220;50px||35px||false|false&#8220; global_colors_info=&#8220;{}&#8220;][et_pb_column type=&#8220;1_2&#8243; _builder_version=&#8220;4.17.3&#8243; _module_preset=&#8220;default&#8220; custom_padding=&#8220;25px||||false|false&#8220; global_colors_info=&#8220;{}&#8220;][et_pb_text _builder_version=&#8220;4.27.4&#8243; _module_preset=&#8220;default&#8220; global_colors_info=&#8220;{}&#8220;]<\/p>\n<h2>Nationalpark Wattenmeer<\/h2>\n<p>[\/et_pb_text][et_pb_text _builder_version=&#8220;4.27.4&#8243; _module_preset=&#8220;default&#8220; text_font=&#8220;||||||||&#8220; text_line_height=&#8220;1.8em&#8220; global_colors_info=&#8220;{}&#8220;]<\/p>\n<p>Esbjerg liegt direkt am Nationalpark Wattenmeer, einem der einzigartigsten Gezeitengebiete der Welt und UNESCO-Weltnaturerbe. Hier k\u00f6nnen Sie an gef\u00fchrten Touren teilnehmen und das faszinierende Wattenmeer erleben, wo Sie nach Austern jagen, die reiche Vogelwelt erleben oder auf Robbensafari gehen k\u00f6nnen. W\u00e4hrend der Saison k\u00f6nnen Sie auch das spektakul\u00e4re Ph\u00e4nomen der Schwarzen Sonne erleben, bei dem Tausende von Staren bei Sonnenuntergang wundersch\u00f6ne Formationen am Himmel bilden.  <\/p>\n<p>&nbsp;<\/p>\n<p>Foto: vadehavskysten.dk<\/p>\n<p>[\/et_pb_text][et_pb_button button_url=&#8220;@ET-DC@eyJkeW5hbWljIjp0cnVlLCJjb250ZW50IjoicG9zdF9saW5rX3VybF9wYWdlIiwic2V0dGluZ3MiOnsicG9zdF9pZCI6IjEwMDAxMCIsImVuYWJsZV9odG1sIjoib2ZmIn19@&#8220; button_text=&#8220;LESEN SIE MEHR&#8220; button_alignment=&#8220;center&#8220; _builder_version=&#8220;4.27.4&#8243; _dynamic_attributes=&#8220;button_url&#8220; _module_preset=&#8220;default&#8220; custom_button=&#8220;on&#8220; button_text_size=&#8220;16px&#8220; button_text_color=&#8220;#FFFFFF&#8220; button_bg_color=&#8220;gcid-7ce7b00a-a0f7-4559-8af2-0adef5afd391&#8243; button_border_radius=&#8220;30px&#8220; global_colors_info=&#8220;{%22gcid-7ce7b00a-a0f7-4559-8af2-0adef5afd391%22:%91%22button_bg_color%22%93}&#8220;][\/et_pb_button][\/et_pb_column][et_pb_column type=&#8220;1_2&#8243; _builder_version=&#8220;4.17.3&#8243; _module_preset=&#8220;default&#8220; global_colors_info=&#8220;{}&#8220;][et_pb_image src=&#8220;https:\/\/esbjergcamping.dk\/wp-content\/uploads\/2025\/03\/Vadehavstraktoren_paa_vej_over_vaden_ad_Laaningsvejen_til_Mandoe-scaled-1.jpg&#8220; title_text=&#8220;Vadehavstraktoren_paa_vej_over_vaden_ad_Laaningsvejen_til_Mandoe-scaled (1)&#8220; _builder_version=&#8220;4.27.4&#8243; _module_preset=&#8220;default&#8220; animation_style=&#8220;slide&#8220; animation_direction=&#8220;right&#8220; animation_duration=&#8220;1500ms&#8220; animation_delay=&#8220;100ms&#8220; animation_intensity_slide=&#8220;5%&#8220; global_colors_info=&#8220;{}&#8220;][\/et_pb_image][\/et_pb_column][\/et_pb_row][\/et_pb_section][et_pb_section fb_built=&#8220;1&#8243; _builder_version=&#8220;4.27.3&#8243; _module_preset=&#8220;default&#8220; background_color=&#8220;gcid-d70a5a6a-d90d-43f0-b48d-3d8f33a6130e&#8220; global_colors_info=&#8220;{%22gcid-d70a5a6a-d90d-43f0-b48d-3d8f33a6130e%22:%91%22background_color%22%93}&#8220;][et_pb_row column_structure=&#8220;1_2,1_2&#8243; _builder_version=&#8220;4.27.3&#8243; _module_preset=&#8220;default&#8220; global_colors_info=&#8220;{}&#8220;][et_pb_column type=&#8220;1_2&#8243; _builder_version=&#8220;4.27.3&#8243; _module_preset=&#8220;default&#8220; global_colors_info=&#8220;{}&#8220;][et_pb_image src=&#8220;https:\/\/esbjergcamping.dk\/wp-content\/uploads\/2025\/03\/BusinessEsbjerg-sommer-2020_\u24b8FlyingOctober-482-scaled-1.jpg&#8220; title_text=&#8220;BusinessEsbjerg-Sommer-2020-\u24b8FliegenderOktober-482-skaliert (1)&#8220; disabled_on=&#8220;on|on|off&#8220; _builder_version=&#8220;4.27.4&#8243; _module_preset=&#8220;default&#8220; global_colors_info=&#8220;{}&#8220;][\/et_pb_image][\/et_pb_column][et_pb_column type=&#8220;1_2&#8243; _builder_version=&#8220;4.27.3&#8243; _module_preset=&#8220;default&#8220; global_colors_info=&#8220;{}&#8220;][et_pb_heading title=&#8220;Fan\u00f8 &#8211; die idyllische Insel&#8220; _builder_version=&#8220;4.27.4&#8243; _module_preset=&#8220;default&#8220; title_level=&#8220;h4&#8243; title_text_align=&#8220;left&#8220; global_colors_info=&#8220;{}&#8220;][\/et_pb_heading][et_pb_text _builder_version=&#8220;4.27.4&#8243; _module_preset=&#8220;default&#8220; global_colors_info=&#8220;{}&#8220;]<\/p>\n<p>Nur eine kurze F\u00e4hrfahrt von Esbjerg entfernt liegt die charmante Insel Fan\u00f8. Die Insel ist bekannt f\u00fcr ihre kilometerlangen Sandstr\u00e4nde, malerischen D\u00f6rfer und die reiche Tierwelt. Hier k\u00f6nnen Sie entspannte Spazierg\u00e4nge an der Nordsee unternehmen, die vielen Robben beobachten, die sich auf den Sandb\u00e4nken sonnen, oder sich im Windsurfen versuchen. Fan\u00f8 ist auch f\u00fcr seine traditionellen Fan\u00f8-H\u00e4user und das j\u00e4hrliche Drachenfest bekannt, das Besucher aus nah und fern anzieht.   <\/p>\n<p>&nbsp;<\/p>\n<p>Foto: Fliegender Oktober<\/p>\n<p>[\/et_pb_text][\/et_pb_column][\/et_pb_row][et_pb_row column_structure=&#8220;1_2,1_2&#8243; _builder_version=&#8220;4.27.3&#8243; _module_preset=&#8220;default&#8220; global_colors_info=&#8220;{}&#8220;][et_pb_column type=&#8220;1_2&#8243; _builder_version=&#8220;4.27.3&#8243; _module_preset=&#8220;default&#8220; global_colors_info=&#8220;{}&#8220;][et_pb_heading title=&#8220;Ribe &#8211; D\u00e4nemarks \u00e4lteste Stadt&#8220; _builder_version=&#8220;4.27.4&#8243; _module_preset=&#8220;default&#8220; title_level=&#8220;h4&#8243; global_colors_info=&#8220;{}&#8220;][\/et_pb_heading][et_pb_text _builder_version=&#8220;4.27.4&#8243; _module_preset=&#8220;default&#8220; global_colors_info=&#8220;{}&#8220;]<\/p>\n<p>Eine kurze Fahrt von Esbjerg entfernt liegt die historische Stadt Ribe, die \u00e4lteste Stadt D\u00e4nemarks. Hier k\u00f6nnen Sie die charmanten Kopfsteinpflasterstra\u00dfen erkunden und die gut erhaltene mittelalterliche Atmosph\u00e4re erleben. Besuchen Sie die Kathedrale von Ribe, von deren Turm aus Sie einen fantastischen Blick \u00fcber die Stadt und die umliegende Landschaft haben. Im Ribe VikingeCenter k\u00f6nnen Sie sich in die Vergangenheit zur\u00fcckversetzen lassen und erhalten durch Aktivit\u00e4ten und lebendige Geschichte einen spannenden Einblick in das Leben der Wikinger &#8211; ein Erlebnis f\u00fcr die ganze Familie.   <\/p>\n<p>&nbsp;<\/p>\n<p>Foto: Gitte Lindeborg<\/p>\n<p>[\/et_pb_text][\/et_pb_column][et_pb_column type=&#8220;1_2&#8243; _builder_version=&#8220;4.27.3&#8243; _module_preset=&#8220;default&#8220; global_colors_info=&#8220;{}&#8220;][et_pb_image src=&#8220;https:\/\/esbjergcamping.dk\/wp-content\/uploads\/2025\/03\/Ribe_Gitte-Lindeborg-266-scaled-ribe.jpg&#8220; title_text=&#8220;Ribe_Gitte-Lindeborg-266-scaled ribe&#8220; _builder_version=&#8220;4.27.4&#8243; _module_preset=&#8220;default&#8220; locked=&#8220;off&#8220; global_colors_info=&#8220;{}&#8220;][\/et_pb_image][\/et_pb_column][\/et_pb_row][\/et_pb_section][et_pb_section fb_built=&#8220;1&#8243; _builder_version=&#8220;4.27.3&#8243; _module_preset=&#8220;default&#8220; global_colors_info=&#8220;{}&#8220;][et_pb_row column_structure=&#8220;1_2,1_2&#8243; _builder_version=&#8220;4.27.3&#8243; _module_preset=&#8220;default&#8220; global_colors_info=&#8220;{}&#8220;][et_pb_column type=&#8220;1_2&#8243; _builder_version=&#8220;4.27.3&#8243; _module_preset=&#8220;default&#8220; global_colors_info=&#8220;{}&#8220;][et_pb_image src=&#8220;https:\/\/esbjergcamping.dk\/wp-content\/uploads\/2025\/03\/BusinessEsbjerg-sommer-2020_\u24b8FlyingOctober-583-scaled-1.jpg&#8220; title_text=&#8220;BusinessEsbjerg-Sommer-2020_\u24b8FliegenderOktober-583-skaliert (1)&#8220; disabled_on=&#8220;on|on|off&#8220; _builder_version=&#8220;4.27.4&#8243; _module_preset=&#8220;default&#8220; global_colors_info=&#8220;{}&#8220;][\/et_pb_image][\/et_pb_column][et_pb_column type=&#8220;1_2&#8243; _builder_version=&#8220;4.27.3&#8243; _module_preset=&#8220;default&#8220; global_colors_info=&#8220;{}&#8220;][et_pb_heading title=&#8220;Esbjerg &#8211; Kunst, Kultur und Stadtleben&#8220; _builder_version=&#8220;4.27.4&#8243; _module_preset=&#8220;default&#8220; title_level=&#8220;h4&#8243; title_text_align=&#8220;left&#8220; global_colors_info=&#8220;{}&#8220;][\/et_pb_heading][et_pb_text _builder_version=&#8220;4.27.4&#8243; _module_preset=&#8220;default&#8220; global_colors_info=&#8220;{}&#8220;]<\/p>\n<p>Esbjerg bietet ein reiches kulturelles Leben und spannende Sehensw\u00fcrdigkeiten. Eine der ikonischsten ist das monumentale Kunstwerk Mann am Meer, vier wei\u00dfe Skulpturen, die auf das Meer hinausschauen. Die Stadt hat auch eine aufregende Auswahl an Museen, wie das Fischerei- und Schifffahrtsmuseum, in dem Sie etwas \u00fcber die lokale Fischereikultur erfahren k\u00f6nnen, oder das Kunstmuseum Esbjerg, das sowohl klassische als auch moderne Kunst bietet.   <\/p>\n<p>[\/et_pb_text][et_pb_heading title=&#8220;Naturerlebnisse und Aktivit\u00e4ten&#8220; _builder_version=&#8220;4.27.4&#8243; _module_preset=&#8220;default&#8220; title_level=&#8220;h4&#8243; global_colors_info=&#8220;{}&#8220;][\/et_pb_heading][et_pb_text _builder_version=&#8220;4.27.4&#8243; _module_preset=&#8220;default&#8220; global_colors_info=&#8220;{}&#8220;]<\/p>\n<p>Die Gegend um Esbjerg ist ideal f\u00fcr einen aktiven Urlaub. Die Westk\u00fcste bietet gro\u00dfartige M\u00f6glichkeiten f\u00fcr Wassersportarten wie Kitesurfen, Windsurfen und Kajakfahren. F\u00fcr diejenigen, die das Land bevorzugen, gibt es zahlreiche Wander- und Fahrradrouten, die Sie durch malerische Gebiete entlang der K\u00fcste und im Landesinneren f\u00fchren. Bl\u00e5vand mit seinem breiten Strand und dem beeindruckenden Leuchtturm ist ebenfalls nur eine kurze Autofahrt entfernt und ein beliebtes Ausflugsziel.   <\/p>\n<p>Foto: Fliegender Oktober<\/p>\n<p>[\/et_pb_text][\/et_pb_column][\/et_pb_row][\/et_pb_section][et_pb_section fb_built=&#8220;1&#8243; _builder_version=&#8220;4.27.3&#8243; _module_preset=&#8220;default&#8220; global_colors_info=&#8220;{}&#8220;][et_pb_row _builder_version=&#8220;4.27.3&#8243; _module_preset=&#8220;default&#8220; global_colors_info=&#8220;{}&#8220;][et_pb_column type=&#8220;4_4&#8243; _builder_version=&#8220;4.27.3&#8243; _module_preset=&#8220;default&#8220; global_colors_info=&#8220;{}&#8220;][et_pb_heading title=&#8220;Planen Sie Ihren Besuch&#8220; _builder_version=&#8220;4.27.3&#8243; _module_preset=&#8220;default&#8220; title_level=&#8220;h4&#8243; title_text_align=&#8220;center&#8220; global_colors_info=&#8220;{}&#8220;][\/et_pb_heading][et_pb_text _builder_version=&#8220;4.27.4&#8243; _module_preset=&#8220;default&#8220; text_orientation=&#8220;center&#8220; global_colors_info=&#8220;{}&#8220;]<\/p>\n<p>Mit Esbjerg Camping als Ausgangspunkt haben Sie alles in Reichweite &#8211; von der Wildheit der K\u00fcste bis hin zu historischen St\u00e4dten und kulturellen Erlebnissen. Ganz gleich, ob Sie sich entspannen oder aktiv werden m\u00f6chten, Esbjerg und seine Umgebung sind der perfekte Ort, um sie zu erkunden. <\/p>\n<p>&nbsp;<\/p>\n<p>[\/et_pb_text][\/et_pb_column][\/et_pb_row][\/et_pb_section]<\/p>\n","protected":false},"excerpt":{"rendered":"<p>Esbjerg und UmgebungWillkommen auf Esbjerg Camping, wo Sie in der N\u00e4he der besten Erlebnisse in Westj\u00fctland sind! Esbjerg und die Umgebung bieten eine F\u00fclle von Aktivit\u00e4ten f\u00fcr Naturliebhaber, Kulturbegeisterte und Familien. Hier k\u00f6nnen Sie von herrlichen Naturerlebnissen am Wattenmeer bis hin zu aufregendem Stadtleben und historischen Sehensw\u00fcrdigkeiten alles genie\u00dfen. Nationalpark WattenmeerEsbjerg liegt direkt am Nationalpark [&hellip;]<\/p>\n","protected":false},"author":1,"featured_media":0,"parent":0,"menu_order":0,"comment_status":"closed","ping_status":"closed","template":"","meta":{"_et_pb_use_builder":"on","_et_pb_old_content":"","_et_gb_content_width":"","footnotes":""},"folder":[],"class_list":["post-101990","page","type-page","status-publish","hentry"],"yoast_head":"<!-- This site is optimized with the Yoast SEO plugin v27.4 - https:\/\/yoast.com\/product\/yoast-seo-wordpress\/ -->\n<title>Erlebnisse bei Esbjerg Camping | Aktivit\u00e4ten f\u00fcr die ganze Familie in Westj\u00fctland<\/title>\n<meta name=\"description\" content=\"Entdecken Sie die vielen M\u00f6glichkeiten Westj\u00fctlands in der N\u00e4he von Esbjerg Camping - vom Wattenmeer und Fan\u00f8 bis hin zu Museen, Einkaufsm\u00f6glichkeiten und Aktivit\u00e4ten f\u00fcr Kinder.\" \/>\n<meta name=\"robots\" content=\"index, follow, max-snippet:-1, max-image-preview:large, max-video-preview:-1\" \/>\n<link rel=\"canonical\" href=\"https:\/\/esbjergcamping.dk\/de\/erlebnisse-in-der-naehe\/\" \/>\n<meta property=\"og:locale\" content=\"de_DE\" \/>\n<meta property=\"og:type\" content=\"article\" \/>\n<meta property=\"og:title\" content=\"Erlebnisse bei Esbjerg Camping | Aktivit\u00e4ten f\u00fcr die ganze Familie in Westj\u00fctland\" \/>\n<meta property=\"og:description\" content=\"Entdecken Sie die vielen M\u00f6glichkeiten Westj\u00fctlands in der N\u00e4he von Esbjerg Camping - vom Wattenmeer und Fan\u00f8 bis hin zu Museen, Einkaufsm\u00f6glichkeiten und Aktivit\u00e4ten f\u00fcr Kinder.\" \/>\n<meta property=\"og:url\" content=\"https:\/\/esbjergcamping.dk\/de\/erlebnisse-in-der-naehe\/\" \/>\n<meta property=\"og:site_name\" content=\"Esbjerg Camping\" \/>\n<meta property=\"article:modified_time\" content=\"2025-04-07T07:58:29+00:00\" \/>\n<meta name=\"twitter:card\" content=\"summary_large_image\" \/>\n<meta name=\"twitter:label1\" content=\"Gesch\u00e4tzte Lesezeit\" \/>\n\t<meta name=\"twitter:data1\" content=\"9\u00a0Minuten\" \/>\n<script type=\"application\/ld+json\" class=\"yoast-schema-graph\">{\"@context\":\"https:\\\/\\\/schema.org\",\"@graph\":[{\"@type\":\"WebPage\",\"@id\":\"https:\\\/\\\/esbjergcamping.dk\\\/de\\\/erlebnisse-in-der-naehe\\\/\",\"url\":\"https:\\\/\\\/esbjergcamping.dk\\\/de\\\/erlebnisse-in-der-naehe\\\/\",\"name\":\"Erlebnisse bei Esbjerg Camping | Aktivit\u00e4ten f\u00fcr die ganze Familie in Westj\u00fctland\",\"isPartOf\":{\"@id\":\"https:\\\/\\\/esbjergcamping.dk\\\/de\\\/#website\"},\"datePublished\":\"2024-11-17T13:35:19+00:00\",\"dateModified\":\"2025-04-07T07:58:29+00:00\",\"description\":\"Entdecken Sie die vielen M\u00f6glichkeiten Westj\u00fctlands in der N\u00e4he von Esbjerg Camping - vom Wattenmeer und Fan\u00f8 bis hin zu Museen, Einkaufsm\u00f6glichkeiten und Aktivit\u00e4ten f\u00fcr Kinder.\",\"breadcrumb\":{\"@id\":\"https:\\\/\\\/esbjergcamping.dk\\\/de\\\/erlebnisse-in-der-naehe\\\/#breadcrumb\"},\"inLanguage\":\"de\",\"potentialAction\":[{\"@type\":\"ReadAction\",\"target\":[\"https:\\\/\\\/esbjergcamping.dk\\\/de\\\/erlebnisse-in-der-naehe\\\/\"]}]},{\"@type\":\"BreadcrumbList\",\"@id\":\"https:\\\/\\\/esbjergcamping.dk\\\/de\\\/erlebnisse-in-der-naehe\\\/#breadcrumb\",\"itemListElement\":[{\"@type\":\"ListItem\",\"position\":1,\"name\":\"Home\",\"item\":\"https:\\\/\\\/esbjergcamping.dk\\\/de\\\/\"},{\"@type\":\"ListItem\",\"position\":2,\"name\":\"Erlebnisse in der N\u00e4he\"}]},{\"@type\":\"WebSite\",\"@id\":\"https:\\\/\\\/esbjergcamping.dk\\\/de\\\/#website\",\"url\":\"https:\\\/\\\/esbjergcamping.dk\\\/de\\\/\",\"name\":\"Esbjerg Camping\",\"description\":\"Din n\u00e6ste campingferie\",\"potentialAction\":[{\"@type\":\"SearchAction\",\"target\":{\"@type\":\"EntryPoint\",\"urlTemplate\":\"https:\\\/\\\/esbjergcamping.dk\\\/de\\\/?s={search_term_string}\"},\"query-input\":{\"@type\":\"PropertyValueSpecification\",\"valueRequired\":true,\"valueName\":\"search_term_string\"}}],\"inLanguage\":\"de\"}]}<\/script>\n<!-- \/ Yoast SEO plugin. -->","yoast_head_json":{"title":"Erlebnisse bei Esbjerg Camping | Aktivit\u00e4ten f\u00fcr die ganze Familie in Westj\u00fctland","description":"Entdecken Sie die vielen M\u00f6glichkeiten Westj\u00fctlands in der N\u00e4he von Esbjerg Camping - vom Wattenmeer und Fan\u00f8 bis hin zu Museen, Einkaufsm\u00f6glichkeiten und Aktivit\u00e4ten f\u00fcr Kinder.","robots":{"index":"index","follow":"follow","max-snippet":"max-snippet:-1","max-image-preview":"max-image-preview:large","max-video-preview":"max-video-preview:-1"},"canonical":"https:\/\/esbjergcamping.dk\/de\/erlebnisse-in-der-naehe\/","og_locale":"de_DE","og_type":"article","og_title":"Erlebnisse bei Esbjerg Camping | Aktivit\u00e4ten f\u00fcr die ganze Familie in Westj\u00fctland","og_description":"Entdecken Sie die vielen M\u00f6glichkeiten Westj\u00fctlands in der N\u00e4he von Esbjerg Camping - vom Wattenmeer und Fan\u00f8 bis hin zu Museen, Einkaufsm\u00f6glichkeiten und Aktivit\u00e4ten f\u00fcr Kinder.","og_url":"https:\/\/esbjergcamping.dk\/de\/erlebnisse-in-der-naehe\/","og_site_name":"Esbjerg Camping","article_modified_time":"2025-04-07T07:58:29+00:00","twitter_card":"summary_large_image","twitter_misc":{"Gesch\u00e4tzte Lesezeit":"9\u00a0Minuten"},"schema":{"@context":"https:\/\/schema.org","@graph":[{"@type":"WebPage","@id":"https:\/\/esbjergcamping.dk\/de\/erlebnisse-in-der-naehe\/","url":"https:\/\/esbjergcamping.dk\/de\/erlebnisse-in-der-naehe\/","name":"Erlebnisse bei Esbjerg Camping | Aktivit\u00e4ten f\u00fcr die ganze Familie in Westj\u00fctland","isPartOf":{"@id":"https:\/\/esbjergcamping.dk\/de\/#website"},"datePublished":"2024-11-17T13:35:19+00:00","dateModified":"2025-04-07T07:58:29+00:00","description":"Entdecken Sie die vielen M\u00f6glichkeiten Westj\u00fctlands in der N\u00e4he von Esbjerg Camping - vom Wattenmeer und Fan\u00f8 bis hin zu Museen, Einkaufsm\u00f6glichkeiten und Aktivit\u00e4ten f\u00fcr Kinder.","breadcrumb":{"@id":"https:\/\/esbjergcamping.dk\/de\/erlebnisse-in-der-naehe\/#breadcrumb"},"inLanguage":"de","potentialAction":[{"@type":"ReadAction","target":["https:\/\/esbjergcamping.dk\/de\/erlebnisse-in-der-naehe\/"]}]},{"@type":"BreadcrumbList","@id":"https:\/\/esbjergcamping.dk\/de\/erlebnisse-in-der-naehe\/#breadcrumb","itemListElement":[{"@type":"ListItem","position":1,"name":"Home","item":"https:\/\/esbjergcamping.dk\/de\/"},{"@type":"ListItem","position":2,"name":"Erlebnisse in der N\u00e4he"}]},{"@type":"WebSite","@id":"https:\/\/esbjergcamping.dk\/de\/#website","url":"https:\/\/esbjergcamping.dk\/de\/","name":"Esbjerg Camping","description":"Din n\u00e6ste campingferie","potentialAction":[{"@type":"SearchAction","target":{"@type":"EntryPoint","urlTemplate":"https:\/\/esbjergcamping.dk\/de\/?s={search_term_string}"},"query-input":{"@type":"PropertyValueSpecification","valueRequired":true,"valueName":"search_term_string"}}],"inLanguage":"de"}]}},"_links":{"self":[{"href":"https:\/\/esbjergcamping.dk\/de\/wp-json\/wp\/v2\/pages\/101990","targetHints":{"allow":["GET"]}}],"collection":[{"href":"https:\/\/esbjergcamping.dk\/de\/wp-json\/wp\/v2\/pages"}],"about":[{"href":"https:\/\/esbjergcamping.dk\/de\/wp-json\/wp\/v2\/types\/page"}],"author":[{"embeddable":true,"href":"https:\/\/esbjergcamping.dk\/de\/wp-json\/wp\/v2\/users\/1"}],"replies":[{"embeddable":true,"href":"https:\/\/esbjergcamping.dk\/de\/wp-json\/wp\/v2\/comments?post=101990"}],"version-history":[{"count":2,"href":"https:\/\/esbjergcamping.dk\/de\/wp-json\/wp\/v2\/pages\/101990\/revisions"}],"predecessor-version":[{"id":101999,"href":"https:\/\/esbjergcamping.dk\/de\/wp-json\/wp\/v2\/pages\/101990\/revisions\/101999"}],"wp:attachment":[{"href":"https:\/\/esbjergcamping.dk\/de\/wp-json\/wp\/v2\/media?parent=101990"}],"wp:term":[{"taxonomy":"folder","embeddable":true,"href":"https:\/\/esbjergcamping.dk\/de\/wp-json\/wp\/v2\/folder?post=101990"}],"curies":[{"name":"wp","href":"https:\/\/api.w.org\/{rel}","templated":true}]}}