{"id":102022,"date":"2024-11-17T14:31:47","date_gmt":"2024-11-17T13:31:47","guid":{"rendered":"https:\/\/esbjergcamping.dk\/pool\/"},"modified":"2026-04-23T12:28:02","modified_gmt":"2026-04-23T11:28:02","slug":"pool","status":"publish","type":"page","link":"https:\/\/esbjergcamping.dk\/de\/das-quadrat\/pool\/","title":{"rendered":"Pool"},"content":{"rendered":"<p>[et_pb_section fb_built=&#8220;1&#8243; _builder_version=&#8220;4.27.4&#8243; _module_preset=&#8220;default&#8220; use_background_color_gradient=&#8220;on&#8220; background_color_gradient_direction=&#8220;45deg&#8220; background_color_gradient_stops=&#8220;rgba(0,0,0,0.6) 0%|rgba(0,0,0,0.6) 100%&#8220; background_color_gradient_overlays_image=&#8220;on&#8220; background_image=&#8220;https:\/\/esbjergcamping.dk\/wp-content\/uploads\/2025\/02\/DSC_8483.jpg&#8220; height=&#8220;400px&#8220; height_tablet=&#8220;350px&#8220; height_phone=&#8220;350px&#8220; height_last_edited=&#8220;on|phone&#8220; global_colors_info=&#8220;{}&#8220;][et_pb_row _builder_version=&#8220;4.17.3&#8243; _module_preset=&#8220;default&#8220; custom_padding=&#8220;||0px||false|false&#8220; global_colors_info=&#8220;{}&#8220;][et_pb_column type=&#8220;4_4&#8243; _builder_version=&#8220;4.17.3&#8243; _module_preset=&#8220;default&#8220; global_colors_info=&#8220;{}&#8220;][et_pb_text _builder_version=&#8220;4.27.4&#8243; _module_preset=&#8220;default&#8220; header_font=&#8220;||||||||&#8220; header_text_color=&#8220;#FFFFFF&#8220; header_2_text_color=&#8220;#FFFFFF&#8220; custom_margin=&#8220;||0px||false|false&#8220; global_colors_info=&#8220;{}&#8220;]<\/p>\n<h1>Camping mit Pool<\/h1>\n<p>[\/et_pb_text][\/et_pb_column][\/et_pb_row][et_pb_row _builder_version=&#8220;4.17.3&#8243; _module_preset=&#8220;default&#8220; custom_padding=&#8220;0px||||false|false&#8220; global_colors_info=&#8220;{}&#8220;][et_pb_column type=&#8220;4_4&#8243; _builder_version=&#8220;4.17.3&#8243; _module_preset=&#8220;default&#8220; global_colors_info=&#8220;{}&#8220;][et_pb_divider color=&#8220;gcid-7ce7b00a-a0f7-4559-8af2-0adef5afd391&#8243; _builder_version=&#8220;4.17.3&#8243; _module_preset=&#8220;default&#8220; height=&#8220;0px&#8220; custom_margin=&#8220;||0px||false|false&#8220; custom_padding=&#8220;||||false|false&#8220; global_colors_info=&#8220;{%22gcid-7ce7b00a-a0f7-4559-8af2-0adef5afd391%22:%91%22border_color_right%22,%22color%22%93}&#8220;][\/et_pb_divider][et_pb_divider show_divider=&#8220;off&#8220; admin_label=&#8220;Point right bottom&#8220; module_class=&#8220;dot-right-bottom sub-page-dot&#8220; _builder_version=&#8220;4.17.3&#8243; _module_preset=&#8220;default&#8220; height=&#8220;25px&#8220; border_width_right=&#8220;1px&#8220; border_color_right=&#8220;gcid-7ce7b00a-a0f7-4559-8af2-0adef5afd391&#8243; global_colors_info=&#8220;{%22gcid-7ce7b00a-a0f7-4559-8af2-0adef5afd391%22:%91%22border_color_right%22%93}&#8220;][\/et_pb_divider][\/et_pb_column][\/et_pb_row][\/et_pb_section][et_pb_section fb_built=&#8220;1&#8243; _builder_version=&#8220;4.27.3&#8243; _module_preset=&#8220;default&#8220; background_image=&#8220;https:\/\/esbjergcamping.dk\/wp-content\/uploads\/2024\/10\/corner-dots-left-top.png&#8220; background_size=&#8220;initial&#8220; background_position=&#8220;top_left&#8220; background_last_edited=&#8220;on|tablet&#8220; background_enable_image_tablet=&#8220;off&#8220; global_colors_info=&#8220;{}&#8220;][et_pb_row _builder_version=&#8220;4.27.3&#8243; _module_preset=&#8220;default&#8220; global_colors_info=&#8220;{}&#8220;][et_pb_column type=&#8220;4_4&#8243; _builder_version=&#8220;4.27.3&#8243; _module_preset=&#8220;default&#8220; global_colors_info=&#8220;{}&#8220;][et_pb_text _builder_version=&#8220;4.27.4&#8243; _module_preset=&#8220;default&#8220; global_colors_info=&#8220;{}&#8220;]<\/p>\n<p>Esbjerg Strand Camping ist stolz darauf, Ihnen unseren fantastischen Au\u00dfenpool zu pr\u00e4sentieren. Unser Pool ist der perfekte Ort, um sich an hei\u00dfen Sommertagen abzuk\u00fchlen und die Sonne zu genie\u00dfen. <\/p>\n<p>Egal, ob Sie mit der Familie oder allein hier sind, unser klares Wasser und der komfortable Poolbereich laden Sie zum Vergn\u00fcgen und zur Entspannung ein.<\/p>\n<p>[\/et_pb_text][\/et_pb_column][\/et_pb_row][et_pb_row column_structure=&#8220;1_2,1_2&#8243; _builder_version=&#8220;4.17.3&#8243; _module_preset=&#8220;default&#8220; custom_padding=&#8220;50px||35px||false|false&#8220; global_colors_info=&#8220;{}&#8220;][et_pb_column type=&#8220;1_2&#8243; _builder_version=&#8220;4.17.3&#8243; _module_preset=&#8220;default&#8220; custom_padding=&#8220;25px||||false|false&#8220; global_colors_info=&#8220;{}&#8220;][et_pb_text _builder_version=&#8220;4.27.4&#8243; _module_preset=&#8220;default&#8220; global_colors_info=&#8220;{}&#8220;]<\/p>\n<h2>Unser einladendes Schwimmbad<\/h2>\n<p>[\/et_pb_text][et_pb_text _builder_version=&#8220;4.27.5&#8243; _module_preset=&#8220;default&#8220; text_font=&#8220;||||||||&#8220; text_line_height=&#8220;1.8em&#8220; hover_enabled=&#8220;0&#8243; global_colors_info=&#8220;{}&#8220; sticky_enabled=&#8220;0&#8243;]<\/p>\n<p>An unserem Pool k\u00f6nnen Sie an lustigen Poolspielen und Wettbewerben teilnehmen, die regelm\u00e4\u00dfig von unseren Mitarbeitern organisiert werden. Das ist eine tolle M\u00f6glichkeit, andere Camper kennenzulernen und gemeinsame Erinnerungen zu schaffen.<\/p>\n<ul>\n<li>Schwimmbad 200 Quadratmeter mit Sonnenkollektoren beheizt<\/li>\n<li>Wasserkanone, Seifenblasenzone, Rutsche f\u00fcr die \u00e4lteren Kinder<\/li>\n<li>Kinderbecken mit Rutsche und Fliegenpilz f\u00fcr die Kleinsten<\/li>\n<li>Sonnenterrasse mit Liegest\u00fchlen<\/li>\n<li>Poolparty in der Hochsaison<\/li>\n<\/ul>\n<p>[\/et_pb_text][\/et_pb_column][et_pb_column type=&#8220;1_2&#8243; _builder_version=&#8220;4.17.3&#8243; _module_preset=&#8220;default&#8220; global_colors_info=&#8220;{}&#8220;][et_pb_image src=&#8220;https:\/\/esbjergcamping.dk\/wp-content\/uploads\/2025\/02\/Esbjerg-Camping_logo-70.jpg&#8220; title_text=&#8220;Esbjerg Camping_logo-70&#8243; _builder_version=&#8220;4.27.4&#8243; _module_preset=&#8220;default&#8220; animation_style=&#8220;slide&#8220; animation_direction=&#8220;right&#8220; animation_duration=&#8220;1500ms&#8220; animation_delay=&#8220;100ms&#8220; animation_intensity_slide=&#8220;5%&#8220; global_colors_info=&#8220;{}&#8220;][\/et_pb_image][\/et_pb_column][\/et_pb_row][\/et_pb_section][et_pb_section fb_built=&#8220;1&#8243; _builder_version=&#8220;4.27.3&#8243; _module_preset=&#8220;default&#8220; background_color=&#8220;gcid-d70a5a6a-d90d-43f0-b48d-3d8f33a6130e&#8220; global_colors_info=&#8220;{%22gcid-d70a5a6a-d90d-43f0-b48d-3d8f33a6130e%22:%91%22background_color%22%93}&#8220;][et_pb_row column_structure=&#8220;1_2,1_2&#8243; _builder_version=&#8220;4.27.3&#8243; _module_preset=&#8220;default&#8220; global_colors_info=&#8220;{}&#8220;][et_pb_column type=&#8220;1_2&#8243; _builder_version=&#8220;4.27.3&#8243; _module_preset=&#8220;default&#8220; global_colors_info=&#8220;{}&#8220;][et_pb_image src=&#8220;https:\/\/esbjergcamping.dk\/wp-content\/uploads\/2025\/02\/drone-pool-scaled-e1608553987234-1980&#215;1321-1.jpg&#8220; title_text=&#8220;drone-pool-scaled-e1608553987234-1980&#215;1321&#8243; _builder_version=&#8220;4.27.4&#8243; _module_preset=&#8220;default&#8220; global_colors_info=&#8220;{}&#8220;][\/et_pb_image][\/et_pb_column][et_pb_column type=&#8220;1_2&#8243; _builder_version=&#8220;4.27.3&#8243; _module_preset=&#8220;default&#8220; global_colors_info=&#8220;{}&#8220;][et_pb_heading title=&#8220;Nehmen Sie ein Bad in unserem 26 Grad warmen Pool&#8220; _builder_version=&#8220;4.27.4&#8243; _module_preset=&#8220;default&#8220; title_level=&#8220;h4&#8243; title_text_align=&#8220;left&#8220; global_colors_info=&#8220;{}&#8220;][\/et_pb_heading][et_pb_text _builder_version=&#8220;4.27.5&#8243; _module_preset=&#8220;default&#8220; hover_enabled=&#8220;0&#8243; global_colors_info=&#8220;{}&#8220; sticky_enabled=&#8220;0&#8243;]<\/p>\n<p data-start=\"46\" data-end=\"373\">Auf Esbjerg Camping k\u00f6nnen Sie ein Bad in unserem sch\u00f6nen beheizten Pool nehmen, der sowohl zur Entspannung als auch zum Spa\u00df f\u00fcr die ganze Familie geeignet ist. Ob die Sonne scheint, oder das Wetter etwas k\u00fchler ist, Sie k\u00f6nnen immer ein erfrischendes Bad im angenehmen Wasser nehmen, das von Pfingsten bis zum letzten Wochenende im August auf 26 Grad beheizt ist.<\/p>\n<p data-start=\"753\" data-end=\"1094\" data-is-last-node=\"\" data-is-only-node=\"\">Unser beheizter Pool ist eine unserer beliebtesten Einrichtungen und wir sind stolz darauf, unseren G\u00e4sten w\u00e4hrend ihres Aufenthalts ein wenig mehr Komfort und Vergn\u00fcgen zu bieten. Kommen Sie und erleben Sie unseren fantastischen Poolbereich, in dem Sie sowohl Entspannung als auch Spa\u00df im Wasser genie\u00dfen k\u00f6nnen &#8211; und schaffen Sie wunderbare Urlaubserinnerungen mit Ihren Liebsten.<\/p>\n<p>[\/et_pb_text][\/et_pb_column][\/et_pb_row][\/et_pb_section][et_pb_section fb_built=&#8220;1&#8243; _builder_version=&#8220;4.27.3&#8243; _module_preset=&#8220;default&#8220; background_color=&#8220;RGBA(255,255,255,0)&#8220; global_colors_info=&#8220;{}&#8220;][et_pb_row _builder_version=&#8220;4.27.3&#8243; _module_preset=&#8220;default&#8220; global_colors_info=&#8220;{}&#8220;][et_pb_column type=&#8220;4_4&#8243; _builder_version=&#8220;4.27.3&#8243; _module_preset=&#8220;default&#8220; global_colors_info=&#8220;{}&#8220;][et_pb_heading title=&#8220;Camping mit Schwimmbad &#8211; Urlaub mit Raum f\u00fcr Spiel und Entspannung&#8220; _builder_version=&#8220;4.27.4&#8243; _module_preset=&#8220;default&#8220; title_level=&#8220;h4&#8243; title_text_align=&#8220;left&#8220; global_colors_info=&#8220;{}&#8220;][\/et_pb_heading][et_pb_text _builder_version=&#8220;4.27.4&#8243; _module_preset=&#8220;default&#8220; global_colors_info=&#8220;{}&#8220;]<\/p>\n<p data-start=\"289\" data-end=\"494\" class=\"\">Sind Sie auf der Suche nach einem Campingplatz mit beheiztem Pool in J\u00fctland? Auf Esbjerg Camping kann die ganze Familie einen tollen Urlaub mit Zugang zu unserem Freibad genie\u00dfen &#8211; f\u00fcr \u00dcbernachtungsg\u00e4ste v\u00f6llig kostenlos. <\/p>\n<p data-start=\"496\" data-end=\"766\" class=\"\">Unser beheizter Poolbereich ist ein Hit bei Kindern und Erwachsenen gleicherma\u00dfen. Hier k\u00f6nnen Sie plantschen und sich in der Sonne entspannen. Der Pool ist von Juni bis Ende August ge\u00f6ffnet und hat eine angenehme Temperatur von etwa 26 Grad &#8211; egal, wie der d\u00e4nische Sommer ausf\u00e4llt.  <\/p>\n<p>[\/et_pb_text][\/et_pb_column][\/et_pb_row][et_pb_row _builder_version=&#8220;4.27.3&#8243; _module_preset=&#8220;default&#8220; global_colors_info=&#8220;{}&#8220;][et_pb_column type=&#8220;4_4&#8243; _builder_version=&#8220;4.27.3&#8243; _module_preset=&#8220;default&#8220; global_colors_info=&#8220;{}&#8220;][et_pb_heading title=&#8220;Campingplatz mit Schwimmbad in der N\u00e4he der Nordsee&#8220; _builder_version=&#8220;4.27.4&#8243; _module_preset=&#8220;default&#8220; title_level=&#8220;h4&#8243; global_colors_info=&#8220;{}&#8220;][\/et_pb_heading][et_pb_text _builder_version=&#8220;4.27.4&#8243; _module_preset=&#8220;default&#8220; global_colors_info=&#8220;{}&#8220;]<\/p>\n<p data-start=\"819\" data-end=\"1095\" class=\"\">Mit Esbjergs sch\u00f6ner Natur und der Nordsee im Hinterhof bekommen Sie das Beste aus beiden Welten: Aktivurlaub in der Natur und erfrischende B\u00e4der im Pool. Wir sind ein kinderfreundlicher Campingplatz mit vielen Einrichtungen f\u00fcr die ganze Familie &#8211; und das Schwimmbad ist zweifellos eines der Highlights. <\/p>\n<p data-start=\"1097\" data-end=\"1319\" class=\"\">Ob Sie ein Zelt, einen Wohnwagen oder eine H\u00fctte bevorzugen, Sie k\u00f6nnen in der N\u00e4he des Pools bleiben und den Sommer in vollen Z\u00fcgen genie\u00dfen. Esbjerg Camping ist eine gute Wahl, wenn Sie auf der Suche nach einem <strong data-start=\"1273\" data-end=\"1302\">Campingplatz mit Au\u00dfenpool<\/strong> in Westj\u00fctland sind. <\/p>\n<p>[\/et_pb_text][\/et_pb_column][\/et_pb_row][\/et_pb_section][et_pb_section fb_built=&#8220;1&#8243; _builder_version=&#8220;4.27.3&#8243; _module_preset=&#8220;default&#8220; background_color=&#8220;gcid-d70a5a6a-d90d-43f0-b48d-3d8f33a6130e&#8220; global_colors_info=&#8220;{%22gcid-d70a5a6a-d90d-43f0-b48d-3d8f33a6130e%22:%91%22background_color%22%93}&#8220;][et_pb_row _builder_version=&#8220;4.27.3&#8243; _module_preset=&#8220;default&#8220; global_colors_info=&#8220;{}&#8220;][et_pb_column type=&#8220;4_4&#8243; _builder_version=&#8220;4.27.3&#8243; _module_preset=&#8220;default&#8220; global_colors_info=&#8220;{}&#8220;][et_pb_heading title=&#8220;Campingpl\u00e4tze mit Schwimmbad in J\u00fctland &#8211; w\u00e4hlen Sie Esbjerg Camping&#8220; _builder_version=&#8220;4.27.4&#8243; _module_preset=&#8220;default&#8220; title_level=&#8220;h4&#8243; title_text_align=&#8220;left&#8220; global_colors_info=&#8220;{}&#8220;][\/et_pb_heading][et_pb_text _builder_version=&#8220;4.27.4&#8243; _module_preset=&#8220;default&#8220; global_colors_info=&#8220;{}&#8220;]<\/p>\n<p>Wenn Sie von einem Sommerurlaub voller Sonne, Schwimmen und Outdoor-Leben tr\u00e4umen, ist Esbjerg Camping die offensichtliche Wahl. Wir sind einer der wenigen <strong data-start=\"1513\" data-end=\"1558\">Campingpl\u00e4tze mit Swimmingpool in J\u00fctland<\/strong>, wo Sie die Kombination aus Entspannung, Spa\u00df und Naturerlebnissen direkt vor der Haust\u00fcr bekommen. <\/p>\n<p>[\/et_pb_text][\/et_pb_column][\/et_pb_row][et_pb_row column_structure=&#8220;1_3,1_3,1_3&#8243; _builder_version=&#8220;4.27.3&#8243; _module_preset=&#8220;default&#8220; global_colors_info=&#8220;{}&#8220;][et_pb_column type=&#8220;1_3&#8243; _builder_version=&#8220;4.27.3&#8243; _module_preset=&#8220;default&#8220; global_colors_info=&#8220;{}&#8220;][et_pb_image src=&#8220;https:\/\/esbjergcamping.dk\/wp-content\/uploads\/2025\/02\/DSC_8483-1.jpg&#8220; title_text=&#8220;DSC_8483 (1)&#8220; _builder_version=&#8220;4.27.4&#8243; _module_preset=&#8220;default&#8220; global_colors_info=&#8220;{}&#8220;][\/et_pb_image][\/et_pb_column][et_pb_column type=&#8220;1_3&#8243; _builder_version=&#8220;4.27.3&#8243; _module_preset=&#8220;default&#8220; global_colors_info=&#8220;{}&#8220;][et_pb_image src=&#8220;https:\/\/esbjergcamping.dk\/wp-content\/uploads\/2025\/02\/Esbjerg-Camping_logo-65.jpg&#8220; title_text=&#8220;Esbjerg Camping_logo-65&#8243; _builder_version=&#8220;4.27.4&#8243; _module_preset=&#8220;default&#8220; global_colors_info=&#8220;{}&#8220;][\/et_pb_image][\/et_pb_column][et_pb_column type=&#8220;1_3&#8243; _builder_version=&#8220;4.27.3&#8243; _module_preset=&#8220;default&#8220; global_colors_info=&#8220;{}&#8220;][et_pb_image src=&#8220;https:\/\/esbjergcamping.dk\/wp-content\/uploads\/2025\/02\/DSC_0096.jpg&#8220; title_text=&#8220;DSC_0096&#8243; _builder_version=&#8220;4.27.4&#8243; _module_preset=&#8220;default&#8220; global_colors_info=&#8220;{}&#8220;][\/et_pb_image][\/et_pb_column][\/et_pb_row][\/et_pb_section]<\/p>\n","protected":false},"excerpt":{"rendered":"<p>Camping mit PoolEsbjerg Strand Camping ist stolz darauf, Ihnen unseren fantastischen Au\u00dfenpool zu pr\u00e4sentieren. Unser Pool ist der perfekte Ort, um sich an hei\u00dfen Sommertagen abzuk\u00fchlen und die Sonne zu genie\u00dfen. Egal, ob Sie mit der Familie oder allein hier sind, unser klares Wasser und der komfortable Poolbereich laden Sie zum Vergn\u00fcgen und zur Entspannung [&hellip;]<\/p>\n","protected":false},"author":1,"featured_media":0,"parent":102072,"menu_order":0,"comment_status":"closed","ping_status":"closed","template":"","meta":{"_et_pb_use_builder":"on","_et_pb_old_content":"","_et_gb_content_width":"","footnotes":""},"folder":[],"class_list":["post-102022","page","type-page","status-publish","hentry"],"yoast_head":"<!-- This site is optimized with the Yoast SEO plugin v27.4 - https:\/\/yoast.com\/product\/yoast-seo-wordpress\/ -->\n<title>Camping mit beheiztem Pool in Westj\u00fctland | Esbjerg Camping<\/title>\n<meta name=\"description\" content=\"Genie\u00dfen Sie ein sch\u00f6nes Bad im beheizten Pool auf Esbjerg Camping. Perfekt f\u00fcr Kinder und Erwachsene - entspannen und spielen Sie den ganzen Sommer lang.\" \/>\n<meta name=\"robots\" content=\"index, follow, max-snippet:-1, max-image-preview:large, max-video-preview:-1\" \/>\n<link rel=\"canonical\" href=\"https:\/\/esbjergcamping.dk\/de\/das-quadrat\/pool\/\" \/>\n<meta property=\"og:locale\" content=\"de_DE\" \/>\n<meta property=\"og:type\" content=\"article\" \/>\n<meta property=\"og:title\" content=\"Camping mit beheiztem Pool in Westj\u00fctland | Esbjerg Camping\" \/>\n<meta property=\"og:description\" content=\"Genie\u00dfen Sie ein sch\u00f6nes Bad im beheizten Pool auf Esbjerg Camping. Perfekt f\u00fcr Kinder und Erwachsene - entspannen und spielen Sie den ganzen Sommer lang.\" \/>\n<meta property=\"og:url\" content=\"https:\/\/esbjergcamping.dk\/de\/das-quadrat\/pool\/\" \/>\n<meta property=\"og:site_name\" content=\"Esbjerg Camping\" \/>\n<meta property=\"article:modified_time\" content=\"2026-04-23T11:28:02+00:00\" \/>\n<meta name=\"twitter:card\" content=\"summary_large_image\" \/>\n<meta name=\"twitter:label1\" content=\"Gesch\u00e4tzte Lesezeit\" \/>\n\t<meta name=\"twitter:data1\" content=\"8\u00a0Minuten\" \/>\n<script type=\"application\/ld+json\" class=\"yoast-schema-graph\">{\"@context\":\"https:\\\/\\\/schema.org\",\"@graph\":[{\"@type\":\"WebPage\",\"@id\":\"https:\\\/\\\/esbjergcamping.dk\\\/de\\\/das-quadrat\\\/pool\\\/\",\"url\":\"https:\\\/\\\/esbjergcamping.dk\\\/de\\\/das-quadrat\\\/pool\\\/\",\"name\":\"Camping mit beheiztem Pool in Westj\u00fctland | Esbjerg Camping\",\"isPartOf\":{\"@id\":\"https:\\\/\\\/esbjergcamping.dk\\\/de\\\/#website\"},\"datePublished\":\"2024-11-17T13:31:47+00:00\",\"dateModified\":\"2026-04-23T11:28:02+00:00\",\"description\":\"Genie\u00dfen Sie ein sch\u00f6nes Bad im beheizten Pool auf Esbjerg Camping. Perfekt f\u00fcr Kinder und Erwachsene - entspannen und spielen Sie den ganzen Sommer lang.\",\"breadcrumb\":{\"@id\":\"https:\\\/\\\/esbjergcamping.dk\\\/de\\\/das-quadrat\\\/pool\\\/#breadcrumb\"},\"inLanguage\":\"de\",\"potentialAction\":[{\"@type\":\"ReadAction\",\"target\":[\"https:\\\/\\\/esbjergcamping.dk\\\/de\\\/das-quadrat\\\/pool\\\/\"]}]},{\"@type\":\"BreadcrumbList\",\"@id\":\"https:\\\/\\\/esbjergcamping.dk\\\/de\\\/das-quadrat\\\/pool\\\/#breadcrumb\",\"itemListElement\":[{\"@type\":\"ListItem\",\"position\":1,\"name\":\"Home\",\"item\":\"https:\\\/\\\/esbjergcamping.dk\\\/de\\\/\"},{\"@type\":\"ListItem\",\"position\":2,\"name\":\"Das Quadrat\",\"item\":\"https:\\\/\\\/esbjergcamping.dk\\\/de\\\/das-quadrat\\\/\"},{\"@type\":\"ListItem\",\"position\":3,\"name\":\"Pool\"}]},{\"@type\":\"WebSite\",\"@id\":\"https:\\\/\\\/esbjergcamping.dk\\\/de\\\/#website\",\"url\":\"https:\\\/\\\/esbjergcamping.dk\\\/de\\\/\",\"name\":\"Esbjerg Camping\",\"description\":\"Din n\u00e6ste campingferie\",\"potentialAction\":[{\"@type\":\"SearchAction\",\"target\":{\"@type\":\"EntryPoint\",\"urlTemplate\":\"https:\\\/\\\/esbjergcamping.dk\\\/de\\\/?s={search_term_string}\"},\"query-input\":{\"@type\":\"PropertyValueSpecification\",\"valueRequired\":true,\"valueName\":\"search_term_string\"}}],\"inLanguage\":\"de\"}]}<\/script>\n<!-- \/ Yoast SEO plugin. -->","yoast_head_json":{"title":"Camping mit beheiztem Pool in Westj\u00fctland | Esbjerg Camping","description":"Genie\u00dfen Sie ein sch\u00f6nes Bad im beheizten Pool auf Esbjerg Camping. Perfekt f\u00fcr Kinder und Erwachsene - entspannen und spielen Sie den ganzen Sommer lang.","robots":{"index":"index","follow":"follow","max-snippet":"max-snippet:-1","max-image-preview":"max-image-preview:large","max-video-preview":"max-video-preview:-1"},"canonical":"https:\/\/esbjergcamping.dk\/de\/das-quadrat\/pool\/","og_locale":"de_DE","og_type":"article","og_title":"Camping mit beheiztem Pool in Westj\u00fctland | Esbjerg Camping","og_description":"Genie\u00dfen Sie ein sch\u00f6nes Bad im beheizten Pool auf Esbjerg Camping. Perfekt f\u00fcr Kinder und Erwachsene - entspannen und spielen Sie den ganzen Sommer lang.","og_url":"https:\/\/esbjergcamping.dk\/de\/das-quadrat\/pool\/","og_site_name":"Esbjerg Camping","article_modified_time":"2026-04-23T11:28:02+00:00","twitter_card":"summary_large_image","twitter_misc":{"Gesch\u00e4tzte Lesezeit":"8\u00a0Minuten"},"schema":{"@context":"https:\/\/schema.org","@graph":[{"@type":"WebPage","@id":"https:\/\/esbjergcamping.dk\/de\/das-quadrat\/pool\/","url":"https:\/\/esbjergcamping.dk\/de\/das-quadrat\/pool\/","name":"Camping mit beheiztem Pool in Westj\u00fctland | Esbjerg Camping","isPartOf":{"@id":"https:\/\/esbjergcamping.dk\/de\/#website"},"datePublished":"2024-11-17T13:31:47+00:00","dateModified":"2026-04-23T11:28:02+00:00","description":"Genie\u00dfen Sie ein sch\u00f6nes Bad im beheizten Pool auf Esbjerg Camping. Perfekt f\u00fcr Kinder und Erwachsene - entspannen und spielen Sie den ganzen Sommer lang.","breadcrumb":{"@id":"https:\/\/esbjergcamping.dk\/de\/das-quadrat\/pool\/#breadcrumb"},"inLanguage":"de","potentialAction":[{"@type":"ReadAction","target":["https:\/\/esbjergcamping.dk\/de\/das-quadrat\/pool\/"]}]},{"@type":"BreadcrumbList","@id":"https:\/\/esbjergcamping.dk\/de\/das-quadrat\/pool\/#breadcrumb","itemListElement":[{"@type":"ListItem","position":1,"name":"Home","item":"https:\/\/esbjergcamping.dk\/de\/"},{"@type":"ListItem","position":2,"name":"Das Quadrat","item":"https:\/\/esbjergcamping.dk\/de\/das-quadrat\/"},{"@type":"ListItem","position":3,"name":"Pool"}]},{"@type":"WebSite","@id":"https:\/\/esbjergcamping.dk\/de\/#website","url":"https:\/\/esbjergcamping.dk\/de\/","name":"Esbjerg Camping","description":"Din n\u00e6ste campingferie","potentialAction":[{"@type":"SearchAction","target":{"@type":"EntryPoint","urlTemplate":"https:\/\/esbjergcamping.dk\/de\/?s={search_term_string}"},"query-input":{"@type":"PropertyValueSpecification","valueRequired":true,"valueName":"search_term_string"}}],"inLanguage":"de"}]}},"_links":{"self":[{"href":"https:\/\/esbjergcamping.dk\/de\/wp-json\/wp\/v2\/pages\/102022","targetHints":{"allow":["GET"]}}],"collection":[{"href":"https:\/\/esbjergcamping.dk\/de\/wp-json\/wp\/v2\/pages"}],"about":[{"href":"https:\/\/esbjergcamping.dk\/de\/wp-json\/wp\/v2\/types\/page"}],"author":[{"embeddable":true,"href":"https:\/\/esbjergcamping.dk\/de\/wp-json\/wp\/v2\/users\/1"}],"replies":[{"embeddable":true,"href":"https:\/\/esbjergcamping.dk\/de\/wp-json\/wp\/v2\/comments?post=102022"}],"version-history":[{"count":4,"href":"https:\/\/esbjergcamping.dk\/de\/wp-json\/wp\/v2\/pages\/102022\/revisions"}],"predecessor-version":[{"id":103848,"href":"https:\/\/esbjergcamping.dk\/de\/wp-json\/wp\/v2\/pages\/102022\/revisions\/103848"}],"up":[{"embeddable":true,"href":"https:\/\/esbjergcamping.dk\/de\/wp-json\/wp\/v2\/pages\/102072"}],"wp:attachment":[{"href":"https:\/\/esbjergcamping.dk\/de\/wp-json\/wp\/v2\/media?parent=102022"}],"wp:term":[{"taxonomy":"folder","embeddable":true,"href":"https:\/\/esbjergcamping.dk\/de\/wp-json\/wp\/v2\/folder?post=102022"}],"curies":[{"name":"wp","href":"https:\/\/api.w.org\/{rel}","templated":true}]}}