{"id":102028,"date":"2024-11-17T14:32:43","date_gmt":"2024-11-17T13:32:43","guid":{"rendered":"https:\/\/esbjergcamping.dk\/besondere-angebote\/"},"modified":"2025-05-06T08:38:07","modified_gmt":"2025-05-06T07:38:07","slug":"besondere-angebote","status":"publish","type":"page","link":"https:\/\/esbjergcamping.dk\/de\/besondere-angebote\/","title":{"rendered":"Besondere Angebote"},"content":{"rendered":"<p>[et_pb_section fb_built=&#8220;1&#8243; _builder_version=&#8220;4.27.4&#8243; _module_preset=&#8220;default&#8220; use_background_color_gradient=&#8220;on&#8220; background_color_gradient_direction=&#8220;45deg&#8220; background_color_gradient_stops=&#8220;rgba(0,0,0,0.6) 0%|rgba(0,0,0,0.6) 100%&#8220; background_color_gradient_overlays_image=&#8220;on&#8220; background_image=&#8220;https:\/\/esbjergcamping.dk\/wp-content\/uploads\/2025\/03\/Selects_Footage_v01.00_54_28_12.Still030-2-1.jpg&#8220; background_position=&#8220;top_center&#8220; height=&#8220;400px&#8220; height_tablet=&#8220;350px&#8220; height_phone=&#8220;350px&#8220; height_last_edited=&#8220;on|phone&#8220; global_colors_info=&#8220;{}&#8220;][et_pb_row _builder_version=&#8220;4.17.3&#8243; _module_preset=&#8220;default&#8220; custom_padding=&#8220;||0px||false|false&#8220; global_colors_info=&#8220;{}&#8220;][et_pb_column type=&#8220;4_4&#8243; _builder_version=&#8220;4.17.3&#8243; _module_preset=&#8220;default&#8220; global_colors_info=&#8220;{}&#8220;][et_pb_text _builder_version=&#8220;4.27.4&#8243; _module_preset=&#8220;default&#8220; header_font=&#8220;||||||||&#8220; header_text_color=&#8220;#FFFFFF&#8220; header_2_text_color=&#8220;#FFFFFF&#8220; custom_margin=&#8220;||0px||false|false&#8220; border_color_all=&#8220;gcid-7ce7b00a-a0f7-4559-8af2-0adef5afd391&#8243; global_colors_info=&#8220;{%22gcid-7ce7b00a-a0f7-4559-8af2-0adef5afd391%22:%91%22border_color_all%22%93}&#8220;]<\/p>\n<h1>Unser Angebot<\/h1>\n<p>[\/et_pb_text][\/et_pb_column][\/et_pb_row][et_pb_row _builder_version=&#8220;4.17.3&#8243; _module_preset=&#8220;default&#8220; custom_padding=&#8220;0px||||false|false&#8220; global_colors_info=&#8220;{}&#8220;][et_pb_column type=&#8220;4_4&#8243; _builder_version=&#8220;4.17.3&#8243; _module_preset=&#8220;default&#8220; global_colors_info=&#8220;{}&#8220;][et_pb_divider color=&#8220;gcid-7ce7b00a-a0f7-4559-8af2-0adef5afd391&#8243; _builder_version=&#8220;4.17.3&#8243; _module_preset=&#8220;default&#8220; height=&#8220;0px&#8220; custom_margin=&#8220;||0px||false|false&#8220; custom_padding=&#8220;||||false|false&#8220; global_colors_info=&#8220;{%22gcid-7ce7b00a-a0f7-4559-8af2-0adef5afd391%22:%91%22border_color_right%22,%22color%22%93}&#8220;][\/et_pb_divider][et_pb_divider show_divider=&#8220;off&#8220; admin_label=&#8220;Point right bottom&#8220; module_class=&#8220;dot-right-bottom sub-page-dot&#8220; _builder_version=&#8220;4.17.3&#8243; _module_preset=&#8220;default&#8220; height=&#8220;25px&#8220; border_width_right=&#8220;1px&#8220; border_color_right=&#8220;gcid-7ce7b00a-a0f7-4559-8af2-0adef5afd391&#8243; global_colors_info=&#8220;{%22gcid-7ce7b00a-a0f7-4559-8af2-0adef5afd391%22:%91%22border_color_right%22%93}&#8220;][\/et_pb_divider][\/et_pb_column][\/et_pb_row][\/et_pb_section][et_pb_section fb_built=&#8220;1&#8243; _builder_version=&#8220;4.27.3&#8243; _module_preset=&#8220;default&#8220; background_image=&#8220;https:\/\/esbjergcamping.dk\/wp-content\/uploads\/2024\/10\/corner-dots-left-top.png&#8220; background_size=&#8220;initial&#8220; background_position=&#8220;top_left&#8220; background_last_edited=&#8220;on|tablet&#8220; background_enable_image_tablet=&#8220;off&#8220; global_colors_info=&#8220;{}&#8220;][et_pb_row _builder_version=&#8220;4.27.3&#8243; _module_preset=&#8220;default&#8220; custom_padding=&#8220;50px||35px||false|false&#8220; global_colors_info=&#8220;{}&#8220;][et_pb_column type=&#8220;4_4&#8243; _builder_version=&#8220;4.17.3&#8243; _module_preset=&#8220;default&#8220; custom_padding=&#8220;25px||||false|false&#8220; global_colors_info=&#8220;{}&#8220;][et_pb_text _builder_version=&#8220;4.27.4&#8243; _module_preset=&#8220;default&#8220; text_font=&#8220;||||||||&#8220; text_line_height=&#8220;1.8em&#8220; text_orientation=&#8220;center&#8220; global_colors_info=&#8220;{}&#8220;]<\/p>\n<p data-start=\"43\" data-end=\"336\">\n<p data-start=\"43\" data-end=\"336\">Halten Sie Ausschau nach tollen Rabatten und spannenden Angeboten auf Esbjerg Camping f\u00fcr einen unvergesslichen Urlaub. Ob Sie die Natur genie\u00dfen, die Gegend erkunden oder sich entspannen m\u00f6chten, wir haben das perfekte Angebot f\u00fcr Sie. <\/p>\n<p data-start=\"338\" data-end=\"423\" data-is-last-node=\"\" data-is-only-node=\"\">Buchen Sie noch heute Ihren Urlaub und erhalten Sie mehr f\u00fcr Ihr Geld &#8211; wir freuen uns auf Sie!<\/p>\n<p>[\/et_pb_text][\/et_pb_column][\/et_pb_row][\/et_pb_section][et_pb_section fb_built=&#8220;1&#8243; _builder_version=&#8220;4.27.3&#8243; _module_preset=&#8220;default&#8220; background_color=&#8220;gcid-d70a5a6a-d90d-43f0-b48d-3d8f33a6130e&#8220; global_colors_info=&#8220;{%22gcid-d70a5a6a-d90d-43f0-b48d-3d8f33a6130e%22:%91%22background_color%22%93}&#8220;][et_pb_row column_structure=&#8220;1_2,1_2&#8243; _builder_version=&#8220;4.27.3&#8243; _module_preset=&#8220;default&#8220; global_colors_info=&#8220;{}&#8220;][et_pb_column type=&#8220;1_2&#8243; _builder_version=&#8220;4.27.3&#8243; _module_preset=&#8220;default&#8220; global_colors_info=&#8220;{}&#8220;][et_pb_image src=&#8220;https:\/\/esbjergcamping.dk\/wp-content\/uploads\/2025\/03\/DSC04689-Edit.jpg&#8220; title_text=&#8220;DSC04689-Bearbeiten&#8220; _builder_version=&#8220;4.27.4&#8243; _module_preset=&#8220;default&#8220; global_colors_info=&#8220;{}&#8220;][\/et_pb_image][\/et_pb_column][et_pb_column type=&#8220;1_2&#8243; _builder_version=&#8220;4.27.3&#8243; _module_preset=&#8220;default&#8220; global_colors_info=&#8220;{}&#8220;][et_pb_heading title=&#8220;Verschaffen Sie sich einen Vorsprung vor Ihren Sommerferien mit Camping in Kr. Christi Himmelfahrt &#8220; _builder_version=&#8220;4.27.4&#8243; _module_preset=&#8220;default&#8220; title_level=&#8220;h4&#8243; title_text_align=&#8220;left&#8220; global_colors_info=&#8220;{}&#8220;][\/et_pb_heading][et_pb_text _builder_version=&#8220;4.27.4&#8243; _module_preset=&#8220;default&#8220; global_colors_info=&#8220;{}&#8220;]<\/p>\n<p>Mit dem herrlich langen Kr. Himmelfahrtswochenende stehen die Tr\u00e4ume vom Sommerurlaub vor der T\u00fcr.  Auf<span> <\/span><a href=\"https:\/\/esbjergcamping.dk\/de\/\" target=\"_blank\" rel=\"noopener\">Esbjerg Camping<\/a><span> <\/span>k\u00f6nnen Sie sich in Ihrem Wohnwagen ein paar wohlverdiente freie Tage g\u00f6nnen, w\u00e4hrend sich die Kinder auf dem Spielplatz vergn\u00fcgen, die Ziegen streicheln oder an einer der vielen anderen Aktivit\u00e4ten vor Ort teilnehmen.<\/p>\n<p>Wenn Sie Fahrr\u00e4der dabei haben, gibt es direkt hinter dem Campingplatz einen sehr sch\u00f6nen Radweg am Wasser entlang, auf dem auch die unerfahrensten Radfahrer sicher fahren k\u00f6nnen.<\/p>\n<p>[\/et_pb_text][\/et_pb_column][\/et_pb_row][et_pb_row column_structure=&#8220;1_2,1_2&#8243; _builder_version=&#8220;4.27.3&#8243; _module_preset=&#8220;default&#8220; global_colors_info=&#8220;{}&#8220;][et_pb_column type=&#8220;1_2&#8243; _builder_version=&#8220;4.27.3&#8243; _module_preset=&#8220;default&#8220; global_colors_info=&#8220;{}&#8220;][et_pb_heading title=&#8220;Genie\u00dfen Sie Pfingsten mit einem beheizten Pool&#8220; _builder_version=&#8220;4.27.4&#8243; _module_preset=&#8220;default&#8220; title_level=&#8220;h4&#8243; global_colors_info=&#8220;{}&#8220;][\/et_pb_heading][et_pb_text _builder_version=&#8220;4.27.4&#8243; _module_preset=&#8220;default&#8220; global_colors_info=&#8220;{}&#8220;]<\/p>\n<p>Auf<span> <\/span><a href=\"https:\/\/esbjergcamping.dk\/de\/\" target=\"_blank\" rel=\"noopener\">Esbjerg Camping<\/a><span> <\/span>Kr. Das Himmelfahrtswochenende bedeutet die Er\u00f6ffnung des Au\u00dfenpools und die erste Poolparty des Jahres (wenn das Wetter mitspielt). <\/p>\n<p>Unser Pool ist immer auf mindestens 26 Grad beheizt, so dass er immer sch\u00f6n warm ist. Und wenn die Kinder mit dem Herumtollen im Wasser fertig sind, k\u00f6nnen sie das Gel\u00e4nde erkunden, wo es viele andere lustige<span> <\/span><a href=\"https:\/\/esbjergcamping.dk\/oplevelser\/aktiviteter\/\" target=\"_blank\" rel=\"noopener\">Aktivit\u00e4ten gibt.<\/a><\/p>\n<p>Da das Kr. Da das Himmelfahrtswochenende sch\u00f6n lang ist, haben Sie gen\u00fcgend Zeit, um die Umgebung zu erkunden. Wir k\u00f6nnen Ihnen einen Ausflug nach Bl\u00e5vand empfehlen, wo es vor Leben nur so wimmelt und wo es viele tolle Einkaufsm\u00f6glichkeiten sowie viele wunderbare Restaurants f\u00fcr den kleinen und gro\u00dfen Hunger gibt.  <\/p>\n<p>Wir haben eine kostenlose Leerfahrt zwischen Kr. Himmelfahrt und Pfingsten. Z\u00f6gern Sie also nicht, uns zu kontaktieren, wenn Sie dieses Angebot nutzen m\u00f6chten. <\/p>\n<p>[\/et_pb_text][\/et_pb_column][et_pb_column type=&#8220;1_2&#8243; _builder_version=&#8220;4.27.3&#8243; _module_preset=&#8220;default&#8220; global_colors_info=&#8220;{}&#8220;][et_pb_image src=&#8220;https:\/\/esbjergcamping.dk\/wp-content\/uploads\/2025\/03\/DSC_8478.jpg&#8220; title_text=&#8220;DSC_8478&#8243; disabled_on=&#8220;on|on|off&#8220; _builder_version=&#8220;4.27.4&#8243; _module_preset=&#8220;default&#8220; locked=&#8220;off&#8220; global_colors_info=&#8220;{}&#8220;][\/et_pb_image][\/et_pb_column][\/et_pb_row][\/et_pb_section][et_pb_section fb_built=&#8220;1&#8243; _builder_version=&#8220;4.27.3&#8243; _module_preset=&#8220;default&#8220; global_colors_info=&#8220;{}&#8220;][et_pb_row column_structure=&#8220;1_2,1_2&#8243; _builder_version=&#8220;4.27.3&#8243; _module_preset=&#8220;default&#8220; global_colors_info=&#8220;{}&#8220;][et_pb_column type=&#8220;1_2&#8243; _builder_version=&#8220;4.27.3&#8243; _module_preset=&#8220;default&#8220; global_colors_info=&#8220;{}&#8220;][et_pb_image src=&#8220;https:\/\/esbjergcamping.dk\/wp-content\/uploads\/2025\/03\/Esbjerg_Strand_Camping_v01.00_11_16_04.Still011-2.jpg&#8220; title_text=&#8220;Esbjerg_Strand_Camping_v01.00_11_16_04.Still011-2&#8243; _builder_version=&#8220;4.27.4&#8243; _module_preset=&#8220;default&#8220; global_colors_info=&#8220;{}&#8220;][\/et_pb_image][\/et_pb_column][et_pb_column type=&#8220;1_2&#8243; _builder_version=&#8220;4.27.3&#8243; _module_preset=&#8220;default&#8220; global_colors_info=&#8220;{}&#8220;][et_pb_heading title=&#8220;Seniorencamping f\u00fcr Personen ab 55 Jahren&#8220; _builder_version=&#8220;4.27.4&#8243; _module_preset=&#8220;default&#8220; title_level=&#8220;h4&#8243; title_text_align=&#8220;left&#8220; global_colors_info=&#8220;{}&#8220;][\/et_pb_heading][et_pb_text _builder_version=&#8220;4.27.4&#8243; _module_preset=&#8220;default&#8220; hover_enabled=&#8220;0&#8243; global_colors_info=&#8220;{}&#8220; sticky_enabled=&#8220;0&#8243;]<\/p>\n<p>\u00c4ltere Paare in der Nebensaison (nicht an Feiertagen), buchen Sie min. 3 N\u00e4chte f\u00fcr nur 205,- pro Nacht + Stromverbrauch. <\/p>\n<p>Senior Single in der Nebensaison (nicht an Feiertagen), buchen Sie min. 3 N\u00e4chte f\u00fcr nur 140,- pro Nacht + Stromverbrauch. <\/p>\n<p>&nbsp;<\/p>\n<p>[\/et_pb_text][\/et_pb_column][\/et_pb_row][\/et_pb_section]<\/p>\n","protected":false},"excerpt":{"rendered":"<p>Unser Angebot Halten Sie Ausschau nach tollen Rabatten und spannenden Angeboten auf Esbjerg Camping f\u00fcr einen unvergesslichen Urlaub. Ob Sie die Natur genie\u00dfen, die Gegend erkunden oder sich entspannen m\u00f6chten, wir haben das perfekte Angebot f\u00fcr Sie. Buchen Sie noch heute Ihren Urlaub und erhalten Sie mehr f\u00fcr Ihr Geld &#8211; wir freuen uns auf [&hellip;]<\/p>\n","protected":false},"author":1,"featured_media":0,"parent":0,"menu_order":0,"comment_status":"closed","ping_status":"closed","template":"","meta":{"_et_pb_use_builder":"on","_et_pb_old_content":"","_et_gb_content_width":"","footnotes":""},"folder":[],"class_list":["post-102028","page","type-page","status-publish","hentry"],"yoast_head":"<!-- This site is optimized with the Yoast SEO plugin v27.4 - https:\/\/yoast.com\/product\/yoast-seo-wordpress\/ -->\n<title>Aktuelle Campingangebote | Sparen Sie Geld beim Urlaub in Esbjerg und Umgebung<\/title>\n<meta name=\"description\" content=\"Finden Sie aktuelle Campingangebote auf Esbjerg Camping - von Schulferien und Feiertagswochenenden bis zu Seniorencamping.\" \/>\n<meta name=\"robots\" content=\"index, follow, max-snippet:-1, max-image-preview:large, max-video-preview:-1\" \/>\n<link rel=\"canonical\" href=\"https:\/\/esbjergcamping.dk\/de\/besondere-angebote\/\" \/>\n<meta property=\"og:locale\" content=\"de_DE\" \/>\n<meta property=\"og:type\" content=\"article\" \/>\n<meta property=\"og:title\" content=\"Aktuelle Campingangebote | Sparen Sie Geld beim Urlaub in Esbjerg und Umgebung\" \/>\n<meta property=\"og:description\" content=\"Finden Sie aktuelle Campingangebote auf Esbjerg Camping - von Schulferien und Feiertagswochenenden bis zu Seniorencamping.\" \/>\n<meta property=\"og:url\" content=\"https:\/\/esbjergcamping.dk\/de\/besondere-angebote\/\" \/>\n<meta property=\"og:site_name\" content=\"Esbjerg Camping\" \/>\n<meta property=\"article:modified_time\" content=\"2025-05-06T07:38:07+00:00\" \/>\n<meta name=\"twitter:card\" content=\"summary_large_image\" \/>\n<meta name=\"twitter:label1\" content=\"Gesch\u00e4tzte Lesezeit\" \/>\n\t<meta name=\"twitter:data1\" content=\"6\u00a0Minuten\" \/>\n<script type=\"application\/ld+json\" class=\"yoast-schema-graph\">{\"@context\":\"https:\\\/\\\/schema.org\",\"@graph\":[{\"@type\":\"WebPage\",\"@id\":\"https:\\\/\\\/esbjergcamping.dk\\\/de\\\/besondere-angebote\\\/\",\"url\":\"https:\\\/\\\/esbjergcamping.dk\\\/de\\\/besondere-angebote\\\/\",\"name\":\"Aktuelle Campingangebote | Sparen Sie Geld beim Urlaub in Esbjerg und Umgebung\",\"isPartOf\":{\"@id\":\"https:\\\/\\\/esbjergcamping.dk\\\/de\\\/#website\"},\"datePublished\":\"2024-11-17T13:32:43+00:00\",\"dateModified\":\"2025-05-06T07:38:07+00:00\",\"description\":\"Finden Sie aktuelle Campingangebote auf Esbjerg Camping - von Schulferien und Feiertagswochenenden bis zu Seniorencamping.\",\"breadcrumb\":{\"@id\":\"https:\\\/\\\/esbjergcamping.dk\\\/de\\\/besondere-angebote\\\/#breadcrumb\"},\"inLanguage\":\"de\",\"potentialAction\":[{\"@type\":\"ReadAction\",\"target\":[\"https:\\\/\\\/esbjergcamping.dk\\\/de\\\/besondere-angebote\\\/\"]}]},{\"@type\":\"BreadcrumbList\",\"@id\":\"https:\\\/\\\/esbjergcamping.dk\\\/de\\\/besondere-angebote\\\/#breadcrumb\",\"itemListElement\":[{\"@type\":\"ListItem\",\"position\":1,\"name\":\"Home\",\"item\":\"https:\\\/\\\/esbjergcamping.dk\\\/de\\\/\"},{\"@type\":\"ListItem\",\"position\":2,\"name\":\"Besondere Angebote\"}]},{\"@type\":\"WebSite\",\"@id\":\"https:\\\/\\\/esbjergcamping.dk\\\/de\\\/#website\",\"url\":\"https:\\\/\\\/esbjergcamping.dk\\\/de\\\/\",\"name\":\"Esbjerg Camping\",\"description\":\"Din n\u00e6ste campingferie\",\"potentialAction\":[{\"@type\":\"SearchAction\",\"target\":{\"@type\":\"EntryPoint\",\"urlTemplate\":\"https:\\\/\\\/esbjergcamping.dk\\\/de\\\/?s={search_term_string}\"},\"query-input\":{\"@type\":\"PropertyValueSpecification\",\"valueRequired\":true,\"valueName\":\"search_term_string\"}}],\"inLanguage\":\"de\"}]}<\/script>\n<!-- \/ Yoast SEO plugin. -->","yoast_head_json":{"title":"Aktuelle Campingangebote | Sparen Sie Geld beim Urlaub in Esbjerg und Umgebung","description":"Finden Sie aktuelle Campingangebote auf Esbjerg Camping - von Schulferien und Feiertagswochenenden bis zu Seniorencamping.","robots":{"index":"index","follow":"follow","max-snippet":"max-snippet:-1","max-image-preview":"max-image-preview:large","max-video-preview":"max-video-preview:-1"},"canonical":"https:\/\/esbjergcamping.dk\/de\/besondere-angebote\/","og_locale":"de_DE","og_type":"article","og_title":"Aktuelle Campingangebote | Sparen Sie Geld beim Urlaub in Esbjerg und Umgebung","og_description":"Finden Sie aktuelle Campingangebote auf Esbjerg Camping - von Schulferien und Feiertagswochenenden bis zu Seniorencamping.","og_url":"https:\/\/esbjergcamping.dk\/de\/besondere-angebote\/","og_site_name":"Esbjerg Camping","article_modified_time":"2025-05-06T07:38:07+00:00","twitter_card":"summary_large_image","twitter_misc":{"Gesch\u00e4tzte Lesezeit":"6\u00a0Minuten"},"schema":{"@context":"https:\/\/schema.org","@graph":[{"@type":"WebPage","@id":"https:\/\/esbjergcamping.dk\/de\/besondere-angebote\/","url":"https:\/\/esbjergcamping.dk\/de\/besondere-angebote\/","name":"Aktuelle Campingangebote | Sparen Sie Geld beim Urlaub in Esbjerg und Umgebung","isPartOf":{"@id":"https:\/\/esbjergcamping.dk\/de\/#website"},"datePublished":"2024-11-17T13:32:43+00:00","dateModified":"2025-05-06T07:38:07+00:00","description":"Finden Sie aktuelle Campingangebote auf Esbjerg Camping - von Schulferien und Feiertagswochenenden bis zu Seniorencamping.","breadcrumb":{"@id":"https:\/\/esbjergcamping.dk\/de\/besondere-angebote\/#breadcrumb"},"inLanguage":"de","potentialAction":[{"@type":"ReadAction","target":["https:\/\/esbjergcamping.dk\/de\/besondere-angebote\/"]}]},{"@type":"BreadcrumbList","@id":"https:\/\/esbjergcamping.dk\/de\/besondere-angebote\/#breadcrumb","itemListElement":[{"@type":"ListItem","position":1,"name":"Home","item":"https:\/\/esbjergcamping.dk\/de\/"},{"@type":"ListItem","position":2,"name":"Besondere Angebote"}]},{"@type":"WebSite","@id":"https:\/\/esbjergcamping.dk\/de\/#website","url":"https:\/\/esbjergcamping.dk\/de\/","name":"Esbjerg Camping","description":"Din n\u00e6ste campingferie","potentialAction":[{"@type":"SearchAction","target":{"@type":"EntryPoint","urlTemplate":"https:\/\/esbjergcamping.dk\/de\/?s={search_term_string}"},"query-input":{"@type":"PropertyValueSpecification","valueRequired":true,"valueName":"search_term_string"}}],"inLanguage":"de"}]}},"_links":{"self":[{"href":"https:\/\/esbjergcamping.dk\/de\/wp-json\/wp\/v2\/pages\/102028","targetHints":{"allow":["GET"]}}],"collection":[{"href":"https:\/\/esbjergcamping.dk\/de\/wp-json\/wp\/v2\/pages"}],"about":[{"href":"https:\/\/esbjergcamping.dk\/de\/wp-json\/wp\/v2\/types\/page"}],"author":[{"embeddable":true,"href":"https:\/\/esbjergcamping.dk\/de\/wp-json\/wp\/v2\/users\/1"}],"replies":[{"embeddable":true,"href":"https:\/\/esbjergcamping.dk\/de\/wp-json\/wp\/v2\/comments?post=102028"}],"version-history":[{"count":7,"href":"https:\/\/esbjergcamping.dk\/de\/wp-json\/wp\/v2\/pages\/102028\/revisions"}],"predecessor-version":[{"id":103129,"href":"https:\/\/esbjergcamping.dk\/de\/wp-json\/wp\/v2\/pages\/102028\/revisions\/103129"}],"wp:attachment":[{"href":"https:\/\/esbjergcamping.dk\/de\/wp-json\/wp\/v2\/media?parent=102028"}],"wp:term":[{"taxonomy":"folder","embeddable":true,"href":"https:\/\/esbjergcamping.dk\/de\/wp-json\/wp\/v2\/folder?post=102028"}],"curies":[{"name":"wp","href":"https:\/\/api.w.org\/{rel}","templated":true}]}}