{"id":102036,"date":"2024-11-17T14:31:48","date_gmt":"2024-11-17T13:31:48","guid":{"rendered":"https:\/\/esbjergcamping.dk\/nationalpark-wattenmeer\/"},"modified":"2025-04-07T08:58:41","modified_gmt":"2025-04-07T07:58:41","slug":"nationalpark-wattenmeer","status":"publish","type":"page","link":"https:\/\/esbjergcamping.dk\/de\/das-quadrat\/nationalpark-wattenmeer\/","title":{"rendered":"Nationalpark Wattenmeer"},"content":{"rendered":"\n[et_pb_section fb_built=&#8220;1&#8243; _builder_version=&#8220;4.27.4&#8243; _module_preset=&#8220;default&#8220; use_background_color_gradient=&#8220;on&#8220; background_color_gradient_direction=&#8220;45deg&#8220; background_color_gradient_stops=&#8220;rgba(0,0,0,0.6) 0%|rgba(0,0,0,0.6) 100%&#8220; background_color_gradient_overlays_image=&#8220;on&#8220; background_image=&#8220;https:\/\/esbjergcamping.dk\/wp-content\/uploads\/2025\/03\/Skibstur-af-John-Frikke-4-scaled-1.jpg&#8220; hover_enabled=&#8220;0&#8243; global_colors_info=&#8220;{}&#8220; title_text=&#8220;Skibstur-af-John-Frikke-4-scaled (1)&#8220; sticky_enabled=&#8220;0&#8243;][et_pb_row _builder_version=&#8220;4.17.3&#8243; _module_preset=&#8220;default&#8220; custom_padding=&#8220;||0px||false|false&#8220; global_colors_info=&#8220;{}&#8220;][et_pb_column type=&#8220;4_4&#8243; _builder_version=&#8220;4.17.3&#8243; _module_preset=&#8220;default&#8220; global_colors_info=&#8220;{}&#8220;][et_pb_text _builder_version=&#8220;4.27.4&#8243; _module_preset=&#8220;default&#8220; header_font=&#8220;||||||||&#8220; header_text_color=&#8220;#FFFFFF&#8220; header_2_text_color=&#8220;#FFFFFF&#8220; custom_margin=&#8220;||0px||false|false&#8220; hover_enabled=&#8220;0&#8243; border_color_all=&#8220;gcid-7ce7b00a-a0f7-4559-8af2-0adef5afd391&#8243; global_colors_info=&#8220;{%22gcid-7ce7b00a-a0f7-4559-8af2-0adef5afd391%22:%91%22border_color_all%22%93}&#8220; sticky_enabled=&#8220;0&#8243;]<h1>Nationalpark Wattenmeer<\/h1>[\/et_pb_text][\/et_pb_column][\/et_pb_row][et_pb_row _builder_version=&#8220;4.17.3&#8243; _module_preset=&#8220;default&#8220; custom_padding=&#8220;0px||||false|false&#8220; global_colors_info=&#8220;{}&#8220;][et_pb_column type=&#8220;4_4&#8243; _builder_version=&#8220;4.17.3&#8243; _module_preset=&#8220;default&#8220; global_colors_info=&#8220;{}&#8220;][et_pb_divider color=&#8220;gcid-7ce7b00a-a0f7-4559-8af2-0adef5afd391&#8243; _builder_version=&#8220;4.17.3&#8243; _module_preset=&#8220;default&#8220; height=&#8220;0px&#8220; custom_margin=&#8220;||0px||false|false&#8220; custom_padding=&#8220;||||false|false&#8220; global_colors_info=&#8220;{%22gcid-7ce7b00a-a0f7-4559-8af2-0adef5afd391%22:%91%22border_color_right%22,%22color%22%93}&#8220;][\/et_pb_divider][et_pb_divider show_divider=&#8220;off&#8220; admin_label=&#8220;Point right bottom&#8220; module_class=&#8220;dot-right-bottom sub-page-dot&#8220; _builder_version=&#8220;4.17.3&#8243; _module_preset=&#8220;default&#8220; height=&#8220;25px&#8220; border_width_right=&#8220;1px&#8220; border_color_right=&#8220;gcid-7ce7b00a-a0f7-4559-8af2-0adef5afd391&#8243; global_colors_info=&#8220;{%22gcid-7ce7b00a-a0f7-4559-8af2-0adef5afd391%22:%91%22border_color_right%22%93}&#8220;][\/et_pb_divider][\/et_pb_column][\/et_pb_row][\/et_pb_section][et_pb_section fb_built=&#8220;1&#8243; _builder_version=&#8220;4.17.3&#8243; _module_preset=&#8220;default&#8220; background_image=&#8220;https:\/\/esbjergcamping.dk\/wp-content\/uploads\/2024\/10\/corner-dots-left-top.png&#8220; background_size=&#8220;initial&#8220; background_position=&#8220;top_left&#8220; background_last_edited=&#8220;on|tablet&#8220; background_enable_image_tablet=&#8220;off&#8220; global_colors_info=&#8220;{}&#8220;][et_pb_row column_structure=&#8220;1_2,1_2&#8243; _builder_version=&#8220;4.17.3&#8243; _module_preset=&#8220;default&#8220; custom_padding=&#8220;50px||35px||false|false&#8220; global_colors_info=&#8220;{}&#8220;][et_pb_column type=&#8220;1_2&#8243; _builder_version=&#8220;4.17.3&#8243; _module_preset=&#8220;default&#8220; custom_padding=&#8220;25px||||false|false&#8220; global_colors_info=&#8220;{}&#8220;][et_pb_text _builder_version=&#8220;4.27.4&#8243; _module_preset=&#8220;default&#8220; hover_enabled=&#8220;0&#8243; global_colors_info=&#8220;{}&#8220; sticky_enabled=&#8220;0&#8243;]<h2>&#8211; Vor Ihrer Haust\u00fcr<\/h2>[\/et_pb_text][et_pb_text _builder_version=&#8220;4.27.4&#8243; _module_preset=&#8220;default&#8220; text_font=&#8220;||||||||&#8220; text_line_height=&#8220;1.8em&#8220; hover_enabled=&#8220;0&#8243; global_colors_info=&#8220;{}&#8220; sticky_enabled=&#8220;0&#8243;]<p>Der Nationalpark Wattenmeer ist eines der einzigartigsten und beeindruckendsten Naturgebiete der Welt und ein wahres Paradies f\u00fcr Naturliebhaber. An der Westk\u00fcste J\u00fctlands gelegen, erstreckt sich der Park \u00fcber ein riesiges Gezeitengebiet, das sich mit jeder Ebbe und Flut verwandelt. Die riesigen Wattfl\u00e4chen des Wattenmeeres, die bei Ebbe zum Vorschein kommen, schaffen eine besondere Atmosph\u00e4re, in der sich die Natur st\u00e4ndig ver\u00e4ndert. Das von der UNESCO als Weltnaturerbe anerkannte Gebiet beherbergt eine reiche Tierwelt und besondere \u00d6kosysteme, die es zu einem wirklich einzigartigen Ort machen.   <\/p>\n<p>&nbsp;<\/p>\n<p>Foto in der Kopfzeile: John Frikke<\/p>\n<p>Foto rechts: Line Laugesen<\/p>[\/et_pb_text][\/et_pb_column][et_pb_column type=&#8220;1_2&#8243; _builder_version=&#8220;4.17.3&#8243; _module_preset=&#8220;default&#8220; global_colors_info=&#8220;{}&#8220;][et_pb_image src=&#8220;https:\/\/esbjergcamping.dk\/wp-content\/uploads\/2025\/03\/Marbaekdag-skibet-foograf-Esbjerg-Kommune-1-1200&#215;786-Line-Laugesen-1.jpg&#8220; title_text=&#8220;Marbaekdag-skibet-foograf-Esbjerg-Kommune-1-1200&#215;786 Linie Laugesen (1)&#8220; _builder_version=&#8220;4.27.4&#8243; _module_preset=&#8220;default&#8220; animation_style=&#8220;slide&#8220; animation_direction=&#8220;right&#8220; animation_duration=&#8220;1500ms&#8220; animation_delay=&#8220;100ms&#8220; animation_intensity_slide=&#8220;5%&#8220; hover_enabled=&#8220;0&#8243; global_colors_info=&#8220;{}&#8220; sticky_enabled=&#8220;0&#8243;][\/et_pb_image][\/et_pb_column][\/et_pb_row][\/et_pb_section][et_pb_section fb_built=&#8220;1&#8243; _builder_version=&#8220;4.27.3&#8243; _module_preset=&#8220;default&#8220; background_color=&#8220;gcid-d70a5a6a-d90d-43f0-b48d-3d8f33a6130e&#8220; global_colors_info=&#8220;{%22gcid-d70a5a6a-d90d-43f0-b48d-3d8f33a6130e%22:%91%22background_color%22%93}&#8220;][et_pb_row column_structure=&#8220;1_2,1_2&#8243; make_equal=&#8220;on&#8220; _builder_version=&#8220;4.27.3&#8243; _module_preset=&#8220;default&#8220; global_colors_info=&#8220;{}&#8220;][et_pb_column type=&#8220;1_2&#8243; _builder_version=&#8220;4.27.3&#8243; _module_preset=&#8220;default&#8220; global_colors_info=&#8220;{}&#8220;][et_pb_image src=&#8220;https:\/\/esbjergcamping.dk\/wp-content\/uploads\/2025\/03\/Realdania-Bjoern-Enevoldsen-6-1-scaled-1.jpg&#8220; title_text=&#8220;Realdania-Bjoern-Enevoldsen-6-1-skaliert (1)&#8220; disabled_on=&#8220;on|on|off&#8220; _builder_version=&#8220;4.27.4&#8243; _module_preset=&#8220;default&#8220; hover_enabled=&#8220;0&#8243; global_colors_info=&#8220;{}&#8220; sticky_enabled=&#8220;0&#8243;][\/et_pb_image][\/et_pb_column][et_pb_column type=&#8220;1_2&#8243; _builder_version=&#8220;4.27.3&#8243; _module_preset=&#8220;default&#8220; custom_css_main_element=&#8220;margin:auto;&#8220; global_colors_info=&#8220;{}&#8220;][et_pb_heading title=&#8220;Faszinierende Tierwelt&#8220; _builder_version=&#8220;4.27.4&#8243; _module_preset=&#8220;default&#8220; title_level=&#8220;h4&#8243; title_text_align=&#8220;left&#8220; hover_enabled=&#8220;0&#8243; global_colors_info=&#8220;{}&#8220; sticky_enabled=&#8220;0&#8243;][\/et_pb_heading][et_pb_text _builder_version=&#8220;4.27.4&#8243; _module_preset=&#8220;default&#8220; hover_enabled=&#8220;0&#8243; global_colors_info=&#8220;{}&#8220; sticky_enabled=&#8220;0&#8243;]<p>Die Vogelwelt im Nationalpark Wattenmeer ist etwas Besonderes. Jedes Jahr machen Millionen von Zugv\u00f6geln auf ihrer langen Reise Station und das Gebiet dient als wichtiger Rastplatz f\u00fcr V\u00f6gel wie Kormorane, Watv\u00f6gel und Seeschwalben. In der richtigen Jahreszeit k\u00f6nnen Sie den spektakul\u00e4ren Vogelzug erleben, bei dem die Schw\u00e4rme den Himmel f\u00fcllen. Au\u00dferdem beherbergt das Wattenmeer Robbenkolonien und es ist m\u00f6glich, diesen faszinierenden Tieren bei gef\u00fchrten Bootsausfl\u00fcgen oder am Strand, wo sie sich oft sonnen, ganz nahe zu kommen.   <\/p>\n<p>&nbsp;<\/p>\n<p>Foto auf der linken Seite: Bj\u00f8ren Enevoldsen<\/p>[\/et_pb_text][\/et_pb_column][\/et_pb_row][\/et_pb_section][et_pb_section fb_built=&#8220;1&#8243; _builder_version=&#8220;4.27.3&#8243; _module_preset=&#8220;default&#8220; background_color=&#8220;RGBA(255,255,255,0)&#8220; global_colors_info=&#8220;{}&#8220;][et_pb_row column_structure=&#8220;1_2,1_2&#8243; make_equal=&#8220;on&#8220; _builder_version=&#8220;4.27.3&#8243; _module_preset=&#8220;default&#8220; locked=&#8220;off&#8220; global_colors_info=&#8220;{}&#8220;][et_pb_column type=&#8220;1_2&#8243; _builder_version=&#8220;4.27.3&#8243; _module_preset=&#8220;default&#8220; custom_css_main_element=&#8220;margin:auto;&#8220; global_colors_info=&#8220;{}&#8220;][et_pb_heading title=&#8220;Erlebnisse f\u00fcr alle&#8220; _builder_version=&#8220;4.27.4&#8243; _module_preset=&#8220;default&#8220; title_level=&#8220;h4&#8243; title_text_align=&#8220;left&#8220; hover_enabled=&#8220;0&#8243; global_colors_info=&#8220;{}&#8220; sticky_enabled=&#8220;0&#8243;][\/et_pb_heading][et_pb_text _builder_version=&#8220;4.27.4&#8243; _module_preset=&#8220;default&#8220; hover_enabled=&#8220;0&#8243; global_colors_info=&#8220;{}&#8220; sticky_enabled=&#8220;0&#8243;]<p data-start=\"997\" data-end=\"1451\">Der Nationalpark bietet eine F\u00fclle von Aktivit\u00e4ten f\u00fcr Jung und Alt. Es gibt ein Netz von Wanderwegen und Fahrradrouten, die Sie durch die wundersch\u00f6ne Landschaft f\u00fchren, wo Sie die Natur hautnah erleben k\u00f6nnen. F\u00fcr diejenigen, die mehr \u00fcber die Gegend erfahren m\u00f6chten, gibt es gef\u00fchrte Touren, bei denen Sie einen Einblick in das Wattenmeer und seine einzigartigen Gezeitenph\u00e4nomene erhalten. Sie k\u00f6nnen auch aufregende Bootsausfl\u00fcge in den flachen Gebieten unternehmen und einen tollen Blick auf die Landschaft genie\u00dfen.   <\/p>\n<p data-start=\"1453\" data-end=\"1918\" data-is-last-node=\"\" data-is-only-node=\"\">Das Wattenmeer ist ein idealer Ort, um Ruhe und Kontemplation in der Natur zu finden. Hier k\u00f6nnen Sie die Stille genie\u00dfen und sich von der Weite des Horizonts und der st\u00e4ndigen Bewegung zwischen Wasser und Land verzaubern lassen. Das Gebiet l\u00e4dt zum Nachdenken und zur Ruhe ein und bietet unvergessliche Naturerlebnisse.  <\/p>\n<p data-start=\"1453\" data-end=\"1918\" data-is-last-node=\"\" data-is-only-node=\"\">\n<p data-start=\"1453\" data-end=\"1918\" data-is-last-node=\"\" data-is-only-node=\"\">Foto rechts: John Frikke<\/p>[\/et_pb_text][\/et_pb_column][et_pb_column type=&#8220;1_2&#8243; _builder_version=&#8220;4.27.3&#8243; _module_preset=&#8220;default&#8220; global_colors_info=&#8220;{}&#8220;][et_pb_image src=&#8220;https:\/\/esbjergcamping.dk\/wp-content\/uploads\/2025\/03\/Skibstur-af-John-Frikke-4-scaled-2.jpg&#8220; title_text=&#8220;Skibstur-af-John-Frikke-4-skaliert (2)&#8220; _builder_version=&#8220;4.27.4&#8243; _module_preset=&#8220;default&#8220; hover_enabled=&#8220;0&#8243; global_colors_info=&#8220;{}&#8220; sticky_enabled=&#8220;0&#8243;][\/et_pb_image][\/et_pb_column][\/et_pb_row][\/et_pb_section]\n","protected":false},"excerpt":{"rendered":"<p>Nationalpark Wattenmeer- Vor Ihrer Haust\u00fcrDer Nationalpark Wattenmeer ist eines der einzigartigsten und beeindruckendsten Naturgebiete der Welt und ein wahres Paradies f\u00fcr Naturliebhaber. An der Westk\u00fcste J\u00fctlands gelegen, erstreckt sich der Park \u00fcber ein riesiges Gezeitengebiet, das sich mit jeder Ebbe und Flut verwandelt. Die riesigen Wattfl\u00e4chen des Wattenmeeres, die bei Ebbe zum Vorschein kommen, schaffen [&hellip;]<\/p>\n","protected":false},"author":1,"featured_media":0,"parent":102072,"menu_order":0,"comment_status":"closed","ping_status":"closed","template":"","meta":{"_et_pb_use_builder":"on","_et_pb_old_content":"","_et_gb_content_width":"","footnotes":""},"folder":[],"class_list":["post-102036","page","type-page","status-publish","hentry"],"yoast_head":"<!-- This site is optimized with the Yoast SEO plugin v27.6 - https:\/\/yoast.com\/product\/yoast-seo-wordpress\/ -->\n<title>Nationalpark Wattenmeer | Erleben Sie einzigartige Natur in der N\u00e4he von Esbjerg Camping<\/title>\n<meta name=\"description\" content=\"Besuchen Sie w\u00e4hrend Ihres Aufenthalts auf Esbjerg Camping den Nationalpark Wattenmeer. Einzigartige Natur, Gezeiten, schwarze Sonne und gro\u00dfartige Erlebnisse erwarten Sie.\" \/>\n<meta name=\"robots\" content=\"index, follow, max-snippet:-1, max-image-preview:large, max-video-preview:-1\" \/>\n<link rel=\"canonical\" href=\"https:\/\/esbjergcamping.dk\/de\/das-quadrat\/nationalpark-wattenmeer\/\" \/>\n<meta property=\"og:locale\" content=\"de_DE\" \/>\n<meta property=\"og:type\" content=\"article\" \/>\n<meta property=\"og:title\" content=\"Nationalpark Wattenmeer | Erleben Sie einzigartige Natur in der N\u00e4he von Esbjerg Camping\" \/>\n<meta property=\"og:description\" content=\"Besuchen Sie w\u00e4hrend Ihres Aufenthalts auf Esbjerg Camping den Nationalpark Wattenmeer. Einzigartige Natur, Gezeiten, schwarze Sonne und gro\u00dfartige Erlebnisse erwarten Sie.\" \/>\n<meta property=\"og:url\" content=\"https:\/\/esbjergcamping.dk\/de\/das-quadrat\/nationalpark-wattenmeer\/\" \/>\n<meta property=\"og:site_name\" content=\"Esbjerg Camping\" \/>\n<meta property=\"article:modified_time\" content=\"2025-04-07T07:58:41+00:00\" \/>\n<meta name=\"twitter:card\" content=\"summary_large_image\" \/>\n<meta name=\"twitter:label1\" content=\"Gesch\u00e4tzte Lesezeit\" \/>\n\t<meta name=\"twitter:data1\" content=\"6\u00a0Minuten\" \/>\n<script type=\"application\/ld+json\" class=\"yoast-schema-graph\">{\"@context\":\"https:\\\/\\\/schema.org\",\"@graph\":[{\"@type\":\"WebPage\",\"@id\":\"https:\\\/\\\/esbjergcamping.dk\\\/de\\\/das-quadrat\\\/nationalpark-wattenmeer\\\/\",\"url\":\"https:\\\/\\\/esbjergcamping.dk\\\/de\\\/das-quadrat\\\/nationalpark-wattenmeer\\\/\",\"name\":\"Nationalpark Wattenmeer | Erleben Sie einzigartige Natur in der N\u00e4he von Esbjerg Camping\",\"isPartOf\":{\"@id\":\"https:\\\/\\\/esbjergcamping.dk\\\/de\\\/#website\"},\"datePublished\":\"2024-11-17T13:31:48+00:00\",\"dateModified\":\"2025-04-07T07:58:41+00:00\",\"description\":\"Besuchen Sie w\u00e4hrend Ihres Aufenthalts auf Esbjerg Camping den Nationalpark Wattenmeer. Einzigartige Natur, Gezeiten, schwarze Sonne und gro\u00dfartige Erlebnisse erwarten Sie.\",\"breadcrumb\":{\"@id\":\"https:\\\/\\\/esbjergcamping.dk\\\/de\\\/das-quadrat\\\/nationalpark-wattenmeer\\\/#breadcrumb\"},\"inLanguage\":\"de\",\"potentialAction\":[{\"@type\":\"ReadAction\",\"target\":[\"https:\\\/\\\/esbjergcamping.dk\\\/de\\\/das-quadrat\\\/nationalpark-wattenmeer\\\/\"]}]},{\"@type\":\"BreadcrumbList\",\"@id\":\"https:\\\/\\\/esbjergcamping.dk\\\/de\\\/das-quadrat\\\/nationalpark-wattenmeer\\\/#breadcrumb\",\"itemListElement\":[{\"@type\":\"ListItem\",\"position\":1,\"name\":\"Home\",\"item\":\"https:\\\/\\\/esbjergcamping.dk\\\/de\\\/\"},{\"@type\":\"ListItem\",\"position\":2,\"name\":\"Das Quadrat\",\"item\":\"https:\\\/\\\/esbjergcamping.dk\\\/de\\\/das-quadrat\\\/\"},{\"@type\":\"ListItem\",\"position\":3,\"name\":\"Nationalpark Wattenmeer\"}]},{\"@type\":\"WebSite\",\"@id\":\"https:\\\/\\\/esbjergcamping.dk\\\/de\\\/#website\",\"url\":\"https:\\\/\\\/esbjergcamping.dk\\\/de\\\/\",\"name\":\"Esbjerg Camping\",\"description\":\"Din n\u00e6ste campingferie\",\"potentialAction\":[{\"@type\":\"SearchAction\",\"target\":{\"@type\":\"EntryPoint\",\"urlTemplate\":\"https:\\\/\\\/esbjergcamping.dk\\\/de\\\/?s={search_term_string}\"},\"query-input\":{\"@type\":\"PropertyValueSpecification\",\"valueRequired\":true,\"valueName\":\"search_term_string\"}}],\"inLanguage\":\"de\"}]}<\/script>\n<!-- \/ Yoast SEO plugin. -->","yoast_head_json":{"title":"Nationalpark Wattenmeer | Erleben Sie einzigartige Natur in der N\u00e4he von Esbjerg Camping","description":"Besuchen Sie w\u00e4hrend Ihres Aufenthalts auf Esbjerg Camping den Nationalpark Wattenmeer. Einzigartige Natur, Gezeiten, schwarze Sonne und gro\u00dfartige Erlebnisse erwarten Sie.","robots":{"index":"index","follow":"follow","max-snippet":"max-snippet:-1","max-image-preview":"max-image-preview:large","max-video-preview":"max-video-preview:-1"},"canonical":"https:\/\/esbjergcamping.dk\/de\/das-quadrat\/nationalpark-wattenmeer\/","og_locale":"de_DE","og_type":"article","og_title":"Nationalpark Wattenmeer | Erleben Sie einzigartige Natur in der N\u00e4he von Esbjerg Camping","og_description":"Besuchen Sie w\u00e4hrend Ihres Aufenthalts auf Esbjerg Camping den Nationalpark Wattenmeer. Einzigartige Natur, Gezeiten, schwarze Sonne und gro\u00dfartige Erlebnisse erwarten Sie.","og_url":"https:\/\/esbjergcamping.dk\/de\/das-quadrat\/nationalpark-wattenmeer\/","og_site_name":"Esbjerg Camping","article_modified_time":"2025-04-07T07:58:41+00:00","twitter_card":"summary_large_image","twitter_misc":{"Gesch\u00e4tzte Lesezeit":"6\u00a0Minuten"},"schema":{"@context":"https:\/\/schema.org","@graph":[{"@type":"WebPage","@id":"https:\/\/esbjergcamping.dk\/de\/das-quadrat\/nationalpark-wattenmeer\/","url":"https:\/\/esbjergcamping.dk\/de\/das-quadrat\/nationalpark-wattenmeer\/","name":"Nationalpark Wattenmeer | Erleben Sie einzigartige Natur in der N\u00e4he von Esbjerg Camping","isPartOf":{"@id":"https:\/\/esbjergcamping.dk\/de\/#website"},"datePublished":"2024-11-17T13:31:48+00:00","dateModified":"2025-04-07T07:58:41+00:00","description":"Besuchen Sie w\u00e4hrend Ihres Aufenthalts auf Esbjerg Camping den Nationalpark Wattenmeer. Einzigartige Natur, Gezeiten, schwarze Sonne und gro\u00dfartige Erlebnisse erwarten Sie.","breadcrumb":{"@id":"https:\/\/esbjergcamping.dk\/de\/das-quadrat\/nationalpark-wattenmeer\/#breadcrumb"},"inLanguage":"de","potentialAction":[{"@type":"ReadAction","target":["https:\/\/esbjergcamping.dk\/de\/das-quadrat\/nationalpark-wattenmeer\/"]}]},{"@type":"BreadcrumbList","@id":"https:\/\/esbjergcamping.dk\/de\/das-quadrat\/nationalpark-wattenmeer\/#breadcrumb","itemListElement":[{"@type":"ListItem","position":1,"name":"Home","item":"https:\/\/esbjergcamping.dk\/de\/"},{"@type":"ListItem","position":2,"name":"Das Quadrat","item":"https:\/\/esbjergcamping.dk\/de\/das-quadrat\/"},{"@type":"ListItem","position":3,"name":"Nationalpark Wattenmeer"}]},{"@type":"WebSite","@id":"https:\/\/esbjergcamping.dk\/de\/#website","url":"https:\/\/esbjergcamping.dk\/de\/","name":"Esbjerg Camping","description":"Din n\u00e6ste campingferie","potentialAction":[{"@type":"SearchAction","target":{"@type":"EntryPoint","urlTemplate":"https:\/\/esbjergcamping.dk\/de\/?s={search_term_string}"},"query-input":{"@type":"PropertyValueSpecification","valueRequired":true,"valueName":"search_term_string"}}],"inLanguage":"de"}]}},"_links":{"self":[{"href":"https:\/\/esbjergcamping.dk\/de\/wp-json\/wp\/v2\/pages\/102036","targetHints":{"allow":["GET"]}}],"collection":[{"href":"https:\/\/esbjergcamping.dk\/de\/wp-json\/wp\/v2\/pages"}],"about":[{"href":"https:\/\/esbjergcamping.dk\/de\/wp-json\/wp\/v2\/types\/page"}],"author":[{"embeddable":true,"href":"https:\/\/esbjergcamping.dk\/de\/wp-json\/wp\/v2\/users\/1"}],"replies":[{"embeddable":true,"href":"https:\/\/esbjergcamping.dk\/de\/wp-json\/wp\/v2\/comments?post=102036"}],"version-history":[{"count":1,"href":"https:\/\/esbjergcamping.dk\/de\/wp-json\/wp\/v2\/pages\/102036\/revisions"}],"predecessor-version":[{"id":102037,"href":"https:\/\/esbjergcamping.dk\/de\/wp-json\/wp\/v2\/pages\/102036\/revisions\/102037"}],"up":[{"embeddable":true,"href":"https:\/\/esbjergcamping.dk\/de\/wp-json\/wp\/v2\/pages\/102072"}],"wp:attachment":[{"href":"https:\/\/esbjergcamping.dk\/de\/wp-json\/wp\/v2\/media?parent=102036"}],"wp:term":[{"taxonomy":"folder","embeddable":true,"href":"https:\/\/esbjergcamping.dk\/de\/wp-json\/wp\/v2\/folder?post=102036"}],"curies":[{"name":"wp","href":"https:\/\/api.w.org\/{rel}","templated":true}]}}