{"id":102054,"date":"2024-11-17T14:31:46","date_gmt":"2024-11-17T13:31:46","guid":{"rendered":"https:\/\/esbjergcamping.dk\/minigolf\/"},"modified":"2025-04-07T08:58:41","modified_gmt":"2025-04-07T07:58:41","slug":"minigolf","status":"publish","type":"page","link":"https:\/\/esbjergcamping.dk\/de\/das-quadrat\/minigolf\/","title":{"rendered":"Minigolf"},"content":{"rendered":"<p>[et_pb_section fb_built=&#8220;1&#8243; _builder_version=&#8220;4.27.4&#8243; _module_preset=&#8220;default&#8220; use_background_color_gradient=&#8220;on&#8220; background_color_gradient_direction=&#8220;45deg&#8220; background_color_gradient_stops=&#8220;rgba(0,0,0,0.6) 0%|rgba(0,0,0,0.6) 100%&#8220; background_color_gradient_overlays_image=&#8220;on&#8220; background_image=&#8220;https:\/\/esbjergcamping.dk\/wp-content\/uploads\/2025\/03\/58baf1a5-5e8f-4c20-8741-5236071a51a9-1.jpg&#8220; height=&#8220;400px&#8220; height_tablet=&#8220;350px&#8220; height_phone=&#8220;350px&#8220; height_last_edited=&#8220;on|phone&#8220; global_colors_info=&#8220;{}&#8220;][et_pb_row _builder_version=&#8220;4.17.3&#8243; _module_preset=&#8220;default&#8220; custom_padding=&#8220;||0px||false|false&#8220; global_colors_info=&#8220;{}&#8220;][et_pb_column type=&#8220;4_4&#8243; _builder_version=&#8220;4.17.3&#8243; _module_preset=&#8220;default&#8220; global_colors_info=&#8220;{}&#8220;][et_pb_text _builder_version=&#8220;4.17.3&#8243; _module_preset=&#8220;default&#8220; header_font=&#8220;||||||||&#8220; header_text_color=&#8220;#FFFFFF&#8220; header_2_text_color=&#8220;#FFFFFF&#8220; custom_margin=&#8220;||0px||false|false&#8220; border_color_all=&#8220;gcid-7ce7b00a-a0f7-4559-8af2-0adef5afd391&#8243; global_colors_info=&#8220;{%22gcid-7ce7b00a-a0f7-4559-8af2-0adef5afd391%22:%91%22border_color_all%22%93}&#8220;]<\/p>\n<h1>Camping mit Minigolf &#8211; Spa\u00df und Familienvergn\u00fcgen auf Esbjerg Camping<\/h1>\n<p>[\/et_pb_text][\/et_pb_column][\/et_pb_row][et_pb_row _builder_version=&#8220;4.17.3&#8243; _module_preset=&#8220;default&#8220; custom_padding=&#8220;0px||||false|false&#8220; global_colors_info=&#8220;{}&#8220;][et_pb_column type=&#8220;4_4&#8243; _builder_version=&#8220;4.17.3&#8243; _module_preset=&#8220;default&#8220; global_colors_info=&#8220;{}&#8220;][et_pb_divider color=&#8220;gcid-7ce7b00a-a0f7-4559-8af2-0adef5afd391&#8243; _builder_version=&#8220;4.17.3&#8243; _module_preset=&#8220;default&#8220; height=&#8220;0px&#8220; custom_margin=&#8220;||0px||false|false&#8220; custom_padding=&#8220;||||false|false&#8220; global_colors_info=&#8220;{%22gcid-7ce7b00a-a0f7-4559-8af2-0adef5afd391%22:%91%22border_color_right%22,%22color%22%93}&#8220;][\/et_pb_divider][et_pb_divider show_divider=&#8220;off&#8220; admin_label=&#8220;Point right bottom&#8220; module_class=&#8220;dot-right-bottom sub-page-dot&#8220; _builder_version=&#8220;4.17.3&#8243; _module_preset=&#8220;default&#8220; height=&#8220;25px&#8220; border_width_right=&#8220;1px&#8220; border_color_right=&#8220;gcid-7ce7b00a-a0f7-4559-8af2-0adef5afd391&#8243; global_colors_info=&#8220;{%22gcid-7ce7b00a-a0f7-4559-8af2-0adef5afd391%22:%91%22border_color_right%22%93}&#8220;][\/et_pb_divider][\/et_pb_column][\/et_pb_row][\/et_pb_section][et_pb_section fb_built=&#8220;1&#8243; _builder_version=&#8220;4.27.3&#8243; _module_preset=&#8220;default&#8220; background_image=&#8220;https:\/\/esbjergcamping.dk\/wp-content\/uploads\/2024\/10\/corner-dots-left-top.png&#8220; background_size=&#8220;initial&#8220; background_position=&#8220;top_left&#8220; background_last_edited=&#8220;on|tablet&#8220; background_enable_image_tablet=&#8220;off&#8220; global_colors_info=&#8220;{}&#8220;][et_pb_row column_structure=&#8220;1_2,1_2&#8243; _builder_version=&#8220;4.17.3&#8243; _module_preset=&#8220;default&#8220; custom_padding=&#8220;50px||35px||false|false&#8220; global_colors_info=&#8220;{}&#8220;][et_pb_column type=&#8220;1_2&#8243; _builder_version=&#8220;4.17.3&#8243; _module_preset=&#8220;default&#8220; custom_padding=&#8220;25px||||false|false&#8220; global_colors_info=&#8220;{}&#8220;][et_pb_text _builder_version=&#8220;4.27.4&#8243; _module_preset=&#8220;default&#8220; text_font=&#8220;||||||||&#8220; text_line_height=&#8220;1.8em&#8220; background_enable_image=&#8220;off&#8220; background_size=&#8220;initial&#8220; background_position=&#8220;top_left&#8220; background_last_edited=&#8220;on|desktop&#8220; background_enable_image_tablet=&#8220;off&#8220; global_colors_info=&#8220;{}&#8220;]<\/p>\n<p data-start=\"347\" data-end=\"712\" class=\"\">Suchen Sie einen <strong data-start=\"365\" data-end=\"395\">Campingplatz mit Minigolf<\/strong>? Dann ist Esbjerg Camping die offensichtliche Wahl. Hier kombinieren wir klassischen Campingurlaub mit lustigen Aktivit\u00e4ten f\u00fcr die ganze Familie &#8211; und unser Minigolfplatz ist einer der beliebtesten. Mit 18 L\u00f6chern, verteilt auf lustige und herausfordernde Parcours, k\u00f6nnen sowohl Kinder als auch Erwachsene ihre Treffsicherheit, Geduld und ihren Wettkampfgeist testen.   <\/p>\n<p data-start=\"714\" data-end=\"908\" class=\"\">Ganz gleich, ob Sie gem\u00fctliche Familienaktivit\u00e4ten oder freundschaftliche Wettk\u00e4mpfe bevorzugen, <strong data-start=\"793\" data-end=\"814\">Minigolf<\/strong> ist eine Aktivit\u00e4t, an der jeder Spa\u00df hat &#8211; und sie schafft tolle Erinnerungen f\u00fcr kleine und gro\u00dfe G\u00e4ste.<\/p>\n<p>[\/et_pb_text][\/et_pb_column][et_pb_column type=&#8220;1_2&#8243; _builder_version=&#8220;4.17.3&#8243; _module_preset=&#8220;default&#8220; global_colors_info=&#8220;{}&#8220;][et_pb_image src=&#8220;https:\/\/esbjergcamping.dk\/wp-content\/uploads\/2025\/03\/10ca14fa-bcc3-4ae9-b2d3-08092e0b925a-1.jpg&#8220; title_text=&#8220;10ca14fa-bcc3-4ae9-b2d3-08092e0b925a (1)&#8220; _builder_version=&#8220;4.27.4&#8243; _module_preset=&#8220;default&#8220; animation_style=&#8220;slide&#8220; animation_direction=&#8220;right&#8220; animation_duration=&#8220;1500ms&#8220; animation_delay=&#8220;100ms&#8220; animation_intensity_slide=&#8220;5%&#8220; global_colors_info=&#8220;{}&#8220;][\/et_pb_image][\/et_pb_column][\/et_pb_row][\/et_pb_section][et_pb_section fb_built=&#8220;1&#8243; fullwidth=&#8220;on&#8220; _builder_version=&#8220;4.27.3&#8243; _module_preset=&#8220;default&#8220; global_colors_info=&#8220;{}&#8220;][et_pb_fullwidth_slider _builder_version=&#8220;4.27.4&#8243; _module_preset=&#8220;default&#8220; height=&#8220;600px&#8220; height_tablet=&#8220;300px&#8220; height_phone=&#8220;250px&#8220; height_last_edited=&#8220;on|phone&#8220; global_colors_info=&#8220;{}&#8220;][et_pb_slide _builder_version=&#8220;4.27.4&#8243; _module_preset=&#8220;default&#8220; background_image=&#8220;https:\/\/esbjergcamping.dk\/wp-content\/uploads\/2025\/03\/58baf1a5-5e8f-4c20-8741-5236071a51a9.jpg&#8220; background_enable_image=&#8220;on&#8220; global_colors_info=&#8220;{}&#8220; sticky_transition=&#8220;on&#8220;][\/et_pb_slide][et_pb_slide _builder_version=&#8220;4.27.4&#8243; _module_preset=&#8220;default&#8220; background_image=&#8220;https:\/\/esbjergcamping.dk\/wp-content\/uploads\/2025\/03\/adb8dc60-f72b-4638-9746-37513b9f793f.jpg&#8220; background_enable_image=&#8220;on&#8220; global_colors_info=&#8220;{}&#8220; sticky_transition=&#8220;on&#8220;][\/et_pb_slide][et_pb_slide _builder_version=&#8220;4.27.4&#8243; _module_preset=&#8220;default&#8220; background_image=&#8220;https:\/\/esbjergcamping.dk\/wp-content\/uploads\/2025\/03\/10ca14fa-bcc3-4ae9-b2d3-08092e0b925a.jpg&#8220; background_enable_image=&#8220;on&#8220; global_colors_info=&#8220;{}&#8220; sticky_transition=&#8220;on&#8220;][\/et_pb_slide][et_pb_slide _builder_version=&#8220;4.27.4&#8243; _module_preset=&#8220;default&#8220; background_image=&#8220;https:\/\/esbjergcamping.dk\/wp-content\/uploads\/2025\/03\/d17e538f-bc19-4689-8b73-a91de237022a.jpg&#8220; background_enable_image=&#8220;on&#8220; global_colors_info=&#8220;{}&#8220; sticky_transition=&#8220;on&#8220;][\/et_pb_slide][\/et_pb_fullwidth_slider][\/et_pb_section][et_pb_section fb_built=&#8220;1&#8243; _builder_version=&#8220;4.27.3&#8243; _module_preset=&#8220;default&#8220; global_colors_info=&#8220;{}&#8220;][et_pb_row column_structure=&#8220;2_3,1_3&#8243; _builder_version=&#8220;4.27.3&#8243; _module_preset=&#8220;default&#8220; global_colors_info=&#8220;{}&#8220;][et_pb_column type=&#8220;2_3&#8243; _builder_version=&#8220;4.27.3&#8243; _module_preset=&#8220;default&#8220; global_colors_info=&#8220;{}&#8220;][et_pb_heading title=&#8220;Minigolf auf dem Campingplatz &#8211; eine Aktivit\u00e4t f\u00fcr alle Altersgruppen&#8220; _builder_version=&#8220;4.27.3&#8243; _module_preset=&#8220;default&#8220; title_level=&#8220;h4&#8243; global_colors_info=&#8220;{}&#8220;][\/et_pb_heading][et_pb_text _builder_version=&#8220;4.27.3&#8243; _module_preset=&#8220;default&#8220; global_colors_info=&#8220;{}&#8220;]<\/p>\n<p data-start=\"970\" data-end=\"1360\" class=\"\">Esbjerg Camping ist ein familienfreundlicher Campingplatz in J\u00fctland, auf dem Sie alles von Natur und Entspannung bis hin zu Spiel und Bewegung erleben k\u00f6nnen. Unser <strong data-start=\"1105\" data-end=\"1123\">Minigolfplatz<\/strong> befindet sich im Zentrum des Campingplatzes, umgeben von viel Gr\u00fcn und in der N\u00e4he des Spielplatzes und der Erholungsgebiete. Der Platz verf\u00fcgt \u00fcber insgesamt 18 L\u00f6cher mit verschiedenen Schwierigkeitsgraden, so dass sowohl Anf\u00e4nger als auch erfahrene Spieler auf ihre Kosten kommen.  <\/p>\n<p data-start=\"1362\" data-end=\"1664\" class=\"\">Minigolf ist eine Aktivit\u00e4t, die Generationen zusammenbringt. Kinder lieben es, die kleinen Hindernisse auszuprobieren, w\u00e4hrend Eltern und Gro\u00dfeltern gerne an einem lustigen und entspannten Wettbewerb teilnehmen. Deshalb ist <strong data-start=\"1565\" data-end=\"1590\">Camping mit Minigolf<\/strong> perfekt, wenn Sie einen Urlaub voller Zweisamkeit und gemeinsamer Erlebnisse erleben m\u00f6chten.  <\/p>\n<p>[\/et_pb_text][\/et_pb_column][et_pb_column type=&#8220;1_3&#8243; _builder_version=&#8220;4.27.3&#8243; _module_preset=&#8220;default&#8220; global_colors_info=&#8220;{}&#8220;][\/et_pb_column][\/et_pb_row][et_pb_row column_structure=&#8220;1_3,2_3&#8243; _builder_version=&#8220;4.27.3&#8243; _module_preset=&#8220;default&#8220; global_colors_info=&#8220;{}&#8220;][et_pb_column type=&#8220;1_3&#8243; _builder_version=&#8220;4.27.3&#8243; _module_preset=&#8220;default&#8220; global_colors_info=&#8220;{}&#8220;][et_pb_image src=&#8220;https:\/\/esbjergcamping.dk\/wp-content\/uploads\/2025\/03\/42d73840-b518-4ae9-af45-64ccfdba8e92-1.jpg&#8220; title_text=&#8220;42d73840-b518-4ae9-af45-64ccfdba8e92 (1)&#8220; _builder_version=&#8220;4.27.4&#8243; _module_preset=&#8220;default&#8220; global_colors_info=&#8220;{}&#8220;][\/et_pb_image][\/et_pb_column][et_pb_column type=&#8220;2_3&#8243; _builder_version=&#8220;4.27.3&#8243; _module_preset=&#8220;default&#8220; global_colors_info=&#8220;{}&#8220;][et_pb_heading title=&#8220;Preise und \u00d6ffnungszeiten f\u00fcr Minigolf auf dem Campingplatz&#8220; _builder_version=&#8220;4.27.3&#8243; _module_preset=&#8220;default&#8220; title_level=&#8220;h4&#8243; title_text_align=&#8220;left&#8220; global_colors_info=&#8220;{}&#8220;][\/et_pb_heading][et_pb_text _builder_version=&#8220;4.27.4&#8243; _module_preset=&#8220;default&#8220; global_colors_info=&#8220;{}&#8220;]<\/p>\n<p data-start=\"1729\" data-end=\"1890\" class=\"\">Minigolf auf Esbjerg Camping ist von <strong data-start=\"1769\" data-end=\"1809\">Ostern bis einschlie\u00dflich Woche 42<\/strong> ge\u00f6ffnet, so dass Sie im Fr\u00fchling, Sommer und Herbst viele M\u00f6glichkeiten zum Spielen haben.<\/p>\n<p data-start=\"1892\" data-end=\"2209\" class=\"\">Es kostet nur <strong data-start=\"1907\" data-end=\"1928\">DKK 40 pro Person<\/strong> und jeder ist herzlich willkommen &#8211; sowohl Camper als auch Besucher von au\u00dferhalb. Schl\u00e4ger und B\u00e4lle k\u00f6nnen an der Rezeption ausgeliehen werden, wo Sie auch f\u00fcr das Spiel bezahlen. <strong data-start=\"2081\" data-end=\"2142\">Die \u00d6ffnungszeiten des Minigolfplatzes richten sich nach den \u00d6ffnungszeiten des Ladens<\/strong>, so dass Sie eine Partie ganz einfach und flexibel in Ihr Urlaubsprogramm einbauen k\u00f6nnen. <\/p>\n<p data-start=\"2211\" data-end=\"2406\" class=\"\">In der N\u00e4he gibt es Tische und B\u00e4nke, um unterwegs eine Pause einzulegen. Viele Familien kombinieren eine Partie Golf mit einem Eis oder einem Softdrink aus dem Kiosk. Das macht das ganze Erlebnis noch angenehmer. <\/p>\n<p>[\/et_pb_text][\/et_pb_column][\/et_pb_row][et_pb_row _builder_version=&#8220;4.27.3&#8243; _module_preset=&#8220;default&#8220; global_colors_info=&#8220;{}&#8220;][et_pb_column type=&#8220;4_4&#8243; _builder_version=&#8220;4.27.3&#8243; _module_preset=&#8220;default&#8220; global_colors_info=&#8220;{}&#8220;][et_pb_heading title=&#8220;Camping-Minigolf &#8211; Teil von vielen Einrichtungen&#8220; _builder_version=&#8220;4.27.4&#8243; _module_preset=&#8220;default&#8220; title_level=&#8220;h4&#8243; global_colors_info=&#8220;{}&#8220;][\/et_pb_heading][et_pb_text _builder_version=&#8220;4.27.4&#8243; _module_preset=&#8220;default&#8220; hover_enabled=&#8220;0&#8243; global_colors_info=&#8220;{}&#8220; sticky_enabled=&#8220;0&#8243;]<\/p>\n<p data-start=\"2466\" data-end=\"2756\" class=\"\">Esbjerg Camping ist mehr als nur <strong data-start=\"2499\" data-end=\"2520\">Camping-Minigolf<\/strong>. Hier finden Sie auch einen beheizten Au\u00dfenpool, einen Spielplatz, einen Fu\u00dfballplatz, Gemeinschaftsbereiche und eine gr\u00fcne Umgebung zum Entspannen und Leben im Freien. Sie k\u00f6nnen in einem Zelt, Wohnwagen, Wohnmobil oder einer H\u00fctte \u00fcbernachten, je nachdem, was Ihnen und Ihrer Familie am besten gef\u00e4llt.  <\/p>\n<p data-start=\"2758\" data-end=\"3073\" class=\"\">Der Campingplatz liegt sowohl in der N\u00e4he der Nordsee als auch des Stadtlebens von Esbjerg, so dass Sie die Aktivit\u00e4ten vor Ort leicht mit Ausfl\u00fcgen in die Umgebung kombinieren k\u00f6nnen. Aber die G\u00e4ste stellen oft fest, dass es fast nicht n\u00f6tig ist, den Platz zu verlassen &#8211; mit einem Pool und <strong data-start=\"2995\" data-end=\"3026\">Minigolf auf dem Campingplatz<\/strong> gibt es viel zu tun f\u00fcr Jung und Alt. <\/p>\n<p data-start=\"2758\" data-end=\"3073\" class=\"\">\n<h4 data-start=\"2758\" data-end=\"3073\">Warum Sie Esbjerg Camping mit Minigolf w\u00e4hlen sollten<\/h4>\n<p data-start=\"3136\" data-end=\"3248\" class=\"\">Wenn Sie von einem aktiven und entspannenden Urlaub in J\u00fctland tr\u00e4umen, ist Esbjerg Camping der richtige Ort f\u00fcr Sie. Wir bieten: <\/p>\n<ul data-start=\"3250\" data-end=\"3574\">\n<li data-start=\"3250\" data-end=\"3297\" class=\"\">\n<p data-start=\"3252\" data-end=\"3297\" class=\"\">Ein lustiger und gut gepflegter 18-Loch-Minigolfplatz<\/p>\n<\/li>\n<li data-start=\"3298\" data-end=\"3329\" class=\"\">\n<p data-start=\"3300\" data-end=\"3329\" class=\"\">Preis: nur DKK 40,- pro Person<\/p>\n<\/li>\n<li data-start=\"3330\" data-end=\"3365\" class=\"\">\n<p data-start=\"3332\" data-end=\"3365\" class=\"\">Ge\u00f6ffnet von Ostern bis einschlie\u00dflich Woche 42<\/p>\n<\/li>\n<li data-start=\"3366\" data-end=\"3410\" class=\"\">\n<p data-start=\"3368\" data-end=\"3410\" class=\"\">Die \u00d6ffnungszeiten folgen den Laden\u00f6ffnungszeiten<\/p>\n<\/li>\n<li data-start=\"3411\" data-end=\"3447\" class=\"\">\n<p data-start=\"3413\" data-end=\"3447\" class=\"\">Leihger\u00e4te an der Rezeption<\/p>\n<\/li>\n<li data-start=\"3448\" data-end=\"3515\" class=\"\">\n<p data-start=\"3450\" data-end=\"3515\" class=\"\">Familienfreundliche Einrichtungen mit Pool, Spielplatz und Naturerlebnissen<\/p>\n<\/li>\n<li data-start=\"3516\" data-end=\"3574\" class=\"\">\n<p data-start=\"3518\" data-end=\"3574\" class=\"\">Zelte, H\u00fctten, Wohnmobile und Wohnwagen verf\u00fcgbar<\/p>\n<\/li>\n<\/ul>\n<p data-start=\"3576\" data-end=\"3796\" class=\"\">Hier bekommen Sie das Beste vom Campingleben &#8211; und noch einiges mehr. Unser <strong data-start=\"3636\" data-end=\"3661\"> Minigolfplatz<\/strong> ist ein ideales Ziel f\u00fcr Familien mit Kindern, Gro\u00dfeltern mit Enkelkindern oder Paare, die im Urlaub etwas Spa\u00df und Aktivit\u00e4t suchen. <\/p>\n<p>[\/et_pb_text][\/et_pb_column][\/et_pb_row][\/et_pb_section]<\/p>\n","protected":false},"excerpt":{"rendered":"<p>Camping mit Minigolf &#8211; Spa\u00df und Familienvergn\u00fcgen auf Esbjerg CampingSuchen Sie einen Campingplatz mit Minigolf? Dann ist Esbjerg Camping die offensichtliche Wahl. Hier kombinieren wir klassischen Campingurlaub mit lustigen Aktivit\u00e4ten f\u00fcr die ganze Familie &#8211; und unser Minigolfplatz ist einer der beliebtesten. Mit 18 L\u00f6chern, verteilt auf lustige und herausfordernde Parcours, k\u00f6nnen sowohl Kinder als [&hellip;]<\/p>\n","protected":false},"author":1,"featured_media":0,"parent":102072,"menu_order":0,"comment_status":"closed","ping_status":"closed","template":"","meta":{"_et_pb_use_builder":"on","_et_pb_old_content":"","_et_gb_content_width":"","footnotes":""},"folder":[],"class_list":["post-102054","page","type-page","status-publish","hentry"],"yoast_head":"<!-- This site is optimized with the Yoast SEO plugin v27.6 - https:\/\/yoast.com\/product\/yoast-seo-wordpress\/ -->\n<title>Minigolf in Esbjerg | Spa\u00df f\u00fcr die ganze Familie auf Esbjerg Camping<\/title>\n<meta name=\"description\" content=\"Spielen Sie Minigolf auf Esbjerg Camping - ein gem\u00fctlicher Platz mit lustigen Herausforderungen f\u00fcr Kinder und Erwachsene. Perfekt f\u00fcr Familienspa\u00df in Westj\u00fctland.\" \/>\n<meta name=\"robots\" content=\"index, follow, max-snippet:-1, max-image-preview:large, max-video-preview:-1\" \/>\n<link rel=\"canonical\" href=\"https:\/\/esbjergcamping.dk\/de\/das-quadrat\/minigolf\/\" \/>\n<meta property=\"og:locale\" content=\"de_DE\" \/>\n<meta property=\"og:type\" content=\"article\" \/>\n<meta property=\"og:title\" content=\"Minigolf in Esbjerg | Spa\u00df f\u00fcr die ganze Familie auf Esbjerg Camping\" \/>\n<meta property=\"og:description\" content=\"Spielen Sie Minigolf auf Esbjerg Camping - ein gem\u00fctlicher Platz mit lustigen Herausforderungen f\u00fcr Kinder und Erwachsene. Perfekt f\u00fcr Familienspa\u00df in Westj\u00fctland.\" \/>\n<meta property=\"og:url\" content=\"https:\/\/esbjergcamping.dk\/de\/das-quadrat\/minigolf\/\" \/>\n<meta property=\"og:site_name\" content=\"Esbjerg Camping\" \/>\n<meta property=\"article:modified_time\" content=\"2025-04-07T07:58:41+00:00\" \/>\n<meta name=\"twitter:card\" content=\"summary_large_image\" \/>\n<meta name=\"twitter:label1\" content=\"Gesch\u00e4tzte Lesezeit\" \/>\n\t<meta name=\"twitter:data1\" content=\"8\u00a0Minuten\" \/>\n<script type=\"application\/ld+json\" class=\"yoast-schema-graph\">{\"@context\":\"https:\\\/\\\/schema.org\",\"@graph\":[{\"@type\":\"WebPage\",\"@id\":\"https:\\\/\\\/esbjergcamping.dk\\\/de\\\/das-quadrat\\\/minigolf\\\/\",\"url\":\"https:\\\/\\\/esbjergcamping.dk\\\/de\\\/das-quadrat\\\/minigolf\\\/\",\"name\":\"Minigolf in Esbjerg | Spa\u00df f\u00fcr die ganze Familie auf Esbjerg Camping\",\"isPartOf\":{\"@id\":\"https:\\\/\\\/esbjergcamping.dk\\\/de\\\/#website\"},\"datePublished\":\"2024-11-17T13:31:46+00:00\",\"dateModified\":\"2025-04-07T07:58:41+00:00\",\"description\":\"Spielen Sie Minigolf auf Esbjerg Camping - ein gem\u00fctlicher Platz mit lustigen Herausforderungen f\u00fcr Kinder und Erwachsene. Perfekt f\u00fcr Familienspa\u00df in Westj\u00fctland.\",\"breadcrumb\":{\"@id\":\"https:\\\/\\\/esbjergcamping.dk\\\/de\\\/das-quadrat\\\/minigolf\\\/#breadcrumb\"},\"inLanguage\":\"de\",\"potentialAction\":[{\"@type\":\"ReadAction\",\"target\":[\"https:\\\/\\\/esbjergcamping.dk\\\/de\\\/das-quadrat\\\/minigolf\\\/\"]}]},{\"@type\":\"BreadcrumbList\",\"@id\":\"https:\\\/\\\/esbjergcamping.dk\\\/de\\\/das-quadrat\\\/minigolf\\\/#breadcrumb\",\"itemListElement\":[{\"@type\":\"ListItem\",\"position\":1,\"name\":\"Home\",\"item\":\"https:\\\/\\\/esbjergcamping.dk\\\/de\\\/\"},{\"@type\":\"ListItem\",\"position\":2,\"name\":\"Das Quadrat\",\"item\":\"https:\\\/\\\/esbjergcamping.dk\\\/de\\\/das-quadrat\\\/\"},{\"@type\":\"ListItem\",\"position\":3,\"name\":\"Minigolf\"}]},{\"@type\":\"WebSite\",\"@id\":\"https:\\\/\\\/esbjergcamping.dk\\\/de\\\/#website\",\"url\":\"https:\\\/\\\/esbjergcamping.dk\\\/de\\\/\",\"name\":\"Esbjerg Camping\",\"description\":\"Din n\u00e6ste campingferie\",\"potentialAction\":[{\"@type\":\"SearchAction\",\"target\":{\"@type\":\"EntryPoint\",\"urlTemplate\":\"https:\\\/\\\/esbjergcamping.dk\\\/de\\\/?s={search_term_string}\"},\"query-input\":{\"@type\":\"PropertyValueSpecification\",\"valueRequired\":true,\"valueName\":\"search_term_string\"}}],\"inLanguage\":\"de\"}]}<\/script>\n<!-- \/ Yoast SEO plugin. -->","yoast_head_json":{"title":"Minigolf in Esbjerg | Spa\u00df f\u00fcr die ganze Familie auf Esbjerg Camping","description":"Spielen Sie Minigolf auf Esbjerg Camping - ein gem\u00fctlicher Platz mit lustigen Herausforderungen f\u00fcr Kinder und Erwachsene. Perfekt f\u00fcr Familienspa\u00df in Westj\u00fctland.","robots":{"index":"index","follow":"follow","max-snippet":"max-snippet:-1","max-image-preview":"max-image-preview:large","max-video-preview":"max-video-preview:-1"},"canonical":"https:\/\/esbjergcamping.dk\/de\/das-quadrat\/minigolf\/","og_locale":"de_DE","og_type":"article","og_title":"Minigolf in Esbjerg | Spa\u00df f\u00fcr die ganze Familie auf Esbjerg Camping","og_description":"Spielen Sie Minigolf auf Esbjerg Camping - ein gem\u00fctlicher Platz mit lustigen Herausforderungen f\u00fcr Kinder und Erwachsene. Perfekt f\u00fcr Familienspa\u00df in Westj\u00fctland.","og_url":"https:\/\/esbjergcamping.dk\/de\/das-quadrat\/minigolf\/","og_site_name":"Esbjerg Camping","article_modified_time":"2025-04-07T07:58:41+00:00","twitter_card":"summary_large_image","twitter_misc":{"Gesch\u00e4tzte Lesezeit":"8\u00a0Minuten"},"schema":{"@context":"https:\/\/schema.org","@graph":[{"@type":"WebPage","@id":"https:\/\/esbjergcamping.dk\/de\/das-quadrat\/minigolf\/","url":"https:\/\/esbjergcamping.dk\/de\/das-quadrat\/minigolf\/","name":"Minigolf in Esbjerg | Spa\u00df f\u00fcr die ganze Familie auf Esbjerg Camping","isPartOf":{"@id":"https:\/\/esbjergcamping.dk\/de\/#website"},"datePublished":"2024-11-17T13:31:46+00:00","dateModified":"2025-04-07T07:58:41+00:00","description":"Spielen Sie Minigolf auf Esbjerg Camping - ein gem\u00fctlicher Platz mit lustigen Herausforderungen f\u00fcr Kinder und Erwachsene. Perfekt f\u00fcr Familienspa\u00df in Westj\u00fctland.","breadcrumb":{"@id":"https:\/\/esbjergcamping.dk\/de\/das-quadrat\/minigolf\/#breadcrumb"},"inLanguage":"de","potentialAction":[{"@type":"ReadAction","target":["https:\/\/esbjergcamping.dk\/de\/das-quadrat\/minigolf\/"]}]},{"@type":"BreadcrumbList","@id":"https:\/\/esbjergcamping.dk\/de\/das-quadrat\/minigolf\/#breadcrumb","itemListElement":[{"@type":"ListItem","position":1,"name":"Home","item":"https:\/\/esbjergcamping.dk\/de\/"},{"@type":"ListItem","position":2,"name":"Das Quadrat","item":"https:\/\/esbjergcamping.dk\/de\/das-quadrat\/"},{"@type":"ListItem","position":3,"name":"Minigolf"}]},{"@type":"WebSite","@id":"https:\/\/esbjergcamping.dk\/de\/#website","url":"https:\/\/esbjergcamping.dk\/de\/","name":"Esbjerg Camping","description":"Din n\u00e6ste campingferie","potentialAction":[{"@type":"SearchAction","target":{"@type":"EntryPoint","urlTemplate":"https:\/\/esbjergcamping.dk\/de\/?s={search_term_string}"},"query-input":{"@type":"PropertyValueSpecification","valueRequired":true,"valueName":"search_term_string"}}],"inLanguage":"de"}]}},"_links":{"self":[{"href":"https:\/\/esbjergcamping.dk\/de\/wp-json\/wp\/v2\/pages\/102054","targetHints":{"allow":["GET"]}}],"collection":[{"href":"https:\/\/esbjergcamping.dk\/de\/wp-json\/wp\/v2\/pages"}],"about":[{"href":"https:\/\/esbjergcamping.dk\/de\/wp-json\/wp\/v2\/types\/page"}],"author":[{"embeddable":true,"href":"https:\/\/esbjergcamping.dk\/de\/wp-json\/wp\/v2\/users\/1"}],"replies":[{"embeddable":true,"href":"https:\/\/esbjergcamping.dk\/de\/wp-json\/wp\/v2\/comments?post=102054"}],"version-history":[{"count":2,"href":"https:\/\/esbjergcamping.dk\/de\/wp-json\/wp\/v2\/pages\/102054\/revisions"}],"predecessor-version":[{"id":102056,"href":"https:\/\/esbjergcamping.dk\/de\/wp-json\/wp\/v2\/pages\/102054\/revisions\/102056"}],"up":[{"embeddable":true,"href":"https:\/\/esbjergcamping.dk\/de\/wp-json\/wp\/v2\/pages\/102072"}],"wp:attachment":[{"href":"https:\/\/esbjergcamping.dk\/de\/wp-json\/wp\/v2\/media?parent=102054"}],"wp:term":[{"taxonomy":"folder","embeddable":true,"href":"https:\/\/esbjergcamping.dk\/de\/wp-json\/wp\/v2\/folder?post=102054"}],"curies":[{"name":"wp","href":"https:\/\/api.w.org\/{rel}","templated":true}]}}