{"id":102067,"date":"2024-11-17T14:31:45","date_gmt":"2024-11-17T13:31:45","guid":{"rendered":"https:\/\/esbjergcamping.dk\/meine-aktivitaeten\/"},"modified":"2026-04-23T13:01:31","modified_gmt":"2026-04-23T12:01:31","slug":"meine-aktivitaeten","status":"publish","type":"page","link":"https:\/\/esbjergcamping.dk\/de\/das-quadrat\/meine-aktivitaeten\/","title":{"rendered":"Meine Aktivit\u00e4ten"},"content":{"rendered":"<p>[et_pb_section fb_built=&#8220;1&#8243; _builder_version=&#8220;4.27.4&#8243; _module_preset=&#8220;default&#8220; use_background_color_gradient=&#8220;on&#8220; background_color_gradient_direction=&#8220;45deg&#8220; background_color_gradient_stops=&#8220;rgba(0,0,0,0.6) 0%|rgba(0,0,0,0.6) 100%&#8220; background_color_gradient_overlays_image=&#8220;on&#8220; background_image=&#8220;https:\/\/esbjergcamping.dk\/wp-content\/uploads\/2025\/03\/DSC_0129-1.jpg&#8220; height=&#8220;400px&#8220; height_tablet=&#8220;350px&#8220; height_phone=&#8220;350px&#8220; height_last_edited=&#8220;on|phone&#8220; global_colors_info=&#8220;{}&#8220;][et_pb_row _builder_version=&#8220;4.17.3&#8243; _module_preset=&#8220;default&#8220; custom_padding=&#8220;||0px||false|false&#8220; global_colors_info=&#8220;{}&#8220;][et_pb_column type=&#8220;4_4&#8243; _builder_version=&#8220;4.17.3&#8243; _module_preset=&#8220;default&#8220; global_colors_info=&#8220;{}&#8220;][et_pb_text _builder_version=&#8220;4.27.3&#8243; _module_preset=&#8220;default&#8220; header_font=&#8220;||||||||&#8220; header_text_color=&#8220;#FFFFFF&#8220; header_2_text_color=&#8220;#FFFFFF&#8220; custom_margin=&#8220;||0px||false|false&#8220; border_color_all=&#8220;gcid-7ce7b00a-a0f7-4559-8af2-0adef5afd391&#8243; global_colors_info=&#8220;{%22gcid-7ce7b00a-a0f7-4559-8af2-0adef5afd391%22:%91%22border_color_all%22%93}&#8220;]<\/p>\n<h1>Aktivit\u00e4ten vor Ort<\/h1>\n<p>[\/et_pb_text][\/et_pb_column][\/et_pb_row][et_pb_row _builder_version=&#8220;4.17.3&#8243; _module_preset=&#8220;default&#8220; custom_padding=&#8220;0px||||false|false&#8220; global_colors_info=&#8220;{}&#8220;][et_pb_column type=&#8220;4_4&#8243; _builder_version=&#8220;4.17.3&#8243; _module_preset=&#8220;default&#8220; global_colors_info=&#8220;{}&#8220;][et_pb_divider color=&#8220;gcid-7ce7b00a-a0f7-4559-8af2-0adef5afd391&#8243; _builder_version=&#8220;4.17.3&#8243; _module_preset=&#8220;default&#8220; height=&#8220;0px&#8220; custom_margin=&#8220;||0px||false|false&#8220; custom_padding=&#8220;||||false|false&#8220; global_colors_info=&#8220;{%22gcid-7ce7b00a-a0f7-4559-8af2-0adef5afd391%22:%91%22border_color_right%22,%22color%22%93}&#8220;][\/et_pb_divider][et_pb_divider show_divider=&#8220;off&#8220; admin_label=&#8220;Point right bottom&#8220; module_class=&#8220;dot-right-bottom sub-page-dot&#8220; _builder_version=&#8220;4.17.3&#8243; _module_preset=&#8220;default&#8220; height=&#8220;25px&#8220; border_width_right=&#8220;1px&#8220; border_color_right=&#8220;gcid-7ce7b00a-a0f7-4559-8af2-0adef5afd391&#8243; global_colors_info=&#8220;{%22gcid-7ce7b00a-a0f7-4559-8af2-0adef5afd391%22:%91%22border_color_right%22%93}&#8220;][\/et_pb_divider][\/et_pb_column][\/et_pb_row][\/et_pb_section][et_pb_section fb_built=&#8220;1&#8243; _builder_version=&#8220;4.17.3&#8243; _module_preset=&#8220;default&#8220; background_image=&#8220;https:\/\/esbjergcamping.dk\/wp-content\/uploads\/2024\/10\/corner-dots-left-top.png&#8220; background_size=&#8220;initial&#8220; background_position=&#8220;top_left&#8220; background_last_edited=&#8220;on|tablet&#8220; background_enable_image_tablet=&#8220;off&#8220; global_colors_info=&#8220;{}&#8220;][et_pb_row _builder_version=&#8220;4.27.4&#8243; _module_preset=&#8220;default&#8220; custom_padding=&#8220;50px||35px||false|false&#8220; global_colors_info=&#8220;{}&#8220;][et_pb_column type=&#8220;4_4&#8243; _builder_version=&#8220;4.17.3&#8243; _module_preset=&#8220;default&#8220; custom_padding=&#8220;25px||||false|false&#8220; global_colors_info=&#8220;{}&#8220;][et_pb_text _builder_version=&#8220;4.27.5&#8243; _module_preset=&#8220;default&#8220; text_font=&#8220;||||||||&#8220; text_line_height=&#8220;1.8em&#8220; hover_enabled=&#8220;0&#8243; global_colors_info=&#8220;{}&#8220; sticky_enabled=&#8220;0&#8243;]<\/p>\n<p>Neben den vielen wunderbaren Sehensw\u00fcrdigkeiten und Erlebnissen, die Esbjerg und die Umgebung zu bieten haben, gibt es auf dem Campingplatz jede Menge Spa\u00df und spannende Aktivit\u00e4ten f\u00fcr die ganze Familie.<\/p>\n<p>In den Ferien und an Feiertagen haben wir ein Aktivit\u00e4tsprogramm, das den Kindern die M\u00f6glichkeit gibt, viele verschiedene Aktivit\u00e4ten auszuprobieren.<br \/>Wir haben unter anderem Stockbrot backen, Kreativit\u00e4tsworkshops, Mini-Disko und Fu\u00dfballturniere &#8211; lustige Aktivit\u00e4ten f\u00fcr M\u00e4dchen und Jungen, Gro\u00df und Klein! Siehe unser Aktivit\u00e4tsprogramm.<\/p>\n<p>In den Sommerferien veranstalten wir au\u00dferdem jeden Dienstag eine Poolparty, bei der Sie viele neue Freunde kennenlernen und gemeinsam Spa\u00df im Pool haben k\u00f6nnen. Schwimmen und spielen Sie zu all der Musik, die Sie lieben. F\u00fcr Kinder werden Getr\u00e4nke und Obst serviert.<\/p>\n<p>Unser Zug &#8222;Futte&#8220; f\u00e4hrt jedes Wochenende und an Feiertagen sowie t\u00e4glich in den Ferien \u00fcber den Campingplatz, so dass Sie eine kleine Zugfahrt um den Campingplatz machen k\u00f6nnen. Hier ist maximal 1 Erwachsenen zusammen mit den Kindern vorgesehen.<\/p>\n<p>[\/et_pb_text][\/et_pb_column][\/et_pb_row][\/et_pb_section][et_pb_section fb_built=&#8220;1&#8243; _builder_version=&#8220;4.27.3&#8243; _module_preset=&#8220;default&#8220; background_color=&#8220;gcid-d70a5a6a-d90d-43f0-b48d-3d8f33a6130e&#8220; global_colors_info=&#8220;{%22gcid-d70a5a6a-d90d-43f0-b48d-3d8f33a6130e%22:%91%22background_color%22%93}&#8220;][et_pb_row column_structure=&#8220;1_2,1_2&#8243; make_equal=&#8220;on&#8220; _builder_version=&#8220;4.27.3&#8243; _module_preset=&#8220;default&#8220; global_colors_info=&#8220;{}&#8220;][et_pb_column type=&#8220;1_2&#8243; _builder_version=&#8220;4.27.3&#8243; _module_preset=&#8220;default&#8220; global_colors_info=&#8220;{}&#8220;][et_pb_image src=&#8220;https:\/\/esbjergcamping.dk\/wp-content\/uploads\/2025\/03\/DSC_8490-1.jpg&#8220; title_text=&#8220;DSC_8490 (1)&#8220; disabled_on=&#8220;on|on|off&#8220; _builder_version=&#8220;4.27.4&#8243; _module_preset=&#8220;default&#8220; global_colors_info=&#8220;{}&#8220;][\/et_pb_image][\/et_pb_column][et_pb_column type=&#8220;1_2&#8243; _builder_version=&#8220;4.27.3&#8243; _module_preset=&#8220;default&#8220; custom_css_main_element=&#8220;margin:auto;&#8220; global_colors_info=&#8220;{}&#8220;][et_pb_heading title=&#8220;Gro\u00dfer Spielbereich&#8220; _builder_version=&#8220;4.27.4&#8243; _module_preset=&#8220;default&#8220; title_level=&#8220;h4&#8243; title_text_align=&#8220;left&#8220; global_colors_info=&#8220;{}&#8220;][\/et_pb_heading][et_pb_text _builder_version=&#8220;4.27.5&#8243; _module_preset=&#8220;default&#8220; hover_enabled=&#8220;0&#8243; global_colors_info=&#8220;{}&#8220; sticky_enabled=&#8220;0&#8243;]<\/p>\n<p>Das Gel\u00e4nde verf\u00fcgt \u00fcber einen gro\u00dfen Spielplatz, auf dem Kinder herumtollen und Spa\u00df haben k\u00f6nnen. Es gibt eine Kletterwand, eine H\u00fcpfburg, ein Karussell, ein Schachspiel, eine Rutsche, eine Schaukel, einen Sandkasten, ein Spielhaus, eine Multi-Arena und eine Seilbahn &#8211; Spielbereiche f\u00fcr Jung und Alt gleicherma\u00dfen.<\/p>\n<p>Es gibt auch Tischtennis und Stangentennis, so dass Sie die Familie zu einem Spiel herausfordern k\u00f6nnen, bei dem es darum geht, wer gewinnt: die Erwachsenen oder die Kinder? Schl\u00e4ger und B\u00e4lle k\u00f6nnen Sie an der Rezeption ausleihen, aber Sie k\u00f6nnen nat\u00fcrlich auch Ihre eigenen mitbringen.<\/p>\n<p>Wir haben auch Streicheltiere &#8211; Kaninchen und Ziegen, die bei kleineren Kindern sehr beliebt sind.<\/p>\n<p>Wenn Sie Lust auf eine Partie Minigolf haben, ist auch das m\u00f6glich. Mehr \u00fcber unseren Minigolfplatz erfahren Sie <a href=\"https:\/\/esbjergcamping.dk\/de\/das-quadrat\/minigolf\/\">hier.<\/a><\/p>\n<p>[\/et_pb_text][\/et_pb_column][\/et_pb_row][et_pb_row column_structure=&#8220;1_2,1_2&#8243; make_equal=&#8220;on&#8220; _builder_version=&#8220;4.27.3&#8243; _module_preset=&#8220;default&#8220; global_colors_info=&#8220;{}&#8220;][et_pb_column type=&#8220;1_2&#8243; _builder_version=&#8220;4.27.3&#8243; _module_preset=&#8220;default&#8220; custom_css_main_element=&#8220;margin:auto;&#8220; global_colors_info=&#8220;{}&#8220;][et_pb_heading title=&#8220;Beheizter Pool f\u00fcr Jung und Alt&#8220; _builder_version=&#8220;4.27.4&#8243; _module_preset=&#8220;default&#8220; title_level=&#8220;h4&#8243; global_colors_info=&#8220;{}&#8220;][\/et_pb_heading][et_pb_text _builder_version=&#8220;4.27.4&#8243; _module_preset=&#8220;default&#8220; global_colors_info=&#8220;{}&#8220;]<\/p>\n<p>Unser beheizter <a href=\"https:\/\/esbjergcamping.dk\/de\/das-quadrat\/pool\/\">Pool<\/a> ist bei Kindern jeden Alters sehr beliebt, denn es gibt ein Kinderbecken mit einer Rutsche f\u00fcr die Kleinsten sowie eine Rutsche, eine Wasserkanone und eine Sprudelzone f\u00fcr die Gr\u00f6\u00dferen.<\/p>\n<p>Kinder unter 12 Jahren d\u00fcrfen den Poolbereich nicht allein betreten. Es gibt auch Liegest\u00fchle f\u00fcr diejenigen, die gerne die Sonne genie\u00dfen. Klicken Sie hier, um Bilder zu sehen und mehr \u00fcber unseren Au\u00dfenpool zu erfahren  <\/p>\n<p>Ein Eldorado f\u00fcr die ganze Familie. Auf dem Esbjerg Camping werden sich die Kinder nie langweilen!<\/p>\n<p>[\/et_pb_text][\/et_pb_column][et_pb_column type=&#8220;1_2&#8243; _builder_version=&#8220;4.27.3&#8243; _module_preset=&#8220;default&#8220; global_colors_info=&#8220;{}&#8220;][et_pb_image src=&#8220;https:\/\/esbjergcamping.dk\/wp-content\/uploads\/2025\/03\/Esbjerg-Camping_logo-70-1.jpg&#8220; title_text=&#8220;Esbjerg Camping_logo-70 (1)&#8220; _builder_version=&#8220;4.27.4&#8243; _module_preset=&#8220;default&#8220; locked=&#8220;off&#8220; global_colors_info=&#8220;{}&#8220;][\/et_pb_image][\/et_pb_column][\/et_pb_row][\/et_pb_section][et_pb_section fb_built=&#8220;1&#8243; _builder_version=&#8220;4.27.3&#8243; _module_preset=&#8220;default&#8220; background_color=&#8220;RGBA(255,255,255,0)&#8220; global_colors_info=&#8220;{}&#8220;][et_pb_row column_structure=&#8220;1_2,1_2&#8243; make_equal=&#8220;on&#8220; _builder_version=&#8220;4.27.3&#8243; _module_preset=&#8220;default&#8220; global_colors_info=&#8220;{}&#8220;][et_pb_column type=&#8220;1_2&#8243; _builder_version=&#8220;4.27.3&#8243; _module_preset=&#8220;default&#8220; global_colors_info=&#8220;{}&#8220;][et_pb_image src=&#8220;https:\/\/esbjergcamping.dk\/wp-content\/uploads\/2025\/03\/BusinessEsbjerg-sommer-2020_\u24b8FlyingOctober-595-scaled-1.jpg&#8220; title_text=&#8220;BusinessEsbjerg-Sommer-2020_\u24b8FliegenderOktober-595-skaliert (1)&#8220; disabled_on=&#8220;on|on|off&#8220; _builder_version=&#8220;4.27.4&#8243; _module_preset=&#8220;default&#8220; global_colors_info=&#8220;{}&#8220;][\/et_pb_image][\/et_pb_column][et_pb_column type=&#8220;1_2&#8243; _builder_version=&#8220;4.27.3&#8243; _module_preset=&#8220;default&#8220; custom_css_main_element=&#8220;margin:auto;&#8220; global_colors_info=&#8220;{}&#8220;][et_pb_heading title=&#8220;Entdecken Sie die Gegend&#8220; _builder_version=&#8220;4.27.3&#8243; _module_preset=&#8220;default&#8220; title_level=&#8220;h4&#8243; title_text_align=&#8220;left&#8220; global_colors_info=&#8220;{}&#8220;][\/et_pb_heading][et_pb_text _builder_version=&#8220;4.27.4&#8243; _module_preset=&#8220;default&#8220; global_colors_info=&#8220;{}&#8220;]<\/p>\n<p>Entdecken Sie das Beste, was unsere sch\u00f6ne Gegend zu bieten hat! Wir von Esbjerg Camping verf\u00fcgen \u00fcber umfassende Ortskenntnisse und sind immer bereit, Ihnen die versteckten Juwelen und spannenden Aktivit\u00e4ten zu zeigen. Von malerischen Spazierg\u00e4ngen an der K\u00fcste bis hin zu kulturellen Erlebnissen in der Stadt Esbjerg &#8211; wir f\u00fchren Sie zu den authentischsten und unvergesslichsten Erfahrungen. Ganz gleich, ob Sie auf Abenteuer, Entspannung oder Kultur aus sind, Sie werden ganz in der N\u00e4he gro\u00dfartige lokale Perlen finden.   <\/p>\n<p>&nbsp;<\/p>\n<p>Fotos: Fliegender Oktober<\/p>\n<p>[\/et_pb_text][\/et_pb_column][\/et_pb_row][et_pb_row column_structure=&#8220;1_3,1_3,1_3&#8243; make_equal=&#8220;on&#8220; _builder_version=&#8220;4.27.3&#8243; _module_preset=&#8220;default&#8220; global_colors_info=&#8220;{}&#8220;][et_pb_column type=&#8220;1_3&#8243; _builder_version=&#8220;4.27.3&#8243; _module_preset=&#8220;default&#8220; custom_css_main_element=&#8220;margin:auto;&#8220; global_colors_info=&#8220;{}&#8220;][et_pb_image src=&#8220;https:\/\/esbjergcamping.dk\/wp-content\/uploads\/2025\/03\/VisitVadehavskysten_juni2022_\u00a9FlyingOctober-3780-scaled-1.jpg&#8220; title_text=&#8220;VisitVadehavskysten_juni2022_\u00a9FlyingOctober-3780-scaled&#8220; _builder_version=&#8220;4.27.4&#8243; _module_preset=&#8220;default&#8220; global_colors_info=&#8220;{}&#8220;][\/et_pb_image][et_pb_image src=&#8220;https:\/\/esbjergcamping.dk\/wp-content\/uploads\/2025\/03\/VisitVadehavskysten_juni2022_\u00a9FlyingOctober-5203-scaled-1.jpg&#8220; title_text=&#8220;VisitVadehavskysten_juni2022_\u00a9FlyingOctober-5203-scaled&#8220; _builder_version=&#8220;4.27.4&#8243; _module_preset=&#8220;default&#8220; global_colors_info=&#8220;{}&#8220;][\/et_pb_image][\/et_pb_column][et_pb_column type=&#8220;1_3&#8243; _builder_version=&#8220;4.27.3&#8243; _module_preset=&#8220;default&#8220; custom_css_main_element=&#8220;margin:auto;&#8220; global_colors_info=&#8220;{}&#8220;][et_pb_image src=&#8220;https:\/\/esbjergcamping.dk\/wp-content\/uploads\/2025\/03\/VisitVadehavskysten_juni2022_\u00a9FlyingOctober-4064-scaled-1.jpg&#8220; title_text=&#8220;VisitVadehavskysten_juni2022_\u00a9FlyingOctober-4064-scaled&#8220; _builder_version=&#8220;4.27.4&#8243; _module_preset=&#8220;default&#8220; global_colors_info=&#8220;{}&#8220;][\/et_pb_image][et_pb_image src=&#8220;https:\/\/esbjergcamping.dk\/wp-content\/uploads\/2025\/03\/VisitVadehavskysten_juni2022_\u00a9FlyingOctober-4352-scaled-1.jpg&#8220; title_text=&#8220;VisitVadehavskysten_juni2022_\u00a9FlyingOctober-4352-scaled&#8220; _builder_version=&#8220;4.27.4&#8243; _module_preset=&#8220;default&#8220; global_colors_info=&#8220;{}&#8220;][\/et_pb_image][\/et_pb_column][et_pb_column type=&#8220;1_3&#8243; _builder_version=&#8220;4.27.3&#8243; _module_preset=&#8220;default&#8220; custom_css_main_element=&#8220;margin:auto;&#8220; global_colors_info=&#8220;{}&#8220;][et_pb_image src=&#8220;https:\/\/esbjergcamping.dk\/wp-content\/uploads\/2025\/03\/VisitVadehavskysten_juni2022_\u00a9FlyingOctober-4181-scaled-1.jpg&#8220; title_text=&#8220;VisitVadehavskysten_juni2022_\u00a9FlyingOctober-4181-scaled&#8220; _builder_version=&#8220;4.27.4&#8243; _module_preset=&#8220;default&#8220; global_colors_info=&#8220;{}&#8220;][\/et_pb_image][et_pb_image src=&#8220;https:\/\/esbjergcamping.dk\/wp-content\/uploads\/2025\/03\/BusinessEsbjerg-sommer-2020_\u24b8FlyingOctober-380-scaled-1-1.jpg&#8220; title_text=&#8220;BusinessEsbjerg-Sommer-2020-\u24b8FliegenderOktober-380-skaliert (1) (1)&#8220; _builder_version=&#8220;4.27.4&#8243; _module_preset=&#8220;default&#8220; global_colors_info=&#8220;{}&#8220;][\/et_pb_image][\/et_pb_column][\/et_pb_row][\/et_pb_section]<\/p>\n","protected":false},"excerpt":{"rendered":"<p>Aktivit\u00e4ten vor OrtNeben den vielen wunderbaren Sehensw\u00fcrdigkeiten und Erlebnissen, die Esbjerg und die Umgebung zu bieten haben, gibt es auf dem Campingplatz jede Menge Spa\u00df und spannende Aktivit\u00e4ten f\u00fcr die ganze Familie. In den Ferien und an Feiertagen haben wir ein Aktivit\u00e4tsprogramm, das den Kindern die M\u00f6glichkeit gibt, viele verschiedene Aktivit\u00e4ten auszuprobieren.Wir haben unter anderem [&hellip;]<\/p>\n","protected":false},"author":1,"featured_media":0,"parent":102072,"menu_order":0,"comment_status":"closed","ping_status":"closed","template":"","meta":{"_et_pb_use_builder":"on","_et_pb_old_content":"","_et_gb_content_width":"","footnotes":""},"folder":[],"class_list":["post-102067","page","type-page","status-publish","hentry"],"yoast_head":"<!-- This site is optimized with the Yoast SEO plugin v27.4 - https:\/\/yoast.com\/product\/yoast-seo-wordpress\/ -->\n<title>Aktivit\u00e4ten f\u00fcr die ganze Familie | Esbjerg Camping in Westj\u00fctland<\/title>\n<meta name=\"description\" content=\"Freuen Sie sich auf lustige Aktivit\u00e4ten auf Esbjerg Camping - von Minigolf und Spielplatz bis hin zu Ballspielen und Kinderunterhaltung.\" \/>\n<meta name=\"robots\" content=\"index, follow, max-snippet:-1, max-image-preview:large, max-video-preview:-1\" \/>\n<link rel=\"canonical\" href=\"https:\/\/esbjergcamping.dk\/de\/das-quadrat\/meine-aktivitaeten\/\" \/>\n<meta property=\"og:locale\" content=\"de_DE\" \/>\n<meta property=\"og:type\" content=\"article\" \/>\n<meta property=\"og:title\" content=\"Aktivit\u00e4ten f\u00fcr die ganze Familie | Esbjerg Camping in Westj\u00fctland\" \/>\n<meta property=\"og:description\" content=\"Freuen Sie sich auf lustige Aktivit\u00e4ten auf Esbjerg Camping - von Minigolf und Spielplatz bis hin zu Ballspielen und Kinderunterhaltung.\" \/>\n<meta property=\"og:url\" content=\"https:\/\/esbjergcamping.dk\/de\/das-quadrat\/meine-aktivitaeten\/\" \/>\n<meta property=\"og:site_name\" content=\"Esbjerg Camping\" \/>\n<meta property=\"article:modified_time\" content=\"2026-04-23T12:01:31+00:00\" \/>\n<meta name=\"twitter:card\" content=\"summary_large_image\" \/>\n<meta name=\"twitter:label1\" content=\"Gesch\u00e4tzte Lesezeit\" \/>\n\t<meta name=\"twitter:data1\" content=\"8\u00a0Minuten\" \/>\n<script type=\"application\/ld+json\" class=\"yoast-schema-graph\">{\"@context\":\"https:\\\/\\\/schema.org\",\"@graph\":[{\"@type\":\"WebPage\",\"@id\":\"https:\\\/\\\/esbjergcamping.dk\\\/de\\\/das-quadrat\\\/meine-aktivitaeten\\\/\",\"url\":\"https:\\\/\\\/esbjergcamping.dk\\\/de\\\/das-quadrat\\\/meine-aktivitaeten\\\/\",\"name\":\"Aktivit\u00e4ten f\u00fcr die ganze Familie | Esbjerg Camping in Westj\u00fctland\",\"isPartOf\":{\"@id\":\"https:\\\/\\\/esbjergcamping.dk\\\/de\\\/#website\"},\"datePublished\":\"2024-11-17T13:31:45+00:00\",\"dateModified\":\"2026-04-23T12:01:31+00:00\",\"description\":\"Freuen Sie sich auf lustige Aktivit\u00e4ten auf Esbjerg Camping - von Minigolf und Spielplatz bis hin zu Ballspielen und Kinderunterhaltung.\",\"breadcrumb\":{\"@id\":\"https:\\\/\\\/esbjergcamping.dk\\\/de\\\/das-quadrat\\\/meine-aktivitaeten\\\/#breadcrumb\"},\"inLanguage\":\"de\",\"potentialAction\":[{\"@type\":\"ReadAction\",\"target\":[\"https:\\\/\\\/esbjergcamping.dk\\\/de\\\/das-quadrat\\\/meine-aktivitaeten\\\/\"]}]},{\"@type\":\"BreadcrumbList\",\"@id\":\"https:\\\/\\\/esbjergcamping.dk\\\/de\\\/das-quadrat\\\/meine-aktivitaeten\\\/#breadcrumb\",\"itemListElement\":[{\"@type\":\"ListItem\",\"position\":1,\"name\":\"Home\",\"item\":\"https:\\\/\\\/esbjergcamping.dk\\\/de\\\/\"},{\"@type\":\"ListItem\",\"position\":2,\"name\":\"Das Quadrat\",\"item\":\"https:\\\/\\\/esbjergcamping.dk\\\/de\\\/das-quadrat\\\/\"},{\"@type\":\"ListItem\",\"position\":3,\"name\":\"Meine Aktivit\u00e4ten\"}]},{\"@type\":\"WebSite\",\"@id\":\"https:\\\/\\\/esbjergcamping.dk\\\/de\\\/#website\",\"url\":\"https:\\\/\\\/esbjergcamping.dk\\\/de\\\/\",\"name\":\"Esbjerg Camping\",\"description\":\"Din n\u00e6ste campingferie\",\"potentialAction\":[{\"@type\":\"SearchAction\",\"target\":{\"@type\":\"EntryPoint\",\"urlTemplate\":\"https:\\\/\\\/esbjergcamping.dk\\\/de\\\/?s={search_term_string}\"},\"query-input\":{\"@type\":\"PropertyValueSpecification\",\"valueRequired\":true,\"valueName\":\"search_term_string\"}}],\"inLanguage\":\"de\"}]}<\/script>\n<!-- \/ Yoast SEO plugin. -->","yoast_head_json":{"title":"Aktivit\u00e4ten f\u00fcr die ganze Familie | Esbjerg Camping in Westj\u00fctland","description":"Freuen Sie sich auf lustige Aktivit\u00e4ten auf Esbjerg Camping - von Minigolf und Spielplatz bis hin zu Ballspielen und Kinderunterhaltung.","robots":{"index":"index","follow":"follow","max-snippet":"max-snippet:-1","max-image-preview":"max-image-preview:large","max-video-preview":"max-video-preview:-1"},"canonical":"https:\/\/esbjergcamping.dk\/de\/das-quadrat\/meine-aktivitaeten\/","og_locale":"de_DE","og_type":"article","og_title":"Aktivit\u00e4ten f\u00fcr die ganze Familie | Esbjerg Camping in Westj\u00fctland","og_description":"Freuen Sie sich auf lustige Aktivit\u00e4ten auf Esbjerg Camping - von Minigolf und Spielplatz bis hin zu Ballspielen und Kinderunterhaltung.","og_url":"https:\/\/esbjergcamping.dk\/de\/das-quadrat\/meine-aktivitaeten\/","og_site_name":"Esbjerg Camping","article_modified_time":"2026-04-23T12:01:31+00:00","twitter_card":"summary_large_image","twitter_misc":{"Gesch\u00e4tzte Lesezeit":"8\u00a0Minuten"},"schema":{"@context":"https:\/\/schema.org","@graph":[{"@type":"WebPage","@id":"https:\/\/esbjergcamping.dk\/de\/das-quadrat\/meine-aktivitaeten\/","url":"https:\/\/esbjergcamping.dk\/de\/das-quadrat\/meine-aktivitaeten\/","name":"Aktivit\u00e4ten f\u00fcr die ganze Familie | Esbjerg Camping in Westj\u00fctland","isPartOf":{"@id":"https:\/\/esbjergcamping.dk\/de\/#website"},"datePublished":"2024-11-17T13:31:45+00:00","dateModified":"2026-04-23T12:01:31+00:00","description":"Freuen Sie sich auf lustige Aktivit\u00e4ten auf Esbjerg Camping - von Minigolf und Spielplatz bis hin zu Ballspielen und Kinderunterhaltung.","breadcrumb":{"@id":"https:\/\/esbjergcamping.dk\/de\/das-quadrat\/meine-aktivitaeten\/#breadcrumb"},"inLanguage":"de","potentialAction":[{"@type":"ReadAction","target":["https:\/\/esbjergcamping.dk\/de\/das-quadrat\/meine-aktivitaeten\/"]}]},{"@type":"BreadcrumbList","@id":"https:\/\/esbjergcamping.dk\/de\/das-quadrat\/meine-aktivitaeten\/#breadcrumb","itemListElement":[{"@type":"ListItem","position":1,"name":"Home","item":"https:\/\/esbjergcamping.dk\/de\/"},{"@type":"ListItem","position":2,"name":"Das Quadrat","item":"https:\/\/esbjergcamping.dk\/de\/das-quadrat\/"},{"@type":"ListItem","position":3,"name":"Meine Aktivit\u00e4ten"}]},{"@type":"WebSite","@id":"https:\/\/esbjergcamping.dk\/de\/#website","url":"https:\/\/esbjergcamping.dk\/de\/","name":"Esbjerg Camping","description":"Din n\u00e6ste campingferie","potentialAction":[{"@type":"SearchAction","target":{"@type":"EntryPoint","urlTemplate":"https:\/\/esbjergcamping.dk\/de\/?s={search_term_string}"},"query-input":{"@type":"PropertyValueSpecification","valueRequired":true,"valueName":"search_term_string"}}],"inLanguage":"de"}]}},"_links":{"self":[{"href":"https:\/\/esbjergcamping.dk\/de\/wp-json\/wp\/v2\/pages\/102067","targetHints":{"allow":["GET"]}}],"collection":[{"href":"https:\/\/esbjergcamping.dk\/de\/wp-json\/wp\/v2\/pages"}],"about":[{"href":"https:\/\/esbjergcamping.dk\/de\/wp-json\/wp\/v2\/types\/page"}],"author":[{"embeddable":true,"href":"https:\/\/esbjergcamping.dk\/de\/wp-json\/wp\/v2\/users\/1"}],"replies":[{"embeddable":true,"href":"https:\/\/esbjergcamping.dk\/de\/wp-json\/wp\/v2\/comments?post=102067"}],"version-history":[{"count":10,"href":"https:\/\/esbjergcamping.dk\/de\/wp-json\/wp\/v2\/pages\/102067\/revisions"}],"predecessor-version":[{"id":103852,"href":"https:\/\/esbjergcamping.dk\/de\/wp-json\/wp\/v2\/pages\/102067\/revisions\/103852"}],"up":[{"embeddable":true,"href":"https:\/\/esbjergcamping.dk\/de\/wp-json\/wp\/v2\/pages\/102072"}],"wp:attachment":[{"href":"https:\/\/esbjergcamping.dk\/de\/wp-json\/wp\/v2\/media?parent=102067"}],"wp:term":[{"taxonomy":"folder","embeddable":true,"href":"https:\/\/esbjergcamping.dk\/de\/wp-json\/wp\/v2\/folder?post=102067"}],"curies":[{"name":"wp","href":"https:\/\/api.w.org\/{rel}","templated":true}]}}