{"id":102073,"date":"2024-11-17T14:24:49","date_gmt":"2024-11-17T13:24:49","guid":{"rendered":"https:\/\/esbjergcamping.dk\/camping-caravaning\/"},"modified":"2026-04-23T13:53:33","modified_gmt":"2026-04-23T12:53:33","slug":"camping-caravaning","status":"publish","type":"page","link":"https:\/\/esbjergcamping.dk\/de\/camping-caravaning\/","title":{"rendered":"Camping &amp; Caravaning"},"content":{"rendered":"<p>[et_pb_section fb_built=&#8220;1&#8243; _builder_version=&#8220;4.27.4&#8243; _module_preset=&#8220;default&#8220; use_background_color_gradient=&#8220;on&#8220; background_color_gradient_direction=&#8220;45deg&#8220; background_color_gradient_stops=&#8220;rgba(0,0,0,0.6) 0%|rgba(0,0,0,0.6) 100%&#8220; background_color_gradient_overlays_image=&#8220;on&#8220; background_image=&#8220;https:\/\/esbjergcamping.dk\/wp-content\/uploads\/2025\/03\/Esbjerg-Camping_logo-87.jpg&#8220; height=&#8220;400px&#8220; height_tablet=&#8220;350px&#8220; height_phone=&#8220;350px&#8220; height_last_edited=&#8220;on|phone&#8220; global_colors_info=&#8220;{}&#8220;][et_pb_row _builder_version=&#8220;4.17.3&#8243; _module_preset=&#8220;default&#8220; custom_padding=&#8220;||0px||false|false&#8220; global_colors_info=&#8220;{}&#8220;][et_pb_column type=&#8220;4_4&#8243; _builder_version=&#8220;4.17.3&#8243; _module_preset=&#8220;default&#8220; global_colors_info=&#8220;{}&#8220;][et_pb_text _builder_version=&#8220;4.27.4&#8243; _module_preset=&#8220;default&#8220; header_font=&#8220;||||||||&#8220; header_text_color=&#8220;#FFFFFF&#8220; header_2_text_color=&#8220;#FFFFFF&#8220; custom_margin=&#8220;||0px||false|false&#8220; border_color_all=&#8220;gcid-7ce7b00a-a0f7-4559-8af2-0adef5afd391&#8243; global_colors_info=&#8220;{%22gcid-7ce7b00a-a0f7-4559-8af2-0adef5afd391%22:%91%22border_color_all%22,%22border_color_all%22%93}&#8220;]<\/p>\n<h1>Gehen Sie mit der Familie campen<\/h1>\n<p>[\/et_pb_text][\/et_pb_column][\/et_pb_row][et_pb_row _builder_version=&#8220;4.17.3&#8243; _module_preset=&#8220;default&#8220; custom_padding=&#8220;0px||||false|false&#8220; global_colors_info=&#8220;{}&#8220;][et_pb_column type=&#8220;4_4&#8243; _builder_version=&#8220;4.17.3&#8243; _module_preset=&#8220;default&#8220; global_colors_info=&#8220;{}&#8220;][et_pb_divider color=&#8220;gcid-7ce7b00a-a0f7-4559-8af2-0adef5afd391&#8243; _builder_version=&#8220;4.17.3&#8243; _module_preset=&#8220;default&#8220; height=&#8220;0px&#8220; custom_margin=&#8220;||0px||false|false&#8220; custom_padding=&#8220;||||false|false&#8220; global_colors_info=&#8220;{%22gcid-7ce7b00a-a0f7-4559-8af2-0adef5afd391%22:%91%22border_color_right%22,%22color%22%93}&#8220;][\/et_pb_divider][et_pb_divider show_divider=&#8220;off&#8220; admin_label=&#8220;Point right bottom&#8220; module_class=&#8220;dot-right-bottom sub-page-dot&#8220; _builder_version=&#8220;4.17.3&#8243; _module_preset=&#8220;default&#8220; height=&#8220;25px&#8220; border_width_right=&#8220;1px&#8220; border_color_right=&#8220;gcid-7ce7b00a-a0f7-4559-8af2-0adef5afd391&#8243; global_colors_info=&#8220;{%22gcid-7ce7b00a-a0f7-4559-8af2-0adef5afd391%22:%91%22border_color_right%22%93}&#8220;][\/et_pb_divider][\/et_pb_column][\/et_pb_row][\/et_pb_section][et_pb_section fb_built=&#8220;1&#8243; _builder_version=&#8220;4.27.3&#8243; _module_preset=&#8220;default&#8220; background_image=&#8220;https:\/\/esbjergcamping.dk\/wp-content\/uploads\/2024\/10\/corner-dots-left-top.png&#8220; background_size=&#8220;initial&#8220; background_position=&#8220;top_left&#8220; background_last_edited=&#8220;on|tablet&#8220; background_enable_image_tablet=&#8220;off&#8220; global_colors_info=&#8220;{}&#8220;][et_pb_row _builder_version=&#8220;4.27.3&#8243; _module_preset=&#8220;default&#8220; custom_padding=&#8220;50px||35px||false|false&#8220; global_colors_info=&#8220;{}&#8220;][et_pb_column type=&#8220;4_4&#8243; _builder_version=&#8220;4.17.3&#8243; _module_preset=&#8220;default&#8220; custom_padding=&#8220;25px||||false|false&#8220; global_colors_info=&#8220;{}&#8220;][et_pb_text _builder_version=&#8220;4.27.4&#8243; _module_preset=&#8220;default&#8220; text_font=&#8220;&#8211;et_global_body_font||||||||&#8220; text_line_height=&#8220;1.8em&#8220; global_colors_info=&#8220;{}&#8220;]<\/p>\n<p>Willkommen auf Esbjerg Camping &#8211; ein fantastischer Campingplatz mit modernen Einrichtungen und einer F\u00fclle von Aktivit\u00e4ten f\u00fcr die ganze Familie. Hier k\u00f6nnen die Kinder viele lustige Erlebnisse, einen sch\u00f6nen beheizten Pool, einen gro\u00dfen Spielplatz und viele neue Campingfreunde genie\u00dfen, w\u00e4hrend die Erwachsenen sich entspannen und die gute Zeit genie\u00dfen k\u00f6nnen. Camping sollte bequem sein. Deshalb bieten wir Ihnen kostenloses hei\u00dfes Wasser in der K\u00fcche und in der Dusche, so dass Sie sich keine Gedanken \u00fcber den Einwurf von M\u00fcnzen oder das Aufladen Ihrer Duschkarte machen m\u00fcssen. Beginnen Sie den Tag mit k\u00f6stlichem, frisch gebackenem Brot, das Sie in unserem Laden kaufen k\u00f6nnen, und erleben Sie, wie sich Ihre Schultern entspannen und Sie einfach eine gute Zeit haben&#8230; Der Campingplatz liegt in der N\u00e4he der Stadt Esbjerg, wo Sie die vielen Einkaufsm\u00f6glichkeiten und kulturellen Angebote erkunden k\u00f6nnen. Au\u00dferdem sind wir ideal gelegen f\u00fcr einen Tagesausflug auf die sch\u00f6ne Insel Fan\u00f8, die ganz in der N\u00e4he liegt. Kommen Sie und erleben Sie alles, was Esbjerg Camping zu bieten hat!<\/p>\n<p>&nbsp;<\/p>\n<p>[\/et_pb_text][\/et_pb_column][\/et_pb_row][\/et_pb_section][et_pb_section fb_built=&#8220;1&#8243; fullwidth=&#8220;on&#8220; _builder_version=&#8220;4.27.3&#8243; _module_preset=&#8220;default&#8220; global_colors_info=&#8220;{}&#8220;][et_pb_fullwidth_slider _builder_version=&#8220;4.27.4&#8243; _module_preset=&#8220;default&#8220; height=&#8220;600px&#8220; height_tablet=&#8220;300px&#8220; height_phone=&#8220;250px&#8220; height_last_edited=&#8220;on|phone&#8220; global_colors_info=&#8220;{}&#8220;][et_pb_slide _builder_version=&#8220;4.27.4&#8243; _module_preset=&#8220;default&#8220; background_image=&#8220;https:\/\/esbjergcamping.dk\/wp-content\/uploads\/2025\/03\/Esbjerg-Camping_logo-31.jpg&#8220; background_enable_image=&#8220;on&#8220; parallax=&#8220;on&#8220; background_last_edited=&#8220;on|desktop&#8220; parallax_phone=&#8220;off&#8220; global_colors_info=&#8220;{}&#8220; sticky_transition=&#8220;on&#8220;][\/et_pb_slide][et_pb_slide _builder_version=&#8220;4.27.4&#8243; _module_preset=&#8220;default&#8220; background_image=&#8220;https:\/\/esbjergcamping.dk\/wp-content\/uploads\/2025\/03\/DSC_0117.jpg&#8220; background_enable_image=&#8220;on&#8220; parallax=&#8220;on&#8220; background_last_edited=&#8220;on|desktop&#8220; parallax_phone=&#8220;off&#8220; global_colors_info=&#8220;{}&#8220; sticky_transition=&#8220;on&#8220;][\/et_pb_slide][et_pb_slide _builder_version=&#8220;4.27.4&#8243; _module_preset=&#8220;default&#8220; background_image=&#8220;https:\/\/esbjergcamping.dk\/wp-content\/uploads\/2025\/03\/DSC_0103.jpg&#8220; background_enable_image=&#8220;on&#8220; parallax=&#8220;on&#8220; background_last_edited=&#8220;on|desktop&#8220; parallax_phone=&#8220;off&#8220; global_colors_info=&#8220;{}&#8220; sticky_transition=&#8220;on&#8220;][\/et_pb_slide][et_pb_slide _builder_version=&#8220;4.27.4&#8243; _module_preset=&#8220;default&#8220; background_image=&#8220;https:\/\/esbjergcamping.dk\/wp-content\/uploads\/2025\/03\/DSC_8483.jpg&#8220; background_enable_image=&#8220;on&#8220; parallax=&#8220;on&#8220; background_last_edited=&#8220;on|desktop&#8220; parallax_phone=&#8220;off&#8220; global_colors_info=&#8220;{}&#8220; sticky_transition=&#8220;on&#8220;][\/et_pb_slide][\/et_pb_fullwidth_slider][\/et_pb_section][et_pb_section fb_built=&#8220;1&#8243; _builder_version=&#8220;4.27.3&#8243; _module_preset=&#8220;default&#8220; global_colors_info=&#8220;{}&#8220;][et_pb_row column_structure=&#8220;1_3,2_3&#8243; _builder_version=&#8220;4.27.3&#8243; _module_preset=&#8220;default&#8220; global_colors_info=&#8220;{}&#8220;][et_pb_column type=&#8220;1_3&#8243; _builder_version=&#8220;4.27.3&#8243; _module_preset=&#8220;default&#8220; global_colors_info=&#8220;{}&#8220;][et_pb_heading title=&#8220;Der Ort, an dem Sie sich entspannen k\u00f6nnen&#8220; _builder_version=&#8220;4.27.4&#8243; _module_preset=&#8220;default&#8220; title_level=&#8220;h4&#8243; global_colors_info=&#8220;{}&#8220;][\/et_pb_heading][et_pb_text _builder_version=&#8220;4.27.5&#8243; _module_preset=&#8220;default&#8220; global_colors_info=&#8220;{}&#8220;]<\/p>\n<p><em><strong>&#8211; Pl\u00e4tze f\u00fcr alle Bed\u00fcrfnisse<\/strong><\/em><\/p>\n<ul>\n<li>Stellpl\u00e4tze f\u00fcr Wohnmobile<\/li>\n<li>Bereich nur f\u00fcr Zelte<\/li>\n<li>Gr\u00fcne Stellpl\u00e4tze f\u00fcr Wohnwagen<\/li>\n<li>Gesch\u00fctzt hinter gr\u00fcnen Hecken an der Westk\u00fcste gelegen<\/li>\n<li>Wir empfangen keine jungen Leute in Gruppen, wenn nicht ein Leiter\/Betreuer anwesend ist<\/li>\n<\/ul>\n<p>[\/et_pb_text][\/et_pb_column][et_pb_column type=&#8220;2_3&#8243; _builder_version=&#8220;4.27.3&#8243; _module_preset=&#8220;default&#8220; global_colors_info=&#8220;{}&#8220;][et_pb_image src=&#8220;https:\/\/esbjergcamping.dk\/wp-content\/uploads\/2025\/03\/Selects_Footage_v01.00_54_28_12.Still030-2.jpg&#8220; title_text=&#8220;Selects_Footage_v01.00_54_28_12.Still030-2&#8243; _builder_version=&#8220;4.27.4&#8243; _module_preset=&#8220;default&#8220; global_colors_info=&#8220;{}&#8220;][\/et_pb_image][\/et_pb_column][\/et_pb_row][et_pb_row column_structure=&#8220;2_3,1_3&#8243; _builder_version=&#8220;4.27.3&#8243; _module_preset=&#8220;default&#8220; global_colors_info=&#8220;{}&#8220;][et_pb_column type=&#8220;2_3&#8243; _builder_version=&#8220;4.27.3&#8243; _module_preset=&#8220;default&#8220; global_colors_info=&#8220;{}&#8220;][et_pb_image src=&#8220;https:\/\/esbjergcamping.dk\/wp-content\/uploads\/2025\/03\/DSC_8583-1.jpg&#8220; title_text=&#8220;DSC_8583 (1)&#8220; _builder_version=&#8220;4.27.4&#8243; _module_preset=&#8220;default&#8220; global_colors_info=&#8220;{}&#8220;][\/et_pb_image][\/et_pb_column][et_pb_column type=&#8220;1_3&#8243; _builder_version=&#8220;4.27.3&#8243; _module_preset=&#8220;default&#8220; global_colors_info=&#8220;{}&#8220;][et_pb_heading title=&#8220;Einrichtungen des Campingplatzes&#8220; _builder_version=&#8220;4.27.3&#8243; _module_preset=&#8220;default&#8220; title_level=&#8220;h4&#8243; global_colors_info=&#8220;{}&#8220;][\/et_pb_heading][et_pb_text _builder_version=&#8220;4.27.5&#8243; _module_preset=&#8220;default&#8220; global_colors_info=&#8220;{}&#8220;]<\/p>\n<ul>\n<li>Wlan<\/li>\n<li>K\u00fcche mit Backofen, Herd, K\u00fchlschrank und Gefrierschrank<\/li>\n<li>K\u00fcche im Freien<\/li>\n<li>\u00dcberdachter Grillplatz<\/li>\n<li>Privates Badezimmer (75,-)<\/li>\n<li>Behindertengerechtes Badezimmer<\/li>\n<li>Hundebad<\/li>\n<li>M\u00fcnzw\u00e4scherei<\/li>\n<li>Fischputzplatz mit Waschbecken<\/li>\n<\/ul>\n<p><strong>Im Laden Gibt es:<\/strong><\/p>\n<ul>\n<li>Campingprodukte, Erd\u00f6l und Gas<\/li>\n<li>Bier, Wasser, Wein, S\u00fc\u00dfigkeiten und Eiscreme<\/li>\n<li>Fr\u00fchst\u00fcck und einfache Lebensmitteleink\u00e4ufe<\/li>\n<\/ul>\n<p>[\/et_pb_text][\/et_pb_column][\/et_pb_row][\/et_pb_section][et_pb_section fb_built=&#8220;1&#8243; disabled_on=&#8220;on|on|off&#8220; _builder_version=&#8220;4.27.3&#8243; _module_preset=&#8220;default&#8220; background_color=&#8220;gcid-d70a5a6a-d90d-43f0-b48d-3d8f33a6130e&#8220; global_colors_info=&#8220;{%22gcid-d70a5a6a-d90d-43f0-b48d-3d8f33a6130e%22:%91%22background_color%22%93}&#8220;][et_pb_row column_structure=&#8220;2_3,1_3&#8243; _builder_version=&#8220;4.27.3&#8243; _module_preset=&#8220;default&#8220; global_colors_info=&#8220;{}&#8220;][et_pb_column type=&#8220;2_3&#8243; _builder_version=&#8220;4.27.3&#8243; _module_preset=&#8220;default&#8220; global_colors_info=&#8220;{}&#8220;][et_pb_heading title=&#8220;Campingh\u00fctten in der N\u00e4he des Wattenmeeres&#8220; _builder_version=&#8220;4.27.4&#8243; _module_preset=&#8220;default&#8220; title_level=&#8220;h4&#8243; global_colors_info=&#8220;{}&#8220;][\/et_pb_heading][et_pb_text _builder_version=&#8220;4.27.5&#8243; _module_preset=&#8220;default&#8220; hover_enabled=&#8220;0&#8243; global_colors_info=&#8220;{}&#8220; sticky_enabled=&#8220;0&#8243;]<\/p>\n<p>Tr\u00e4umen Sie von einem naturnahen Urlaub in Westj\u00fctland, aber mit etwas mehr Komfort als einem Zelt oder Wohnwagen? Bei Esbjerg Camping k\u00f6nnen Sie moderne und gem\u00fctliche <a href=\"https:\/\/esbjergcamping.dk\/hytter\/\">Campingh\u00fctten in der N\u00e4he des Wattenmeeres<\/a> mieten, in denen Sie die perfekte Kombination aus Natur, Ruhe und Komfort finden.<\/p>\n<p>Unsere H\u00fctten sind sowohl vom Stadtzentrum von Esbjerg als auch von der einzigartigen Natur des Wattenmeeres aus zu Fu\u00df erreichbar. Hier k\u00f6nnen Sie bei Vogelgezwitscher und frischer Luft aufwachen, Ihren Morgenkaffee in Ihrer eigenen K\u00fcche zubereiten und ihn auf der Terrasse mit Blick auf die gr\u00fcne Umgebung genie\u00dfen. Alle H\u00fctten sind mit einer eigenen Dusche, einer Toilette, einem Schlafplatz f\u00fcr die ganze Familie und der M\u00f6glichkeit eines Grills und gem\u00fctlichen Essplatz im Freien ausgestattet.<\/p>\n<p>[\/et_pb_text][\/et_pb_column][et_pb_column type=&#8220;1_3&#8243; _builder_version=&#8220;4.27.3&#8243; _module_preset=&#8220;default&#8220; global_colors_info=&#8220;{}&#8220;][\/et_pb_column][\/et_pb_row][et_pb_row column_structure=&#8220;2_5,3_5&#8243; _builder_version=&#8220;4.27.3&#8243; _module_preset=&#8220;default&#8220; global_colors_info=&#8220;{}&#8220;][et_pb_column type=&#8220;2_5&#8243; _builder_version=&#8220;4.27.3&#8243; _module_preset=&#8220;default&#8220; global_colors_info=&#8220;{}&#8220;][et_pb_image src=&#8220;https:\/\/esbjergcamping.dk\/wp-content\/uploads\/2025\/03\/BusinessEsbjerg-sommer-2020_\u24b8FlyingOctober-380-scaled-1-1.jpg&#8220; title_text=&#8220;Wattenmeer Esbjerg Camping&#8220; _builder_version=&#8220;4.27.4&#8243; _module_preset=&#8220;default&#8220; global_colors_info=&#8220;{}&#8220;][\/et_pb_image][\/et_pb_column][et_pb_column type=&#8220;3_5&#8243; _builder_version=&#8220;4.27.3&#8243; _module_preset=&#8220;default&#8220; global_colors_info=&#8220;{}&#8220;][et_pb_heading title=&#8220;Sowohl f\u00fcr Familien als auch f\u00fcr Paare geeignet&#8220; _builder_version=&#8220;4.27.4&#8243; _module_preset=&#8220;default&#8220; title_level=&#8220;h4&#8243; global_colors_info=&#8220;{}&#8220;][\/et_pb_heading][et_pb_text _builder_version=&#8220;4.27.4&#8243; _module_preset=&#8220;default&#8220; global_colors_info=&#8220;{}&#8220;]<\/p>\n<p>Egal, ob Sie mit Kindern oder als Paar reisen, Sie werden die sichere Umgebung und den einfachen Zugang zum Spielplatz, Minigolf, Pool und den lokalen Attraktionen genie\u00dfen. Die Kinder werden die lustigen Aktivit\u00e4ten vor Ort lieben, w\u00e4hrend die Erwachsenen sich entspannen k\u00f6nnen &#8211; oder einen Ausflug nach Fan\u00f8, in den Nationalpark Wattenmeer oder zu den Museen von Esbjerg unternehmen. <\/p>\n<p><span>Foto: vadehavskysten.dk &#8211; FlyingOctober<\/span><\/p>\n<p>[\/et_pb_text][\/et_pb_column][\/et_pb_row][et_pb_row column_structure=&#8220;2_3,1_3&#8243; _builder_version=&#8220;4.27.3&#8243; _module_preset=&#8220;default&#8220; global_colors_info=&#8220;{}&#8220;][et_pb_column type=&#8220;2_3&#8243; _builder_version=&#8220;4.27.3&#8243; _module_preset=&#8220;default&#8220; global_colors_info=&#8220;{}&#8220;][et_pb_heading title=&#8220;  H\u00fcttenurlaub in der N\u00e4he des Wattenmeeres&#8220; _builder_version=&#8220;4.27.4&#8243; _module_preset=&#8220;default&#8220; title_level=&#8220;h4&#8243; global_colors_info=&#8220;{}&#8220;][\/et_pb_heading][et_pb_text _builder_version=&#8220;4.27.4&#8243; _module_preset=&#8220;default&#8220; global_colors_info=&#8220;{}&#8220;]Das Wattenmeer ist nur wenige Minuten entfernt und bietet das ganze Jahr \u00fcber einzigartige Naturerlebnisse &#8211; von Robbensafaris und Austernjagd bis zu schwarzer Sonne und Wanderungen in der Gezeitenlandschaft. Unsere H\u00fctten sind eine gute Wahl f\u00fcr alle, die einen H\u00fcttenurlaub in Westj\u00fctland verbringen m\u00f6chten, bei dem Komfort und Naturerlebnisse Hand in Hand gehen.[\/et_pb_text][\/et_pb_column][et_pb_column type=&#8220;1_3&#8243; _builder_version=&#8220;4.27.3&#8243; _module_preset=&#8220;default&#8220; global_colors_info=&#8220;{}&#8220;][\/et_pb_column][\/et_pb_row][\/et_pb_section]<\/p>\n","protected":false},"excerpt":{"rendered":"<p>Gehen Sie mit der Familie campenWillkommen auf Esbjerg Camping &#8211; ein fantastischer Campingplatz mit modernen Einrichtungen und einer F\u00fclle von Aktivit\u00e4ten f\u00fcr die ganze Familie. Hier k\u00f6nnen die Kinder viele lustige Erlebnisse, einen sch\u00f6nen beheizten Pool, einen gro\u00dfen Spielplatz und viele neue Campingfreunde genie\u00dfen, w\u00e4hrend die Erwachsenen sich entspannen und die gute Zeit genie\u00dfen k\u00f6nnen. [&hellip;]<\/p>\n","protected":false},"author":1,"featured_media":0,"parent":0,"menu_order":0,"comment_status":"closed","ping_status":"closed","template":"","meta":{"_et_pb_use_builder":"on","_et_pb_old_content":"","_et_gb_content_width":"","footnotes":""},"folder":[],"class_list":["post-102073","page","type-page","status-publish","hentry"],"yoast_head":"<!-- This site is optimized with the Yoast SEO plugin v27.4 - https:\/\/yoast.com\/product\/yoast-seo-wordpress\/ -->\n<title>Campingurlaub in Westj\u00fctland | Aufenthalt mit Zelt, Wohnwagen oder Wohnmobil<\/title>\n<meta name=\"description\" content=\"Machen Sie einen Campingurlaub in Esbjerg mit Platz f\u00fcr Zelte, Wohnwagen und Wohnmobile. In der N\u00e4he des Wattenmeeres, der Natur und der Stadt - ideal f\u00fcr die ganze Familie.\" \/>\n<meta name=\"robots\" content=\"index, follow, max-snippet:-1, max-image-preview:large, max-video-preview:-1\" \/>\n<link rel=\"canonical\" href=\"https:\/\/esbjergcamping.dk\/de\/camping-caravaning\/\" \/>\n<meta property=\"og:locale\" content=\"de_DE\" \/>\n<meta property=\"og:type\" content=\"article\" \/>\n<meta property=\"og:title\" content=\"Campingurlaub in Westj\u00fctland | Aufenthalt mit Zelt, Wohnwagen oder Wohnmobil\" \/>\n<meta property=\"og:description\" content=\"Machen Sie einen Campingurlaub in Esbjerg mit Platz f\u00fcr Zelte, Wohnwagen und Wohnmobile. In der N\u00e4he des Wattenmeeres, der Natur und der Stadt - ideal f\u00fcr die ganze Familie.\" \/>\n<meta property=\"og:url\" content=\"https:\/\/esbjergcamping.dk\/de\/camping-caravaning\/\" \/>\n<meta property=\"og:site_name\" content=\"Esbjerg Camping\" \/>\n<meta property=\"article:modified_time\" content=\"2026-04-23T12:53:33+00:00\" \/>\n<meta name=\"twitter:card\" content=\"summary_large_image\" \/>\n<meta name=\"twitter:label1\" content=\"Gesch\u00e4tzte Lesezeit\" \/>\n\t<meta name=\"twitter:data1\" content=\"9\u00a0Minuten\" \/>\n<script type=\"application\/ld+json\" class=\"yoast-schema-graph\">{\"@context\":\"https:\\\/\\\/schema.org\",\"@graph\":[{\"@type\":\"WebPage\",\"@id\":\"https:\\\/\\\/esbjergcamping.dk\\\/de\\\/camping-caravaning\\\/\",\"url\":\"https:\\\/\\\/esbjergcamping.dk\\\/de\\\/camping-caravaning\\\/\",\"name\":\"Campingurlaub in Westj\u00fctland | Aufenthalt mit Zelt, Wohnwagen oder Wohnmobil\",\"isPartOf\":{\"@id\":\"https:\\\/\\\/esbjergcamping.dk\\\/de\\\/#website\"},\"datePublished\":\"2024-11-17T13:24:49+00:00\",\"dateModified\":\"2026-04-23T12:53:33+00:00\",\"description\":\"Machen Sie einen Campingurlaub in Esbjerg mit Platz f\u00fcr Zelte, Wohnwagen und Wohnmobile. In der N\u00e4he des Wattenmeeres, der Natur und der Stadt - ideal f\u00fcr die ganze Familie.\",\"breadcrumb\":{\"@id\":\"https:\\\/\\\/esbjergcamping.dk\\\/de\\\/camping-caravaning\\\/#breadcrumb\"},\"inLanguage\":\"de\",\"potentialAction\":[{\"@type\":\"ReadAction\",\"target\":[\"https:\\\/\\\/esbjergcamping.dk\\\/de\\\/camping-caravaning\\\/\"]}]},{\"@type\":\"BreadcrumbList\",\"@id\":\"https:\\\/\\\/esbjergcamping.dk\\\/de\\\/camping-caravaning\\\/#breadcrumb\",\"itemListElement\":[{\"@type\":\"ListItem\",\"position\":1,\"name\":\"Home\",\"item\":\"https:\\\/\\\/esbjergcamping.dk\\\/de\\\/\"},{\"@type\":\"ListItem\",\"position\":2,\"name\":\"Camping &amp; Caravaning\"}]},{\"@type\":\"WebSite\",\"@id\":\"https:\\\/\\\/esbjergcamping.dk\\\/de\\\/#website\",\"url\":\"https:\\\/\\\/esbjergcamping.dk\\\/de\\\/\",\"name\":\"Esbjerg Camping\",\"description\":\"Din n\u00e6ste campingferie\",\"potentialAction\":[{\"@type\":\"SearchAction\",\"target\":{\"@type\":\"EntryPoint\",\"urlTemplate\":\"https:\\\/\\\/esbjergcamping.dk\\\/de\\\/?s={search_term_string}\"},\"query-input\":{\"@type\":\"PropertyValueSpecification\",\"valueRequired\":true,\"valueName\":\"search_term_string\"}}],\"inLanguage\":\"de\"}]}<\/script>\n<!-- \/ Yoast SEO plugin. -->","yoast_head_json":{"title":"Campingurlaub in Westj\u00fctland | Aufenthalt mit Zelt, Wohnwagen oder Wohnmobil","description":"Machen Sie einen Campingurlaub in Esbjerg mit Platz f\u00fcr Zelte, Wohnwagen und Wohnmobile. In der N\u00e4he des Wattenmeeres, der Natur und der Stadt - ideal f\u00fcr die ganze Familie.","robots":{"index":"index","follow":"follow","max-snippet":"max-snippet:-1","max-image-preview":"max-image-preview:large","max-video-preview":"max-video-preview:-1"},"canonical":"https:\/\/esbjergcamping.dk\/de\/camping-caravaning\/","og_locale":"de_DE","og_type":"article","og_title":"Campingurlaub in Westj\u00fctland | Aufenthalt mit Zelt, Wohnwagen oder Wohnmobil","og_description":"Machen Sie einen Campingurlaub in Esbjerg mit Platz f\u00fcr Zelte, Wohnwagen und Wohnmobile. In der N\u00e4he des Wattenmeeres, der Natur und der Stadt - ideal f\u00fcr die ganze Familie.","og_url":"https:\/\/esbjergcamping.dk\/de\/camping-caravaning\/","og_site_name":"Esbjerg Camping","article_modified_time":"2026-04-23T12:53:33+00:00","twitter_card":"summary_large_image","twitter_misc":{"Gesch\u00e4tzte Lesezeit":"9\u00a0Minuten"},"schema":{"@context":"https:\/\/schema.org","@graph":[{"@type":"WebPage","@id":"https:\/\/esbjergcamping.dk\/de\/camping-caravaning\/","url":"https:\/\/esbjergcamping.dk\/de\/camping-caravaning\/","name":"Campingurlaub in Westj\u00fctland | Aufenthalt mit Zelt, Wohnwagen oder Wohnmobil","isPartOf":{"@id":"https:\/\/esbjergcamping.dk\/de\/#website"},"datePublished":"2024-11-17T13:24:49+00:00","dateModified":"2026-04-23T12:53:33+00:00","description":"Machen Sie einen Campingurlaub in Esbjerg mit Platz f\u00fcr Zelte, Wohnwagen und Wohnmobile. In der N\u00e4he des Wattenmeeres, der Natur und der Stadt - ideal f\u00fcr die ganze Familie.","breadcrumb":{"@id":"https:\/\/esbjergcamping.dk\/de\/camping-caravaning\/#breadcrumb"},"inLanguage":"de","potentialAction":[{"@type":"ReadAction","target":["https:\/\/esbjergcamping.dk\/de\/camping-caravaning\/"]}]},{"@type":"BreadcrumbList","@id":"https:\/\/esbjergcamping.dk\/de\/camping-caravaning\/#breadcrumb","itemListElement":[{"@type":"ListItem","position":1,"name":"Home","item":"https:\/\/esbjergcamping.dk\/de\/"},{"@type":"ListItem","position":2,"name":"Camping &amp; Caravaning"}]},{"@type":"WebSite","@id":"https:\/\/esbjergcamping.dk\/de\/#website","url":"https:\/\/esbjergcamping.dk\/de\/","name":"Esbjerg Camping","description":"Din n\u00e6ste campingferie","potentialAction":[{"@type":"SearchAction","target":{"@type":"EntryPoint","urlTemplate":"https:\/\/esbjergcamping.dk\/de\/?s={search_term_string}"},"query-input":{"@type":"PropertyValueSpecification","valueRequired":true,"valueName":"search_term_string"}}],"inLanguage":"de"}]}},"_links":{"self":[{"href":"https:\/\/esbjergcamping.dk\/de\/wp-json\/wp\/v2\/pages\/102073","targetHints":{"allow":["GET"]}}],"collection":[{"href":"https:\/\/esbjergcamping.dk\/de\/wp-json\/wp\/v2\/pages"}],"about":[{"href":"https:\/\/esbjergcamping.dk\/de\/wp-json\/wp\/v2\/types\/page"}],"author":[{"embeddable":true,"href":"https:\/\/esbjergcamping.dk\/de\/wp-json\/wp\/v2\/users\/1"}],"replies":[{"embeddable":true,"href":"https:\/\/esbjergcamping.dk\/de\/wp-json\/wp\/v2\/comments?post=102073"}],"version-history":[{"count":4,"href":"https:\/\/esbjergcamping.dk\/de\/wp-json\/wp\/v2\/pages\/102073\/revisions"}],"predecessor-version":[{"id":103870,"href":"https:\/\/esbjergcamping.dk\/de\/wp-json\/wp\/v2\/pages\/102073\/revisions\/103870"}],"wp:attachment":[{"href":"https:\/\/esbjergcamping.dk\/de\/wp-json\/wp\/v2\/media?parent=102073"}],"wp:term":[{"taxonomy":"folder","embeddable":true,"href":"https:\/\/esbjergcamping.dk\/de\/wp-json\/wp\/v2\/folder?post=102073"}],"curies":[{"name":"wp","href":"https:\/\/api.w.org\/{rel}","templated":true}]}}