{"id":101991,"date":"2024-11-17T14:32:18","date_gmt":"2024-11-17T13:32:18","guid":{"rendered":"https:\/\/esbjergcamping.dk\/facilities\/"},"modified":"2026-04-23T13:12:24","modified_gmt":"2026-04-23T12:12:24","slug":"facilities","status":"publish","type":"page","link":"https:\/\/esbjergcamping.dk\/en\/the-square\/facilities\/","title":{"rendered":"Facilities"},"content":{"rendered":"<p>[et_pb_section fb_built=&#8221;1&#8243; _builder_version=&#8221;4.27.4&#8243; _module_preset=&#8221;default&#8221; use_background_color_gradient=&#8221;on&#8221; background_color_gradient_direction=&#8221;45deg&#8221; background_color_gradient_stops=&#8221;rgba(0,0,0,0.6) 0%|rgba(0,0,0,0.6) 100%&#8221; background_color_gradient_overlays_image=&#8221;on&#8221; background_image=&#8221;https:\/\/esbjergcamping.dk\/wp-content\/uploads\/2025\/03\/hundebad.jpeg&#8221; height=&#8221;400px&#8221; height_tablet=&#8221;350px&#8221; height_phone=&#8221;350px&#8221; height_last_edited=&#8221;on|phone&#8221; global_colors_info=&#8221;{}&#8221;][et_pb_row _builder_version=&#8221;4.17.3&#8243; _module_preset=&#8221;default&#8221; custom_padding=&#8221;||0px||false|false&#8221; global_colors_info=&#8221;{}&#8221;][et_pb_column type=&#8221;4_4&#8243; _builder_version=&#8221;4.17.3&#8243; _module_preset=&#8221;default&#8221; global_colors_info=&#8221;{}&#8221;][et_pb_text _builder_version=&#8221;4.27.3&#8243; _module_preset=&#8221;default&#8221; header_font=&#8221;||||||||&#8221; header_text_color=&#8221;#FFFFFF&#8221; header_2_text_color=&#8221;#FFFFFF&#8221; custom_margin=&#8221;||0px||false|false&#8221; border_color_all=&#8221;gcid-7ce7b00a-a0f7-4559-8af2-0adef5afd391&#8243; global_colors_info=&#8221;{%22gcid-7ce7b00a-a0f7-4559-8af2-0adef5afd391%22:%91%22border_color_all%22%93}&#8221;]<\/p>\n<h1>Facilities<\/h1>\n<p>[\/et_pb_text][\/et_pb_column][\/et_pb_row][et_pb_row _builder_version=&#8221;4.17.3&#8243; _module_preset=&#8221;default&#8221; custom_padding=&#8221;0px||||false|false&#8221; global_colors_info=&#8221;{}&#8221;][et_pb_column type=&#8221;4_4&#8243; _builder_version=&#8221;4.17.3&#8243; _module_preset=&#8221;default&#8221; global_colors_info=&#8221;{}&#8221;][et_pb_divider color=&#8221;gcid-7ce7b00a-a0f7-4559-8af2-0adef5afd391&#8243; _builder_version=&#8221;4.17.3&#8243; _module_preset=&#8221;default&#8221; height=&#8221;0px&#8221; custom_margin=&#8221;||0px||false|false&#8221; custom_padding=&#8221;||||false|false&#8221; global_colors_info=&#8221;{%22gcid-7ce7b00a-a0f7-4559-8af2-0adef5afd391%22:%91%22border_color_right%22,%22color%22%93}&#8221;][\/et_pb_divider][et_pb_divider show_divider=&#8221;off&#8221; admin_label=&#8221;Point right bottom&#8221; module_class=&#8221;dot-right-bottom sub-page-dot&#8221; _builder_version=&#8221;4.17.3&#8243; _module_preset=&#8221;default&#8221; height=&#8221;25px&#8221; border_width_right=&#8221;1px&#8221; border_color_right=&#8221;gcid-7ce7b00a-a0f7-4559-8af2-0adef5afd391&#8243; global_colors_info=&#8221;{%22gcid-7ce7b00a-a0f7-4559-8af2-0adef5afd391%22:%91%22border_color_right%22%93}&#8221;][\/et_pb_divider][\/et_pb_column][\/et_pb_row][\/et_pb_section][et_pb_section fb_built=&#8221;1&#8243; disabled_on=&#8221;on|on|off&#8221; _builder_version=&#8221;4.27.3&#8243; _module_preset=&#8221;default&#8221; background_image=&#8221;https:\/\/esbjergcamping.dk\/wp-content\/uploads\/2024\/10\/corner-dots-left-top.png&#8221; background_size=&#8221;initial&#8221; background_position=&#8221;top_left&#8221; background_last_edited=&#8221;on|tablet&#8221; background_enable_image_tablet=&#8221;off&#8221; global_colors_info=&#8221;{}&#8221;][et_pb_row column_structure=&#8221;1_2,1_2&#8243; make_equal=&#8221;on&#8221; _builder_version=&#8221;4.27.3&#8243; _module_preset=&#8221;default&#8221; custom_padding=&#8221;50px||35px||false|false&#8221; global_colors_info=&#8221;{}&#8221;][et_pb_column type=&#8221;1_2&#8243; _builder_version=&#8221;4.27.3&#8243; _module_preset=&#8221;default&#8221; custom_padding=&#8221;25px||||false|false&#8221; custom_css_main_element=&#8221;margin:auto;&#8221; global_colors_info=&#8221;{}&#8221;][et_pb_text _builder_version=&#8221;4.27.3&#8243; _module_preset=&#8221;default&#8221; global_colors_info=&#8221;{}&#8221;]<\/p>\n<h2>The Square<\/h2>\n<p>[\/et_pb_text][et_pb_text _builder_version=&#8221;4.27.5&#8243; _module_preset=&#8221;default&#8221; text_font=&#8221;||||||||&#8221; text_line_height=&#8221;1.8em&#8221; global_module=&#8221;100791&#8243; saved_tabs=&#8221;all&#8221; global_colors_info=&#8221;{}&#8221;]<\/p>\n<ul>\n<li>Kabelloses Internet auf dem gesamten Gel\u00e4nde<\/li>\n<li>K\u00fcche im Freien<\/li>\n<li>Wohnmobilbereich<\/li>\n<li>\u00dcberdachter Grillplatz<\/li>\n<li>Zeltbereich mit Tischen und B\u00e4nken<\/li>\n<li>Angeltisch mit Waschbecken<\/li>\n<\/ul>\n<p>[\/et_pb_text][\/et_pb_column][et_pb_column type=&#8221;1_2&#8243; _builder_version=&#8221;4.17.3&#8243; _module_preset=&#8221;default&#8221; global_colors_info=&#8221;{}&#8221;][et_pb_image src=&#8221;https:\/\/esbjergcamping.dk\/wp-content\/uploads\/2025\/03\/Esbjerg-Camping_logo-1-1.jpg&#8221; title_text=&#8221;Esbjerg Camping_logo-1 (1)&#8221; _builder_version=&#8221;4.27.4&#8243; _module_preset=&#8221;default&#8221; animation_style=&#8221;slide&#8221; animation_direction=&#8221;right&#8221; animation_duration=&#8221;1500ms&#8221; animation_delay=&#8221;100ms&#8221; animation_intensity_slide=&#8221;5%&#8221; global_colors_info=&#8221;{}&#8221;][\/et_pb_image][\/et_pb_column][\/et_pb_row][et_pb_row column_structure=&#8221;1_2,1_2&#8243; make_equal=&#8221;on&#8221; _builder_version=&#8221;4.27.3&#8243; _module_preset=&#8221;default&#8221; global_colors_info=&#8221;{}&#8221;][et_pb_column type=&#8221;1_2&#8243; _builder_version=&#8221;4.27.3&#8243; _module_preset=&#8221;default&#8221; global_colors_info=&#8221;{}&#8221;][et_pb_image src=&#8221;https:\/\/esbjergcamping.dk\/wp-content\/uploads\/2025\/03\/Esbjerg-Camping_logo-74-1.jpg&#8221; title_text=&#8221;Esbjerg Camping_logo-74 (1)&#8221; _builder_version=&#8221;4.27.4&#8243; _module_preset=&#8221;default&#8221; global_colors_info=&#8221;{}&#8221;][\/et_pb_image][\/et_pb_column][et_pb_column type=&#8221;1_2&#8243; _builder_version=&#8221;4.27.3&#8243; _module_preset=&#8221;default&#8221; custom_css_main_element=&#8221;margin:auto;&#8221; global_colors_info=&#8221;{}&#8221;][et_pb_heading title=&#8221;Swimming pool&#8221; _builder_version=&#8221;4.27.3&#8243; _module_preset=&#8221;default&#8221; title_level=&#8221;h4&#8243; title_text_align=&#8221;left&#8221; global_colors_info=&#8221;{}&#8221;][\/et_pb_heading][et_pb_text _builder_version=&#8221;4.27.5&#8243; _module_preset=&#8221;default&#8221; hover_enabled=&#8221;0&#8243; global_module=&#8221;100792&#8243; saved_tabs=&#8221;all&#8221; global_colors_info=&#8221;{}&#8221; sticky_enabled=&#8221;0&#8243;]<\/p>\n<ul>\n<li>Pool p\u00e5 200 kvadratmeter, opvarmet med solpaneler.<\/li>\n<li>Vandkanon, boblebad og rutchebane til de st\u00f8rste.<\/li>\n<li>B\u00f8rnepool med rutchebane og fr\u00f8-stole til de mindste.<\/li>\n<li>Solterasse med solsenge.<\/li>\n<li>Poolfest i ferier og hver tirsdag i juli.<\/li>\n<\/ul>\n<p>[\/et_pb_text][\/et_pb_column][\/et_pb_row][et_pb_row column_structure=&#8221;1_2,1_2&#8243; make_equal=&#8221;on&#8221; _builder_version=&#8221;4.27.3&#8243; _module_preset=&#8221;default&#8221; global_colors_info=&#8221;{}&#8221;][et_pb_column type=&#8221;1_2&#8243; _builder_version=&#8221;4.27.3&#8243; _module_preset=&#8221;default&#8221; custom_css_main_element=&#8221;margin:auto;&#8221; global_colors_info=&#8221;{}&#8221;][et_pb_heading title=&#8221;Service buildings&#8221; _builder_version=&#8221;4.27.3&#8243; _module_preset=&#8221;default&#8221; title_level=&#8221;h4&#8243; global_colors_info=&#8221;{}&#8221;][\/et_pb_heading][et_pb_text _builder_version=&#8221;4.27.4&#8243; _module_preset=&#8221;default&#8221; global_module=&#8221;100793&#8243; saved_tabs=&#8221;all&#8221; global_colors_info=&#8221;{}&#8221;]<\/p>\n<ul>\n<li>Internet<\/li>\n<li>B\u00f8rneafdeling til b\u00e5de sm\u00e5 og store b\u00f8rn<\/li>\n<li>Familie-badev\u00e6relse &#8211; nyrenoveret i 2022<\/li>\n<li>Hundebad<\/li>\n<li>Familie boblebad til 5-6 personer (DKK 50,-)<\/li>\n<li>Privat familie-badev\u00e6relse<\/li>\n<li>M\u00f8ntvaskeri (DKK 30,-)<\/li>\n<li>Handicap-badev\u00e6relse<\/li>\n<li>TV-stue<\/li>\n<li>K\u00f8kken med fryser, ovn, keramisk kogeplade, mikrob\u00f8lgeovn osv.<\/li>\n<li>Butik og information (\u00e5ben fra uge 12 &#8211; uge 39)<\/li>\n<\/ul>\n<p>[\/et_pb_text][et_pb_button button_url=&#8221;@ET-DC@eyJkeW5hbWljIjp0cnVlLCJjb250ZW50IjoicG9zdF9saW5rX3VybF9wYWdlIiwic2V0dGluZ3MiOnsicG9zdF9pZCI6IjEwMDg2NSJ9fQ==@&#8221; button_text=&#8221;READ MORE&#8221; button_alignment=&#8221;center&#8221; disabled_on=&#8221;on|on|on&#8221; _builder_version=&#8221;4.27.4&#8243; _dynamic_attributes=&#8221;button_url&#8221; _module_preset=&#8221;default&#8221; custom_button=&#8221;on&#8221; button_text_size=&#8221;16px&#8221; button_text_color=&#8221;#FFFFFF&#8221; button_bg_color=&#8221;gcid-64bcecb8-1e08-4484-8de3-a2058d1920a9&#8243; button_border_radius=&#8221;30px&#8221; disabled=&#8221;on&#8221; global_colors_info=&#8221;{%22gcid-64bcecb8-1e08-4484-8de3-a2058d1920a9%22:%91%22button_bg_color%22%93}&#8221;][\/et_pb_button][\/et_pb_column][et_pb_column type=&#8221;1_2&#8243; _builder_version=&#8221;4.27.3&#8243; _module_preset=&#8221;default&#8221; global_colors_info=&#8221;{}&#8221;][et_pb_image src=&#8221;https:\/\/esbjergcamping.dk\/wp-content\/uploads\/2025\/03\/DSC_8583.jpg&#8221; title_text=&#8221;DSC_8583&#8243; _builder_version=&#8221;4.27.4&#8243; _module_preset=&#8221;default&#8221; locked=&#8221;off&#8221; global_colors_info=&#8221;{}&#8221;][\/et_pb_image][\/et_pb_column][\/et_pb_row][et_pb_row column_structure=&#8221;1_2,1_2&#8243; make_equal=&#8221;on&#8221; _builder_version=&#8221;4.27.3&#8243; _module_preset=&#8221;default&#8221; global_colors_info=&#8221;{}&#8221;][et_pb_column type=&#8221;1_2&#8243; _builder_version=&#8221;4.27.3&#8243; _module_preset=&#8221;default&#8221; global_colors_info=&#8221;{}&#8221;][et_pb_image src=&#8221;https:\/\/esbjergcamping.dk\/wp-content\/uploads\/2025\/03\/Esbjerg_Strand_Camping_v03.00_03_17_12.Still012-2.jpg&#8221; title_text=&#8221;Esbjerg_Strand_Camping_v03.00_03_17_12.Still012-2&#8243; _builder_version=&#8221;4.27.4&#8243; _module_preset=&#8221;default&#8221; global_colors_info=&#8221;{}&#8221;][\/et_pb_image][\/et_pb_column][et_pb_column type=&#8221;1_2&#8243; _builder_version=&#8221;4.27.3&#8243; _module_preset=&#8221;default&#8221; custom_css_main_element=&#8221;margin:auto;&#8221; global_colors_info=&#8221;{}&#8221;][et_pb_heading title=&#8221;Mostly for kids&#8221; _builder_version=&#8221;4.27.3&#8243; _module_preset=&#8221;default&#8221; title_level=&#8221;h4&#8243; title_text_align=&#8221;left&#8221; global_colors_info=&#8221;{}&#8221;][\/et_pb_heading][et_pb_text _builder_version=&#8221;4.27.4&#8243; _module_preset=&#8221;default&#8221; custom_css_main_element=&#8221;margin:center;&#8221; global_module=&#8221;100794&#8243; saved_tabs=&#8221;all&#8221; global_colors_info=&#8221;{}&#8221;]<\/p>\n<ul>\n<li>Stor legeplads med hoppeborg, klatret\u00e5rn, sandkasser, gynger og meget mere<\/li>\n<li>Sv\u00e6vebane<\/li>\n<li>Boldtbane, bordtennis, beach volleyball og Gigantisk skak<\/li>\n<li>Klatrenet<\/li>\n<li>Multi-arena<\/li>\n<li>Kaniner og geder<\/li>\n<li>B\u00e5lsted<\/li>\n<li>Skater rampe<\/li>\n<li>Tovtr\u00e6kning<\/li>\n<li>Stangtennis<\/li>\n<li>Leje af moon-cars, 1 time 35,- DKK<\/li>\n<\/ul>\n<p>[\/et_pb_text][\/et_pb_column][\/et_pb_row][\/et_pb_section][et_pb_section fb_built=&#8221;1&#8243; disabled_on=&#8221;off|off|on&#8221; _builder_version=&#8221;4.27.3&#8243; _module_preset=&#8221;default&#8221; background_image=&#8221;https:\/\/esbjergcamping.dk\/wp-content\/uploads\/2024\/10\/corner-dots-left-top.png&#8221; background_size=&#8221;initial&#8221; background_position=&#8221;top_left&#8221; background_last_edited=&#8221;on|tablet&#8221; background_enable_image_tablet=&#8221;off&#8221; global_colors_info=&#8221;{}&#8221;][et_pb_row make_equal=&#8221;on&#8221; _builder_version=&#8221;4.27.3&#8243; _module_preset=&#8221;default&#8221; custom_padding=&#8221;50px||35px||false|false&#8221; global_colors_info=&#8221;{}&#8221;][et_pb_column type=&#8221;4_4&#8243; _builder_version=&#8221;4.27.3&#8243; _module_preset=&#8221;default&#8221; custom_padding=&#8221;25px||||false|false&#8221; custom_css_main_element=&#8221;margin:auto;&#8221; global_colors_info=&#8221;{}&#8221;][et_pb_text _builder_version=&#8221;4.27.3&#8243; _module_preset=&#8221;default&#8221; global_colors_info=&#8221;{}&#8221;]<\/p>\n<h2>The Square<\/h2>\n<p>[\/et_pb_text][et_pb_text _builder_version=&#8221;4.27.5&#8243; _module_preset=&#8221;default&#8221; text_font=&#8221;||||||||&#8221; text_line_height=&#8221;1.8em&#8221; global_module=&#8221;100791&#8243; saved_tabs=&#8221;all&#8221; locked=&#8221;off&#8221; global_colors_info=&#8221;{}&#8221;]<\/p>\n<ul>\n<li>Kabelloses Internet auf dem gesamten Gel\u00e4nde<\/li>\n<li>K\u00fcche im Freien<\/li>\n<li>Wohnmobilbereich<\/li>\n<li>\u00dcberdachter Grillplatz<\/li>\n<li>Zeltbereich mit Tischen und B\u00e4nken<\/li>\n<li>Angeltisch mit Waschbecken<\/li>\n<\/ul>\n<p>[\/et_pb_text][et_pb_image src=&#8221;https:\/\/esbjergcamping.dk\/wp-content\/uploads\/2025\/03\/Esbjerg-Camping_logo-1-1.jpg&#8221; title_text=&#8221;Esbjerg Camping_logo-1 (1)&#8221; _builder_version=&#8221;4.27.4&#8243; _module_preset=&#8221;default&#8221; animation_style=&#8221;slide&#8221; animation_direction=&#8221;right&#8221; animation_duration=&#8221;1500ms&#8221; animation_delay=&#8221;100ms&#8221; animation_intensity_slide=&#8221;5%&#8221; global_colors_info=&#8221;{}&#8221;][\/et_pb_image][\/et_pb_column][\/et_pb_row][et_pb_row make_equal=&#8221;on&#8221; _builder_version=&#8221;4.27.3&#8243; _module_preset=&#8221;default&#8221; global_colors_info=&#8221;{}&#8221;][et_pb_column type=&#8221;4_4&#8243; _builder_version=&#8221;4.27.3&#8243; _module_preset=&#8221;default&#8221; global_colors_info=&#8221;{}&#8221;][et_pb_heading title=&#8221;Swimming pool&#8221; _builder_version=&#8221;4.27.3&#8243; _module_preset=&#8221;default&#8221; title_level=&#8221;h4&#8243; title_text_align=&#8221;left&#8221; global_colors_info=&#8221;{}&#8221;][\/et_pb_heading][et_pb_text _builder_version=&#8221;4.27.5&#8243; _module_preset=&#8221;default&#8221; hover_enabled=&#8221;0&#8243; global_module=&#8221;100792&#8243; saved_tabs=&#8221;all&#8221; global_colors_info=&#8221;{}&#8221; sticky_enabled=&#8221;0&#8243;]<\/p>\n<ul>\n<li>Pool p\u00e5 200 kvadratmeter, opvarmet med solpaneler.<\/li>\n<li>Vandkanon, boblebad og rutchebane til de st\u00f8rste.<\/li>\n<li>B\u00f8rnepool med rutchebane og fr\u00f8-stole til de mindste.<\/li>\n<li>Solterasse med solsenge.<\/li>\n<li>Poolfest i ferier og hver tirsdag i juli.<\/li>\n<\/ul>\n<p>[\/et_pb_text][et_pb_image src=&#8221;https:\/\/esbjergcamping.dk\/wp-content\/uploads\/2025\/03\/Esbjerg-Camping_logo-74-1.jpg&#8221; title_text=&#8221;Esbjerg Camping_logo-74 (1)&#8221; _builder_version=&#8221;4.27.4&#8243; _module_preset=&#8221;default&#8221; global_colors_info=&#8221;{}&#8221;][\/et_pb_image][\/et_pb_column][\/et_pb_row][et_pb_row make_equal=&#8221;on&#8221; _builder_version=&#8221;4.27.3&#8243; _module_preset=&#8221;default&#8221; global_colors_info=&#8221;{}&#8221;][et_pb_column type=&#8221;4_4&#8243; _builder_version=&#8221;4.27.3&#8243; _module_preset=&#8221;default&#8221; custom_css_main_element=&#8221;margin:auto;&#8221; global_colors_info=&#8221;{}&#8221;][et_pb_heading title=&#8221;Service buildings&#8221; _builder_version=&#8221;4.27.3&#8243; _module_preset=&#8221;default&#8221; title_level=&#8221;h4&#8243; global_colors_info=&#8221;{}&#8221;][\/et_pb_heading][et_pb_text _builder_version=&#8221;4.27.4&#8243; _module_preset=&#8221;default&#8221; global_module=&#8221;100793&#8243; saved_tabs=&#8221;all&#8221; global_colors_info=&#8221;{}&#8221;]<\/p>\n<ul>\n<li>Internet<\/li>\n<li>B\u00f8rneafdeling til b\u00e5de sm\u00e5 og store b\u00f8rn<\/li>\n<li>Familie-badev\u00e6relse &#8211; nyrenoveret i 2022<\/li>\n<li>Hundebad<\/li>\n<li>Familie boblebad til 5-6 personer (DKK 50,-)<\/li>\n<li>Privat familie-badev\u00e6relse<\/li>\n<li>M\u00f8ntvaskeri (DKK 30,-)<\/li>\n<li>Handicap-badev\u00e6relse<\/li>\n<li>TV-stue<\/li>\n<li>K\u00f8kken med fryser, ovn, keramisk kogeplade, mikrob\u00f8lgeovn osv.<\/li>\n<li>Butik og information (\u00e5ben fra uge 12 &#8211; uge 39)<\/li>\n<\/ul>\n<p>[\/et_pb_text][et_pb_button button_url=&#8221;@ET-DC@eyJkeW5hbWljIjp0cnVlLCJjb250ZW50IjoicG9zdF9saW5rX3VybF9wYWdlIiwic2V0dGluZ3MiOnsicG9zdF9pZCI6IjEwMDg2NSJ9fQ==@&#8221; button_text=&#8221;READ MORE&#8221; button_alignment=&#8221;center&#8221; _builder_version=&#8221;4.27.4&#8243; _dynamic_attributes=&#8221;button_url&#8221; _module_preset=&#8221;default&#8221; custom_button=&#8221;on&#8221; button_text_size=&#8221;16px&#8221; button_text_color=&#8221;#FFFFFF&#8221; button_bg_color=&#8221;gcid-64bcecb8-1e08-4484-8de3-a2058d1920a9&#8243; button_border_radius=&#8221;30px&#8221; locked=&#8221;off&#8221; global_colors_info=&#8221;{%22gcid-64bcecb8-1e08-4484-8de3-a2058d1920a9%22:%91%22button_bg_color%22%93}&#8221;][\/et_pb_button][et_pb_image src=&#8221;https:\/\/esbjergcamping.dk\/wp-content\/uploads\/2025\/03\/DSC_8583.jpg&#8221; title_text=&#8221;DSC_8583&#8243; _builder_version=&#8221;4.27.4&#8243; _module_preset=&#8221;default&#8221; locked=&#8221;off&#8221; global_colors_info=&#8221;{}&#8221;][\/et_pb_image][\/et_pb_column][\/et_pb_row][et_pb_row make_equal=&#8221;on&#8221; _builder_version=&#8221;4.27.3&#8243; _module_preset=&#8221;default&#8221; global_colors_info=&#8221;{}&#8221;][et_pb_column type=&#8221;4_4&#8243; _builder_version=&#8221;4.27.3&#8243; _module_preset=&#8221;default&#8221; global_colors_info=&#8221;{}&#8221;][et_pb_heading title=&#8221;Mostly for kids&#8221; _builder_version=&#8221;4.27.3&#8243; _module_preset=&#8221;default&#8221; title_level=&#8221;h4&#8243; title_text_align=&#8221;left&#8221; global_colors_info=&#8221;{}&#8221;][\/et_pb_heading][et_pb_text _builder_version=&#8221;4.27.4&#8243; _module_preset=&#8221;default&#8221; custom_css_main_element=&#8221;margin:center;&#8221; global_module=&#8221;100794&#8243; saved_tabs=&#8221;all&#8221; global_colors_info=&#8221;{}&#8221;]<\/p>\n<ul>\n<li>Stor legeplads med hoppeborg, klatret\u00e5rn, sandkasser, gynger og meget mere<\/li>\n<li>Sv\u00e6vebane<\/li>\n<li>Boldtbane, bordtennis, beach volleyball og Gigantisk skak<\/li>\n<li>Klatrenet<\/li>\n<li>Multi-arena<\/li>\n<li>Kaniner og geder<\/li>\n<li>B\u00e5lsted<\/li>\n<li>Skater rampe<\/li>\n<li>Tovtr\u00e6kning<\/li>\n<li>Stangtennis<\/li>\n<li>Leje af moon-cars, 1 time 35,- DKK<\/li>\n<\/ul>\n<p>[\/et_pb_text][et_pb_image src=&#8221;https:\/\/esbjergcamping.dk\/wp-content\/uploads\/2025\/03\/Esbjerg_Strand_Camping_v03.00_03_17_12.Still012-2.jpg&#8221; title_text=&#8221;Esbjerg_Strand_Camping_v03.00_03_17_12.Still012-2&#8243; _builder_version=&#8221;4.27.4&#8243; _module_preset=&#8221;default&#8221; global_colors_info=&#8221;{}&#8221;][\/et_pb_image][\/et_pb_column][\/et_pb_row][\/et_pb_section]<\/p>\n","protected":false},"excerpt":{"rendered":"<p>FacilitiesThe Square Kabelloses Internet auf dem gesamten Gel\u00e4nde K\u00fcche im Freien Wohnmobilbereich \u00dcberdachter Grillplatz Zeltbereich mit Tischen und B\u00e4nken Angeltisch mit Waschbecken Pool p\u00e5 200 kvadratmeter, opvarmet med solpaneler. Vandkanon, boblebad og rutchebane til de st\u00f8rste. B\u00f8rnepool med rutchebane og fr\u00f8-stole til de mindste. Solterasse med solsenge. Poolfest i ferier og hver tirsdag i juli. [&hellip;]<\/p>\n","protected":false},"author":1,"featured_media":0,"parent":102066,"menu_order":0,"comment_status":"closed","ping_status":"closed","template":"","meta":{"_et_pb_use_builder":"on","_et_pb_old_content":"","_et_gb_content_width":"","footnotes":""},"folder":[],"class_list":["post-101991","page","type-page","status-publish","hentry"],"yoast_head":"<!-- This site is optimized with the Yoast SEO plugin v27.4 - https:\/\/yoast.com\/product\/yoast-seo-wordpress\/ -->\n<title>Facilities at Esbjerg Camping | Everything for a comfortable holiday in West Jutland<\/title>\n<meta name=\"description\" content=\"Discover the many facilities at Esbjerg Camping - modern service buildings, playground, mini golf, communal kitchen, laundry and much more. Ideal for a family-friendly camping vacation in West Jutland.\" \/>\n<meta name=\"robots\" content=\"index, follow, max-snippet:-1, max-image-preview:large, max-video-preview:-1\" \/>\n<link rel=\"canonical\" href=\"https:\/\/esbjergcamping.dk\/en\/the-square\/facilities\/\" \/>\n<meta property=\"og:locale\" content=\"en_US\" \/>\n<meta property=\"og:type\" content=\"article\" \/>\n<meta property=\"og:title\" content=\"Facilities at Esbjerg Camping | Everything for a comfortable holiday in West Jutland\" \/>\n<meta property=\"og:description\" content=\"Discover the many facilities at Esbjerg Camping - modern service buildings, playground, mini golf, communal kitchen, laundry and much more. Ideal for a family-friendly camping vacation in West Jutland.\" \/>\n<meta property=\"og:url\" content=\"https:\/\/esbjergcamping.dk\/en\/the-square\/facilities\/\" \/>\n<meta property=\"og:site_name\" content=\"Esbjerg Camping\" \/>\n<meta property=\"article:modified_time\" content=\"2026-04-23T12:12:24+00:00\" \/>\n<meta name=\"twitter:card\" content=\"summary_large_image\" \/>\n<meta name=\"twitter:label1\" content=\"Est. reading time\" \/>\n\t<meta name=\"twitter:data1\" content=\"9 minutes\" \/>\n<script type=\"application\/ld+json\" class=\"yoast-schema-graph\">{\"@context\":\"https:\\\/\\\/schema.org\",\"@graph\":[{\"@type\":\"WebPage\",\"@id\":\"https:\\\/\\\/esbjergcamping.dk\\\/en\\\/the-square\\\/facilities\\\/\",\"url\":\"https:\\\/\\\/esbjergcamping.dk\\\/en\\\/the-square\\\/facilities\\\/\",\"name\":\"Facilities at Esbjerg Camping | Everything for a comfortable holiday in West Jutland\",\"isPartOf\":{\"@id\":\"https:\\\/\\\/esbjergcamping.dk\\\/en\\\/#website\"},\"datePublished\":\"2024-11-17T13:32:18+00:00\",\"dateModified\":\"2026-04-23T12:12:24+00:00\",\"description\":\"Discover the many facilities at Esbjerg Camping - modern service buildings, playground, mini golf, communal kitchen, laundry and much more. Ideal for a family-friendly camping vacation in West Jutland.\",\"breadcrumb\":{\"@id\":\"https:\\\/\\\/esbjergcamping.dk\\\/en\\\/the-square\\\/facilities\\\/#breadcrumb\"},\"inLanguage\":\"en-US\",\"potentialAction\":[{\"@type\":\"ReadAction\",\"target\":[\"https:\\\/\\\/esbjergcamping.dk\\\/en\\\/the-square\\\/facilities\\\/\"]}]},{\"@type\":\"BreadcrumbList\",\"@id\":\"https:\\\/\\\/esbjergcamping.dk\\\/en\\\/the-square\\\/facilities\\\/#breadcrumb\",\"itemListElement\":[{\"@type\":\"ListItem\",\"position\":1,\"name\":\"Home\",\"item\":\"https:\\\/\\\/esbjergcamping.dk\\\/en\\\/home\\\/\"},{\"@type\":\"ListItem\",\"position\":2,\"name\":\"The campsite\",\"item\":\"https:\\\/\\\/esbjergcamping.dk\\\/en\\\/the-square\\\/\"},{\"@type\":\"ListItem\",\"position\":3,\"name\":\"Facilities\"}]},{\"@type\":\"WebSite\",\"@id\":\"https:\\\/\\\/esbjergcamping.dk\\\/en\\\/#website\",\"url\":\"https:\\\/\\\/esbjergcamping.dk\\\/en\\\/\",\"name\":\"Esbjerg Camping\",\"description\":\"Din n\u00e6ste campingferie\",\"potentialAction\":[{\"@type\":\"SearchAction\",\"target\":{\"@type\":\"EntryPoint\",\"urlTemplate\":\"https:\\\/\\\/esbjergcamping.dk\\\/en\\\/?s={search_term_string}\"},\"query-input\":{\"@type\":\"PropertyValueSpecification\",\"valueRequired\":true,\"valueName\":\"search_term_string\"}}],\"inLanguage\":\"en-US\"}]}<\/script>\n<!-- \/ Yoast SEO plugin. -->","yoast_head_json":{"title":"Facilities at Esbjerg Camping | Everything for a comfortable holiday in West Jutland","description":"Discover the many facilities at Esbjerg Camping - modern service buildings, playground, mini golf, communal kitchen, laundry and much more. Ideal for a family-friendly camping vacation in West Jutland.","robots":{"index":"index","follow":"follow","max-snippet":"max-snippet:-1","max-image-preview":"max-image-preview:large","max-video-preview":"max-video-preview:-1"},"canonical":"https:\/\/esbjergcamping.dk\/en\/the-square\/facilities\/","og_locale":"en_US","og_type":"article","og_title":"Facilities at Esbjerg Camping | Everything for a comfortable holiday in West Jutland","og_description":"Discover the many facilities at Esbjerg Camping - modern service buildings, playground, mini golf, communal kitchen, laundry and much more. Ideal for a family-friendly camping vacation in West Jutland.","og_url":"https:\/\/esbjergcamping.dk\/en\/the-square\/facilities\/","og_site_name":"Esbjerg Camping","article_modified_time":"2026-04-23T12:12:24+00:00","twitter_card":"summary_large_image","twitter_misc":{"Est. reading time":"9 minutes"},"schema":{"@context":"https:\/\/schema.org","@graph":[{"@type":"WebPage","@id":"https:\/\/esbjergcamping.dk\/en\/the-square\/facilities\/","url":"https:\/\/esbjergcamping.dk\/en\/the-square\/facilities\/","name":"Facilities at Esbjerg Camping | Everything for a comfortable holiday in West Jutland","isPartOf":{"@id":"https:\/\/esbjergcamping.dk\/en\/#website"},"datePublished":"2024-11-17T13:32:18+00:00","dateModified":"2026-04-23T12:12:24+00:00","description":"Discover the many facilities at Esbjerg Camping - modern service buildings, playground, mini golf, communal kitchen, laundry and much more. Ideal for a family-friendly camping vacation in West Jutland.","breadcrumb":{"@id":"https:\/\/esbjergcamping.dk\/en\/the-square\/facilities\/#breadcrumb"},"inLanguage":"en-US","potentialAction":[{"@type":"ReadAction","target":["https:\/\/esbjergcamping.dk\/en\/the-square\/facilities\/"]}]},{"@type":"BreadcrumbList","@id":"https:\/\/esbjergcamping.dk\/en\/the-square\/facilities\/#breadcrumb","itemListElement":[{"@type":"ListItem","position":1,"name":"Home","item":"https:\/\/esbjergcamping.dk\/en\/home\/"},{"@type":"ListItem","position":2,"name":"The campsite","item":"https:\/\/esbjergcamping.dk\/en\/the-square\/"},{"@type":"ListItem","position":3,"name":"Facilities"}]},{"@type":"WebSite","@id":"https:\/\/esbjergcamping.dk\/en\/#website","url":"https:\/\/esbjergcamping.dk\/en\/","name":"Esbjerg Camping","description":"Din n\u00e6ste campingferie","potentialAction":[{"@type":"SearchAction","target":{"@type":"EntryPoint","urlTemplate":"https:\/\/esbjergcamping.dk\/en\/?s={search_term_string}"},"query-input":{"@type":"PropertyValueSpecification","valueRequired":true,"valueName":"search_term_string"}}],"inLanguage":"en-US"}]}},"_links":{"self":[{"href":"https:\/\/esbjergcamping.dk\/en\/wp-json\/wp\/v2\/pages\/101991","targetHints":{"allow":["GET"]}}],"collection":[{"href":"https:\/\/esbjergcamping.dk\/en\/wp-json\/wp\/v2\/pages"}],"about":[{"href":"https:\/\/esbjergcamping.dk\/en\/wp-json\/wp\/v2\/types\/page"}],"author":[{"embeddable":true,"href":"https:\/\/esbjergcamping.dk\/en\/wp-json\/wp\/v2\/users\/1"}],"replies":[{"embeddable":true,"href":"https:\/\/esbjergcamping.dk\/en\/wp-json\/wp\/v2\/comments?post=101991"}],"version-history":[{"count":19,"href":"https:\/\/esbjergcamping.dk\/en\/wp-json\/wp\/v2\/pages\/101991\/revisions"}],"predecessor-version":[{"id":103859,"href":"https:\/\/esbjergcamping.dk\/en\/wp-json\/wp\/v2\/pages\/101991\/revisions\/103859"}],"up":[{"embeddable":true,"href":"https:\/\/esbjergcamping.dk\/en\/wp-json\/wp\/v2\/pages\/102066"}],"wp:attachment":[{"href":"https:\/\/esbjergcamping.dk\/en\/wp-json\/wp\/v2\/media?parent=101991"}],"wp:term":[{"taxonomy":"folder","embeddable":true,"href":"https:\/\/esbjergcamping.dk\/en\/wp-json\/wp\/v2\/folder?post=101991"}],"curies":[{"name":"wp","href":"https:\/\/api.w.org\/{rel}","templated":true}]}}